{"id":245274,"date":"2022-02-09T21:43:30","date_gmt":"2022-02-09T20:43:30","guid":{"rendered":"https:\/\/positiveprints.com\/product\/nie-ma-jak-u-mamy\/"},"modified":"2026-04-12T23:22:51","modified_gmt":"2026-04-12T22:22:51","slug":"nie-ma-jak-u-mamy","status":"publish","type":"product","link":"https:\/\/positiveprints.com\/pl\/produkt\/nie-ma-jak-u-mamy\/","title":{"rendered":"Nie Ma Jak u Mamy"},"content":{"rendered":"<h2 class=\"grenB f24 cblue\">Bo Nie Ma Jak u Mamy<\/h2>\r\n<p style=\"margin-top: 1rem\">Ka\u017cda matka wie, \u017ce nadejdzie wreszcie taki dzie\u0144, kiedy jej dziecko wyprowadzi si\u0119 z domu. Dom rodzinny zawsze zajmuje jednak wyj\u0105tkowe miejsce w naszych sercach. Bez wzgl\u0119du na to w jak odleg\u0142ym miejscu mieszkasz, z ch\u0119ci\u0105 wracasz tam, gdzie jest Twoja mama. St\u0105d powsta\u0142 pomys\u0142 na map\u0119 \u201eNie Ma Jak u Mamy\u201d. <\/p>\r\n<p style=\"margin-top: 1rem\">Jest to estetyczna i szczeg\u00f3\u0142owa mapa wskazanej przez Ciebie lokalizacji. Specjalnym markerem zaznacz miejsce, w kt\u00f3rym mieszka Twoja mama, aby wyrazi\u0107 to, jak wiele dla Ciebie znaczy. Tak spersonalizowany prezent na Dzie\u0144 Matki z pewno\u015bci\u0105 wzbudzi wiele pozytywnych emocji.<\/p>\r\n<h2 class=\"grenB f24 cblue\" style=\"margin-top: 3rem\">Stw\u00f3rz map\u0119 w 3 prostych krokach<\/h2>\r\n<p style=\"margin-top: 1rem\">Kreator na stronie Positive Prints g\u0142adko przeprowadzi Ci\u0119 przez proces projektowania. Dzi\u0119ki interaktywnemu podgl\u0105dowi na bie\u017c\u0105co zobaczysz wprowadzane przez siebie zmiany. <\/p>\r\n<p style=\"margin-top: 1rem\">Wybierz styl i kolorystyk\u0119, kt\u00f3re pasuj\u0105 do Twojej mamy. Nast\u0119pnie podaj szczeg\u00f3\u0142y takie jak lokalizacja oraz podpis dla mapy. W kolejnym kroku wybierz rozmiar oraz format wydruku. To tylko tyle i a\u017c tyle \u2013 Twoja mama b\u0119dzie zachwycona!<\/p>\r\n<p style=\"margin-top: 1rem\">Zacznij projektowa\u0107 ju\u017c dzi\u015b!<\/p>","protected":false},"excerpt":{"rendered":"<ul class=\"check-list\">\n<li>Dotknij serca swojej mamy niezwykle wzruszaj\u0105cym prezentem i poka\u017c nieocenion\u0105 rol\u0119, jak\u0105 odgrywa w Twoim \u017cyciu<\/li>\n<li>Podkre\u015bl wa\u017cne miejsce za pomoc\u0105 wybranego symbolu<\/li>\n<li>Spersonalizuj w 3 prostych krokach<\/li>\n<li>Dodaj dedykacj\u0119 prosto z serca<\/li>\n<li>Interaktywny podgl\u0105d pozwoli dopracowa\u0107 ka\u017cdy szczeg\u00f3\u0142<\/li>\n<\/ul>\n","protected":false},"featured_media":1697243,"template":"","meta":[],"product_brand":[],"product_cat":[7188,5271,11414],"product_tag":[11819],"class_list":{"0":"post-245274","1":"product","2":"type-product","3":"status-publish","4":"has-post-thumbnail","6":"product_cat-map-pl","7":"product_cat-prezent-na-boze-narodzenie","8":"product_cat-prezenty-pod-choinke-dla-mamy","9":"product_tag-prezenty-pod-choinke-dla-mamy","11":"first","12":"instock","13":"sale","14":"taxable","15":"shipping-taxable","16":"purchasable","17":"product-type-variable"},"yoast_head":"<!-- This site is optimized with the Yoast SEO Premium plugin v27.2 (Yoast SEO v27.2) - https:\/\/yoast.com\/product\/yoast-seo-premium-wordpress\/ -->\n<title>Nie Ma Jak u Mamy - Prezent dla Mamy - Positive Prints<\/title>\n<meta name=\"description\" content=\"Mapa Nie Ma Jak u Mamy to doskona\u0142y prezent na Dzie\u0144 Matki i inne wyj\u0105tkowe okazje. Wysy\u0142ka na ca\u0142y \u015bwiat.\" \/>\n<meta name=\"robots\" content=\"index, follow, max-snippet:-1, max-image-preview:large, max-video-preview:-1\" \/>\n<link rel=\"canonical\" href=\"https:\/\/positiveprints.com\/pl\/produkt\/nie-ma-jak-u-mamy\/\" \/>\n<meta property=\"og:locale\" content=\"pl_PL\" \/>\n<meta property=\"og:type\" content=\"article\" \/>\n<meta property=\"og:title\" content=\"Nie Ma Jak u Mamy\" \/>\n<meta property=\"og:description\" content=\"Dotknij serca swojej mamy niezwykle wzruszaj\u0105cym prezentem i poka\u017c nieocenion\u0105 rol\u0119, jak\u0105 odgrywa w Twoim \u017cyciu Podkre\u015bl wa\u017cne miejsce za pomoc\u0105 wybranego symbolu Spersonalizuj w 3 prostych krokach Dodaj dedykacj\u0119 prosto z serca Interaktywny podgl\u0105d pozwoli dopracowa\u0107 ka\u017cdy szczeg\u00f3\u0142\" \/>\n<meta property=\"og:url\" content=\"https:\/\/positiveprints.com\/pl\/produkt\/nie-ma-jak-u-mamy\/\" \/>\n<meta property=\"og:site_name\" content=\"Positive Prints\" \/>\n<meta property=\"article:publisher\" content=\"https:\/\/www.facebook.com\/positiveprintscom\" \/>\n<meta property=\"article:modified_time\" content=\"2026-04-12T22:22:51+00:00\" \/>\n<meta property=\"og:image\" content=\"https:\/\/positiveprints.com\/wp-content\/uploads\/2025\/02\/Nie-Ma-Jak-u-Mamy-1.webp\" \/>\n\t<meta property=\"og:image:width\" content=\"1450\" \/>\n\t<meta property=\"og:image:height\" content=\"1450\" \/>\n\t<meta property=\"og:image:type\" content=\"image\/webp\" \/>\n<meta name=\"twitter:card\" content=\"summary_large_image\" \/>\n<meta name=\"twitter:label1\" content=\"Szacowany czas czytania\" \/>\n\t<meta name=\"twitter:data1\" content=\"1 minuta\" \/>\n<!-- \/ Yoast SEO Premium plugin. -->","yoast_head_json":{"title":"Nie Ma Jak u Mamy - Prezent dla Mamy - Positive Prints","description":"Mapa Nie Ma Jak u Mamy to doskona\u0142y prezent na Dzie\u0144 Matki i inne wyj\u0105tkowe okazje. Wysy\u0142ka na ca\u0142y \u015bwiat.","robots":{"index":"index","follow":"follow","max-snippet":"max-snippet:-1","max-image-preview":"max-image-preview:large","max-video-preview":"max-video-preview:-1"},"canonical":"https:\/\/positiveprints.com\/pl\/produkt\/nie-ma-jak-u-mamy\/","og_locale":"pl_PL","og_type":"article","og_title":"Nie Ma Jak u Mamy","og_description":"Dotknij serca swojej mamy niezwykle wzruszaj\u0105cym prezentem i poka\u017c nieocenion\u0105 rol\u0119, jak\u0105 odgrywa w Twoim \u017cyciu Podkre\u015bl wa\u017cne miejsce za pomoc\u0105 wybranego symbolu Spersonalizuj w 3 prostych krokach Dodaj dedykacj\u0119 prosto z serca Interaktywny podgl\u0105d pozwoli dopracowa\u0107 ka\u017cdy szczeg\u00f3\u0142","og_url":"https:\/\/positiveprints.com\/pl\/produkt\/nie-ma-jak-u-mamy\/","og_site_name":"Positive Prints","article_publisher":"https:\/\/www.facebook.com\/positiveprintscom","article_modified_time":"2026-04-12T22:22:51+00:00","og_image":[{"width":1450,"height":1450,"url":"https:\/\/positiveprints.com\/wp-content\/uploads\/2025\/02\/Nie-Ma-Jak-u-Mamy-1.webp","type":"image\/webp"}],"twitter_card":"summary_large_image","twitter_misc":{"Szacowany czas czytania":"1 minuta"},"schema":{"@context":"https:\/\/schema.org","@graph":[{"@type":["WebPage","ItemPage"],"@id":"https:\/\/positiveprints.com\/pl\/produkt\/nie-ma-jak-u-mamy\/","url":"https:\/\/positiveprints.com\/pl\/produkt\/nie-ma-jak-u-mamy\/","name":"Nie Ma Jak u Mamy - Prezent dla Mamy - Positive Prints","isPartOf":{"@id":"https:\/\/positiveprints.com\/pl\/#website"},"primaryImageOfPage":{"@id":"https:\/\/positiveprints.com\/pl\/produkt\/nie-ma-jak-u-mamy\/#primaryimage"},"image":{"@id":"https:\/\/positiveprints.com\/pl\/produkt\/nie-ma-jak-u-mamy\/#primaryimage"},"thumbnailUrl":"https:\/\/positiveprints.com\/wp-content\/uploads\/2026\/04\/Packshot_PL_XX-Mapa-\u201eDom-jest-tam-gdzie-jest-moja-mama.webp","datePublished":"2022-02-09T20:43:30+00:00","dateModified":"2026-04-12T22:22:51+00:00","description":"Mapa Nie Ma Jak u Mamy to doskona\u0142y prezent na Dzie\u0144 Matki i inne wyj\u0105tkowe okazje. Wysy\u0142ka na ca\u0142y \u015bwiat.","breadcrumb":{"@id":"https:\/\/positiveprints.com\/pl\/produkt\/nie-ma-jak-u-mamy\/#breadcrumb"},"inLanguage":"pl-PL","potentialAction":[{"@type":"ReadAction","target":["https:\/\/positiveprints.com\/pl\/produkt\/nie-ma-jak-u-mamy\/"]}]},{"@type":"ImageObject","inLanguage":"pl-PL","@id":"https:\/\/positiveprints.com\/pl\/produkt\/nie-ma-jak-u-mamy\/#primaryimage","url":"https:\/\/positiveprints.com\/wp-content\/uploads\/2026\/04\/Packshot_PL_XX-Mapa-\u201eDom-jest-tam-gdzie-jest-moja-mama.webp","contentUrl":"https:\/\/positiveprints.com\/wp-content\/uploads\/2026\/04\/Packshot_PL_XX-Mapa-\u201eDom-jest-tam-gdzie-jest-moja-mama.webp","width":1450,"height":1450},{"@type":"BreadcrumbList","@id":"https:\/\/positiveprints.com\/pl\/produkt\/nie-ma-jak-u-mamy\/#breadcrumb","itemListElement":[{"@type":"ListItem","position":1,"name":"Home","item":"https:\/\/positiveprints.com\/pl\/"},{"@type":"ListItem","position":2,"name":"Produkty","item":"https:\/\/positiveprints.com\/pl\/shop\/"},{"@type":"ListItem","position":3,"name":"Nie Ma Jak u Mamy"}]},{"@type":"WebSite","@id":"https:\/\/positiveprints.com\/pl\/#website","url":"https:\/\/positiveprints.com\/pl\/","name":"Positive Prints","description":"Amazing Custom Personalized Gifts","publisher":{"@id":"https:\/\/positiveprints.com\/pl\/#organization"},"potentialAction":[{"@type":"SearchAction","target":{"@type":"EntryPoint","urlTemplate":"https:\/\/positiveprints.com\/pl\/?s={search_term_string}"},"query-input":{"@type":"PropertyValueSpecification","valueRequired":true,"valueName":"search_term_string"}}],"inLanguage":"pl-PL"},{"@type":"Organization","@id":"https:\/\/positiveprints.com\/pl\/#organization","name":"Positive Prints","alternateName":"Positive Prints","url":"https:\/\/positiveprints.com\/pl\/","logo":{"@type":"ImageObject","inLanguage":"pl-PL","@id":"https:\/\/positiveprints.com\/pl\/#\/schema\/logo\/image\/","url":"https:\/\/positiveprints.com\/wp-content\/uploads\/2026\/03\/245815646_1337939713319158_5671353136411139666_n.png","contentUrl":"https:\/\/positiveprints.com\/wp-content\/uploads\/2026\/03\/245815646_1337939713319158_5671353136411139666_n.png","width":800,"height":800,"caption":"Positive Prints"},"image":{"@id":"https:\/\/positiveprints.com\/pl\/#\/schema\/logo\/image\/"},"sameAs":["https:\/\/www.facebook.com\/positiveprintscom","https:\/\/www.instagram.com\/positiveprintscom\/","https:\/\/www.tiktok.com\/@positiveprintscom","https:\/\/www.pinterest.com\/positiveprintscom\/"]}]}},"jetpack_sharing_enabled":true,"_links":{"self":[{"href":"https:\/\/positiveprints.com\/pl\/wp-json\/wp\/v2\/product\/245274","targetHints":{"allow":["GET"]}}],"collection":[{"href":"https:\/\/positiveprints.com\/pl\/wp-json\/wp\/v2\/product"}],"about":[{"href":"https:\/\/positiveprints.com\/pl\/wp-json\/wp\/v2\/types\/product"}],"wp:featuredmedia":[{"embeddable":true,"href":"https:\/\/positiveprints.com\/pl\/wp-json\/wp\/v2\/media\/1697243"}],"wp:attachment":[{"href":"https:\/\/positiveprints.com\/pl\/wp-json\/wp\/v2\/media?parent=245274"}],"wp:term":[{"taxonomy":"product_brand","embeddable":true,"href":"https:\/\/positiveprints.com\/pl\/wp-json\/wp\/v2\/product_brand?post=245274"},{"taxonomy":"product_cat","embeddable":true,"href":"https:\/\/positiveprints.com\/pl\/wp-json\/wp\/v2\/product_cat?post=245274"},{"taxonomy":"product_tag","embeddable":true,"href":"https:\/\/positiveprints.com\/pl\/wp-json\/wp\/v2\/product_tag?post=245274"}],"curies":[{"name":"wp","href":"https:\/\/api.w.org\/{rel}","templated":true}]}}