{"id":245272,"date":"2022-01-25T21:10:25","date_gmt":"2022-01-25T20:10:25","guid":{"rendered":"https:\/\/positiveprints.com\/product\/mapa-mamo-jestesmy-blisko\/"},"modified":"2026-04-23T11:51:58","modified_gmt":"2026-04-23T10:51:58","slug":"mapa-mamo-jestesmy-blisko","status":"publish","type":"product","link":"https:\/\/positiveprints.com\/pl\/produkt\/mapa-mamo-jestesmy-blisko\/","title":{"rendered":"Mamo, Jeste\u015bmy Blisko"},"content":{"rendered":"<h2 class=\"grenB f24 cblue\">Prezent dla mamy, kt\u00f3ra mieszka daleko<\/h2>\r\n\r\n<p style=\"margin-top: 1rem\">S\u0142owa \u201cdom\u201d oraz \u201cmama\u201d w wielu przypadkach s\u0105 to\u017csame i nieroz\u0142\u0105czne. Plakat \u201eMamo, Jeste\u015bmy Blisko\u201d to celebracja wi\u0119zi, jaka \u0142\u0105czy Ciebie, Twoje rodze\u0144stwo i Wasz\u0105 mam\u0119. Potr\u00f3jna mapa pozwala wybra\u0107 a\u017c 3 miejsca do upami\u0119tnienia na jednym wydruku \u2013 opcji do wyboru jest niezliczona ilo\u015b\u0107!<\/p>\r\n\r\n<p style=\"margin-top: 1rem\">Zaprojektuj map\u0119, kt\u00f3ra wskazuje miejsce zamieszkania wszystkich dzieci Twojej mamy. Dzi\u0119ki temu poczuje ona, \u017ce ma Was przy sobie za ka\u017cdym razem, kiedy spojrzy na plakat. Mapa mo\u017ce przedstawia\u0107 r\u00f3wnie\u017c wszystkie miejsca, w kt\u00f3rych mieszkali\u015bcie z rodzicami, kiedy byli\u015bcie dzie\u0107mi. Je\u015bli chcesz, mo\u017cesz tak\u017ce stworzy\u0107 map\u0119 miejsc, kt\u00f3re dobrze kojarz\u0105 Ci si\u0119 z dzieci\u0144stwem, na przyk\u0142ad ulubione miejsca na rodzinne wakacje.<\/p>\r\n\r\n<p style=\"margin-top: 1rem\">To Tw\u00f3j projekt i Twoja mapa \u2013 niech poprowadzi Ci\u0119 ku jednej z najwa\u017cniejszych os\u00f3b w Twoim \u017cyciu.<\/p>\r\n\r\n<h2 class=\"grenB f24 cblue\" style=\"margin-top: 3rem\">Zam\u00f3w map\u0119 jako prezent na Dzie\u0144 Matki!<\/h2>\r\n\r\n<p style=\"margin-top: 1rem\">Projektowanie personalizowanych plakat\u00f3w z Positive Prints jest niezwykle proste. Dzi\u0119ki interaktywnemu edytorowi mo\u017cesz wybra\u0107 kszta\u0142t, styl, kolorystyk\u0119 oraz dedykacj\u0119 dla mapy \u201eMamo, Jeste\u015bmy Blisko\u201d. Podczas projektowania obserwuj wszystkie wprowadzane zmiany na bie\u017c\u0105co w interaktywnym podgl\u0105dzie.<\/p>\r\n\r\n<p style=\"margin-top: 1rem\">Wydruki od Positive Prints przygotowywane s\u0105 na materia\u0142ach najwy\u017cszej jako\u015bci. Wybierz drukowany plakat, wydruk na p\u0142\u00f3tnie lub plik w wersji cyfrowej do samodzielnego wydruku.<\/p>\r\n\r\n<p style=\"margin-top: 1rem\">Personalizowany plakat to prezent, kt\u00f3ry zostanie z Twoj\u0105 mam\u0105 na lata. Zacznij projektowa\u0107 go ju\u017c dzi\u015b!<\/p>","protected":false},"excerpt":{"rendered":"<ul class=\"check-list\">\n<li>Oka\u017c mamie, jak wiele dla Ciebie znaczy: zaznacz na mapie miejsca, kt\u00f3re \u0142\u0105cz\u0105 Was wbrew dziel\u0105cym kilometrom\n<\/li>\n<li>Wyr\u00f3\u017cnij szczeg\u00f3lne lokalizacje za pomoc\u0105 symbolu<\/li>\n<li>Spersonalizuj w 3 prostych krokach<\/li>\n<li>Dodaj dedykacj\u0119 prosto z serca<\/li>\n<li>Interaktywny podgl\u0105d pozwoli dopracowa\u0107 ka\u017cdy szczeg\u00f3\u0142<\/li>\n<\/ul>\n","protected":false},"featured_media":1347986,"template":"","meta":[],"product_brand":[],"product_cat":[5271,11414,7225],"product_tag":[11819],"class_list":{"0":"post-245272","1":"product","2":"type-product","3":"status-publish","4":"has-post-thumbnail","6":"product_cat-prezent-na-boze-narodzenie","7":"product_cat-prezenty-pod-choinke-dla-mamy","8":"product_cat-triple-maps-pl","9":"product_tag-prezenty-pod-choinke-dla-mamy","11":"first","12":"instock","13":"sale","14":"taxable","15":"shipping-taxable","16":"purchasable","17":"product-type-variable"},"yoast_head":"<!-- This site is optimized with the Yoast SEO Premium plugin v27.2 (Yoast SEO v27.2) - https:\/\/yoast.com\/product\/yoast-seo-premium-wordpress\/ -->\n<title>Mapa \u201cMamo, Jeste\u015bmy Blisko - Prezent dla Mamy - Positive Print<\/title>\n<meta name=\"description\" content=\"Zaprojektuj map\u0119, kt\u00f3ra wskazuje miejsce zamieszkania wszystkich dzieci Twojej mamy.\" \/>\n<meta name=\"robots\" content=\"index, follow, max-snippet:-1, max-image-preview:large, max-video-preview:-1\" \/>\n<link rel=\"canonical\" href=\"https:\/\/positiveprints.com\/pl\/produkt\/mapa-mamo-jestesmy-blisko\/\" \/>\n<meta property=\"og:locale\" content=\"pl_PL\" \/>\n<meta property=\"og:type\" content=\"article\" \/>\n<meta property=\"og:title\" content=\"Mamo, Jeste\u015bmy Blisko\" \/>\n<meta property=\"og:description\" content=\"Oka\u017c mamie, jak wiele dla Ciebie znaczy: zaznacz na mapie miejsca, kt\u00f3re \u0142\u0105cz\u0105 Was wbrew dziel\u0105cym kilometrom  Wyr\u00f3\u017cnij szczeg\u00f3lne lokalizacje za pomoc\u0105 symbolu Spersonalizuj w 3 prostych krokach Dodaj dedykacj\u0119 prosto z serca Interaktywny podgl\u0105d pozwoli dopracowa\u0107 ka\u017cdy szczeg\u00f3\u0142\" \/>\n<meta property=\"og:url\" content=\"https:\/\/positiveprints.com\/pl\/produkt\/mapa-mamo-jestesmy-blisko\/\" \/>\n<meta property=\"og:site_name\" content=\"Positive Prints\" \/>\n<meta property=\"article:publisher\" content=\"https:\/\/www.facebook.com\/positiveprintscom\" \/>\n<meta property=\"article:modified_time\" content=\"2026-04-23T10:51:58+00:00\" \/>\n<meta property=\"og:image\" content=\"https:\/\/positiveprints.com\/wp-content\/uploads\/2025\/02\/Mamo-Jestes\u0301my-Blisko-1.webp\" \/>\n\t<meta property=\"og:image:width\" content=\"1450\" \/>\n\t<meta property=\"og:image:height\" content=\"1450\" \/>\n\t<meta property=\"og:image:type\" content=\"image\/webp\" \/>\n<meta name=\"twitter:card\" content=\"summary_large_image\" \/>\n<meta name=\"twitter:label1\" content=\"Szacowany czas czytania\" \/>\n\t<meta name=\"twitter:data1\" content=\"2 minuty\" \/>\n<!-- \/ Yoast SEO Premium plugin. -->","yoast_head_json":{"title":"Mapa \u201cMamo, Jeste\u015bmy Blisko - Prezent dla Mamy - Positive Print","description":"Zaprojektuj map\u0119, kt\u00f3ra wskazuje miejsce zamieszkania wszystkich dzieci Twojej mamy.","robots":{"index":"index","follow":"follow","max-snippet":"max-snippet:-1","max-image-preview":"max-image-preview:large","max-video-preview":"max-video-preview:-1"},"canonical":"https:\/\/positiveprints.com\/pl\/produkt\/mapa-mamo-jestesmy-blisko\/","og_locale":"pl_PL","og_type":"article","og_title":"Mamo, Jeste\u015bmy Blisko","og_description":"Oka\u017c mamie, jak wiele dla Ciebie znaczy: zaznacz na mapie miejsca, kt\u00f3re \u0142\u0105cz\u0105 Was wbrew dziel\u0105cym kilometrom  Wyr\u00f3\u017cnij szczeg\u00f3lne lokalizacje za pomoc\u0105 symbolu Spersonalizuj w 3 prostych krokach Dodaj dedykacj\u0119 prosto z serca Interaktywny podgl\u0105d pozwoli dopracowa\u0107 ka\u017cdy szczeg\u00f3\u0142","og_url":"https:\/\/positiveprints.com\/pl\/produkt\/mapa-mamo-jestesmy-blisko\/","og_site_name":"Positive Prints","article_publisher":"https:\/\/www.facebook.com\/positiveprintscom","article_modified_time":"2026-04-23T10:51:58+00:00","og_image":[{"width":1450,"height":1450,"url":"https:\/\/positiveprints.com\/wp-content\/uploads\/2025\/02\/Mamo-Jestes\u0301my-Blisko-1.webp","type":"image\/webp"}],"twitter_card":"summary_large_image","twitter_misc":{"Szacowany czas czytania":"2 minuty"},"schema":{"@context":"https:\/\/schema.org","@graph":[{"@type":["WebPage","ItemPage"],"@id":"https:\/\/positiveprints.com\/pl\/produkt\/mapa-mamo-jestesmy-blisko\/","url":"https:\/\/positiveprints.com\/pl\/produkt\/mapa-mamo-jestesmy-blisko\/","name":"Mapa \u201cMamo, Jeste\u015bmy Blisko - Prezent dla Mamy - Positive Print","isPartOf":{"@id":"https:\/\/positiveprints.com\/pl\/#website"},"primaryImageOfPage":{"@id":"https:\/\/positiveprints.com\/pl\/produkt\/mapa-mamo-jestesmy-blisko\/#primaryimage"},"image":{"@id":"https:\/\/positiveprints.com\/pl\/produkt\/mapa-mamo-jestesmy-blisko\/#primaryimage"},"thumbnailUrl":"https:\/\/positiveprints.com\/wp-content\/uploads\/2025\/02\/Mamo-Jestes\u0301my-Blisko-1.webp","datePublished":"2022-01-25T20:10:25+00:00","dateModified":"2026-04-23T10:51:58+00:00","description":"Zaprojektuj map\u0119, kt\u00f3ra wskazuje miejsce zamieszkania wszystkich dzieci Twojej mamy.","breadcrumb":{"@id":"https:\/\/positiveprints.com\/pl\/produkt\/mapa-mamo-jestesmy-blisko\/#breadcrumb"},"inLanguage":"pl-PL","potentialAction":[{"@type":"ReadAction","target":["https:\/\/positiveprints.com\/pl\/produkt\/mapa-mamo-jestesmy-blisko\/"]}]},{"@type":"ImageObject","inLanguage":"pl-PL","@id":"https:\/\/positiveprints.com\/pl\/produkt\/mapa-mamo-jestesmy-blisko\/#primaryimage","url":"https:\/\/positiveprints.com\/wp-content\/uploads\/2025\/02\/Mamo-Jestes\u0301my-Blisko-1.webp","contentUrl":"https:\/\/positiveprints.com\/wp-content\/uploads\/2025\/02\/Mamo-Jestes\u0301my-Blisko-1.webp","width":1450,"height":1450},{"@type":"BreadcrumbList","@id":"https:\/\/positiveprints.com\/pl\/produkt\/mapa-mamo-jestesmy-blisko\/#breadcrumb","itemListElement":[{"@type":"ListItem","position":1,"name":"Home","item":"https:\/\/positiveprints.com\/pl\/"},{"@type":"ListItem","position":2,"name":"Produkty","item":"https:\/\/positiveprints.com\/pl\/shop\/"},{"@type":"ListItem","position":3,"name":"Mamo, Jeste\u015bmy Blisko"}]},{"@type":"WebSite","@id":"https:\/\/positiveprints.com\/pl\/#website","url":"https:\/\/positiveprints.com\/pl\/","name":"Positive Prints","description":"Amazing Custom Personalized Gifts","publisher":{"@id":"https:\/\/positiveprints.com\/pl\/#organization"},"potentialAction":[{"@type":"SearchAction","target":{"@type":"EntryPoint","urlTemplate":"https:\/\/positiveprints.com\/pl\/?s={search_term_string}"},"query-input":{"@type":"PropertyValueSpecification","valueRequired":true,"valueName":"search_term_string"}}],"inLanguage":"pl-PL"},{"@type":"Organization","@id":"https:\/\/positiveprints.com\/pl\/#organization","name":"Positive Prints","alternateName":"Positive Prints","url":"https:\/\/positiveprints.com\/pl\/","logo":{"@type":"ImageObject","inLanguage":"pl-PL","@id":"https:\/\/positiveprints.com\/pl\/#\/schema\/logo\/image\/","url":"https:\/\/positiveprints.com\/wp-content\/uploads\/2026\/03\/245815646_1337939713319158_5671353136411139666_n.png","contentUrl":"https:\/\/positiveprints.com\/wp-content\/uploads\/2026\/03\/245815646_1337939713319158_5671353136411139666_n.png","width":800,"height":800,"caption":"Positive Prints"},"image":{"@id":"https:\/\/positiveprints.com\/pl\/#\/schema\/logo\/image\/"},"sameAs":["https:\/\/www.facebook.com\/positiveprintscom","https:\/\/www.instagram.com\/positiveprintscom\/","https:\/\/www.tiktok.com\/@positiveprintscom","https:\/\/www.pinterest.com\/positiveprintscom\/"]}]}},"jetpack_sharing_enabled":true,"_links":{"self":[{"href":"https:\/\/positiveprints.com\/pl\/wp-json\/wp\/v2\/product\/245272","targetHints":{"allow":["GET"]}}],"collection":[{"href":"https:\/\/positiveprints.com\/pl\/wp-json\/wp\/v2\/product"}],"about":[{"href":"https:\/\/positiveprints.com\/pl\/wp-json\/wp\/v2\/types\/product"}],"wp:featuredmedia":[{"embeddable":true,"href":"https:\/\/positiveprints.com\/pl\/wp-json\/wp\/v2\/media\/1347986"}],"wp:attachment":[{"href":"https:\/\/positiveprints.com\/pl\/wp-json\/wp\/v2\/media?parent=245272"}],"wp:term":[{"taxonomy":"product_brand","embeddable":true,"href":"https:\/\/positiveprints.com\/pl\/wp-json\/wp\/v2\/product_brand?post=245272"},{"taxonomy":"product_cat","embeddable":true,"href":"https:\/\/positiveprints.com\/pl\/wp-json\/wp\/v2\/product_cat?post=245272"},{"taxonomy":"product_tag","embeddable":true,"href":"https:\/\/positiveprints.com\/pl\/wp-json\/wp\/v2\/product_tag?post=245272"}],"curies":[{"name":"wp","href":"https:\/\/api.w.org\/{rel}","templated":true}]}}