{"id":245268,"date":"2022-02-10T13:48:48","date_gmt":"2022-02-10T12:48:48","guid":{"rendered":"https:\/\/positiveprints.com\/product\/kiedy-zostalas-mama\/"},"modified":"2026-04-18T07:02:13","modified_gmt":"2026-04-18T06:02:13","slug":"kiedy-zostalas-mama","status":"publish","type":"product","link":"https:\/\/positiveprints.com\/pl\/produkt\/kiedy-zostalas-mama\/","title":{"rendered":"Kiedy Zosta\u0142a\u015b Mam\u0105"},"content":{"rendered":"<h2 class=\"grenB f24 cblue\">Dlaczego Mapa Gwiazd jest idealnym prezentem na Dzie\u0144 Matki?<\/h2>\n<p style=\"margin-top: 1rem\">Ka\u017cdej nocy niebo nad naszymi g\u0142owami wygl\u0105da troch\u0119 inaczej \u2013 faza ksi\u0119\u017cyca, u\u0142o\u017cenie konstelacji i planet zmieniaj\u0105 si\u0119 codziennie. R\u00f3wnie\u017c dzie\u0144 Twoich narodzin by\u0142 wyj\u0105tkowy \u2013 nie tylko ze wzgl\u0119du na niepowtarzalne u\u0142o\u017cenie gwiazd, ale tak\u017ce dlatego, \u017ce Twoja mama zosta\u0142a<br \/>\nwtedy Twoj\u0105 mam\u0105. Czy jest lepszy pow\u00f3d do \u015bwi\u0119towania?<\/p>\n<p style=\"margin-top: 1rem\">Dzi\u0119ki personalizowanemu plakatowi z map\u0105 nieba odtworzysz u\u0142o\u017cenie gwiazd w dniu Twoich narodzin. W\u0142a\u015bnie wtedy Twoja mama otoczy\u0142a Ci\u0119 czu\u0142o\u015bci\u0105 i opiek\u0105. To wyj\u0105tkowy dzie\u0144 r\u00f3wnie\u017c dla niej, a plakat z map\u0105 nieba pozwoli jej wraca\u0107 wspomnieniami do tego momentu za ka\u017cdym razem, kiedy na niego spojrzy.  <\/p>\n<h2 class=\"grenB f24 cblue\" style=\"margin-top: 3rem\">Zaprojektuj niespodziank\u0119 dla mamy w 3 prostych krokach<\/h2>\n<p style=\"margin-top: 1rem\">Ka\u017cda mapa nieba tworzona jest na zam\u00f3wienie na podstawie podanej daty i lokalizacji. Dane, na kt\u00f3rych opieramy projekty pochodz\u0105 od satelity Hipparcos-2, dzi\u0119ki czemu s\u0105 niezwykle precyzyjne.<\/p>\n<p style=\"margin-top: 1rem\">Nie musisz g\u0142owi\u0107 si\u0119 nadmiernie ani posiada\u0107 zmys\u0142u artystycznego. Dzi\u0119ki przyst\u0119pnemu kreatorowi na stronie Positive Prints w kilku prostych krokach zaprojektujesz sw\u00f3j wydruk, a wszelkie wprowadzane zmiany sprawdzisz na interaktywnym podgl\u0105dzie. Wybierz styl mapy oraz jej kszta\u0142t, a nast\u0119pnie dodaj detale, kt\u00f3re sprawi\u0105, \u017ce ten wydruk b\u0119dzie absolutnie wyj\u0105tkowy dla Twojej mamy. Na koniec zdecyduj jaki format b\u0119dzie odpowiednim prezentem: plakat, wersja cyfrowa lub wydruk na p\u0142\u00f3tnie. <\/p>\n<p style=\"margin-top: 1rem\">Prezent na Dzie\u0144 Matki lub inn\u0105 wyj\u0105tkow\u0105 okazj\u0119? Z Positive Prints stworzysz niepowtarzalny prezent dla mamy. Sprawd\u017a nasz\u0105 ofert\u0119 ju\u017c dzisiaj!<\/p><h2 class=\"wp-block-heading\" id=\"h-faq\"><strong>FAQ<\/strong><\/h2><details class=\"wp-block-details is-layout-flow wp-block-details-is-layout-flow\"><summary><strong>Czym jest &#8220;Dni, w Kt\u00f3rych Zosta\u0142a\u015b Nasz\u0105 Mam\u0105&#8221;?<\/strong><\/summary><p>&#8220;Dni, w Kt\u00f3rych Zosta\u0142a\u015b Nasz\u0105 Mam\u0105&#8221; to spersonalizowany plakat pokazuj\u0105cy uk\u0142ad gwiazd w dniu narodzin ka\u017cdego dziecka. Konkretnie, ukazuje pi\u0119kno wszech\u015bwiata w chwili, gdy mama wita\u0142a swoje dzieci na \u015bwiecie. W konsekwencji, celebruje rado\u015b\u0107 i mi\u0142o\u015b\u0107 towarzysz\u0105c\u0105 macierzy\u0144stwu.<\/p><\/details><details class=\"wp-block-details is-layout-flow wp-block-details-is-layout-flow\"><summary><strong>Czy mapa nieba jest naukowo dok\u0142adna?<\/strong><\/summary><p>Tak, ka\u017cda mapa jest naukowo dok\u0142adna. Faktycznie, wykorzystuje precyzyjne dane astronomiczne do odwzorowania uk\u0142adu gwiazd. Ponadto, pokazuje autentyczne konstelacje i Drog\u0119 Mleczn\u0105 z ka\u017cdej wybranej daty. Dodatkowo, interaktywny podgl\u0105d pozwala dopracowa\u0107 ka\u017cdy szczeg\u00f3\u0142 w czasie rzeczywistym.\u200b<\/p><\/details><details class=\"wp-block-details is-layout-flow wp-block-details-is-layout-flow\"><summary><strong>Dlaczego to idealny prezent na Dzie\u0144 Matki?<\/strong><\/summary><p>To wyj\u0105tkowy prezent, kt\u00f3ry upami\u0119tnia moment, w kt\u00f3rym zosta\u0142a\u015b mam\u0105. Wzruszaj\u0105cy spos\u00f3b na wyra\u017cenie mi\u0142o\u015bci, wdzi\u0119czno\u015bci i uznania dla mamy. Taka mapa gwiazd staje si\u0119 pi\u0119kn\u0105 pami\u0105tk\u0105 na lata, przypominaj\u0105c\u0105 o jednym z najszcz\u0119\u015bliwszych moment\u00f3w w \u017cyciu.<\/p><\/details><details class=\"wp-block-details is-layout-flow wp-block-details-is-layout-flow\"><summary><strong>Jak stworzy\u0107 &#8220;Dni, w Kt\u00f3rych Zosta\u0142a\u015b Nasz\u0105 Mam\u0105&#8221;?<\/strong><\/summary><p>Stworzenie mapy nieba to trzy proste kroki. Po pierwsze, wybierz kszta\u0142t, styl kolorystyczny i elementy astralne mapy nieba do wy\u015bwietlenia. Nast\u0119pnie, wprowad\u017a dat\u0119, miejsce, czas i dodaj swoj\u0105 dedykacj\u0119 prosto z serca. Na koniec, wybierz rodzaj wydruku i rozmiar. Mo\u017cesz zam\u00f3wi\u0107 plakat sam lub z ram\u0105, wydruk na p\u0142\u00f3tnie lub plik cyfrowy.<\/p><\/details><details class=\"wp-block-details is-layout-flow wp-block-details-is-layout-flow\"><summary><strong>Na jakie okazje sprawdzi si\u0119 ten plakat?<\/strong><\/summary><p>Ten plakat sprawdza si\u0119 na Dzie\u0144 Matki, urodziny lub imieniny mamy i Bo\u017ce Narodzenie. Ponadto, to \u015bwietny prezent z okazji narodzin kolejnego dziecka.<\/p><\/details><details class=\"wp-block-details is-layout-flow wp-block-details-is-layout-flow\"><summary><strong>Jak szybko otrzymam plakat?<\/strong><\/summary><p>W przypadku pilnego prezentu wybierz natychmiastowy plik cyfrowy do pobrania jest to\u2013 plik JPEG o wysokiej rozdzielczo\u015bci 300 dpi, kt\u00f3ry mo\u017cesz wydrukowa\u0107 samodzielnie. W przypadku produkt\u00f3w fizycznych drukujemy i wysy\u0142amy lokalnie z naszych drukarni w Australii, Kanadzie, Stanach Zjednoczonych, Wielkiej Brytanii i Polsce. Gwarantuje to szybk\u0105 i niezawodn\u0105 dostaw\u0119, cz\u0119sto w ci\u0105gu zaledwie kilku dni.<\/p><\/details><p><\/p>","protected":false},"excerpt":{"rendered":"<ul class=\"check-list\">\n<li>Dodaj planety, konstelacje i Drog\u0119 Mleczn\u0105 <\/li>\n<li>Spersonalizuj w 3 prostych krokach<\/li>\n<li>Dodaj dedykacj\u0119 prosto z serca<\/li>\n<li>Interaktywny podgl\u0105d pozwoli dopracowa\u0107 ka\u017cdy szczeg\u00f3\u0142<\/li>\n<\/ul>\n","protected":false},"featured_media":1225226,"template":"","meta":[],"product_brand":[],"product_cat":[15849,9279,7328,5271,11414,11415,7706,3114],"product_tag":[13392,12618,13393,12619,8407,13394,13395,15561,12621,15543,11819],"class_list":{"0":"post-245268","1":"product","2":"type-product","3":"status-publish","4":"has-post-thumbnail","6":"product_cat-shop-bestsellers-pl","7":"product_cat-bestsellers-label-pl","8":"product_cat-prezenty-na-dzien-matki","9":"product_cat-prezent-na-boze-narodzenie","10":"product_cat-prezenty-pod-choinke-dla-mamy","11":"product_cat-prezenty-pod-choinke-dla-rodzicow","12":"product_cat-prezent-dla-mamy","13":"product_cat-star-pl-2","14":"product_tag-mam-pl","15":"product_tag-mama-pl","16":"product_tag-mammy-pl","17":"product_tag-mamusia","18":"product_tag-mother-pl","19":"product_tag-mum-pl","20":"product_tag-mummy-pl","21":"product_tag-najlepsza-mama","22":"product_tag-prezent-dla-mamy","23":"product_tag-prezent-dla-mamy-pl","24":"product_tag-prezenty-pod-choinke-dla-mamy","26":"first","27":"instock","28":"sale","29":"taxable","30":"shipping-taxable","31":"purchasable","32":"product-type-variable"},"yoast_head":"<!-- This site is optimized with the Yoast SEO Premium plugin v27.2 (Yoast SEO v27.2) - https:\/\/yoast.com\/product\/yoast-seo-premium-wordpress\/ -->\n<title>Kiedy Zosta\u0142a\u015b Mam\u0105 - Prezent dla Mamy - Positive Prints<\/title>\n<meta name=\"description\" content=\"Mapa nieba Kiedy zosta\u0142a\u015b Mam\u0105 jest idealnym prezentem dla mam. Zw\u0142aszcza na Dzie\u0144 Matki. Wysy\u0142ka na ca\u0142y \u015bwiat.\" \/>\n<meta name=\"robots\" content=\"index, follow, max-snippet:-1, max-image-preview:large, max-video-preview:-1\" \/>\n<link rel=\"canonical\" href=\"https:\/\/positiveprints.com\/pl\/produkt\/kiedy-zostalas-mama\/\" \/>\n<meta property=\"og:locale\" content=\"pl_PL\" \/>\n<meta property=\"og:type\" content=\"article\" \/>\n<meta property=\"og:title\" content=\"Kiedy Zosta\u0142a\u015b Mam\u0105\" \/>\n<meta property=\"og:description\" content=\"Dodaj planety, konstelacje i Drog\u0119 Mleczn\u0105   Spersonalizuj w 3 prostych krokach  Dodaj dedykacj\u0119 prosto z serca  Interaktywny podgl\u0105d pozwoli dopracowa\u0107 ka\u017cdy szczeg\u00f3\u0142\" \/>\n<meta property=\"og:url\" content=\"https:\/\/positiveprints.com\/pl\/produkt\/kiedy-zostalas-mama\/\" \/>\n<meta property=\"og:site_name\" content=\"Positive Prints\" \/>\n<meta property=\"article:publisher\" content=\"https:\/\/www.facebook.com\/positiveprintscom\" \/>\n<meta property=\"article:modified_time\" content=\"2026-04-18T06:02:13+00:00\" \/>\n<meta property=\"og:image\" content=\"https:\/\/positiveprints.com\/wp-content\/uploads\/2024\/10\/Packshot_PL_The-Day-You-Became-My-Mommy-product-image.webp\" \/>\n\t<meta property=\"og:image:width\" content=\"1450\" \/>\n\t<meta property=\"og:image:height\" content=\"1450\" \/>\n\t<meta property=\"og:image:type\" content=\"image\/webp\" \/>\n<meta name=\"twitter:card\" content=\"summary_large_image\" \/>\n<meta name=\"twitter:label1\" content=\"Szacowany czas czytania\" \/>\n\t<meta name=\"twitter:data1\" content=\"3 minuty\" \/>\n<!-- \/ Yoast SEO Premium plugin. -->","yoast_head_json":{"title":"Kiedy Zosta\u0142a\u015b Mam\u0105 - Prezent dla Mamy - Positive Prints","description":"Mapa nieba Kiedy zosta\u0142a\u015b Mam\u0105 jest idealnym prezentem dla mam. Zw\u0142aszcza na Dzie\u0144 Matki. Wysy\u0142ka na ca\u0142y \u015bwiat.","robots":{"index":"index","follow":"follow","max-snippet":"max-snippet:-1","max-image-preview":"max-image-preview:large","max-video-preview":"max-video-preview:-1"},"canonical":"https:\/\/positiveprints.com\/pl\/produkt\/kiedy-zostalas-mama\/","og_locale":"pl_PL","og_type":"article","og_title":"Kiedy Zosta\u0142a\u015b Mam\u0105","og_description":"Dodaj planety, konstelacje i Drog\u0119 Mleczn\u0105   Spersonalizuj w 3 prostych krokach  Dodaj dedykacj\u0119 prosto z serca  Interaktywny podgl\u0105d pozwoli dopracowa\u0107 ka\u017cdy szczeg\u00f3\u0142","og_url":"https:\/\/positiveprints.com\/pl\/produkt\/kiedy-zostalas-mama\/","og_site_name":"Positive Prints","article_publisher":"https:\/\/www.facebook.com\/positiveprintscom","article_modified_time":"2026-04-18T06:02:13+00:00","og_image":[{"width":1450,"height":1450,"url":"https:\/\/positiveprints.com\/wp-content\/uploads\/2024\/10\/Packshot_PL_The-Day-You-Became-My-Mommy-product-image.webp","type":"image\/webp"}],"twitter_card":"summary_large_image","twitter_misc":{"Szacowany czas czytania":"3 minuty"},"schema":{"@context":"https:\/\/schema.org","@graph":[{"@type":["WebPage","ItemPage"],"@id":"https:\/\/positiveprints.com\/pl\/produkt\/kiedy-zostalas-mama\/","url":"https:\/\/positiveprints.com\/pl\/produkt\/kiedy-zostalas-mama\/","name":"Kiedy Zosta\u0142a\u015b Mam\u0105 - Prezent dla Mamy - Positive Prints","isPartOf":{"@id":"https:\/\/positiveprints.com\/pl\/#website"},"primaryImageOfPage":{"@id":"https:\/\/positiveprints.com\/pl\/produkt\/kiedy-zostalas-mama\/#primaryimage"},"image":{"@id":"https:\/\/positiveprints.com\/pl\/produkt\/kiedy-zostalas-mama\/#primaryimage"},"thumbnailUrl":"https:\/\/positiveprints.com\/wp-content\/uploads\/2024\/10\/Packshot_PL_The-Day-You-Became-My-Mommy-product-image.webp","datePublished":"2022-02-10T12:48:48+00:00","dateModified":"2026-04-18T06:02:13+00:00","description":"Mapa nieba Kiedy zosta\u0142a\u015b Mam\u0105 jest idealnym prezentem dla mam. Zw\u0142aszcza na Dzie\u0144 Matki. Wysy\u0142ka na ca\u0142y \u015bwiat.","breadcrumb":{"@id":"https:\/\/positiveprints.com\/pl\/produkt\/kiedy-zostalas-mama\/#breadcrumb"},"inLanguage":"pl-PL","potentialAction":[{"@type":"ReadAction","target":["https:\/\/positiveprints.com\/pl\/produkt\/kiedy-zostalas-mama\/"]}]},{"@type":"ImageObject","inLanguage":"pl-PL","@id":"https:\/\/positiveprints.com\/pl\/produkt\/kiedy-zostalas-mama\/#primaryimage","url":"https:\/\/positiveprints.com\/wp-content\/uploads\/2024\/10\/Packshot_PL_The-Day-You-Became-My-Mommy-product-image.webp","contentUrl":"https:\/\/positiveprints.com\/wp-content\/uploads\/2024\/10\/Packshot_PL_The-Day-You-Became-My-Mommy-product-image.webp","width":1450,"height":1450,"caption":"Packshot_PL_The Day You Became My Mommy product image"},{"@type":"BreadcrumbList","@id":"https:\/\/positiveprints.com\/pl\/produkt\/kiedy-zostalas-mama\/#breadcrumb","itemListElement":[{"@type":"ListItem","position":1,"name":"Home","item":"https:\/\/positiveprints.com\/pl\/"},{"@type":"ListItem","position":2,"name":"Produkty","item":"https:\/\/positiveprints.com\/pl\/shop\/"},{"@type":"ListItem","position":3,"name":"Kiedy Zosta\u0142a\u015b Mam\u0105"}]},{"@type":"WebSite","@id":"https:\/\/positiveprints.com\/pl\/#website","url":"https:\/\/positiveprints.com\/pl\/","name":"Positive Prints","description":"Amazing Custom Personalized Gifts","publisher":{"@id":"https:\/\/positiveprints.com\/pl\/#organization"},"potentialAction":[{"@type":"SearchAction","target":{"@type":"EntryPoint","urlTemplate":"https:\/\/positiveprints.com\/pl\/?s={search_term_string}"},"query-input":{"@type":"PropertyValueSpecification","valueRequired":true,"valueName":"search_term_string"}}],"inLanguage":"pl-PL"},{"@type":"Organization","@id":"https:\/\/positiveprints.com\/pl\/#organization","name":"Positive Prints","alternateName":"Positive Prints","url":"https:\/\/positiveprints.com\/pl\/","logo":{"@type":"ImageObject","inLanguage":"pl-PL","@id":"https:\/\/positiveprints.com\/pl\/#\/schema\/logo\/image\/","url":"https:\/\/positiveprints.com\/wp-content\/uploads\/2026\/03\/245815646_1337939713319158_5671353136411139666_n.png","contentUrl":"https:\/\/positiveprints.com\/wp-content\/uploads\/2026\/03\/245815646_1337939713319158_5671353136411139666_n.png","width":800,"height":800,"caption":"Positive Prints"},"image":{"@id":"https:\/\/positiveprints.com\/pl\/#\/schema\/logo\/image\/"},"sameAs":["https:\/\/www.facebook.com\/positiveprintscom","https:\/\/www.instagram.com\/positiveprintscom\/","https:\/\/www.tiktok.com\/@positiveprintscom","https:\/\/www.pinterest.com\/positiveprintscom\/"]}]}},"jetpack_sharing_enabled":true,"_links":{"self":[{"href":"https:\/\/positiveprints.com\/pl\/wp-json\/wp\/v2\/product\/245268","targetHints":{"allow":["GET"]}}],"collection":[{"href":"https:\/\/positiveprints.com\/pl\/wp-json\/wp\/v2\/product"}],"about":[{"href":"https:\/\/positiveprints.com\/pl\/wp-json\/wp\/v2\/types\/product"}],"wp:featuredmedia":[{"embeddable":true,"href":"https:\/\/positiveprints.com\/pl\/wp-json\/wp\/v2\/media\/1225226"}],"wp:attachment":[{"href":"https:\/\/positiveprints.com\/pl\/wp-json\/wp\/v2\/media?parent=245268"}],"wp:term":[{"taxonomy":"product_brand","embeddable":true,"href":"https:\/\/positiveprints.com\/pl\/wp-json\/wp\/v2\/product_brand?post=245268"},{"taxonomy":"product_cat","embeddable":true,"href":"https:\/\/positiveprints.com\/pl\/wp-json\/wp\/v2\/product_cat?post=245268"},{"taxonomy":"product_tag","embeddable":true,"href":"https:\/\/positiveprints.com\/pl\/wp-json\/wp\/v2\/product_tag?post=245268"}],"curies":[{"name":"wp","href":"https:\/\/api.w.org\/{rel}","templated":true}]}}