{"id":21962,"date":"2020-01-15T18:00:50","date_gmt":"2020-01-15T17:00:50","guid":{"rendered":"https:\/\/positiveprints.com\/product\/mapa-nasze-pierwsze-spotkanie\/"},"modified":"2026-04-18T09:18:11","modified_gmt":"2026-04-18T08:18:11","slug":"nasze-pierwsze-spotkanie","status":"publish","type":"product","link":"https:\/\/positiveprints.com\/pl\/produkt\/nasze-pierwsze-spotkanie\/","title":{"rendered":"Nasze Pierwsze Spotkanie"},"content":{"rendered":"<p>Mapa &#8220;Nasze pierwsze spotkanie&#8221; to wyj\u0105tkowy prezent dla bliskiej osoby. Plakat, kt\u00f3ry przedstawia miejsce, od kt\u00f3rego zacz\u0119\u0142a si\u0119 wasza wsp\u00f3lna podr\u00f3\u017c przez \u017cycie.<\/p>\r\n<p style=\"margin-top: 1rem\">Spotkanie wyj\u0105tkowej osoby po raz pierwszy to magiczne prze\u017cycie. W powietrzu unosi si\u0119 charakterystyczna energia, mo\u017ce nawet delikatne buczenie lub brz\u0119czenie, kt\u00f3re pomaga wyciszy\u0107 reszt\u0119 \u015bwiata, wi\u0119c wszystko, na czym musicie si\u0119 skupi\u0107, to wy dwoje. Aby zapami\u0119ta\u0107 ten dzie\u0144 na zawsze, stw\u00f3rz plakat &#8220;Nasze pierwsze spotkanie&#8221; i ciesz si\u0119 wspomnieniem tego niepowtarzalnego dnia.<\/p>\r\n<h2 class=\"grenB f24 cblue\" style=\"margin-top: 3rem\"> Czym jest mapa &#8220;Nasze pierwsze spotkanie&#8221; w formie plakatu? <\/h2>\r\n<p style=\"margin-top: 1rem\">Niewa\u017cne, czy by\u0142a to planowana pierwsza randka, czy przypadkowe spotkanie. Miejsce, w kt\u00f3rym po raz pierwszy si\u0119 spotkali\u015bcie , na zawsze b\u0119dzie si\u0119 kojarzy\u0107 z pocz\u0105tkiem Waszego wsp\u00f3lnego \u017cycia. Mapa miejsca, w kt\u00f3rym si\u0119 spotkali\u015bcie, to dodatek do mieszkania, kt\u00f3ry symbolizuje Wasz\u0105 mi\u0142o\u015b\u0107 i posiada pot\u0119\u017cn\u0105 dawk\u0119 pozytywnych emocji.<\/p>\r\n<p style=\"margin-top: 1rem\">Plakat &#8220;Nasze pierwsze spotkanie&#8221; mo\u017ce by\u0107 stworzony dla dowolnego miasta, regionu lub miejsca na \u015bwiecie. Wszystko, czego potrzebujesz, to lokalizacja, a nasz kreator personalizowanych map przyst\u0105pi do pracy nad stworzeniem wyj\u0105tkowego obrazu tego obszaru. Przybli\u017c lub oddal widok tak bardzo, jak chcesz, aby uzyska\u0107 preferowany zakres. Nast\u0119pnie zaznacz dok\u0142adne miejsce, w kt\u00f3rym si\u0119 spotkali\u015bcie, aby dodatkowo podkre\u015bli\u0107, gdzie dok\u0142adnie wszystko si\u0119 zacz\u0119\u0142o.<\/p>\r\n<p style=\"margin-top: 1rem\">Do plakatu dodaj w\u0142asny tekst, kt\u00f3ry b\u0119dzie bezpo\u015brednio skierowany do osoby, z kt\u00f3r\u0105 po\u0142\u0105czyli\u015bcie si\u0119 w tym wyj\u0105tkowym miejscu. Mo\u017ce to by\u0107 romantyczny cytat, wiadomo\u015b\u0107 lub po prostu podaj nazw\u0119 i dat\u0119 rozpocz\u0119cia wsp\u00f3lnego \u017cycia. Nie ma z\u0142ego sposobu na utrwalenie wspomnie\u0144!<\/p>\r\n<h2 class=\"grenB f24 cblue\" style=\"margin-top: 3rem\">Dlaczego warto stworzy\u0107 plakat &#8220;Nasze pierwsze spotkanie&#8221;? <\/h2>\r\n<p style=\"margin-top: 1rem\">Personalizowana mapa miejsca pierwszego spotkania jest naprawd\u0119 jedyna w swoim rodzaju. To nie jest co\u015b, co mo\u017cesz wzi\u0105\u0107 z p\u00f3\u0142ki w sklepie lub zaprojektowa\u0107 z kaprysu. Wymy\u015blenie mapy miejsca, w kt\u00f3rym ty i kto\u015b wyj\u0105tkowy spotkali\u015bcie si\u0119 po raz pierwszy, wymaga troch\u0119 wi\u0119cej uwagi i kreatywno\u015bci.<\/p>\r\n<p style=\"margin-top: 1rem\">To jeden z powod\u00f3w, dla kt\u00f3rych mapy s\u0105 wspania\u0142ym prezentem dla ludzi w Twoim \u017cyciu! Mimo \u017ce du\u017c\u0105 cz\u0119\u015b\u0107 pracy wykonamy za Ciebie, personalizuj\u0105c wydruk, starasz si\u0119, aby uczyni\u0107 z prezent naprawd\u0119 wyj\u0105tkowym. Ponadto, poniewa\u017c mapa jest w 100% personalizowana, mo\u017cesz mie\u0107 pewno\u015b\u0107, \u017ce Twoja b\u0119dzie unikalna i jedyna na ca\u0142ym \u015bwiecie.<\/p>\r\n<h2 class=\"grenB f24 cblue\" style=\"margin-top: 3rem\">Jak stworzy\u0107 personalizowana map\u0119 z miejscem pierwszego spotkania?<\/h2>\r\n<p style=\"margin-top: 1rem\">O nic si\u0119 nie martw. W kilku prostych krokach stworzysz unikalny prezent, a najtrudniejsz\u0105 cz\u0119\u015b\u0107 pracy wykona za Ciebie nasz edytor. Aby rozpocz\u0105\u0107, wybierz kszta\u0142t mapy (ko\u0142o, serce lub kwadrat), a potem kolorystyk\u0119 plakatu. Wszystkie zmiany w czasie rzeczywistym b\u0119dziesz widzie\u0107 na podgl\u0105dzie wydruku.<\/p>\r\n<p style=\"margin-top: 1rem\">W nast\u0119pnym kroku wpisz wybran\u0105 lokalizacj\u0119, aby wskaza\u0107 miejsce, w kt\u00f3rym si\u0119 spotkali\u015bcie. Mo\u017cesz przybli\u017cy\u0107 obraz, aby dopasowa\u0107 widok w po\u017c\u0105dany spos\u00f3b. Dodaj maksymalnie dwa wiersze osobistego tekstu, aby dodatkowo nada\u0107 wydrukowi osobistego charakteru. Je\u015bli chcesz, dodaj marker zaznaczaj\u0105cy dok\u0142adny adres waszej pierwszej randki.<\/p>\r\n<p style=\"margin-top: 1rem\">W ostatnim kroku wybierz rozmiar plakatu i format wydruku. Jedn\u0105 z opcji jest gotowy plakat, kt\u00f3ry jest drukowany na papierze najwy\u017cszej jako\u015bci. B\u0119dzie on s\u0142u\u017cy\u0107 Wam przez ca\u0142e \u017cycie i jest wysy\u0142any prosto do Twoich drzwi. Je\u015bli spieszysz si\u0119 i potrzebujesz prezentu &#8220;na ju\u017c&#8221;, zam\u00f3w cyfrowy plik i skorzystaj z us\u0142ug lokalnej drukarni, dzi\u0119ki czemu unikniesz oczekiwania na wysy\u0142k\u0119. Inn\u0105 opcj\u0105 jest zam\u00f3wienie poduszki z nadrukowana map\u0105 &#8220;Nasze pierwsze spotkanie&#8221;, kt\u00f3ra umili wasze wsp\u00f3lne chwile na kanapie.<\/p>\r\n<p style=\"margin-top: 1rem\">W Positive Prints u\u0142atwiamy ka\u017cdemu projektowanie plakatu miejsca pierwszego spotkania bez konieczno\u015bci posiadania specjalistycznej wiedzy. Gdy wykonasz powy\u017csze kroki, mo\u017cesz przej\u015b\u0107 do kasy i zap\u0142aci\u0107 za wydruk, a my zajmiemy si\u0119 reszt\u0105!<\/p>\r\n<h2 class=\"grenB f24 cblue\" style=\"margin-top: 3rem\">Plakat z map\u0105 jako prezent dla niej lub dla niego.<\/h2>\r\n<p style=\"margin-top: 1rem\"><a href=\"https:\/\/positiveprints.com\/pl\/produkt\/mapa-plakat\/\">Mapa plakat<\/a> to romantyczny prezent, kt\u00f3ry zachwyci ukochan\u0105 osob\u0119. Personalizowany plakat na zam\u00f3wienie to starannie wykonany i przemy\u015blany prezent, kt\u00f3rego nie da si\u0119 skopiowa\u0107. \u015awietnie sprawdza si\u0119 jako dekoracja mieszkania lub domy i nigdy nie pozwoli Wam zapomnie\u0107 &#8220;gdzie to wszystko si\u0119 zacz\u0119\u0142o&#8221;. <\/p>\r\n<p> Plakat &#8220;Nasze pierwsze spotkanie&#8221; sprawdza si\u0119 jako prezent m.ni. na:<\/p>\r\n<ul>\r\n<li> Urodziny <\/li>\r\n<li> Rocznice <\/li>\r\n<li> Bo\u017ce Narodzenie <\/li>\r\n<li> Dzie\u0144 Matki <\/li>\r\n<li> Dzie\u0144 Ojca <\/li>\r\n<li> Walentynki <\/li>\r\n<li> Zar\u0119czyny <\/li>\r\n<li> Wesela <\/li>\r\n<\/ul>\r\n<p>Mapa miejsca, w kt\u00f3rym spotkali\u015bcie si\u0119 po raz pierwszy, to wyj\u0105tkowy plakat dla Ciebie, jak i osoby, kt\u00f3r\u0105 kochasz! Mo\u017cesz spojrze\u0107 wstecz na ten dzie\u0144 i zapami\u0119ta\u0107 go jako moment, kt\u00f3ry zmieni\u0142 Twoje \u017cycie. Jeste\u015bmy pewni, \u017ce obdarowana osoba doceni osobisty charakter i oryginalno\u015b\u0107 takiego podarunku.<\/p>\r\n<p style=\"margin-top: 1rem\">Rozpocznij tworzenie personalizowanej mapy i podaruj prezent, kt\u00f3ry z pewno\u015bci\u0105 zostanie doceniony i wzruszy do \u0142ez!<\/p><h2 class=\"wp-block-heading\" id=\"h-faq\"><strong>FAQ<\/strong><\/h2><details class=\"wp-block-details is-layout-flow wp-block-details-is-layout-flow\"><summary><strong>Czym jest Mapa &#8220;Nasze Pierwsze Spotkanie&#8221;?<\/strong><\/summary><p>Mapa &#8220;Nasze Pierwsze Spotkanie&#8221; to spersonalizowany plakat przedstawiaj\u0105cy dok\u0142adne miejsce, w kt\u00f3rym si\u0119 poznali\u015bcie. Konkretnie, do stworzenia mapy wykorzystujemy precyzyjne dane kartograficzne, dzi\u0119ki kt\u00f3rym przedstawiamy wybran\u0105 lokalizacj\u0119 z lotu ptaka. W ten spos\u00f3b upami\u0119tniamy pocz\u0105tek Waszej wsp\u00f3lnej podr\u00f3\u017cy w wyj\u0105tkowy i pi\u0119kny spos\u00f3b.<\/p><\/details><details class=\"wp-block-details is-layout-flow wp-block-details-is-layout-flow\"><summary><strong>Czy mapa jest w pe\u0142ni spersonalizowana?<\/strong><\/summary><p>Tak, ka\u017cda mapa jest w pe\u0142ni spersonalizowana. Wybierasz kszta\u0142t (ko\u0142o, serce lub kwadrat) oraz schemat kolorystyczny. Ponadto, zaznaczasz dok\u0142adny adres wybranym symbolem i dodajesz w\u0142asn\u0105 dedykacj\u0119. Dodatkowo, interaktywny podgl\u0105d pozwala dopracowa\u0107 ka\u017cdy szczeg\u00f3\u0142 w czasie rzeczywistym.\u200b<\/p><\/details><details class=\"wp-block-details is-layout-flow wp-block-details-is-layout-flow\"><summary><strong>Dlaczego to idealny prezent na rocznic\u0119?<\/strong><\/summary><p>To idealny prezent na rocznic\u0119, poniewa\u017c upami\u0119tnia moment Waszego pierwszego spotkania \u2013 pocz\u0105tek wsp\u00f3lnej historii. Personalizowana mapa miejsca, w kt\u00f3rym wszystko si\u0119 zacz\u0119\u0142o, to wyj\u0105tkowy i romantyczny podarunek dla pary, pe\u0142en emocji i wspomnie\u0144. Taki prezent na rocznic\u0119 zwi\u0105zku to nie tylko pi\u0119kna dekoracja, ale przede wszystkim bezcenna pami\u0105tka na lata.<\/p><\/details><details class=\"wp-block-details is-layout-flow wp-block-details-is-layout-flow\"><summary><strong>Jak stworzy\u0107 Map\u0119 &#8220;Nasze Pierwsze Spotkanie&#8221;?<\/strong><\/summary><p>Stworzenie mapy to trzy proste kroki. Po pierwsze, wybierz kszta\u0142t mapy i wersj\u0119 kolorystyczn\u0105. Nast\u0119pnie, wprowad\u017a lokalizacj\u0119, dopasuj poziom zoom mapy i dodaj dedykacj\u0119. Na koniec, wybierz rodzaj wydruku i rozmiar. Mo\u017cesz zam\u00f3wi\u0107 plakat sam lub z ram\u0105, wydruk na p\u0142\u00f3tnie lub plik cyfrowy.<\/p><\/details><details class=\"wp-block-details is-layout-flow wp-block-details-is-layout-flow\"><summary><strong>Na jakie okazje sprawdzi si\u0119 ta mapa?<\/strong><\/summary><p>Ta mapa sprawdza si\u0119 na rocznice, zar\u0119czyny, \u015bluby i Walentynki. Ponadto, to \u015bwietny prezent na urodziny, Bo\u017ce Narodzenie. Dodatkowo, doskonale nadaje si\u0119 na ka\u017cd\u0105 wyj\u0105tkow\u0105 okazj\u0119 romantyczn\u0105.\u200b<\/p><\/details><details class=\"wp-block-details is-layout-flow wp-block-details-is-layout-flow\"><summary><strong>Jak szybko otrzymam map\u0119?<\/strong><\/summary><p>W przypadku pilnego prezentu wybierz plik cyfrowy do pobrania jest to plik JPEG o wysokiej rozdzielczo\u015bci 300 dpi, kt\u00f3ry mo\u017cesz wydrukowa\u0107 samodzielnie. W przypadku produkt\u00f3w fizycznych drukujemy i wysy\u0142amy lokalnie z naszych drukarni w Australii, Kanadzie, Stanach Zjednoczonych, Wielkiej Brytanii i Europie. Gwarantuje to szybk\u0105 i niezawodn\u0105 dostaw\u0119, cz\u0119sto w ci\u0105gu zaledwie kilku dni.<\/p><\/details><p><\/p>","protected":false},"excerpt":{"rendered":"<ul class=\"check-list\">\n<li>Podkre\u015bl wa\u017cne miejsce za pomoc\u0105 wybranego symbolu<\/li>\n<li>Spersonalizuj w 3 prostych krokach<\/li>\n<li>Dodaj dedykacj\u0119 prosto z serca<\/li>\n<li>Interaktywny podgl\u0105d pozwoli dopracowa\u0107 ka\u017cdy szczeg\u00f3\u0142<\/li>\n<\/ul>\n","protected":false},"featured_media":1216259,"template":"","meta":[],"product_brand":[],"product_cat":[302,7675,7786,7690,7643,8010,8206,8190,7802,7753,7188,11185,11184,11186,11240,11239,11210,11209,5333,15849,9765,3126,7929,5279],"product_tag":[14975,15726,11756,11770,11812,11817,11818,11816,11815,11813],"class_list":{"0":"post-21962","1":"product","2":"type-product","3":"status-publish","4":"has-post-thumbnail","6":"product_cat-bestsellery-pl","7":"product_cat-prezent-dla-chlopaka","8":"product_cat-prezent-dla-dziewczyny","9":"product_cat-prezent-dla-kobiety","10":"product_cat-prezent-dla-meza","11":"product_cat-prezent-dla-mezczyzny","12":"product_cat-dla-niego","13":"product_cat-dla-niej","14":"product_cat-prezent-dla-pary","15":"product_cat-prezent-dla-zony","16":"product_cat-map-pl","17":"product_cat-prezenty-na-rocznice-dla-niego","18":"product_cat-prezenty-na-rocznice-dla-niej","19":"product_cat-prezenty-na-rocznice-dla-pary","20":"product_cat-prezenty-na-walentynki-dla-niego","21":"product_cat-prezenty-na-walentynki-dla-niej","22":"product_cat-prezenty-urodzinowe-dla-niego","23":"product_cat-prezenty-urodzinowe-dla-niej","24":"product_cat-prezent-na-rocznice","25":"product_cat-shop-bestsellers-pl","26":"product_cat-trending-label-pl","27":"product_cat-prezent-na-urodziny","28":"product_cat-prezent-na-wieczor-panienski","29":"product_cat-prezent-na-zareczyny","30":"product_tag-anniversary-pl","31":"product_tag-christmas-present-pl","32":"product_tag-prezenty-pod-choinke-dla-chlopaka","33":"product_tag-prezenty-pod-choinke-dla-dziewczyny","34":"product_tag-prezenty-pod-choinke-dla-kobiety","35":"product_tag-prezenty-pod-choinke-dla-meza","36":"product_tag-prezenty-pod-choinke-dla-mezczyzny","37":"product_tag-prezenty-pod-choinke-dla-niego","38":"product_tag-prezenty-pod-choinke-dla-niej","39":"product_tag-prezenty-pod-choinke-dla-zony","41":"first","42":"instock","43":"sale","44":"taxable","45":"shipping-taxable","46":"purchasable","47":"product-type-variable"},"yoast_head":"<!-- This site is optimized with the Yoast SEO Premium plugin v27.2 (Yoast SEO v27.2) - https:\/\/yoast.com\/product\/yoast-seo-premium-wordpress\/ -->\n<title>Nasze pierwsze spotkanie - Personalizowany plakat - Positive Prints<\/title>\n<meta name=\"description\" content=\"Plakat Nasze pierwsze spotkanie to mapa miejsca, w kt\u00f3rym wszystko si\u0119 zacz\u0119\u0142o. Stw\u00f3rz wyj\u0105tkowy prezent dla osoby bliskiej Twemu sercu.\" \/>\n<meta name=\"robots\" content=\"index, follow, max-snippet:-1, max-image-preview:large, max-video-preview:-1\" \/>\n<link rel=\"canonical\" href=\"https:\/\/positiveprints.com\/pl\/produkt\/nasze-pierwsze-spotkanie\/\" \/>\n<meta property=\"og:locale\" content=\"pl_PL\" \/>\n<meta property=\"og:type\" content=\"article\" \/>\n<meta property=\"og:title\" content=\"Nasze Pierwsze Spotkanie\" \/>\n<meta property=\"og:description\" content=\"Podkre\u015bl wa\u017cne miejsce za pomoc\u0105 wybranego symbolu  Spersonalizuj w 3 prostych krokach  Dodaj dedykacj\u0119 prosto z serca  Interaktywny podgl\u0105d pozwoli dopracowa\u0107 ka\u017cdy szczeg\u00f3\u0142\" \/>\n<meta property=\"og:url\" content=\"https:\/\/positiveprints.com\/pl\/produkt\/nasze-pierwsze-spotkanie\/\" \/>\n<meta property=\"og:site_name\" content=\"Positive Prints\" \/>\n<meta property=\"article:publisher\" content=\"https:\/\/www.facebook.com\/positiveprintscom\" \/>\n<meta property=\"article:modified_time\" content=\"2026-04-18T08:18:11+00:00\" \/>\n<meta property=\"og:image\" content=\"https:\/\/positiveprints.com\/wp-content\/uploads\/2024\/10\/Packshot_PL_where-we-met-product-image.webp\" \/>\n\t<meta property=\"og:image:width\" content=\"1450\" \/>\n\t<meta property=\"og:image:height\" content=\"1450\" \/>\n\t<meta property=\"og:image:type\" content=\"image\/webp\" \/>\n<meta name=\"twitter:card\" content=\"summary_large_image\" \/>\n<meta name=\"twitter:label1\" content=\"Szacowany czas czytania\" \/>\n\t<meta name=\"twitter:data1\" content=\"5 minut\" \/>\n<!-- \/ Yoast SEO Premium plugin. -->","yoast_head_json":{"title":"Nasze pierwsze spotkanie - Personalizowany plakat - Positive Prints","description":"Plakat Nasze pierwsze spotkanie to mapa miejsca, w kt\u00f3rym wszystko si\u0119 zacz\u0119\u0142o. Stw\u00f3rz wyj\u0105tkowy prezent dla osoby bliskiej Twemu sercu.","robots":{"index":"index","follow":"follow","max-snippet":"max-snippet:-1","max-image-preview":"max-image-preview:large","max-video-preview":"max-video-preview:-1"},"canonical":"https:\/\/positiveprints.com\/pl\/produkt\/nasze-pierwsze-spotkanie\/","og_locale":"pl_PL","og_type":"article","og_title":"Nasze Pierwsze Spotkanie","og_description":"Podkre\u015bl wa\u017cne miejsce za pomoc\u0105 wybranego symbolu  Spersonalizuj w 3 prostych krokach  Dodaj dedykacj\u0119 prosto z serca  Interaktywny podgl\u0105d pozwoli dopracowa\u0107 ka\u017cdy szczeg\u00f3\u0142","og_url":"https:\/\/positiveprints.com\/pl\/produkt\/nasze-pierwsze-spotkanie\/","og_site_name":"Positive Prints","article_publisher":"https:\/\/www.facebook.com\/positiveprintscom","article_modified_time":"2026-04-18T08:18:11+00:00","og_image":[{"width":1450,"height":1450,"url":"https:\/\/positiveprints.com\/wp-content\/uploads\/2024\/10\/Packshot_PL_where-we-met-product-image.webp","type":"image\/webp"}],"twitter_card":"summary_large_image","twitter_misc":{"Szacowany czas czytania":"5 minut"},"schema":{"@context":"https:\/\/schema.org","@graph":[{"@type":["WebPage","ItemPage"],"@id":"https:\/\/positiveprints.com\/pl\/produkt\/nasze-pierwsze-spotkanie\/","url":"https:\/\/positiveprints.com\/pl\/produkt\/nasze-pierwsze-spotkanie\/","name":"Nasze pierwsze spotkanie - Personalizowany plakat - Positive Prints","isPartOf":{"@id":"https:\/\/positiveprints.com\/pl\/#website"},"primaryImageOfPage":{"@id":"https:\/\/positiveprints.com\/pl\/produkt\/nasze-pierwsze-spotkanie\/#primaryimage"},"image":{"@id":"https:\/\/positiveprints.com\/pl\/produkt\/nasze-pierwsze-spotkanie\/#primaryimage"},"thumbnailUrl":"https:\/\/positiveprints.com\/wp-content\/uploads\/2024\/10\/Packshot_PL_where-we-met-product-image.webp","datePublished":"2020-01-15T17:00:50+00:00","dateModified":"2026-04-18T08:18:11+00:00","description":"Plakat Nasze pierwsze spotkanie to mapa miejsca, w kt\u00f3rym wszystko si\u0119 zacz\u0119\u0142o. Stw\u00f3rz wyj\u0105tkowy prezent dla osoby bliskiej Twemu sercu.","breadcrumb":{"@id":"https:\/\/positiveprints.com\/pl\/produkt\/nasze-pierwsze-spotkanie\/#breadcrumb"},"inLanguage":"pl-PL","potentialAction":[{"@type":"ReadAction","target":["https:\/\/positiveprints.com\/pl\/produkt\/nasze-pierwsze-spotkanie\/"]}]},{"@type":"ImageObject","inLanguage":"pl-PL","@id":"https:\/\/positiveprints.com\/pl\/produkt\/nasze-pierwsze-spotkanie\/#primaryimage","url":"https:\/\/positiveprints.com\/wp-content\/uploads\/2024\/10\/Packshot_PL_where-we-met-product-image.webp","contentUrl":"https:\/\/positiveprints.com\/wp-content\/uploads\/2024\/10\/Packshot_PL_where-we-met-product-image.webp","width":1450,"height":1450,"caption":"Packshot_PL_where we met product image"},{"@type":"BreadcrumbList","@id":"https:\/\/positiveprints.com\/pl\/produkt\/nasze-pierwsze-spotkanie\/#breadcrumb","itemListElement":[{"@type":"ListItem","position":1,"name":"Home","item":"https:\/\/positiveprints.com\/pl\/"},{"@type":"ListItem","position":2,"name":"Produkty","item":"https:\/\/positiveprints.com\/pl\/shop\/"},{"@type":"ListItem","position":3,"name":"Nasze Pierwsze Spotkanie"}]},{"@type":"WebSite","@id":"https:\/\/positiveprints.com\/pl\/#website","url":"https:\/\/positiveprints.com\/pl\/","name":"Positive Prints","description":"Amazing Custom Personalized Gifts","publisher":{"@id":"https:\/\/positiveprints.com\/pl\/#organization"},"potentialAction":[{"@type":"SearchAction","target":{"@type":"EntryPoint","urlTemplate":"https:\/\/positiveprints.com\/pl\/?s={search_term_string}"},"query-input":{"@type":"PropertyValueSpecification","valueRequired":true,"valueName":"search_term_string"}}],"inLanguage":"pl-PL"},{"@type":"Organization","@id":"https:\/\/positiveprints.com\/pl\/#organization","name":"Positive Prints","alternateName":"Positive Prints","url":"https:\/\/positiveprints.com\/pl\/","logo":{"@type":"ImageObject","inLanguage":"pl-PL","@id":"https:\/\/positiveprints.com\/pl\/#\/schema\/logo\/image\/","url":"https:\/\/positiveprints.com\/wp-content\/uploads\/2026\/03\/245815646_1337939713319158_5671353136411139666_n.png","contentUrl":"https:\/\/positiveprints.com\/wp-content\/uploads\/2026\/03\/245815646_1337939713319158_5671353136411139666_n.png","width":800,"height":800,"caption":"Positive Prints"},"image":{"@id":"https:\/\/positiveprints.com\/pl\/#\/schema\/logo\/image\/"},"sameAs":["https:\/\/www.facebook.com\/positiveprintscom","https:\/\/www.instagram.com\/positiveprintscom\/","https:\/\/www.tiktok.com\/@positiveprintscom","https:\/\/www.pinterest.com\/positiveprintscom\/"]}]}},"jetpack_sharing_enabled":true,"_links":{"self":[{"href":"https:\/\/positiveprints.com\/pl\/wp-json\/wp\/v2\/product\/21962","targetHints":{"allow":["GET"]}}],"collection":[{"href":"https:\/\/positiveprints.com\/pl\/wp-json\/wp\/v2\/product"}],"about":[{"href":"https:\/\/positiveprints.com\/pl\/wp-json\/wp\/v2\/types\/product"}],"wp:featuredmedia":[{"embeddable":true,"href":"https:\/\/positiveprints.com\/pl\/wp-json\/wp\/v2\/media\/1216259"}],"wp:attachment":[{"href":"https:\/\/positiveprints.com\/pl\/wp-json\/wp\/v2\/media?parent=21962"}],"wp:term":[{"taxonomy":"product_brand","embeddable":true,"href":"https:\/\/positiveprints.com\/pl\/wp-json\/wp\/v2\/product_brand?post=21962"},{"taxonomy":"product_cat","embeddable":true,"href":"https:\/\/positiveprints.com\/pl\/wp-json\/wp\/v2\/product_cat?post=21962"},{"taxonomy":"product_tag","embeddable":true,"href":"https:\/\/positiveprints.com\/pl\/wp-json\/wp\/v2\/product_tag?post=21962"}],"curies":[{"name":"wp","href":"https:\/\/api.w.org\/{rel}","templated":true}]}}