{"id":21711,"date":"2020-05-30T11:31:35","date_gmt":"2020-05-30T10:31:35","guid":{"rendered":"https:\/\/positiveprints.com\/product\/metryczka\/"},"modified":"2026-04-18T09:18:04","modified_gmt":"2026-04-18T08:18:04","slug":"metryczka-dla-dziecka","status":"publish","type":"product","link":"https:\/\/positiveprints.com\/pl\/produkt\/metryczka-dla-dziecka\/","title":{"rendered":"Metryczka dla Dziecka"},"content":{"rendered":"<p>Metryczka dla dziecka to plakat przedstawiaj\u0105cy dziecko w chwili urodzenia w skali 1:1. Metryczka dzieci\u0119ca zawiera dat\u0119 urodzenia, wzrost i wag\u0119 dziecka oraz dowolny tekst, kt\u00f3ry chcesz na niej umie\u015bci\u0107.<\/p>\r\n\r\n<h2 class=\"grenB f24 cblue\" style=\"margin-top: 3rem\">Personalizowana metryczka dla dziecka<\/h2>\r\n\r\n<p style=\"margin-top: 1rem\">Moment narodzin dziecka to wyj\u0105tkowa i niepowtarzalna chwila. Wiele jest pomys\u0142\u00f3w na to jak upami\u0119tni\u0107 ten dzie\u0144. Dlaczego metryczka dla dziecka jest tym, kt\u00f3ry zas\u0142uguje na szczeg\u00f3ln\u0105 uwag\u0119? Plakat metryczka zosta\u0142 stworzony, aby dok\u0142adnie odzwierciedla\u0107 wielko\u015b\u0107 dziecka z dnia narodzin. Mo\u017cesz personalizowa\u0107 wydruk poprzez wyb\u00f3r kolorystyki, stylu grafiki i czcionki. Metryczka dzieci\u0119ca b\u0119dzie zawiera\u0107 podane przez Ciebie dane:<\/p>\r\n\r\n<ul>\r\n<li>Dat\u0119 i godzin\u0119 narodzin.<\/li>\r\n<li>Wzrost i wag\u0119 dziecka.<\/li>\r\n<li>Imi\u0119<\/li>\r\n<\/ul>\r\n\r\n<p>Na koniec zach\u0119camy, aby doda\u0107 w\u0142asny tekst. Mo\u017ce to by\u0107 cytat, sentencja bliska Twemu sercu lub prosta dedykacja dla nowego cz\u0142onka rodziny.<\/p>\r\n\r\n\r\n\r\n<h2 class=\"grenB f24 cblue\" style=\"margin-top: 3rem\">Metryczka dziecka w skali 1:1<\/h2>\r\n\r\n<p style=\"margin-top: 1rem\">Dzieci rosn\u0105 w ekspresowym tempie. Szczeg\u00f3lnie niemowlaki. Nim si\u0119 obejrzysz maluch wskoczy w wi\u0119kszy rozmiar ubranek, a potem zn\u00f3w w kolejny. Metryczka dziecka w skali 1:1 przypomni o wielko\u015bci noworodka w pierwszym dniu jego \u017cycia. Grafika przedstawiaj\u0105ca dziecko na naszym plakacie b\u0119dzie dok\u0142adnie takie wymiary, jakie wprowadzisz w kreatorze. <\/p>\r\n\r\n<p style=\"margin-top: 1rem\">To nie pierwsze dziecko w rodzinie? A mo\u017ce na \u015bwiat w\u0142a\u015bnie przysz\u0142y bli\u017aniaki lub trojaczki? <a href=\"https:\/\/positiveprints.com\/pl\/produkt\/metryczka-dla-blizniat-rodzenstwa\/\">Metryczka dla bli\u017ani\u0105t<\/a> lub <a href=\"https:\/\/positiveprints.com\/pl\/produkt\/metryczka-dla-trojaczkow-rodzenstwa\/\">metryczka dla trojaczk\u00f3w<\/a> z pewno\u015bci\u0105 spe\u0142ni Twoje oczekiwania.<\/p>\r\n\r\n<p style=\"margin-top: 1rem\">Personalizowana metryczka dzieci\u0119ca to oryginalny pomys\u0142 na prezent dla rodzic\u00f3w noworodka. Nie ryzykuj zakupu nietrafionego prezentu. Metryczka urodzenia na pewno zachwyci mam\u0119 i tat\u0119 malucha.<\/p>\r\n\r\n\r\n<h2 class=\"grenB f24 cblue\" style=\"margin-top: 3rem\">Metryczka dzieci\u0119ca &#8211; plakat do pokoju dziecka<\/h2>\r\n\r\n<p style=\"margin-top: 1rem\">Prawdopodobnie pok\u00f3j dziecka ju\u017c od pewnego czasu by\u0142 gotowy na powitanie nowego cz\u0142onka rodziny. Meble ustawione na swoim miejscu. Wszystkie niezb\u0119dne akcesoria i ubrania dziecka na swoich miejscach. Jednak nic nie stoi na przeszkodzie, aby pok\u00f3j zyska\u0142 dodatkow\u0105, wyj\u0105tkow\u0105 dekoracj\u0119. Metryczka dzieci\u0119ca dzi\u0119ki mo\u017cliwo\u015bci personalizacji, b\u0119dzie pasowa\u0142a do ka\u017cdego stylu i wystroju pokoiku. Wybierz kolorystyk\u0119 plakatu, kt\u00f3ra b\u0119dzie sp\u00f3jna z koncepcj\u0105 tego specjalnego miejsca w Twoim domu lub mieszkaniu.<\/p>\r\n\r\n\r\n\r\n<h2 class=\"grenB f24 cblue\" style=\"margin-top: 3rem\">Metryczka dziecka &#8211; cyfrowy plik lub wydrukowany plakat<\/h2>\r\n\r\n<p style=\"margin-top: 1rem\">Metryczka urodzenia w wersji cyfrowej do samodzielnego wydruku sprawdza si\u0119 wyj\u0105tkowo dobrze jako pomys\u0142 na prezent na ostatni\u0105 chwil\u0119. Nie masz czasu czeka\u0107 na przesy\u0142k\u0119? <a href=\"https:\/\/positiveprints.com\/pl\/metryczka-do-druku\/\">Metryczka do druku<\/a> jest w\u0142a\u015bnie dla Ciebie. Po op\u0142aceniu zam\u00f3wienia otrzymasz na swoj\u0105 skrzynk\u0119 mailow\u0105 projekty plakat\u00f3w w kilku rozmiarach do samodzielnego wydruku. <\/p>\r\n\r\n<p style=\"margin-top: 1rem\">Je\u017celi chcesz otrzyma\u0107 gotowy do powieszenia plakat, zam\u00f3w wydrukowan\u0105 metryczk\u0119. <a href=\"https:\/\/positiveprints.com\/pl\/produkt\/plakat-narodziny-dziecka\/\">Plakat dziecka w skali 1:1<\/a> drukowany jest na wysokiej jako\u015bci matowym papierze, o grubo\u015bci 190g. To sprawia, \u017ce zachowuje swoj\u0105 \u015bwietn\u0105 jako\u015b\u0107 na lata. Podczas projektowania plakatu masz dost\u0119p do podgl\u0105du, dzi\u0119ki czemu na bie\u017c\u0105co sprawdzisz poprawno\u015b\u0107 wprowadzanych danych oraz wygl\u0105d plakatu. Po zatwierdzeniu zam\u00f3wienia plakat zostanie wydrukowany, starannie zapakowany i wys\u0142any pod wskazany adres.<\/p>","protected":false},"excerpt":{"rendered":"<ul class=\"check-list\">\n<li>Uwiecznij najcenniejsze chwile metryczk\u0105 dla dziecka \u2014 prezentem, kt\u00f3ry zachwyci \u015bwie\u017co upieczonych rodzic\u00f3w<\/li>\n<li>Dodaj imi\u0119, dat\u0119 urodzenia, wzrost i wag\u0119 maluszka<\/li>\n<li>Wybierz jeden z siedmiu autorskich projekt\u00f3w i otrzymaj ilustracj\u0119 w skali 1:1, odzwierciedlaj\u0105c\u0105 wielko\u015b\u0107 dziecka<\/li>\n<li>Interaktywny podgl\u0105d pozwoli dopracowa\u0107 ka\u017cdy szczeg\u00f3\u0142<\/li>\n<\/ul>\n","protected":false},"featured_media":1528519,"template":"","meta":[],"product_brand":[],"product_cat":[262,1811],"product_tag":[14956],"class_list":{"0":"post-21711","1":"product","2":"type-product","3":"status-publish","4":"has-post-thumbnail","6":"product_cat-creators-pl","7":"product_cat-infant-pl","8":"product_tag-creators-pl-2","10":"first","11":"instock","12":"sale","13":"taxable","14":"shipping-taxable","15":"purchasable","16":"product-type-variable"},"yoast_head":"<!-- This site is optimized with the Yoast SEO Premium plugin v27.2 (Yoast SEO v27.2) - https:\/\/yoast.com\/product\/yoast-seo-premium-wordpress\/ -->\n<title>Metryczka dla Dziecka | Plakat Metryczka w skali 1:1 - Positive Prints<\/title>\n<meta name=\"description\" content=\"Metryczka dla dziecka w skali 1:1 upami\u0119tni moment narodzin dziecka. Plakat mo\u017cesz spersonalizowa\u0107 wybieraj\u0105c jego rozmiar, kolorystyk\u0119 oraz ulubiony cytat.\" \/>\n<meta name=\"robots\" content=\"index, follow, max-snippet:-1, max-image-preview:large, max-video-preview:-1\" \/>\n<link rel=\"canonical\" href=\"https:\/\/positiveprints.com\/pl\/produkt\/metryczka-dla-dziecka\/\" \/>\n<meta property=\"og:locale\" content=\"pl_PL\" \/>\n<meta property=\"og:type\" content=\"article\" \/>\n<meta property=\"og:title\" content=\"Metryczka dla Dziecka\" \/>\n<meta property=\"og:description\" content=\"Uwiecznij najcenniejsze chwile metryczk\u0105 dla dziecka \u2014 prezentem, kt\u00f3ry zachwyci \u015bwie\u017co upieczonych rodzic\u00f3w  Dodaj imi\u0119, dat\u0119 urodzenia, wzrost i wag\u0119 maluszka  Wybierz jeden z siedmiu autorskich projekt\u00f3w i otrzymaj ilustracj\u0119 w skali 1:1, odzwierciedlaj\u0105c\u0105 wielko\u015b\u0107 dziecka  Interaktywny podgl\u0105d pozwoli dopracowa\u0107 ka\u017cdy szczeg\u00f3\u0142\" \/>\n<meta property=\"og:url\" content=\"https:\/\/positiveprints.com\/pl\/produkt\/metryczka-dla-dziecka\/\" \/>\n<meta property=\"og:site_name\" content=\"Positive Prints\" \/>\n<meta property=\"article:publisher\" content=\"https:\/\/www.facebook.com\/positiveprintscom\" \/>\n<meta property=\"article:modified_time\" content=\"2026-04-18T08:18:04+00:00\" \/>\n<meta property=\"og:image\" content=\"https:\/\/positiveprints.com\/wp-content\/uploads\/2022\/05\/metryczka-dla-dziecka-plakat.jpg\" \/>\n\t<meta property=\"og:image:width\" content=\"1080\" \/>\n\t<meta property=\"og:image:height\" content=\"1080\" \/>\n\t<meta property=\"og:image:type\" content=\"image\/jpeg\" \/>\n<meta name=\"twitter:card\" content=\"summary_large_image\" \/>\n<meta name=\"twitter:label1\" content=\"Szacowany czas czytania\" \/>\n\t<meta name=\"twitter:data1\" content=\"3 minuty\" \/>\n<!-- \/ Yoast SEO Premium plugin. -->","yoast_head_json":{"title":"Metryczka dla Dziecka | Plakat Metryczka w skali 1:1 - Positive Prints","description":"Metryczka dla dziecka w skali 1:1 upami\u0119tni moment narodzin dziecka. Plakat mo\u017cesz spersonalizowa\u0107 wybieraj\u0105c jego rozmiar, kolorystyk\u0119 oraz ulubiony cytat.","robots":{"index":"index","follow":"follow","max-snippet":"max-snippet:-1","max-image-preview":"max-image-preview:large","max-video-preview":"max-video-preview:-1"},"canonical":"https:\/\/positiveprints.com\/pl\/produkt\/metryczka-dla-dziecka\/","og_locale":"pl_PL","og_type":"article","og_title":"Metryczka dla Dziecka","og_description":"Uwiecznij najcenniejsze chwile metryczk\u0105 dla dziecka \u2014 prezentem, kt\u00f3ry zachwyci \u015bwie\u017co upieczonych rodzic\u00f3w  Dodaj imi\u0119, dat\u0119 urodzenia, wzrost i wag\u0119 maluszka  Wybierz jeden z siedmiu autorskich projekt\u00f3w i otrzymaj ilustracj\u0119 w skali 1:1, odzwierciedlaj\u0105c\u0105 wielko\u015b\u0107 dziecka  Interaktywny podgl\u0105d pozwoli dopracowa\u0107 ka\u017cdy szczeg\u00f3\u0142","og_url":"https:\/\/positiveprints.com\/pl\/produkt\/metryczka-dla-dziecka\/","og_site_name":"Positive Prints","article_publisher":"https:\/\/www.facebook.com\/positiveprintscom","article_modified_time":"2026-04-18T08:18:04+00:00","og_image":[{"width":1080,"height":1080,"url":"https:\/\/positiveprints.com\/wp-content\/uploads\/2022\/05\/metryczka-dla-dziecka-plakat.jpg","type":"image\/jpeg"}],"twitter_card":"summary_large_image","twitter_misc":{"Szacowany czas czytania":"3 minuty"},"schema":{"@context":"https:\/\/schema.org","@graph":[{"@type":["WebPage","ItemPage"],"@id":"https:\/\/positiveprints.com\/pl\/produkt\/metryczka-dla-dziecka\/","url":"https:\/\/positiveprints.com\/pl\/produkt\/metryczka-dla-dziecka\/","name":"Metryczka dla Dziecka | Plakat Metryczka w skali 1:1 - Positive Prints","isPartOf":{"@id":"https:\/\/positiveprints.com\/pl\/#website"},"primaryImageOfPage":{"@id":"https:\/\/positiveprints.com\/pl\/produkt\/metryczka-dla-dziecka\/#primaryimage"},"image":{"@id":"https:\/\/positiveprints.com\/pl\/produkt\/metryczka-dla-dziecka\/#primaryimage"},"thumbnailUrl":"https:\/\/positiveprints.com\/wp-content\/uploads\/2025\/09\/Packshot_PL_Metryczka-dla-Dziecka.webp","datePublished":"2020-05-30T10:31:35+00:00","dateModified":"2026-04-18T08:18:04+00:00","description":"Metryczka dla dziecka w skali 1:1 upami\u0119tni moment narodzin dziecka. Plakat mo\u017cesz spersonalizowa\u0107 wybieraj\u0105c jego rozmiar, kolorystyk\u0119 oraz ulubiony cytat.","breadcrumb":{"@id":"https:\/\/positiveprints.com\/pl\/produkt\/metryczka-dla-dziecka\/#breadcrumb"},"inLanguage":"pl-PL","potentialAction":[{"@type":"ReadAction","target":["https:\/\/positiveprints.com\/pl\/produkt\/metryczka-dla-dziecka\/"]}]},{"@type":"ImageObject","inLanguage":"pl-PL","@id":"https:\/\/positiveprints.com\/pl\/produkt\/metryczka-dla-dziecka\/#primaryimage","url":"https:\/\/positiveprints.com\/wp-content\/uploads\/2025\/09\/Packshot_PL_Metryczka-dla-Dziecka.webp","contentUrl":"https:\/\/positiveprints.com\/wp-content\/uploads\/2025\/09\/Packshot_PL_Metryczka-dla-Dziecka.webp","width":1450,"height":1450},{"@type":"BreadcrumbList","@id":"https:\/\/positiveprints.com\/pl\/produkt\/metryczka-dla-dziecka\/#breadcrumb","itemListElement":[{"@type":"ListItem","position":1,"name":"Home","item":"https:\/\/positiveprints.com\/pl\/"},{"@type":"ListItem","position":2,"name":"Produkty","item":"https:\/\/positiveprints.com\/pl\/shop\/"},{"@type":"ListItem","position":3,"name":"Metryczka dla Dziecka"}]},{"@type":"WebSite","@id":"https:\/\/positiveprints.com\/pl\/#website","url":"https:\/\/positiveprints.com\/pl\/","name":"Positive Prints","description":"Amazing Custom Personalized Gifts","publisher":{"@id":"https:\/\/positiveprints.com\/pl\/#organization"},"potentialAction":[{"@type":"SearchAction","target":{"@type":"EntryPoint","urlTemplate":"https:\/\/positiveprints.com\/pl\/?s={search_term_string}"},"query-input":{"@type":"PropertyValueSpecification","valueRequired":true,"valueName":"search_term_string"}}],"inLanguage":"pl-PL"},{"@type":"Organization","@id":"https:\/\/positiveprints.com\/pl\/#organization","name":"Positive Prints","alternateName":"Positive Prints","url":"https:\/\/positiveprints.com\/pl\/","logo":{"@type":"ImageObject","inLanguage":"pl-PL","@id":"https:\/\/positiveprints.com\/pl\/#\/schema\/logo\/image\/","url":"https:\/\/positiveprints.com\/wp-content\/uploads\/2026\/03\/245815646_1337939713319158_5671353136411139666_n.png","contentUrl":"https:\/\/positiveprints.com\/wp-content\/uploads\/2026\/03\/245815646_1337939713319158_5671353136411139666_n.png","width":800,"height":800,"caption":"Positive Prints"},"image":{"@id":"https:\/\/positiveprints.com\/pl\/#\/schema\/logo\/image\/"},"sameAs":["https:\/\/www.facebook.com\/positiveprintscom","https:\/\/www.instagram.com\/positiveprintscom\/","https:\/\/www.tiktok.com\/@positiveprintscom","https:\/\/www.pinterest.com\/positiveprintscom\/"]}]}},"jetpack_sharing_enabled":true,"_links":{"self":[{"href":"https:\/\/positiveprints.com\/pl\/wp-json\/wp\/v2\/product\/21711","targetHints":{"allow":["GET"]}}],"collection":[{"href":"https:\/\/positiveprints.com\/pl\/wp-json\/wp\/v2\/product"}],"about":[{"href":"https:\/\/positiveprints.com\/pl\/wp-json\/wp\/v2\/types\/product"}],"wp:featuredmedia":[{"embeddable":true,"href":"https:\/\/positiveprints.com\/pl\/wp-json\/wp\/v2\/media\/1528519"}],"wp:attachment":[{"href":"https:\/\/positiveprints.com\/pl\/wp-json\/wp\/v2\/media?parent=21711"}],"wp:term":[{"taxonomy":"product_brand","embeddable":true,"href":"https:\/\/positiveprints.com\/pl\/wp-json\/wp\/v2\/product_brand?post=21711"},{"taxonomy":"product_cat","embeddable":true,"href":"https:\/\/positiveprints.com\/pl\/wp-json\/wp\/v2\/product_cat?post=21711"},{"taxonomy":"product_tag","embeddable":true,"href":"https:\/\/positiveprints.com\/pl\/wp-json\/wp\/v2\/product_tag?post=21711"}],"curies":[{"name":"wp","href":"https:\/\/api.w.org\/{rel}","templated":true}]}}