{"id":21677,"date":"2020-05-30T13:17:25","date_gmt":"2020-05-30T14:17:25","guid":{"rendered":"https:\/\/positiveprints.com\/product\/metryczka-trio\/"},"modified":"2026-04-18T09:16:27","modified_gmt":"2026-04-18T08:16:27","slug":"metryczka-dla-trojaczkow-rodzenstwa","status":"publish","type":"product","link":"https:\/\/positiveprints.com\/pl\/produkt\/metryczka-dla-trojaczkow-rodzenstwa\/","title":{"rendered":"Metryczka dla Dzieci &#8211; Trojaczk\u00f3w lub Rodze\u0144stwa"},"content":{"rendered":"<p>Stw\u00f3rz plakat z metryczk\u0105 tr\u00f3jki Twoich dzieci, odzwierciedlaj\u0105cy ich wzrost z dnia narodzin w skali 1:1. Dodaj wa\u017cny dla Ciebie cytat i zachowaj wspomnienia z ich dzieci\u0144stwa na d\u0142u\u017cej. Miej ich zawsze w zasi\u0119gu wzroku!<\/p>\r\n\r\n\r\n<p style=\"margin-top: 1rem\">Twoja tr\u00f3jka dzieci dorasta tak szybko, a Ty chcia\u0142aby\u015b jak najd\u0142u\u017cej mie\u0107 je wszystkie przy sobie? Minimalistyczny plakat trio z metryczk\u0105, ukazuj\u0105cy maluchy w wielko\u015bci odpowiadaj\u0105cej ich wysoko\u015bci w dniu narodzin, b\u0119dzie doskona\u0142\u0105 pami\u0105tk\u0105 dla Ciebie lub bliskiej Ci mamy z tr\u00f3jk\u0105 dzieci.<\/p>\r\n\r\n\r\n<h2 class=\"grenB f24 cblue\" style=\"margin-top: 3rem\">Personalizowany plakat z metryczk\u0105 dla rodze\u0144stwa lub trojaczk\u00f3w<\/h2>\r\n\r\n<p style=\"margin-top: 1rem\">Spersonalizuj plakat, dodaj\u0105c imiona dzieci, ich daty urodzenia, wag\u0119 i wzrost z momentu narodzin. Mo\u017cesz r\u00f3wnie\u017c wybra\u0107 czcionk\u0119 oraz doda\u0107 inspiruj\u0105cy cytat, np. przes\u0142anie dla dzieci na ich reszt\u0119 \u017cycia. Wybierz t\u0142o plakatu spo\u015br\u00f3d szerokiej gamy kolorystycznej oraz wizerunek niemowlak\u00f3w z kilku dost\u0119pnych opcji. <\/p>\r\n\r\n\r\n<p style=\"margin-top: 1rem\">Plakat z metryczk\u0105 trio to doskona\u0142y pomys\u0142 na prezent dla dziadk\u00f3w \u2013 wszystkie szczeg\u00f3\u0142y, zwi\u0105zane z narodzinami wnuk\u00f3w b\u0119d\u0105 dost\u0119pne w jednym miejscu. Wystarczy spojrze\u0107, aby przypomnie\u0107 sobie dok\u0142adn\u0105 godzin\u0119 urodzenia lub wag\u0119 jednego z wnucz\u0105t. Personalizowana metryczka trio to te\u017c znakomity pomys\u0142 na prezent last minute \u2013 zw\u0142aszcza je\u015bli zagapisz si\u0119 ze zorganizowaniem prezentu na czas. <\/p>\r\n\r\n\r\n<p style=\"margin-top: 1rem\">Plakat, kt\u00f3ry projektujesz w kreatorze mo\u017cesz dowolnie personalizowa\u0107, dobieraj\u0105c kolorystyk\u0119 tak, aby pasowa\u0142a do wystroju wn\u0119trza oraz podaj\u0105c nast\u0119puj\u0105ce informacje:<\/p>\r\n\r\n<ul>\r\n<li style=\"font-weight: 400\"><span style=\"font-weight: 400\">Data i godzina narodzin<\/span><\/li>\r\n<li style=\"font-weight: 400\"><span style=\"font-weight: 400\">Waga po urodzeniu<\/span><\/li>\r\n<li style=\"font-weight: 400\"><span style=\"font-weight: 400\">Wzrost po urodzeniu<\/span><\/li>\r\n<\/ul>\r\n\r\n<p>Grafika drukowana na plakacie odzwierciedla wzrost malucha w trakcie narodzin w skali 1:1. <\/p>\r\n\r\n<p style=\"margin-top: 1rem\">Drukowany plakat: Plakaty ze szkicem niemowlaka drukowane s\u0105 na wysokiej jako\u015bci matowym papierze, o grubo\u015bci 190g.To sprawia, \u017ce zachowuj\u0105 swoj\u0105 \u015bwietn\u0105 jako\u015b\u0107 na lata. Podczas projektowania plakatu masz dost\u0119p do podgl\u0105du, dzi\u0119ki czemu na bie\u017c\u0105co sprawdzisz poprawno\u015b\u0107 wprowadzanych danych oraz wygl\u0105d plakatu. Po zatwierdzeniu zam\u00f3wienia plakat zostanie wydrukowany, starannie zapakowany i wys\u0142any pod wskazany adres.<\/p>\r\n\r\n<p style=\"margin-top: 1rem\">Plik do samodzielnego wydruku: Plakat ze szkicem niemowlaka to tak\u017ce idealny pomys\u0142 na prezent last minute. Po op\u0142aceniu zam\u00f3wienia otrzymasz na swoj\u0105 skrzynk\u0119 mailow\u0105 projekty plakat\u00f3w w kilku rozmiarach do samodzielnego wydruku.<\/p>","protected":false},"excerpt":{"rendered":"<ul class=\"check-list\">\n<li>Uchwy\u0107 pierwsze chwile dzieci, tworz\u0105c niezwykle wzruszaj\u0105c\u0105 pami\u0105tk\u0119 dla rodzic\u00f3w<\/li>\n<li>Dodaj niezb\u0119dne detale takie jak imiona dzieci, daty urodzenia, wzrost oraz waga z dnia narodzin <\/li>\n<li>Wybierz spo\u015br\u00f3d 4 dedykowanych projekt\u00f3w i otrzymaj ilustracj\u0119 odwzorowuj\u0105c\u0105 wielko\u015b\u0107 dzieci w skali 1:1<\/li>\n<li>Interaktywny podgl\u0105d pozwoli dopracowa\u0107 ka\u017cdy szczeg\u00f3\u0142<\/li>\n<\/ul>\n","protected":false},"featured_media":270117,"template":"","meta":[],"product_brand":[],"product_cat":[99,1811],"product_tag":[8451,9486,9478],"class_list":{"0":"post-21677","1":"product","2":"type-product","3":"status-publish","4":"has-post-thumbnail","6":"product_cat-wszystkie-produkty","7":"product_cat-infant-pl","8":"product_tag-new-parents-pl","9":"product_tag-noworodek","10":"product_tag-plakat-dziecko","12":"first","13":"instock","14":"sale","15":"taxable","16":"shipping-taxable","17":"purchasable","18":"product-type-variable"},"yoast_head":"<!-- This site is optimized with the Yoast SEO Premium plugin v27.2 (Yoast SEO v27.2) - https:\/\/yoast.com\/product\/yoast-seo-premium-wordpress\/ -->\n<title>Metryczka dla trojaczk\u00f3w lub rodze\u0144stwa - Positive Prints<\/title>\n<meta name=\"description\" content=\"Metryczka dla trojaczk\u00f3w lub rodze\u0144stwa w skali 1:1 udekoruje pok\u00f3j dla trojaczk\u00f3w. Plakat personalizowany (rozmiar, kolorystyka i cytat).\" \/>\n<meta name=\"robots\" content=\"index, follow, max-snippet:-1, max-image-preview:large, max-video-preview:-1\" \/>\n<link rel=\"canonical\" href=\"https:\/\/positiveprints.com\/pl\/produkt\/metryczka-dla-trojaczkow-rodzenstwa\/\" \/>\n<meta property=\"og:locale\" content=\"pl_PL\" \/>\n<meta property=\"og:type\" content=\"article\" \/>\n<meta property=\"og:title\" content=\"Metryczka dla Dzieci - Trojaczk\u00f3w lub Rodze\u0144stwa\" \/>\n<meta property=\"og:description\" content=\"Uchwy\u0107 pierwsze chwile dzieci, tworz\u0105c niezwykle wzruszaj\u0105c\u0105 pami\u0105tk\u0119 dla rodzic\u00f3w  Dodaj niezb\u0119dne detale takie jak imiona dzieci, daty urodzenia, wzrost oraz waga z dnia narodzin   Wybierz spo\u015br\u00f3d 4 dedykowanych projekt\u00f3w i otrzymaj ilustracj\u0119 odwzorowuj\u0105c\u0105 wielko\u015b\u0107 dzieci w skali 1:1  Interaktywny podgl\u0105d pozwoli dopracowa\u0107 ka\u017cdy szczeg\u00f3\u0142\" \/>\n<meta property=\"og:url\" content=\"https:\/\/positiveprints.com\/pl\/produkt\/metryczka-dla-trojaczkow-rodzenstwa\/\" \/>\n<meta property=\"og:site_name\" content=\"Positive Prints\" \/>\n<meta property=\"article:publisher\" content=\"https:\/\/www.facebook.com\/positiveprintscom\" \/>\n<meta property=\"article:modified_time\" content=\"2026-04-18T08:16:27+00:00\" \/>\n<meta property=\"og:image\" content=\"https:\/\/positiveprints.com\/wp-content\/uploads\/2022\/05\/metryczka-dla-trojaczkow.jpg\" \/>\n\t<meta property=\"og:image:width\" content=\"1080\" \/>\n\t<meta property=\"og:image:height\" content=\"1080\" \/>\n\t<meta property=\"og:image:type\" content=\"image\/jpeg\" \/>\n<meta name=\"twitter:card\" content=\"summary_large_image\" \/>\n<meta name=\"twitter:label1\" content=\"Szacowany czas czytania\" \/>\n\t<meta name=\"twitter:data1\" content=\"2 minuty\" \/>\n<!-- \/ Yoast SEO Premium plugin. -->","yoast_head_json":{"title":"Metryczka dla trojaczk\u00f3w lub rodze\u0144stwa - Positive Prints","description":"Metryczka dla trojaczk\u00f3w lub rodze\u0144stwa w skali 1:1 udekoruje pok\u00f3j dla trojaczk\u00f3w. Plakat personalizowany (rozmiar, kolorystyka i cytat).","robots":{"index":"index","follow":"follow","max-snippet":"max-snippet:-1","max-image-preview":"max-image-preview:large","max-video-preview":"max-video-preview:-1"},"canonical":"https:\/\/positiveprints.com\/pl\/produkt\/metryczka-dla-trojaczkow-rodzenstwa\/","og_locale":"pl_PL","og_type":"article","og_title":"Metryczka dla Dzieci - Trojaczk\u00f3w lub Rodze\u0144stwa","og_description":"Uchwy\u0107 pierwsze chwile dzieci, tworz\u0105c niezwykle wzruszaj\u0105c\u0105 pami\u0105tk\u0119 dla rodzic\u00f3w  Dodaj niezb\u0119dne detale takie jak imiona dzieci, daty urodzenia, wzrost oraz waga z dnia narodzin   Wybierz spo\u015br\u00f3d 4 dedykowanych projekt\u00f3w i otrzymaj ilustracj\u0119 odwzorowuj\u0105c\u0105 wielko\u015b\u0107 dzieci w skali 1:1  Interaktywny podgl\u0105d pozwoli dopracowa\u0107 ka\u017cdy szczeg\u00f3\u0142","og_url":"https:\/\/positiveprints.com\/pl\/produkt\/metryczka-dla-trojaczkow-rodzenstwa\/","og_site_name":"Positive Prints","article_publisher":"https:\/\/www.facebook.com\/positiveprintscom","article_modified_time":"2026-04-18T08:16:27+00:00","og_image":[{"width":1080,"height":1080,"url":"https:\/\/positiveprints.com\/wp-content\/uploads\/2022\/05\/metryczka-dla-trojaczkow.jpg","type":"image\/jpeg"}],"twitter_card":"summary_large_image","twitter_misc":{"Szacowany czas czytania":"2 minuty"},"schema":{"@context":"https:\/\/schema.org","@graph":[{"@type":["WebPage","ItemPage"],"@id":"https:\/\/positiveprints.com\/pl\/produkt\/metryczka-dla-trojaczkow-rodzenstwa\/","url":"https:\/\/positiveprints.com\/pl\/produkt\/metryczka-dla-trojaczkow-rodzenstwa\/","name":"Metryczka dla trojaczk\u00f3w lub rodze\u0144stwa - Positive Prints","isPartOf":{"@id":"https:\/\/positiveprints.com\/pl\/#website"},"primaryImageOfPage":{"@id":"https:\/\/positiveprints.com\/pl\/produkt\/metryczka-dla-trojaczkow-rodzenstwa\/#primaryimage"},"image":{"@id":"https:\/\/positiveprints.com\/pl\/produkt\/metryczka-dla-trojaczkow-rodzenstwa\/#primaryimage"},"thumbnailUrl":"https:\/\/positiveprints.com\/wp-content\/uploads\/2022\/05\/metryczka-dla-trojaczkow.jpg","datePublished":"2020-05-30T14:17:25+00:00","dateModified":"2026-04-18T08:16:27+00:00","description":"Metryczka dla trojaczk\u00f3w lub rodze\u0144stwa w skali 1:1 udekoruje pok\u00f3j dla trojaczk\u00f3w. Plakat personalizowany (rozmiar, kolorystyka i cytat).","breadcrumb":{"@id":"https:\/\/positiveprints.com\/pl\/produkt\/metryczka-dla-trojaczkow-rodzenstwa\/#breadcrumb"},"inLanguage":"pl-PL","potentialAction":[{"@type":"ReadAction","target":["https:\/\/positiveprints.com\/pl\/produkt\/metryczka-dla-trojaczkow-rodzenstwa\/"]}]},{"@type":"ImageObject","inLanguage":"pl-PL","@id":"https:\/\/positiveprints.com\/pl\/produkt\/metryczka-dla-trojaczkow-rodzenstwa\/#primaryimage","url":"https:\/\/positiveprints.com\/wp-content\/uploads\/2022\/05\/metryczka-dla-trojaczkow.jpg","contentUrl":"https:\/\/positiveprints.com\/wp-content\/uploads\/2022\/05\/metryczka-dla-trojaczkow.jpg","width":1080,"height":1080},{"@type":"BreadcrumbList","@id":"https:\/\/positiveprints.com\/pl\/produkt\/metryczka-dla-trojaczkow-rodzenstwa\/#breadcrumb","itemListElement":[{"@type":"ListItem","position":1,"name":"Home","item":"https:\/\/positiveprints.com\/pl\/"},{"@type":"ListItem","position":2,"name":"Produkty","item":"https:\/\/positiveprints.com\/pl\/shop\/"},{"@type":"ListItem","position":3,"name":"Metryczka dla Dzieci &#8211; Trojaczk\u00f3w lub Rodze\u0144stwa"}]},{"@type":"WebSite","@id":"https:\/\/positiveprints.com\/pl\/#website","url":"https:\/\/positiveprints.com\/pl\/","name":"Positive Prints","description":"Amazing Custom Personalized Gifts","publisher":{"@id":"https:\/\/positiveprints.com\/pl\/#organization"},"potentialAction":[{"@type":"SearchAction","target":{"@type":"EntryPoint","urlTemplate":"https:\/\/positiveprints.com\/pl\/?s={search_term_string}"},"query-input":{"@type":"PropertyValueSpecification","valueRequired":true,"valueName":"search_term_string"}}],"inLanguage":"pl-PL"},{"@type":"Organization","@id":"https:\/\/positiveprints.com\/pl\/#organization","name":"Positive Prints","alternateName":"Positive Prints","url":"https:\/\/positiveprints.com\/pl\/","logo":{"@type":"ImageObject","inLanguage":"pl-PL","@id":"https:\/\/positiveprints.com\/pl\/#\/schema\/logo\/image\/","url":"https:\/\/positiveprints.com\/wp-content\/uploads\/2026\/03\/245815646_1337939713319158_5671353136411139666_n.png","contentUrl":"https:\/\/positiveprints.com\/wp-content\/uploads\/2026\/03\/245815646_1337939713319158_5671353136411139666_n.png","width":800,"height":800,"caption":"Positive Prints"},"image":{"@id":"https:\/\/positiveprints.com\/pl\/#\/schema\/logo\/image\/"},"sameAs":["https:\/\/www.facebook.com\/positiveprintscom","https:\/\/www.instagram.com\/positiveprintscom\/","https:\/\/www.tiktok.com\/@positiveprintscom","https:\/\/www.pinterest.com\/positiveprintscom\/"]}]}},"jetpack_sharing_enabled":true,"_links":{"self":[{"href":"https:\/\/positiveprints.com\/pl\/wp-json\/wp\/v2\/product\/21677","targetHints":{"allow":["GET"]}}],"collection":[{"href":"https:\/\/positiveprints.com\/pl\/wp-json\/wp\/v2\/product"}],"about":[{"href":"https:\/\/positiveprints.com\/pl\/wp-json\/wp\/v2\/types\/product"}],"wp:featuredmedia":[{"embeddable":true,"href":"https:\/\/positiveprints.com\/pl\/wp-json\/wp\/v2\/media\/270117"}],"wp:attachment":[{"href":"https:\/\/positiveprints.com\/pl\/wp-json\/wp\/v2\/media?parent=21677"}],"wp:term":[{"taxonomy":"product_brand","embeddable":true,"href":"https:\/\/positiveprints.com\/pl\/wp-json\/wp\/v2\/product_brand?post=21677"},{"taxonomy":"product_cat","embeddable":true,"href":"https:\/\/positiveprints.com\/pl\/wp-json\/wp\/v2\/product_cat?post=21677"},{"taxonomy":"product_tag","embeddable":true,"href":"https:\/\/positiveprints.com\/pl\/wp-json\/wp\/v2\/product_tag?post=21677"}],"curies":[{"name":"wp","href":"https:\/\/api.w.org\/{rel}","templated":true}]}}