{"id":21663,"date":"2020-05-30T12:47:24","date_gmt":"2020-05-30T11:47:24","guid":{"rendered":"https:\/\/positiveprints.com\/product\/metryczka-duo\/"},"modified":"2026-04-18T09:16:32","modified_gmt":"2026-04-18T08:16:32","slug":"metryczka-dla-blizniat-rodzenstwa","status":"publish","type":"product","link":"https:\/\/positiveprints.com\/pl\/produkt\/metryczka-dla-blizniat-rodzenstwa\/","title":{"rendered":"Metryczka dla Dzieci &#8211; Bli\u017ani\u0105t lub Rodze\u0144stwa"},"content":{"rendered":"<p>Personalizowana metryczka z dw\u00f3jk\u0105 Twoich dzieci, przedstawiaj\u0105ca ich wysoko\u015b\u0107 w dniu narodzin w skali 1:1, to pami\u0105tka na lata. Sprawd\u017a, jak r\u00f3\u017cni\u0142y si\u0119 od siebie wymiarami Twoje bobasy, nawet je\u015bli ich daty narodzin dzieli spory kawa\u0142ek czasu.<\/p>\r\n\r\n<p style=\"margin-top: 1rem\">Zachowaj wspomnienia na d\u0142u\u017cej \u2013 plakat z metryczk\u0105 duo to uroczy dodatek do pokoiku dzieci\u0119cego. Grafika po\u0142\u0105czy strefy pokoju przydzielone dla ka\u017cdego z maluch\u00f3w, a Tobie pozwoli przypomnie\u0107 sobie najpi\u0119kniejsze momenty tu\u017c po ich narodzinach.\r\n<\/p>\r\n\r\n<h2 class=\"grenB f24 cblue\" style=\"margin-top: 3rem\">Personalizowana metryczka dla bli\u017ani\u0105t<\/h2>\r\n\r\n<p style=\"margin-top: 1rem\">Uwiecznij swoje dzieci na plakacie, kt\u00f3ry ju\u017c zawsze b\u0119dzie Ci przypomina\u0142 o dniu narodzin bli\u017ani\u0105t. Personalizowana metryczka dla bli\u017ani\u0105t zawiera grafiki dzieci, odzwierciedlaj\u0105ce ich wielko\u015b\u0107 z tej pami\u0119tnej chwili. Wybierz t\u0142o metryczki spo\u015br\u00f3d szerokiej gamy kolorystycznej i dopasuj kolor plakatu do wystroju wn\u0119trza pokoju dzieci. Dodatkowo mo\u017cesz spersonalizowa\u0107 <a href=\"https:\/\/positiveprints.com\/pl\/produkt\/plakat-narodziny-dziecka\/\">plakat dziecka w skali 1:1<\/a>, podaj\u0105c imiona dzieci, daty urodzenia oraz ich wzrost i wag\u0119 w chwili narodzin. Podczas projektowania, <a href=\"https:\/\/positiveprints.com\/pl\/produkt\/metryczka-dla-dziecka\/\">metryczka dla dziecka<\/a> umo\u017cliwia wyb\u00f3r czcionki i dodania w\u0142asnej tre\u015bci bliskiej Twemu sercu. <\/p>\r\n\r\n\r\n<h2 class=\"grenB f24 cblue\" style=\"margin-top: 3rem\">Metryczka dla bli\u017aniak\u00f3w w formie plakatu<\/h2>\r\n\r\n<p style=\"margin-top: 1rem\">Metryczka dla bli\u017ani\u0105t drukowana jest na wysokiej jako\u015bci matowym papierze, o grubo\u015bci 190g. To sprawia, \u017ce zachowuje swoj\u0105 \u015bwietn\u0105 jako\u015b\u0107 na lata i idealnie nadaj\u0105 si\u0119 na prezent dla rodzic\u00f3w noworodka. Podczas projektowania plakatu masz dost\u0119p do podgl\u0105du, dzi\u0119ki czemu na bie\u017c\u0105co sprawdzisz poprawno\u015b\u0107 wprowadzanych danych oraz wygl\u0105d plakatu. Po zatwierdzeniu zam\u00f3wienia plakat zostanie wydrukowany, starannie zapakowany i wys\u0142any pod wskazany adres. \r\n\r\n<p style=\"margin-top: 1rem\">Metryczka dla bli\u017aniak\u00f3w to \u015bwietna pami\u0105tka do powieszenia na \u015bcianie w pokoiku Twoich dzieci. Wystarczy jedno spojrzenie, aby przypomnie\u0107 sobie wzruszaj\u0105ce chwile z momentu ich narodzin. Plakat, kt\u00f3ry projektujesz w kreatorze mo\u017cesz dowolnie personalizowa\u0107, dobieraj\u0105c kolorystyk\u0119 tak, aby pasowa\u0142a do wystroju wn\u0119trza oraz podaj\u0105c nast\u0119puj\u0105ce informacje:<\/p>\r\n\r\n<ul>\r\n \t<li style=\"font-weight: 400\"><span style=\"font-weight: 400\">Data i godzina narodzin<\/span><\/li>\r\n \t<li style=\"font-weight: 400\"><span style=\"font-weight: 400\">Waga po urodzeniu<\/span><\/li>\r\n \t<li style=\"font-weight: 400\"><span style=\"font-weight: 400\">Wzrost po urodzeniu<\/span><\/li>\r\n<\/ul>\r\n\r\n<p style=\"margin-top: 1rem\">Grafika drukowana na plakacie odzwierciedla wzrost maluch\u00f3w w trakcie narodzin w skali 1:1.<\/p>\r\n\r\n\r\n\r\n<h2 class=\"grenB f24 cblue\" style=\"margin-top: 3rem\">Metryczka dla rodze\u0144stwa do wydruku<\/h2>\r\n\r\n<p style=\"margin-top: 1rem\">Metryczka dla bli\u017ani\u0105t, czy metryczka dla rodze\u0144stwa, mog\u0105 by\u0107 zam\u00f3wione jako plik do samodzielnego wydruku. Po op\u0142aceniu zam\u00f3wienia otrzymasz na swoj\u0105 skrzynk\u0119 mailow\u0105 projekty plakat\u00f3w w kilku rozmiarach do druku. <a href=\"https:\/\/positiveprints.com\/pl\/metryczka-do-druku\/\">Metryczka do druku<\/a> mo\u017ce by\u0107 idealn\u0105 opcj\u0105 na prezent na ostatni\u0105 chwil\u0119. Wtedy, gdy nie masz ju\u017c czasu na czekanie na przesy\u0142k\u0119 gotowego plakatu.<\/p>\r\n\r\n\r\n<p style=\"margin-top: 1rem\">W najbli\u017cszej rodzinie lub znajomym urodzi\u0142y si\u0119 trojaczki? Z pewno\u015bci\u0105 zainteresuje Ci\u0119 <a href=\"https:\/\/positiveprints.com\/pl\/produkt\/metryczka-dla-trojaczkow-rodzenstwa\/\">metryczka dla trojaczk\u00f3w<\/a>. Dla nich te\u017c mo\u017cesz przygotowa\u0107 rozczulaj\u0105cy prezent. <\/p>","protected":false},"excerpt":{"rendered":"<ul class=\"check-list\">\n<li>Uchwy\u0107 pierwsze chwile dzieci, tworz\u0105c niezwykle wzruszaj\u0105c\u0105 pami\u0105tk\u0119 dla rodzic\u00f3w<\/li>\n<li>Dodaj niezb\u0119dne detale takie jak imiona dzieci, daty urodzenia, wzrost oraz waga z dnia narodzin <\/li>\n<li>Wybierz spo\u015br\u00f3d 4 dedykowanych projekt\u00f3w i otrzymaj ilustracj\u0119 odwzorowuj\u0105c\u0105 wielko\u015b\u0107 dzieci w skali 1:1<\/li>\n<li>Interaktywny podgl\u0105d pozwoli dopracowa\u0107 ka\u017cdy szczeg\u00f3\u0142<\/li>\n<\/ul>\n","protected":false},"featured_media":269633,"template":"","meta":[],"product_brand":[],"product_cat":[1811,5253,5271,15059,11415,7626,7739,7818],"product_tag":[8451,9486,9478,13468],"class_list":{"0":"post-21663","1":"product","2":"type-product","3":"status-publish","4":"has-post-thumbnail","6":"product_cat-infant-pl","7":"product_cat-prezent-na-narodziny-dziecka","8":"product_cat-prezent-na-boze-narodzenie","9":"product_cat-prezenty-pod-choinke-dla-rodziny","10":"product_cat-prezenty-pod-choinke-dla-rodzicow","11":"product_cat-prezent-dla-brata","12":"product_cat-prezent-dla-siostry","13":"product_cat-prezent-dla-mlodych-rodzicow","14":"product_tag-new-parents-pl","15":"product_tag-noworodek","16":"product_tag-plakat-dziecko","17":"product_tag-prezenty-swiateczne-dla-rodziny","19":"first","20":"instock","21":"sale","22":"taxable","23":"shipping-taxable","24":"purchasable","25":"product-type-variable"},"yoast_head":"<!-- This site is optimized with the Yoast SEO Premium plugin v27.2 (Yoast SEO v27.2) - https:\/\/yoast.com\/product\/yoast-seo-premium-wordpress\/ -->\n<title>Metryczka dla Bli\u017ani\u0105t, Bi\u017aniak\u00f3w lub Rodze\u0144stwa - Positive Prints<\/title>\n<meta name=\"description\" content=\"Metryczka dla bli\u017ani\u0105t lub rodze\u0144stwa w skali 1:1 upami\u0119tni narodziny dzieci. Plakat mo\u017cesz spersonalizowa\u0107 wybieraj\u0105c rozmiar, kolorystyk\u0119 oraz cytat.\" \/>\n<meta name=\"robots\" content=\"index, follow, max-snippet:-1, max-image-preview:large, max-video-preview:-1\" \/>\n<link rel=\"canonical\" href=\"https:\/\/positiveprints.com\/pl\/produkt\/metryczka-dla-blizniat-rodzenstwa\/\" \/>\n<meta property=\"og:locale\" content=\"pl_PL\" \/>\n<meta property=\"og:type\" content=\"article\" \/>\n<meta property=\"og:title\" content=\"Metryczka dla Dzieci - Bli\u017ani\u0105t lub Rodze\u0144stwa\" \/>\n<meta property=\"og:description\" content=\"Uchwy\u0107 pierwsze chwile dzieci, tworz\u0105c niezwykle wzruszaj\u0105c\u0105 pami\u0105tk\u0119 dla rodzic\u00f3w  Dodaj niezb\u0119dne detale takie jak imiona dzieci, daty urodzenia, wzrost oraz waga z dnia narodzin   Wybierz spo\u015br\u00f3d 4 dedykowanych projekt\u00f3w i otrzymaj ilustracj\u0119 odwzorowuj\u0105c\u0105 wielko\u015b\u0107 dzieci w skali 1:1  Interaktywny podgl\u0105d pozwoli dopracowa\u0107 ka\u017cdy szczeg\u00f3\u0142\" \/>\n<meta property=\"og:url\" content=\"https:\/\/positiveprints.com\/pl\/produkt\/metryczka-dla-blizniat-rodzenstwa\/\" \/>\n<meta property=\"og:site_name\" content=\"Positive Prints\" \/>\n<meta property=\"article:publisher\" content=\"https:\/\/www.facebook.com\/positiveprintscom\" \/>\n<meta property=\"article:modified_time\" content=\"2026-04-18T08:16:32+00:00\" \/>\n<meta property=\"og:image\" content=\"https:\/\/positiveprints.com\/wp-content\/uploads\/2022\/05\/metryczka-dla-blizniakow.jpg\" \/>\n\t<meta property=\"og:image:width\" content=\"1080\" \/>\n\t<meta property=\"og:image:height\" content=\"1080\" \/>\n\t<meta property=\"og:image:type\" content=\"image\/jpeg\" \/>\n<meta name=\"twitter:card\" content=\"summary_large_image\" \/>\n<meta name=\"twitter:label1\" content=\"Szacowany czas czytania\" \/>\n\t<meta name=\"twitter:data1\" content=\"2 minuty\" \/>\n<!-- \/ Yoast SEO Premium plugin. -->","yoast_head_json":{"title":"Metryczka dla Bli\u017ani\u0105t, Bi\u017aniak\u00f3w lub Rodze\u0144stwa - Positive Prints","description":"Metryczka dla bli\u017ani\u0105t lub rodze\u0144stwa w skali 1:1 upami\u0119tni narodziny dzieci. Plakat mo\u017cesz spersonalizowa\u0107 wybieraj\u0105c rozmiar, kolorystyk\u0119 oraz cytat.","robots":{"index":"index","follow":"follow","max-snippet":"max-snippet:-1","max-image-preview":"max-image-preview:large","max-video-preview":"max-video-preview:-1"},"canonical":"https:\/\/positiveprints.com\/pl\/produkt\/metryczka-dla-blizniat-rodzenstwa\/","og_locale":"pl_PL","og_type":"article","og_title":"Metryczka dla Dzieci - Bli\u017ani\u0105t lub Rodze\u0144stwa","og_description":"Uchwy\u0107 pierwsze chwile dzieci, tworz\u0105c niezwykle wzruszaj\u0105c\u0105 pami\u0105tk\u0119 dla rodzic\u00f3w  Dodaj niezb\u0119dne detale takie jak imiona dzieci, daty urodzenia, wzrost oraz waga z dnia narodzin   Wybierz spo\u015br\u00f3d 4 dedykowanych projekt\u00f3w i otrzymaj ilustracj\u0119 odwzorowuj\u0105c\u0105 wielko\u015b\u0107 dzieci w skali 1:1  Interaktywny podgl\u0105d pozwoli dopracowa\u0107 ka\u017cdy szczeg\u00f3\u0142","og_url":"https:\/\/positiveprints.com\/pl\/produkt\/metryczka-dla-blizniat-rodzenstwa\/","og_site_name":"Positive Prints","article_publisher":"https:\/\/www.facebook.com\/positiveprintscom","article_modified_time":"2026-04-18T08:16:32+00:00","og_image":[{"width":1080,"height":1080,"url":"https:\/\/positiveprints.com\/wp-content\/uploads\/2022\/05\/metryczka-dla-blizniakow.jpg","type":"image\/jpeg"}],"twitter_card":"summary_large_image","twitter_misc":{"Szacowany czas czytania":"2 minuty"},"schema":{"@context":"https:\/\/schema.org","@graph":[{"@type":["WebPage","ItemPage"],"@id":"https:\/\/positiveprints.com\/pl\/produkt\/metryczka-dla-blizniat-rodzenstwa\/","url":"https:\/\/positiveprints.com\/pl\/produkt\/metryczka-dla-blizniat-rodzenstwa\/","name":"Metryczka dla Bli\u017ani\u0105t, Bi\u017aniak\u00f3w lub Rodze\u0144stwa - Positive Prints","isPartOf":{"@id":"https:\/\/positiveprints.com\/pl\/#website"},"primaryImageOfPage":{"@id":"https:\/\/positiveprints.com\/pl\/produkt\/metryczka-dla-blizniat-rodzenstwa\/#primaryimage"},"image":{"@id":"https:\/\/positiveprints.com\/pl\/produkt\/metryczka-dla-blizniat-rodzenstwa\/#primaryimage"},"thumbnailUrl":"https:\/\/positiveprints.com\/wp-content\/uploads\/2022\/05\/metryczka-dla-blizniakow.jpg","datePublished":"2020-05-30T11:47:24+00:00","dateModified":"2026-04-18T08:16:32+00:00","description":"Metryczka dla bli\u017ani\u0105t lub rodze\u0144stwa w skali 1:1 upami\u0119tni narodziny dzieci. Plakat mo\u017cesz spersonalizowa\u0107 wybieraj\u0105c rozmiar, kolorystyk\u0119 oraz cytat.","breadcrumb":{"@id":"https:\/\/positiveprints.com\/pl\/produkt\/metryczka-dla-blizniat-rodzenstwa\/#breadcrumb"},"inLanguage":"pl-PL","potentialAction":[{"@type":"ReadAction","target":["https:\/\/positiveprints.com\/pl\/produkt\/metryczka-dla-blizniat-rodzenstwa\/"]}]},{"@type":"ImageObject","inLanguage":"pl-PL","@id":"https:\/\/positiveprints.com\/pl\/produkt\/metryczka-dla-blizniat-rodzenstwa\/#primaryimage","url":"https:\/\/positiveprints.com\/wp-content\/uploads\/2022\/05\/metryczka-dla-blizniakow.jpg","contentUrl":"https:\/\/positiveprints.com\/wp-content\/uploads\/2022\/05\/metryczka-dla-blizniakow.jpg","width":1080,"height":1080},{"@type":"BreadcrumbList","@id":"https:\/\/positiveprints.com\/pl\/produkt\/metryczka-dla-blizniat-rodzenstwa\/#breadcrumb","itemListElement":[{"@type":"ListItem","position":1,"name":"Home","item":"https:\/\/positiveprints.com\/pl\/"},{"@type":"ListItem","position":2,"name":"Produkty","item":"https:\/\/positiveprints.com\/pl\/shop\/"},{"@type":"ListItem","position":3,"name":"Metryczka dla Dzieci &#8211; Bli\u017ani\u0105t lub Rodze\u0144stwa"}]},{"@type":"WebSite","@id":"https:\/\/positiveprints.com\/pl\/#website","url":"https:\/\/positiveprints.com\/pl\/","name":"Positive Prints","description":"Amazing Custom Personalized Gifts","publisher":{"@id":"https:\/\/positiveprints.com\/pl\/#organization"},"potentialAction":[{"@type":"SearchAction","target":{"@type":"EntryPoint","urlTemplate":"https:\/\/positiveprints.com\/pl\/?s={search_term_string}"},"query-input":{"@type":"PropertyValueSpecification","valueRequired":true,"valueName":"search_term_string"}}],"inLanguage":"pl-PL"},{"@type":"Organization","@id":"https:\/\/positiveprints.com\/pl\/#organization","name":"Positive Prints","alternateName":"Positive Prints","url":"https:\/\/positiveprints.com\/pl\/","logo":{"@type":"ImageObject","inLanguage":"pl-PL","@id":"https:\/\/positiveprints.com\/pl\/#\/schema\/logo\/image\/","url":"https:\/\/positiveprints.com\/wp-content\/uploads\/2026\/03\/245815646_1337939713319158_5671353136411139666_n.png","contentUrl":"https:\/\/positiveprints.com\/wp-content\/uploads\/2026\/03\/245815646_1337939713319158_5671353136411139666_n.png","width":800,"height":800,"caption":"Positive Prints"},"image":{"@id":"https:\/\/positiveprints.com\/pl\/#\/schema\/logo\/image\/"},"sameAs":["https:\/\/www.facebook.com\/positiveprintscom","https:\/\/www.instagram.com\/positiveprintscom\/","https:\/\/www.tiktok.com\/@positiveprintscom","https:\/\/www.pinterest.com\/positiveprintscom\/"]}]}},"jetpack_sharing_enabled":true,"_links":{"self":[{"href":"https:\/\/positiveprints.com\/pl\/wp-json\/wp\/v2\/product\/21663","targetHints":{"allow":["GET"]}}],"collection":[{"href":"https:\/\/positiveprints.com\/pl\/wp-json\/wp\/v2\/product"}],"about":[{"href":"https:\/\/positiveprints.com\/pl\/wp-json\/wp\/v2\/types\/product"}],"wp:featuredmedia":[{"embeddable":true,"href":"https:\/\/positiveprints.com\/pl\/wp-json\/wp\/v2\/media\/269633"}],"wp:attachment":[{"href":"https:\/\/positiveprints.com\/pl\/wp-json\/wp\/v2\/media?parent=21663"}],"wp:term":[{"taxonomy":"product_brand","embeddable":true,"href":"https:\/\/positiveprints.com\/pl\/wp-json\/wp\/v2\/product_brand?post=21663"},{"taxonomy":"product_cat","embeddable":true,"href":"https:\/\/positiveprints.com\/pl\/wp-json\/wp\/v2\/product_cat?post=21663"},{"taxonomy":"product_tag","embeddable":true,"href":"https:\/\/positiveprints.com\/pl\/wp-json\/wp\/v2\/product_tag?post=21663"}],"curies":[{"name":"wp","href":"https:\/\/api.w.org\/{rel}","templated":true}]}}