{"id":20515,"date":"2020-06-18T21:24:37","date_gmt":"2020-06-18T20:24:37","guid":{"rendered":"https:\/\/positiveprints.com\/?post_type=product&#038;p=20515"},"modified":"2026-04-18T09:16:22","modified_gmt":"2026-04-18T08:16:22","slug":"plakat-narodziny-dziecka","status":"publish","type":"product","link":"https:\/\/positiveprints.com\/pl\/produkt\/plakat-narodziny-dziecka\/","title":{"rendered":"Plakat Dziecka w Skali 1:1"},"content":{"rendered":"<p>Plakat narodziny dziecka zachowa wspomnienie pierwszego dnia \u017cycia maluszka. Czy uwierzysz, \u017ce Twoje dziecko by\u0142o tak male\u0144kie? Zam\u00f3w plakat dziecka w skali 1:1, prezentuj\u0105cy jego wysoko\u015b\u0107 z chwili narodzin. <\/p>\r\n\r\n<h2 class=\"grenB f24 cblue\" style=\"margin-top: 3rem\">Personalizowany Plakat Narodziny Dziecka<\/h2>\r\n\r\n<p style=\"margin-top: 1rem\">Dzie\u0144, w kt\u00f3rym przysz\u0142o na \u015bwiat Twoje dziecko, na zawsze pozostanie w pami\u0119ci. Plakat narodziny dziecka jest wspania\u0142ym dodatkiem, kt\u00f3ry dodatkowo pomo\u017ce uczci\u0107 ten moment. Mo\u017cesz go dowolnie spersonalizowa\u0107. Wybierz t\u0142o, kt\u00f3re pasowa\u0107 b\u0119dzie do wystroju pokoju dzieci\u0119cego. Wybierz grafik\u0119 dziecka, kt\u00f3ra najbardziej przypadnie Ci do gustu. Uzupe\u0142nij imi\u0119 i dane z chwil narodzin dziecka. Wszystkie te informacje b\u0119d\u0105 umieszczone na plakacie, dzi\u0119ki czemu nabierze indywidualnego charakteru.<\/p>\r\n\r\n<p style=\"margin-top: 1rem\">Szukasz plakatu przedstawiaj\u0105cego wi\u0119cej dzieci? <a href=\"https:\/\/positiveprints.com\/pl\/produkt\/metryczka-dla-blizniat-rodzenstwa\/\">Metryczka dla bli\u017ani\u0105t lub rodze\u0144stwa<\/a> oraz <a href=\"https:\/\/positiveprints.com\/pl\/produkt\/metryczka-dla-trojaczkow-rodzenstwa\/\">metryczka dla trojaczk\u00f3w lub rodze\u0144stwa<\/a>, z pewno\u015bci\u0105 spe\u0142ni Twoje oczekiwania!<\/p>\r\n\r\n<h2 class=\"grenB f24 cblue\" style=\"margin-top: 3rem\">Plakat Dziecka w Skali 1:1<\/h2>\r\n\r\n<p style=\"margin-top: 1rem\">Grafika dziecka przedstawiona na plakacie narodzin dziecka ma wymiary dok\u0142adnie takie, jak Twoje potomstwo po urodzeniu. Dzieci rosn\u0105 w niesamowitym tempie. Z czasem zapewne zat\u0119sknisz za widokiem tej ma\u0142ej istoty. Plakat dziecka w skali 1:1 przywr\u00f3ci te niesamowite wspomnienia. Kto wie, z czasem mo\u017ce zostanie on zast\u0105piony innym plakatem w dzieci\u0119cym pokoju. A wtedy nic nie stoi na przeszkodzie, aby zawis\u0142 u Ciebie w sypialni.<\/p>\r\n\r\n<h2 class=\"grenB f24 cblue\" style=\"margin-top: 3rem\">Personalizowany Plakat to Wspania\u0142y Prezent z Okazji Narodzin<\/h2>\r\n\r\n<p style=\"margin-top: 1rem\">W\u0142a\u015bnie przyszed\u0142 na \u015bwiat nowy cz\u0142onek Twojej rodziny? Twoi znajomi doczekali si\u0119 potomstwa? <a href=\"https:\/\/positiveprints.com\/pl\/produkt\/metryczka-dla-dziecka\/\">Metryczka dla dziecka<\/a> to oryginalny pomys\u0142 na prezent dla rodzic\u00f3w. Mo\u017cesz doda\u0107 w\u0142asn\u0105 dedykacj\u0119 i podarowa\u0107 prezent, kt\u00f3ry z pewno\u015bci\u0105 wzbudzi wiele pozytywnych emocji. <\/p>\r\n\r\n<h2 class=\"grenB f24 cblue\" style=\"margin-top: 3rem\">Plakat Dziecka 1:1 w wersji Cyfrowej lub Drukowanej<\/h2>\r\n\r\n<p style=\"margin-top: 1rem\">Plakat z okazji narodzin dziecka b\u0119dzie pi\u0119knym dodatkiem do ka\u017cdego wn\u0119trza. Mo\u017cesz go zam\u00f3wi\u0107 w wersji drukowanej lub cyfrowej. Szukasz prezentu na ostatni\u0105 chwil\u0119? Z pewno\u015bci\u0105 docenisz mo\u017cliwo\u015b\u0107 zam\u00f3wienia plakatu w formie pliku cyfrowego do w\u0142asnego wydruku.<\/p>\r\n\r\n\r\n\r\n<ul>\r\n<li>Drukowany plakat: Personalizowany plakat dziecka w skali 1:1 drukowany jest na wysokiej jako\u015bci matowym papierze, o grubo\u015bci 190g. To sprawia, \u017ce zachowuje swoj\u0105 \u015bwietn\u0105 jako\u015b\u0107 na lata. Podczas projektowania plakatu masz dost\u0119p do podgl\u0105du, dzi\u0119ki czemu na bie\u017c\u0105co sprawdzisz poprawno\u015b\u0107 wprowadzanych danych oraz wygl\u0105d plakatu. Po zatwierdzeniu zam\u00f3wienia plakat zostanie wydrukowany, starannie zapakowany i wys\u0142any pod wskazany adres.<\/li>\r\n<li>Plik do samodzielnego wydruku: Plakat narodziny dziecka to tak\u017ce idealny pomys\u0142 na prezent last minute. Po op\u0142aceniu zam\u00f3wienia otrzymasz na swoj\u0105 skrzynk\u0119 mailow\u0105 projekty plakat\u00f3w w kilku rozmiarach do samodzielnego wydruku.<\/li><\/ul>","protected":false},"excerpt":{"rendered":"<ul class=\"check-list\">\n<li>Utrwal cechy Twojego dziecka w zachwycaj\u0105cych szczeg\u00f3\u0142ach i stw\u00f3rz jedyn\u0105 w swoim rodzaju pami\u0105tk\u0119 na ca\u0142e \u017cycie<\/li>\n<li>Dodaj niezb\u0119dne detale takie jak imi\u0119, data urodzenia, wzrost oraz waga z dnia narodzin <\/li>\n<li>Wybierz spo\u015br\u00f3d 7 dedykowanych projekt\u00f3w i otrzymaj ilustracj\u0119 odwzorowuj\u0105c\u0105 wielko\u015b\u0107 dziecka w skali 1:1 <\/li>\n<li>Interaktywny podgl\u0105d pozwoli dopracowa\u0107 ka\u017cdy szczeg\u00f3\u0142<\/li>\n<\/ul>\n","protected":false},"featured_media":1528067,"template":"","meta":[],"product_brand":[],"product_cat":[7594,262,8238,7818,1811,5253,11210,11209,3126],"product_tag":[8451,9486,9478],"class_list":{"0":"post-20515","1":"product","2":"type-product","3":"status-publish","4":"has-post-thumbnail","6":"product_cat-prezent-na-chrzest","7":"product_cat-creators-pl","8":"product_cat-digital-products-pl","9":"product_cat-prezent-dla-mlodych-rodzicow","10":"product_cat-infant-pl","11":"product_cat-prezent-na-narodziny-dziecka","12":"product_cat-prezenty-urodzinowe-dla-niego","13":"product_cat-prezenty-urodzinowe-dla-niej","14":"product_cat-prezent-na-urodziny","15":"product_tag-new-parents-pl","16":"product_tag-noworodek","17":"product_tag-plakat-dziecko","19":"first","20":"instock","21":"sale","22":"taxable","23":"shipping-taxable","24":"purchasable","25":"product-type-variable"},"yoast_head":"<!-- This site is optimized with the Yoast SEO Premium plugin v27.2 (Yoast SEO v27.2) - https:\/\/yoast.com\/product\/yoast-seo-premium-wordpress\/ -->\n<title>Plakat Narodziny Dziecka | Plakat Dziecka w skali 1:1 - Positive Prints<\/title>\n<meta name=\"description\" content=\"Plakat narodziny dziecka to wyj\u0105tkowa dekoracja dzieci\u0119cego pokoju. Zam\u00f3w plakat dziecka w skali 1:1 obrazuj\u0105cy rzeczywisty wzrost dziecka po urodzeniu.\" \/>\n<meta name=\"robots\" content=\"index, follow, max-snippet:-1, max-image-preview:large, max-video-preview:-1\" \/>\n<link rel=\"canonical\" href=\"https:\/\/positiveprints.com\/pl\/produkt\/plakat-narodziny-dziecka\/\" \/>\n<meta property=\"og:locale\" content=\"pl_PL\" \/>\n<meta property=\"og:type\" content=\"article\" \/>\n<meta property=\"og:title\" content=\"Plakat Dziecka w Skali 1:1\" \/>\n<meta property=\"og:description\" content=\"Utrwal cechy Twojego dziecka w zachwycaj\u0105cych szczeg\u00f3\u0142ach i stw\u00f3rz jedyn\u0105 w swoim rodzaju pami\u0105tk\u0119 na ca\u0142e \u017cycie  Dodaj niezb\u0119dne detale takie jak imi\u0119, data urodzenia, wzrost oraz waga z dnia narodzin   Wybierz spo\u015br\u00f3d 7 dedykowanych projekt\u00f3w i otrzymaj ilustracj\u0119 odwzorowuj\u0105c\u0105 wielko\u015b\u0107 dziecka w skali 1:1   Interaktywny podgl\u0105d pozwoli dopracowa\u0107 ka\u017cdy szczeg\u00f3\u0142\" \/>\n<meta property=\"og:url\" content=\"https:\/\/positiveprints.com\/pl\/produkt\/plakat-narodziny-dziecka\/\" \/>\n<meta property=\"og:site_name\" content=\"Positive Prints\" \/>\n<meta property=\"article:publisher\" content=\"https:\/\/www.facebook.com\/positiveprintscom\" \/>\n<meta property=\"article:modified_time\" content=\"2026-04-18T08:16:22+00:00\" \/>\n<meta property=\"og:image\" content=\"https:\/\/positiveprints.com\/wp-content\/uploads\/2022\/05\/plakat-dziecka-w-skali-1-1.jpg\" \/>\n\t<meta property=\"og:image:width\" content=\"1080\" \/>\n\t<meta property=\"og:image:height\" content=\"1080\" \/>\n\t<meta property=\"og:image:type\" content=\"image\/jpeg\" \/>\n<meta name=\"twitter:card\" content=\"summary_large_image\" \/>\n<meta name=\"twitter:label1\" content=\"Szacowany czas czytania\" \/>\n\t<meta name=\"twitter:data1\" content=\"2 minuty\" \/>\n<!-- \/ Yoast SEO Premium plugin. -->","yoast_head_json":{"title":"Plakat Narodziny Dziecka | Plakat Dziecka w skali 1:1 - Positive Prints","description":"Plakat narodziny dziecka to wyj\u0105tkowa dekoracja dzieci\u0119cego pokoju. Zam\u00f3w plakat dziecka w skali 1:1 obrazuj\u0105cy rzeczywisty wzrost dziecka po urodzeniu.","robots":{"index":"index","follow":"follow","max-snippet":"max-snippet:-1","max-image-preview":"max-image-preview:large","max-video-preview":"max-video-preview:-1"},"canonical":"https:\/\/positiveprints.com\/pl\/produkt\/plakat-narodziny-dziecka\/","og_locale":"pl_PL","og_type":"article","og_title":"Plakat Dziecka w Skali 1:1","og_description":"Utrwal cechy Twojego dziecka w zachwycaj\u0105cych szczeg\u00f3\u0142ach i stw\u00f3rz jedyn\u0105 w swoim rodzaju pami\u0105tk\u0119 na ca\u0142e \u017cycie  Dodaj niezb\u0119dne detale takie jak imi\u0119, data urodzenia, wzrost oraz waga z dnia narodzin   Wybierz spo\u015br\u00f3d 7 dedykowanych projekt\u00f3w i otrzymaj ilustracj\u0119 odwzorowuj\u0105c\u0105 wielko\u015b\u0107 dziecka w skali 1:1   Interaktywny podgl\u0105d pozwoli dopracowa\u0107 ka\u017cdy szczeg\u00f3\u0142","og_url":"https:\/\/positiveprints.com\/pl\/produkt\/plakat-narodziny-dziecka\/","og_site_name":"Positive Prints","article_publisher":"https:\/\/www.facebook.com\/positiveprintscom","article_modified_time":"2026-04-18T08:16:22+00:00","og_image":[{"width":1080,"height":1080,"url":"https:\/\/positiveprints.com\/wp-content\/uploads\/2022\/05\/plakat-dziecka-w-skali-1-1.jpg","type":"image\/jpeg"}],"twitter_card":"summary_large_image","twitter_misc":{"Szacowany czas czytania":"2 minuty"},"schema":{"@context":"https:\/\/schema.org","@graph":[{"@type":["WebPage","ItemPage"],"@id":"https:\/\/positiveprints.com\/pl\/produkt\/plakat-narodziny-dziecka\/","url":"https:\/\/positiveprints.com\/pl\/produkt\/plakat-narodziny-dziecka\/","name":"Plakat Narodziny Dziecka | Plakat Dziecka w skali 1:1 - Positive Prints","isPartOf":{"@id":"https:\/\/positiveprints.com\/pl\/#website"},"primaryImageOfPage":{"@id":"https:\/\/positiveprints.com\/pl\/produkt\/plakat-narodziny-dziecka\/#primaryimage"},"image":{"@id":"https:\/\/positiveprints.com\/pl\/produkt\/plakat-narodziny-dziecka\/#primaryimage"},"thumbnailUrl":"https:\/\/positiveprints.com\/wp-content\/uploads\/2025\/09\/Packshot_PL_Plakat-Dziecka-w-Skali-11.webp","datePublished":"2020-06-18T20:24:37+00:00","dateModified":"2026-04-18T08:16:22+00:00","description":"Plakat narodziny dziecka to wyj\u0105tkowa dekoracja dzieci\u0119cego pokoju. Zam\u00f3w plakat dziecka w skali 1:1 obrazuj\u0105cy rzeczywisty wzrost dziecka po urodzeniu.","breadcrumb":{"@id":"https:\/\/positiveprints.com\/pl\/produkt\/plakat-narodziny-dziecka\/#breadcrumb"},"inLanguage":"pl-PL","potentialAction":[{"@type":"ReadAction","target":["https:\/\/positiveprints.com\/pl\/produkt\/plakat-narodziny-dziecka\/"]}]},{"@type":"ImageObject","inLanguage":"pl-PL","@id":"https:\/\/positiveprints.com\/pl\/produkt\/plakat-narodziny-dziecka\/#primaryimage","url":"https:\/\/positiveprints.com\/wp-content\/uploads\/2025\/09\/Packshot_PL_Plakat-Dziecka-w-Skali-11.webp","contentUrl":"https:\/\/positiveprints.com\/wp-content\/uploads\/2025\/09\/Packshot_PL_Plakat-Dziecka-w-Skali-11.webp","width":1450,"height":1450},{"@type":"BreadcrumbList","@id":"https:\/\/positiveprints.com\/pl\/produkt\/plakat-narodziny-dziecka\/#breadcrumb","itemListElement":[{"@type":"ListItem","position":1,"name":"Home","item":"https:\/\/positiveprints.com\/pl\/"},{"@type":"ListItem","position":2,"name":"Produkty","item":"https:\/\/positiveprints.com\/pl\/shop\/"},{"@type":"ListItem","position":3,"name":"Plakat Dziecka w Skali 1:1"}]},{"@type":"WebSite","@id":"https:\/\/positiveprints.com\/pl\/#website","url":"https:\/\/positiveprints.com\/pl\/","name":"Positive Prints","description":"Amazing Custom Personalized Gifts","publisher":{"@id":"https:\/\/positiveprints.com\/pl\/#organization"},"potentialAction":[{"@type":"SearchAction","target":{"@type":"EntryPoint","urlTemplate":"https:\/\/positiveprints.com\/pl\/?s={search_term_string}"},"query-input":{"@type":"PropertyValueSpecification","valueRequired":true,"valueName":"search_term_string"}}],"inLanguage":"pl-PL"},{"@type":"Organization","@id":"https:\/\/positiveprints.com\/pl\/#organization","name":"Positive Prints","alternateName":"Positive Prints","url":"https:\/\/positiveprints.com\/pl\/","logo":{"@type":"ImageObject","inLanguage":"pl-PL","@id":"https:\/\/positiveprints.com\/pl\/#\/schema\/logo\/image\/","url":"https:\/\/positiveprints.com\/wp-content\/uploads\/2026\/03\/245815646_1337939713319158_5671353136411139666_n.png","contentUrl":"https:\/\/positiveprints.com\/wp-content\/uploads\/2026\/03\/245815646_1337939713319158_5671353136411139666_n.png","width":800,"height":800,"caption":"Positive Prints"},"image":{"@id":"https:\/\/positiveprints.com\/pl\/#\/schema\/logo\/image\/"},"sameAs":["https:\/\/www.facebook.com\/positiveprintscom","https:\/\/www.instagram.com\/positiveprintscom\/","https:\/\/www.tiktok.com\/@positiveprintscom","https:\/\/www.pinterest.com\/positiveprintscom\/"]}]}},"jetpack_sharing_enabled":true,"_links":{"self":[{"href":"https:\/\/positiveprints.com\/pl\/wp-json\/wp\/v2\/product\/20515","targetHints":{"allow":["GET"]}}],"collection":[{"href":"https:\/\/positiveprints.com\/pl\/wp-json\/wp\/v2\/product"}],"about":[{"href":"https:\/\/positiveprints.com\/pl\/wp-json\/wp\/v2\/types\/product"}],"wp:featuredmedia":[{"embeddable":true,"href":"https:\/\/positiveprints.com\/pl\/wp-json\/wp\/v2\/media\/1528067"}],"wp:attachment":[{"href":"https:\/\/positiveprints.com\/pl\/wp-json\/wp\/v2\/media?parent=20515"}],"wp:term":[{"taxonomy":"product_brand","embeddable":true,"href":"https:\/\/positiveprints.com\/pl\/wp-json\/wp\/v2\/product_brand?post=20515"},{"taxonomy":"product_cat","embeddable":true,"href":"https:\/\/positiveprints.com\/pl\/wp-json\/wp\/v2\/product_cat?post=20515"},{"taxonomy":"product_tag","embeddable":true,"href":"https:\/\/positiveprints.com\/pl\/wp-json\/wp\/v2\/product_tag?post=20515"}],"curies":[{"name":"wp","href":"https:\/\/api.w.org\/{rel}","templated":true}]}}