{"id":199107,"date":"2021-03-23T08:58:13","date_gmt":"2021-03-23T07:58:13","guid":{"rendered":"https:\/\/positiveprints.com\/product\/niebo-w-dniu-narodzin\/"},"modified":"2026-04-18T09:12:59","modified_gmt":"2026-04-18T08:12:59","slug":"niebo-w-dniu-narodzin","status":"publish","type":"product","link":"https:\/\/positiveprints.com\/pl\/produkt\/niebo-w-dniu-narodzin\/","title":{"rendered":"Niebo w Dniu Narodzin"},"content":{"rendered":"<p>Oryginalny prezent z okazji narodzin? Zaprojektuj personalizowan\u0105 map\u0119 \u201eNiebo w Dniu Narodzin\u201d. Sprawd\u017a, jak wygl\u0105da\u0142o rozgwie\u017cd\u017cone niebo w momencie przyj\u015bcia na \u015bwiat wyczekiwanego potomka.  <\/p>\r\n<h2 class=\"grenB f24 cblue\" style=\"margin-top: 3rem\">Czym jest mapa \u201eNiebo w Dniu Narodzin\u201d?<\/h2>\r\n<p style=\"margin-top: 1rem\"><a href=\"https:\/\/positiveprints.com\/pl\/produkt\/mapa-nieba\/\">Mapa nieba<\/a> to szczeg\u00f3\u0142owy rozk\u0142ad konstelacji dla wybranej przez Ciebie daty. Jedno spojrzenie na plakat przywo\u0142a emocje zwi\u0105zane z dniem, dla kt\u00f3rego tworzysz t\u0119 map\u0119. <\/p>\r\n<p style=\"margin-top: 1rem\">Wie\u015b\u0107 g\u0142osi, \u017ce uk\u0142ad gwiazd, planet i konstelacji z dnia narodzin wp\u0142ywa na ca\u0142e nasze \u017cycie. Obraz nocnego nieba dla tak wa\u017cnej daty warto wi\u0119c uwieczni\u0107 i oprawi\u0107 w ramk\u0119. <\/p>\r\n<p style=\"margin-top: 1rem\">Nawet je\u015bli nie do ko\u0144ca jeste\u015b przekonany o wp\u0142ywie kosmosu na nasze \u017cycie, trudno zaprzeczy\u0107, \u017ce rozgwie\u017cd\u017cone niebo ma w sobie co\u015b hipnotyzuj\u0105cego. Plakat z map\u0105 nieba przywo\u0142uje najpi\u0119kniejsze wspomnienia. Podaruj go osobie, kt\u00f3ra zajmuje wa\u017cne miejsce w Twoim sercu.<\/p>\r\n<h2 class=\"grenB f24 cblue\" style=\"margin-top: 3rem\">Niebo w Dniu Narodzin \u2013 plakat stworzony na podstawie precyzyjnych danych astronomicznych<\/h2>\r\n<p style=\"margin-top: 1rem\">Interaktywny kreator, kt\u00f3ry znajdziesz na stronie Positive Prints zosta\u0142 dok\u0142adnie przemy\u015blany. Nasze rozk\u0142ady gwiazd opieramy na naukowo popartych danych, zaczerpni\u0119tych z wyprawy naukowej satelity <a href=\"https:\/\/pl.wikipedia.org\/wiki\/Hipparcos\">Hipparcos<\/a>. To pierwsza satelita na \u015bwiecie, kt\u00f3rej zadaniem by\u0142o dokonanie pomiar\u00f3w rozk\u0142ad\u00f3w cia\u0142 niebieskich. Dane zebrane przez satelit\u0119 oparte s\u0105 na 118 000 gwiazd na niebie. Dzi\u0119ki temu plakat, kt\u00f3ry zaprojektujesz, b\u0119dzie dok\u0142adnie odzwierciedla\u0142 nocne niebo z dnia narodzin Twojego dziecka. <\/p>\r\n<p style=\"margin-top: 1rem\">Zabierz swoich bliskich w emocjonaln\u0105 podr\u00f3\u017c do przesz\u0142o\u015bci z pomoc\u0105 plakatu Niebo w Dniu Narodzin. <\/p>\r\n<h2 class=\"grenB f24 cblue\" style=\"margin-top: 3rem\">Jak spersonalizowa\u0107 plakat Niebo w Dniu Narodzin?<\/h2>\r\n<p style=\"margin-top: 1rem\">Nie musisz by\u0107 znawc\u0105 astrologii ani astronomii, aby zaprojektowa\u0107 plakat Niebo w Dniu Narodzin. Oszcz\u0119d\u017a sobie r\u00f3wnie\u017c studiowania skomplikowanych danych. Sw\u00f3j plakat na Positive Prints zaprojektujesz za pomoc\u0105 tylko kilku klikni\u0119\u0107.<\/p>\r\n<p style=\"margin-top: 1rem\">Prosty w u\u017cyciu edytor na naszej stronie pozwoli Ci zaprojektowa\u0107 wymarzony plakat w 3 krokach. Wybierz kszta\u0142t i kolory mapy, a nast\u0119pnie dobierz szczeg\u00f3\u0142y i zamie\u015b\u0107 dedykacj\u0119. Wszystkie wprowadzane zmiany mo\u017cesz na bie\u017c\u0105co obserwowa\u0107 w podgl\u0105dzie na \u017cywo. <\/p>\r\n<p style=\"margin-top: 1rem\">Dodaj do mapy konstelacje, planety i ich nazwy oraz Drog\u0119 Mleczn\u0105. Stopie\u0144 szczeg\u00f3\u0142owo\u015bci Twojej mapy nieba zale\u017cy od Ciebie.<\/p>\r\n<p style=\"margin-top: 1rem\">Nast\u0119pnie wybierz dat\u0119 i miejsce urodzenia malucha, kt\u00f3remu chcesz sprawi\u0107 niespodziank\u0119. Dodaj specjaln\u0105 dedykacj\u0119 z okazji jego przyj\u015bcia na \u015bwiat. <\/p>\r\n<p style=\"margin-top: 1rem\">Kiedy zako\u0144czysz personalizacj\u0119 plakatu, poprosimy Ci\u0119 o wyb\u00f3r formatu oraz sposobu wysy\u0142ki. Wybierz plakat drukowany z wysy\u0142k\u0105 wprost pod Twoje drzwi lub wersj\u0119 cyfrow\u0105, kt\u00f3ra trafi na Twoj\u0105 skrzynk\u0119 mailow\u0105 tu\u017c po op\u0142aceniu zam\u00f3wienia. Taki plakat mo\u017cesz wydrukowa\u0107 w lokalnym punkcie druku nawet tego samego dnia! To \u015bwietna opcja, zw\u0142aszcza na prezent na ostatni\u0105 chwil\u0119. W naszej ofercie znajdziesz r\u00f3wnie\u017c wydruk na p\u0142\u00f3tnie lub plakat w ramie. <\/p>\r\n<h2 class=\"grenB f24 cblue\" style=\"margin-top: 3rem\">Niebo w Dniu Narodzin \u2013 najpi\u0119kniejszy prezent dla \u015bwie\u017co upieczonych rodzic\u00f3w!<\/h2>\r\n<p style=\"margin-top: 1rem\">Klienci Positive Prints uwielbiaj\u0105 plakat Niebo w Dniu Narodzin z wielu powod\u00f3w, jednak tym najcz\u0119\u015bciej wymienianym jest idealny pomys\u0142 na oryginalny prezent. <\/p>\r\n<p style=\"margin-top: 1rem\">Wyka\u017c si\u0119 kreatywno\u015bci\u0105 \u2013 zamiast kupowa\u0107 kolejny komplet \u015bpioszk\u00f3w i grzechotek, podaruj maluszkowi co\u015b, co zostanie z nim przez d\u0142ugie lata. <\/p>\r\n<p style=\"margin-top: 1rem\">Nie czekaj i ju\u017c dzi\u015b zaprojektuj plakat Niebo w Dniu Narodzin jako prezent dla osoby bliskiej Twojemu sercu.<\/p>","protected":false},"excerpt":{"rendered":"<ul class=\"check-list\">\n<li>Dodaj planety, konstelacje i Drog\u0119 Mleczn\u0105 <\/li>\n<li>Spersonalizuj w 3 prostych krokach<\/li>\n<li>Dodaj dedykacj\u0119 prosto z serca<\/li>\n<li>Interaktywny podgl\u0105d pozwoli dopracowa\u0107 ka\u017cdy szczeg\u00f3\u0142<\/li>\n<\/ul>\n","protected":false},"featured_media":1225903,"template":"","meta":[],"product_brand":[],"product_cat":[9279,7770,11413,7690,8010,7818,8206,7658,5253,11210,11209,15849,3114,5271,3126],"product_tag":[17455,17607,17588,17577,17561,17545,17530,17515,17500,17643,17613,17470,8451,13359,13438],"class_list":{"0":"post-199107","1":"product","2":"type-product","3":"status-publish","4":"has-post-thumbnail","6":"product_cat-bestsellers-label-pl","7":"product_cat-prezent-dla-corki","8":"product_cat-prezenty-pod-choinke-dla-dzieci","9":"product_cat-prezent-dla-kobiety","10":"product_cat-prezent-dla-mezczyzny","11":"product_cat-prezent-dla-mlodych-rodzicow","12":"product_cat-dla-niego","13":"product_cat-prezent-dla-syna","14":"product_cat-prezent-na-narodziny-dziecka","15":"product_cat-prezenty-urodzinowe-dla-niego","16":"product_cat-prezenty-urodzinowe-dla-niej","17":"product_cat-shop-bestsellers-pl","18":"product_cat-star-pl-2","19":"product_cat-prezent-na-boze-narodzenie","20":"product_cat-prezent-na-urodziny","21":"product_tag-100-lat","22":"product_tag-16-lat","23":"product_tag-18-lat","24":"product_tag-20-lat","25":"product_tag-30-lat","26":"product_tag-40-lat","27":"product_tag-50-lat","28":"product_tag-60-lat","29":"product_tag-70-lat","30":"product_tag-80-lat","31":"product_tag-80th-birthday-pl","32":"product_tag-90-lat","33":"product_tag-new-parents-pl","34":"product_tag-prezent-swiateczny-dla-corki","35":"product_tag-prezent-swiateczny-dla-syna","37":"first","38":"instock","39":"sale","40":"taxable","41":"shipping-taxable","42":"purchasable","43":"product-type-variable"},"yoast_head":"<!-- This site is optimized with the Yoast SEO Premium plugin v27.2 (Yoast SEO v27.2) - https:\/\/yoast.com\/product\/yoast-seo-premium-wordpress\/ -->\n<title>Niebo w Dniu Narodzin - Positive Prints<\/title>\n<meta name=\"description\" content=\"Oryginalny prezent z okazji narodzin? Zaprojektuj personalizowan\u0105 map\u0119 \u201eNiebo w Dniu Narodzin\u201d.\" \/>\n<meta name=\"robots\" content=\"index, follow, max-snippet:-1, max-image-preview:large, max-video-preview:-1\" \/>\n<link rel=\"canonical\" href=\"https:\/\/positiveprints.com\/pl\/produkt\/niebo-w-dniu-narodzin\/\" \/>\n<meta property=\"og:locale\" content=\"pl_PL\" \/>\n<meta property=\"og:type\" content=\"article\" \/>\n<meta property=\"og:title\" content=\"Niebo w Dniu Narodzin\" \/>\n<meta property=\"og:description\" content=\"Dodaj planety, konstelacje i Drog\u0119 Mleczn\u0105  Spersonalizuj w 3 prostych krokach Dodaj dedykacj\u0119 prosto z serca Interaktywny podgl\u0105d pozwoli dopracowa\u0107 ka\u017cdy szczeg\u00f3\u0142\" \/>\n<meta property=\"og:url\" content=\"https:\/\/positiveprints.com\/pl\/produkt\/niebo-w-dniu-narodzin\/\" \/>\n<meta property=\"og:site_name\" content=\"Positive Prints\" \/>\n<meta property=\"article:publisher\" content=\"https:\/\/www.facebook.com\/positiveprintscom\" \/>\n<meta property=\"article:modified_time\" content=\"2026-04-18T08:12:59+00:00\" \/>\n<meta property=\"og:image\" content=\"https:\/\/positiveprints.com\/wp-content\/uploads\/2024\/10\/Packshot_PL_The-Day-You-Were-Born-product-image.webp\" \/>\n\t<meta property=\"og:image:width\" content=\"1450\" \/>\n\t<meta property=\"og:image:height\" content=\"1450\" \/>\n\t<meta property=\"og:image:type\" content=\"image\/webp\" \/>\n<meta name=\"twitter:card\" content=\"summary_large_image\" \/>\n<meta name=\"twitter:label1\" content=\"Szacowany czas czytania\" \/>\n\t<meta name=\"twitter:data1\" content=\"3 minuty\" \/>\n<!-- \/ Yoast SEO Premium plugin. -->","yoast_head_json":{"title":"Niebo w Dniu Narodzin - Positive Prints","description":"Oryginalny prezent z okazji narodzin? Zaprojektuj personalizowan\u0105 map\u0119 \u201eNiebo w Dniu Narodzin\u201d.","robots":{"index":"index","follow":"follow","max-snippet":"max-snippet:-1","max-image-preview":"max-image-preview:large","max-video-preview":"max-video-preview:-1"},"canonical":"https:\/\/positiveprints.com\/pl\/produkt\/niebo-w-dniu-narodzin\/","og_locale":"pl_PL","og_type":"article","og_title":"Niebo w Dniu Narodzin","og_description":"Dodaj planety, konstelacje i Drog\u0119 Mleczn\u0105  Spersonalizuj w 3 prostych krokach Dodaj dedykacj\u0119 prosto z serca Interaktywny podgl\u0105d pozwoli dopracowa\u0107 ka\u017cdy szczeg\u00f3\u0142","og_url":"https:\/\/positiveprints.com\/pl\/produkt\/niebo-w-dniu-narodzin\/","og_site_name":"Positive Prints","article_publisher":"https:\/\/www.facebook.com\/positiveprintscom","article_modified_time":"2026-04-18T08:12:59+00:00","og_image":[{"width":1450,"height":1450,"url":"https:\/\/positiveprints.com\/wp-content\/uploads\/2024\/10\/Packshot_PL_The-Day-You-Were-Born-product-image.webp","type":"image\/webp"}],"twitter_card":"summary_large_image","twitter_misc":{"Szacowany czas czytania":"3 minuty"},"schema":{"@context":"https:\/\/schema.org","@graph":[{"@type":["WebPage","ItemPage"],"@id":"https:\/\/positiveprints.com\/pl\/produkt\/niebo-w-dniu-narodzin\/","url":"https:\/\/positiveprints.com\/pl\/produkt\/niebo-w-dniu-narodzin\/","name":"Niebo w Dniu Narodzin - Positive Prints","isPartOf":{"@id":"https:\/\/positiveprints.com\/pl\/#website"},"primaryImageOfPage":{"@id":"https:\/\/positiveprints.com\/pl\/produkt\/niebo-w-dniu-narodzin\/#primaryimage"},"image":{"@id":"https:\/\/positiveprints.com\/pl\/produkt\/niebo-w-dniu-narodzin\/#primaryimage"},"thumbnailUrl":"https:\/\/positiveprints.com\/wp-content\/uploads\/2024\/10\/Packshot_PL_The-Day-You-Were-Born-product-image.webp","datePublished":"2021-03-23T07:58:13+00:00","dateModified":"2026-04-18T08:12:59+00:00","description":"Oryginalny prezent z okazji narodzin? Zaprojektuj personalizowan\u0105 map\u0119 \u201eNiebo w Dniu Narodzin\u201d.","breadcrumb":{"@id":"https:\/\/positiveprints.com\/pl\/produkt\/niebo-w-dniu-narodzin\/#breadcrumb"},"inLanguage":"pl-PL","potentialAction":[{"@type":"ReadAction","target":["https:\/\/positiveprints.com\/pl\/produkt\/niebo-w-dniu-narodzin\/"]}]},{"@type":"ImageObject","inLanguage":"pl-PL","@id":"https:\/\/positiveprints.com\/pl\/produkt\/niebo-w-dniu-narodzin\/#primaryimage","url":"https:\/\/positiveprints.com\/wp-content\/uploads\/2024\/10\/Packshot_PL_The-Day-You-Were-Born-product-image.webp","contentUrl":"https:\/\/positiveprints.com\/wp-content\/uploads\/2024\/10\/Packshot_PL_The-Day-You-Were-Born-product-image.webp","width":1450,"height":1450},{"@type":"BreadcrumbList","@id":"https:\/\/positiveprints.com\/pl\/produkt\/niebo-w-dniu-narodzin\/#breadcrumb","itemListElement":[{"@type":"ListItem","position":1,"name":"Home","item":"https:\/\/positiveprints.com\/pl\/"},{"@type":"ListItem","position":2,"name":"Produkty","item":"https:\/\/positiveprints.com\/pl\/shop\/"},{"@type":"ListItem","position":3,"name":"Niebo w Dniu Narodzin"}]},{"@type":"WebSite","@id":"https:\/\/positiveprints.com\/pl\/#website","url":"https:\/\/positiveprints.com\/pl\/","name":"Positive Prints","description":"Amazing Custom Personalized Gifts","publisher":{"@id":"https:\/\/positiveprints.com\/pl\/#organization"},"potentialAction":[{"@type":"SearchAction","target":{"@type":"EntryPoint","urlTemplate":"https:\/\/positiveprints.com\/pl\/?s={search_term_string}"},"query-input":{"@type":"PropertyValueSpecification","valueRequired":true,"valueName":"search_term_string"}}],"inLanguage":"pl-PL"},{"@type":"Organization","@id":"https:\/\/positiveprints.com\/pl\/#organization","name":"Positive Prints","alternateName":"Positive Prints","url":"https:\/\/positiveprints.com\/pl\/","logo":{"@type":"ImageObject","inLanguage":"pl-PL","@id":"https:\/\/positiveprints.com\/pl\/#\/schema\/logo\/image\/","url":"https:\/\/positiveprints.com\/wp-content\/uploads\/2026\/03\/245815646_1337939713319158_5671353136411139666_n.png","contentUrl":"https:\/\/positiveprints.com\/wp-content\/uploads\/2026\/03\/245815646_1337939713319158_5671353136411139666_n.png","width":800,"height":800,"caption":"Positive Prints"},"image":{"@id":"https:\/\/positiveprints.com\/pl\/#\/schema\/logo\/image\/"},"sameAs":["https:\/\/www.facebook.com\/positiveprintscom","https:\/\/www.instagram.com\/positiveprintscom\/","https:\/\/www.tiktok.com\/@positiveprintscom","https:\/\/www.pinterest.com\/positiveprintscom\/"]}]}},"jetpack_sharing_enabled":true,"_links":{"self":[{"href":"https:\/\/positiveprints.com\/pl\/wp-json\/wp\/v2\/product\/199107","targetHints":{"allow":["GET"]}}],"collection":[{"href":"https:\/\/positiveprints.com\/pl\/wp-json\/wp\/v2\/product"}],"about":[{"href":"https:\/\/positiveprints.com\/pl\/wp-json\/wp\/v2\/types\/product"}],"wp:featuredmedia":[{"embeddable":true,"href":"https:\/\/positiveprints.com\/pl\/wp-json\/wp\/v2\/media\/1225903"}],"wp:attachment":[{"href":"https:\/\/positiveprints.com\/pl\/wp-json\/wp\/v2\/media?parent=199107"}],"wp:term":[{"taxonomy":"product_brand","embeddable":true,"href":"https:\/\/positiveprints.com\/pl\/wp-json\/wp\/v2\/product_brand?post=199107"},{"taxonomy":"product_cat","embeddable":true,"href":"https:\/\/positiveprints.com\/pl\/wp-json\/wp\/v2\/product_cat?post=199107"},{"taxonomy":"product_tag","embeddable":true,"href":"https:\/\/positiveprints.com\/pl\/wp-json\/wp\/v2\/product_tag?post=199107"}],"curies":[{"name":"wp","href":"https:\/\/api.w.org\/{rel}","templated":true}]}}