{"id":1712390,"date":"2026-05-06T09:47:48","date_gmt":"2026-05-06T08:47:48","guid":{"rendered":"https:\/\/positiveprints.com\/?post_type=product&#038;p=1712390"},"modified":"2026-05-17T12:57:43","modified_gmt":"2026-05-17T11:57:43","slug":"personalizowana-mapa-ze-zdjeciem","status":"publish","type":"product","link":"https:\/\/positiveprints.com\/pl\/produkt\/personalizowana-mapa-ze-zdjeciem\/","title":{"rendered":"Personalizowana mapa ze zdj\u0119ciem"},"content":{"rendered":"","protected":false},"excerpt":{"rendered":"<ul class=\"check-list\">\n<li>Dodaj w\u0142asne zdj\u0119cie i zaznacz wa\u017cn\u0105 lokalizacj\u0119 wybranym symbolem<\/li>\n<li>Spersonalizuj w 3 prostych krokach<\/li>\n<li>Wybierz szablon lub stw\u00f3rz co\u015b w\u0142asnego<\/li>\n<li>Interaktywny podgl\u0105d pozwoli dopracowa\u0107 ka\u017cdy szczeg\u00f3\u0142<\/li>\n<\/ul>\n","protected":false},"featured_media":1712846,"template":"","meta":[],"product_brand":[],"product_cat":[7188,99],"product_tag":[14956],"class_list":{"0":"post-1712390","1":"product","2":"type-product","3":"status-publish","4":"has-post-thumbnail","6":"product_cat-map-pl","7":"product_cat-wszystkie-produkty","8":"product_tag-creators-pl-2","10":"first","11":"instock","12":"sale","13":"taxable","14":"shipping-taxable","15":"purchasable","16":"product-type-variable"},"yoast_head":"<!-- This site is optimized with the Yoast SEO Premium plugin v27.2 (Yoast SEO v27.2) - https:\/\/yoast.com\/product\/yoast-seo-premium-wordpress\/ -->\n<title>Personalizowana mapa ze zdj\u0119ciem - Positive Prints<\/title>\n<meta name=\"description\" content=\"Stw\u00f3rz w\u0142asn\u0105 map\u0119 ze zdj\u0119ciem, aby uchwyci\u0107 wyj\u0105tkowe miejsce. Idealny prezent na rocznic\u0119, Walentynki lub urodziny.\" \/>\n<meta name=\"robots\" content=\"index, follow, max-snippet:-1, max-image-preview:large, max-video-preview:-1\" \/>\n<link rel=\"canonical\" href=\"https:\/\/positiveprints.com\/pl\/produkt\/personalizowana-mapa-ze-zdjeciem\/\" \/>\n<meta property=\"og:locale\" content=\"pl_PL\" \/>\n<meta property=\"og:type\" content=\"article\" \/>\n<meta property=\"og:title\" content=\"Personalizowana mapa ze zdj\u0119ciem\" \/>\n<meta property=\"og:description\" content=\"Dodaj w\u0142asne zdj\u0119cie i zaznacz wa\u017cn\u0105 lokalizacj\u0119 wybranym symbolem Spersonalizuj w 3 prostych krokach Wybierz szablon lub stw\u00f3rz co\u015b w\u0142asnego Interaktywny podgl\u0105d pozwoli dopracowa\u0107 ka\u017cdy szczeg\u00f3\u0142\" \/>\n<meta property=\"og:url\" content=\"https:\/\/positiveprints.com\/pl\/produkt\/personalizowana-mapa-ze-zdjeciem\/\" \/>\n<meta property=\"og:site_name\" content=\"Positive Prints\" \/>\n<meta property=\"article:publisher\" content=\"https:\/\/www.facebook.com\/positiveprintscom\" \/>\n<meta property=\"article:modified_time\" content=\"2026-05-17T11:57:43+00:00\" \/>\n<meta property=\"og:image\" content=\"https:\/\/positiveprints.com\/wp-content\/uploads\/2026\/05\/Packshot_PL_XX-Personalizowana-mapa-ze-zdjeciem.webp\" \/>\n\t<meta property=\"og:image:width\" content=\"1450\" \/>\n\t<meta property=\"og:image:height\" content=\"1450\" \/>\n\t<meta property=\"og:image:type\" content=\"image\/webp\" \/>\n<meta name=\"twitter:card\" content=\"summary_large_image\" \/>\n<!-- \/ Yoast SEO Premium plugin. -->","yoast_head_json":{"title":"Personalizowana mapa ze zdj\u0119ciem - Positive Prints","description":"Stw\u00f3rz w\u0142asn\u0105 map\u0119 ze zdj\u0119ciem, aby uchwyci\u0107 wyj\u0105tkowe miejsce. Idealny prezent na rocznic\u0119, Walentynki lub urodziny.","robots":{"index":"index","follow":"follow","max-snippet":"max-snippet:-1","max-image-preview":"max-image-preview:large","max-video-preview":"max-video-preview:-1"},"canonical":"https:\/\/positiveprints.com\/pl\/produkt\/personalizowana-mapa-ze-zdjeciem\/","og_locale":"pl_PL","og_type":"article","og_title":"Personalizowana mapa ze zdj\u0119ciem","og_description":"Dodaj w\u0142asne zdj\u0119cie i zaznacz wa\u017cn\u0105 lokalizacj\u0119 wybranym symbolem Spersonalizuj w 3 prostych krokach Wybierz szablon lub stw\u00f3rz co\u015b w\u0142asnego Interaktywny podgl\u0105d pozwoli dopracowa\u0107 ka\u017cdy szczeg\u00f3\u0142","og_url":"https:\/\/positiveprints.com\/pl\/produkt\/personalizowana-mapa-ze-zdjeciem\/","og_site_name":"Positive Prints","article_publisher":"https:\/\/www.facebook.com\/positiveprintscom","article_modified_time":"2026-05-17T11:57:43+00:00","og_image":[{"width":1450,"height":1450,"url":"https:\/\/positiveprints.com\/wp-content\/uploads\/2026\/05\/Packshot_PL_XX-Personalizowana-mapa-ze-zdjeciem.webp","type":"image\/webp"}],"twitter_card":"summary_large_image","schema":{"@context":"https:\/\/schema.org","@graph":[{"@type":["WebPage","ItemPage"],"@id":"https:\/\/positiveprints.com\/pl\/produkt\/personalizowana-mapa-ze-zdjeciem\/","url":"https:\/\/positiveprints.com\/pl\/produkt\/personalizowana-mapa-ze-zdjeciem\/","name":"Personalizowana mapa ze zdj\u0119ciem - Positive Prints","isPartOf":{"@id":"https:\/\/positiveprints.com\/pl\/#website"},"primaryImageOfPage":{"@id":"https:\/\/positiveprints.com\/pl\/produkt\/personalizowana-mapa-ze-zdjeciem\/#primaryimage"},"image":{"@id":"https:\/\/positiveprints.com\/pl\/produkt\/personalizowana-mapa-ze-zdjeciem\/#primaryimage"},"thumbnailUrl":"https:\/\/positiveprints.com\/wp-content\/uploads\/2026\/05\/Packshot_PL_XX-Personalizowana-mapa-ze-zdjeciem.webp","datePublished":"2026-05-06T08:47:48+00:00","dateModified":"2026-05-17T11:57:43+00:00","description":"Stw\u00f3rz w\u0142asn\u0105 map\u0119 ze zdj\u0119ciem, aby uchwyci\u0107 wyj\u0105tkowe miejsce. Idealny prezent na rocznic\u0119, Walentynki lub urodziny.","breadcrumb":{"@id":"https:\/\/positiveprints.com\/pl\/produkt\/personalizowana-mapa-ze-zdjeciem\/#breadcrumb"},"inLanguage":"pl-PL","potentialAction":[{"@type":"ReadAction","target":["https:\/\/positiveprints.com\/pl\/produkt\/personalizowana-mapa-ze-zdjeciem\/"]}]},{"@type":"ImageObject","inLanguage":"pl-PL","@id":"https:\/\/positiveprints.com\/pl\/produkt\/personalizowana-mapa-ze-zdjeciem\/#primaryimage","url":"https:\/\/positiveprints.com\/wp-content\/uploads\/2026\/05\/Packshot_PL_XX-Personalizowana-mapa-ze-zdjeciem.webp","contentUrl":"https:\/\/positiveprints.com\/wp-content\/uploads\/2026\/05\/Packshot_PL_XX-Personalizowana-mapa-ze-zdjeciem.webp","width":1450,"height":1450},{"@type":"BreadcrumbList","@id":"https:\/\/positiveprints.com\/pl\/produkt\/personalizowana-mapa-ze-zdjeciem\/#breadcrumb","itemListElement":[{"@type":"ListItem","position":1,"name":"Home","item":"https:\/\/positiveprints.com\/pl\/"},{"@type":"ListItem","position":2,"name":"Produkty","item":"https:\/\/positiveprints.com\/pl\/shop\/"},{"@type":"ListItem","position":3,"name":"Personalizowana mapa ze zdj\u0119ciem"}]},{"@type":"WebSite","@id":"https:\/\/positiveprints.com\/pl\/#website","url":"https:\/\/positiveprints.com\/pl\/","name":"Positive Prints","description":"Amazing Custom Personalized Gifts","publisher":{"@id":"https:\/\/positiveprints.com\/pl\/#organization"},"potentialAction":[{"@type":"SearchAction","target":{"@type":"EntryPoint","urlTemplate":"https:\/\/positiveprints.com\/pl\/?s={search_term_string}"},"query-input":{"@type":"PropertyValueSpecification","valueRequired":true,"valueName":"search_term_string"}}],"inLanguage":"pl-PL"},{"@type":"Organization","@id":"https:\/\/positiveprints.com\/pl\/#organization","name":"Positive Prints","alternateName":"Positive Prints","url":"https:\/\/positiveprints.com\/pl\/","logo":{"@type":"ImageObject","inLanguage":"pl-PL","@id":"https:\/\/positiveprints.com\/pl\/#\/schema\/logo\/image\/","url":"https:\/\/positiveprints.com\/wp-content\/uploads\/2026\/03\/245815646_1337939713319158_5671353136411139666_n.png","contentUrl":"https:\/\/positiveprints.com\/wp-content\/uploads\/2026\/03\/245815646_1337939713319158_5671353136411139666_n.png","width":800,"height":800,"caption":"Positive Prints"},"image":{"@id":"https:\/\/positiveprints.com\/pl\/#\/schema\/logo\/image\/"},"sameAs":["https:\/\/www.facebook.com\/positiveprintscom","https:\/\/www.instagram.com\/positiveprintscom\/","https:\/\/www.tiktok.com\/@positiveprintscom","https:\/\/www.pinterest.com\/positiveprintscom\/"]}]}},"jetpack_sharing_enabled":true,"_links":{"self":[{"href":"https:\/\/positiveprints.com\/pl\/wp-json\/wp\/v2\/product\/1712390","targetHints":{"allow":["GET"]}}],"collection":[{"href":"https:\/\/positiveprints.com\/pl\/wp-json\/wp\/v2\/product"}],"about":[{"href":"https:\/\/positiveprints.com\/pl\/wp-json\/wp\/v2\/types\/product"}],"wp:featuredmedia":[{"embeddable":true,"href":"https:\/\/positiveprints.com\/pl\/wp-json\/wp\/v2\/media\/1712846"}],"wp:attachment":[{"href":"https:\/\/positiveprints.com\/pl\/wp-json\/wp\/v2\/media?parent=1712390"}],"wp:term":[{"taxonomy":"product_brand","embeddable":true,"href":"https:\/\/positiveprints.com\/pl\/wp-json\/wp\/v2\/product_brand?post=1712390"},{"taxonomy":"product_cat","embeddable":true,"href":"https:\/\/positiveprints.com\/pl\/wp-json\/wp\/v2\/product_cat?post=1712390"},{"taxonomy":"product_tag","embeddable":true,"href":"https:\/\/positiveprints.com\/pl\/wp-json\/wp\/v2\/product_tag?post=1712390"}],"curies":[{"name":"wp","href":"https:\/\/api.w.org\/{rel}","templated":true}]}}