{"id":166442,"date":"2021-09-06T12:51:19","date_gmt":"2021-09-06T11:51:19","guid":{"rendered":"https:\/\/positiveprints.com\/product\/romantyczny-plakat-dla-pary\/"},"modified":"2026-04-18T08:06:14","modified_gmt":"2026-04-18T07:06:14","slug":"romantyczny-plakat-dla-pary","status":"publish","type":"product","link":"https:\/\/positiveprints.com\/pl\/produkt\/romantyczny-plakat-dla-pary\/","title":{"rendered":"Romantyczny Plakat dla Pary"},"content":{"rendered":"<p>Najpierw spotkanie, potem pierwszy poca\u0142unek i zanim si\u0119 obejrzeli\u015bcie, nie mogli\u015bcie ju\u017c bez siebie \u017cy\u0107! Utrwal najpi\u0119kniejsze wspomnienia dla Waszego zwi\u0105zku w niecodzienny spos\u00f3b. Zam\u00f3w Romantyczny Plakat Dla Pary. <\/p>\r\n\r\n\r\n\r\n<h2 class=\"grenB f24 cblue\" style=\"margin-top: 3rem\">Czym wyr\u00f3\u017cnia si\u0119 Romantyczny Plakat Dla Pary?<\/h2>\r\n\r\n\r\n\r\n<p style=\"margin-top: 1rem\">Romantyczny Plakat Dla Pary to kompilacja 3 map, u\u0142o\u017conych jedna obok drugiej, przedstawiaj\u0105cych wa\u017cne miejsca i momenty w Waszej relacji: miejsce pierwszego spotkania, pierwszego poca\u0142unku oraz miejsce, w kt\u00f3rym zdecydowali\u015bcie si\u0119 wsp\u00f3lnie kontynuowa\u0107 Wasze \u017cycie.<\/p>\r\n\r\n\r\n\r\n<p style=\"margin-top: 1rem\">Ka\u017cda z 3 map jest indywidualnie podpisana. Ty sam decydujesz co umie\u015bci\u0107 w podpisie: miejsce, dat\u0119 lub inny istotny dla Was szczeg\u00f3\u0142. Dodatkowo mo\u017cesz ustawi\u0107 symbol w kszta\u0142cie serca, kt\u00f3ry dok\u0142adnie b\u0119dzie wskazywa\u0142 wybrane miejsce. <\/p>\r\n\r\n\r\n\r\n<h2 class=\"grenB f24 cblue\" style=\"margin-top: 3rem\">Wybierz Romantyczny Plakat Dla Pary<\/h2>\r\n\r\n\r\n\r\n<p style=\"margin-top: 1rem\">Dodatek do pier\u015bcionka w postaci plakatu? Wybierz taki, kt\u00f3ry wyr\u00f3\u017cnia najwa\u017cniejsze momenty w Waszym zwi\u0105zku. To idealny pomys\u0142, je\u015bli w\u0142a\u015bnie zamierzasz si\u0119 o\u015bwiadczy\u0107. <\/p>\r\n\r\n\r\n\r\n<p style=\"margin-top: 1rem\">Taki plakat to tak\u017ce \u015bwietny prezent z okazji zar\u0119czyn dla Twoich dzieci, przyjaci\u00f3\u0142 lub innej pary, bliskiej Twojemu sercu. Personalizacja z pewno\u015bci\u0105 przypadnie do gustu nowo\u017ce\u0144com.  <\/p>\r\n\r\n\r\n\r\n\r\n\r\n<h2 class=\"grenB f24 cblue\" style=\"margin-top: 3rem\">Jak zaprojektowa\u0107 Romantyczny Plakat Dla Pary?<\/h2>\r\n\r\n\r\n\r\n<p style=\"margin-top: 1rem\">Projektuj\u0105c sw\u00f3j plakat na Positive Prints mo\u017cesz poczu\u0107 si\u0119 jak profesjonalista. Bez obaw \u2013 nasz 3-etapowy proces edycji jest intuicyjny i nie zabierze Ci wiele czasu. Sprawd\u017a poszczeg\u00f3lne kroki:<\/p>\r\n\r\n\r\n\r\n<h3 class=\"grenB f18 cblue\" style=\"margin-top: 3rem\">Krok 1: Wybierz wz\u00f3r<\/h3>\r\n\r\n\r\n\r\n<p style=\"margin-top: 1rem\">Nasz zesp\u00f3\u0142 zaprojektowa\u0142 kilka wzor\u00f3w, kt\u00f3re naszym zdaniem przypadn\u0105 Ci do gustu. Mo\u017cesz wybiera\u0107 spo\u015br\u00f3d kilku kszta\u0142t\u00f3w oraz wersji kolorystycznych map. Je\u015bli masz w sobie dusz\u0119 artysty, samodzielnie dobierz kolorystyk\u0119.<\/p>\r\n\r\n\r\n\r\n<h3 class=\"grenB f18 cblue\" style=\"margin-top: 3rem\">Krok 2: Uzupe\u0142nij detale<\/h3>\r\n\r\n\r\n\r\n<p style=\"margin-top: 1rem\">Po wybraniu stylu poprosimy Ci\u0119 o uzupe\u0142nienie informacji, kt\u00f3re stan\u0105 si\u0119 baz\u0105 dla map. Podaj miejsca, kt\u00f3re chcesz oznaczy\u0107 na mapach, podpisz ka\u017cde z nich, a je\u015bli chcesz, dodaj r\u00f3wnie\u017c marker dla dok\u0142adnej lokalizacji. <\/p>\r\n\r\n\r\n\r\n<p style=\"margin-top: 1rem\">Nasi Klienci najcz\u0119\u015bciej wybieraj\u0105 pierwsze spotkanie, pierwszy poca\u0142unek oraz zar\u0119czyny, ale Ty mo\u017cesz oznaczy\u0107 dowolne momenty, kt\u00f3re wywo\u0142uj\u0105 u\u015bmiech na Twojej twarzy. Nic nie stoi na przeszkodzie, aby\u015b oznaczy\u0142 lokalizacj\u0119 pierwszego wsp\u00f3lnego mieszkania lub pierwszej randki. <\/p>\r\n\r\n\r\n\r\n<h3 class=\"grenB f18 cblue\" style=\"margin-top: 3rem\">Krok 3: Wybierz spos\u00f3b dostawy<\/h3>\r\n\r\n\r\n\r\n<p style=\"margin-top: 1rem\">Positive Prints oferuje wysy\u0142k\u0119 na ca\u0142y \u015bwiat, bez wzgl\u0119du na to, czy wybierzesz drukowany plakat, wydruk na p\u0142\u00f3tnie, czy plakat w ramie. Je\u015bli potrzebujesz prezentu na ostatni\u0105 chwil\u0119, wybierz opcj\u0119 pliku cyfrowego i wydrukuj plakat na w\u0142asn\u0105 r\u0119k\u0119. <\/p>\r\n\r\n\r\n\r\n<h2 class=\"grenB f24 cblue\" style=\"margin-top: 3rem\">Personalizowany plakat to prezent, kt\u00f3ry skradnie serce Twojej mi\u0142o\u015bci!<\/h2>\r\n\r\n\r\n\r\n<p style=\"margin-top: 1rem\">Osoba, kt\u00f3ra zajmuje wyj\u0105tkowe miejsce w Twoim \u017cyciu, powinna by\u0107 obdarowywana wyj\u0105tkowymi upominkami. Podaruj Romantyczny Plakat Dla Pary z okazji zar\u0119czyn!<\/p>","protected":false},"excerpt":{"rendered":"<ul class=\"check-list\">\n<li>Prze\u017cyj na nowo trzy kluczowe momenty Waszej relacji <\/li>\n<li>Wyr\u00f3\u017cnij szczeg\u00f3lne lokalizacje za pomoc\u0105 symbolu<\/li>\n<li>Spersonalizuj w 3 prostych krokach<\/li>\n<li>U\u017cyj jednego z naszych szablon\u00f3w lub stw\u00f3rz w\u0142asny<\/li>\n<li>Interaktywny podgl\u0105d pozwoli dopracowa\u0107 ka\u017cdy szczeg\u00f3\u0142<\/li>\n<\/ul>\n","protected":false},"featured_media":1469197,"template":"","meta":[],"product_brand":[],"product_cat":[7690,8010,7225,99,5279],"product_tag":[8437],"class_list":{"0":"post-166442","1":"product","2":"type-product","3":"status-publish","4":"has-post-thumbnail","6":"product_cat-prezent-dla-kobiety","7":"product_cat-prezent-dla-mezczyzny","8":"product_cat-triple-maps-pl","9":"product_cat-wszystkie-produkty","10":"product_cat-prezent-na-zareczyny","11":"product_tag-zareczyny","13":"first","14":"instock","15":"sale","16":"taxable","17":"shipping-taxable","18":"purchasable","19":"product-type-variable"},"yoast_head":"<!-- This site is optimized with the Yoast SEO Premium plugin v27.2 (Yoast SEO v27.2) - https:\/\/yoast.com\/product\/yoast-seo-premium-wordpress\/ -->\n<title>Romantyczny Plakat Dla Pary - Personalizowany Prezent - Positive Prints<\/title>\n<meta name=\"description\" content=\"Utrwal najpi\u0119kniejsze wspomnienia dla Waszego zwi\u0105zku w niecodzienny spos\u00f3b. Zam\u00f3w Romantyczny Plakat Dla Pary.\" \/>\n<meta name=\"robots\" content=\"index, follow, max-snippet:-1, max-image-preview:large, max-video-preview:-1\" \/>\n<link rel=\"canonical\" href=\"https:\/\/positiveprints.com\/pl\/produkt\/romantyczny-plakat-dla-pary\/\" \/>\n<meta property=\"og:locale\" content=\"pl_PL\" \/>\n<meta property=\"og:type\" content=\"article\" \/>\n<meta property=\"og:title\" content=\"Romantyczny Plakat dla Pary\" \/>\n<meta property=\"og:description\" content=\"Prze\u017cyj na nowo trzy kluczowe momenty Waszej relacji   Wyr\u00f3\u017cnij szczeg\u00f3lne lokalizacje za pomoc\u0105 symbolu  Spersonalizuj w 3 prostych krokach  U\u017cyj jednego z naszych szablon\u00f3w lub stw\u00f3rz w\u0142asny  Interaktywny podgl\u0105d pozwoli dopracowa\u0107 ka\u017cdy szczeg\u00f3\u0142\" \/>\n<meta property=\"og:url\" content=\"https:\/\/positiveprints.com\/pl\/produkt\/romantyczny-plakat-dla-pary\/\" \/>\n<meta property=\"og:site_name\" content=\"Positive Prints\" \/>\n<meta property=\"article:publisher\" content=\"https:\/\/www.facebook.com\/positiveprintscom\" \/>\n<meta property=\"article:modified_time\" content=\"2026-04-18T07:06:14+00:00\" \/>\n<meta property=\"og:image\" content=\"https:\/\/positiveprints.com\/wp-content\/uploads\/2025\/07\/Packshot_PL_Romantyczny-Plakat-dla-Pary.webp\" \/>\n\t<meta property=\"og:image:width\" content=\"1450\" \/>\n\t<meta property=\"og:image:height\" content=\"1450\" \/>\n\t<meta property=\"og:image:type\" content=\"image\/webp\" \/>\n<meta name=\"twitter:card\" content=\"summary_large_image\" \/>\n<meta name=\"twitter:label1\" content=\"Szacowany czas czytania\" \/>\n\t<meta name=\"twitter:data1\" content=\"2 minuty\" \/>\n<!-- \/ Yoast SEO Premium plugin. -->","yoast_head_json":{"title":"Romantyczny Plakat Dla Pary - Personalizowany Prezent - Positive Prints","description":"Utrwal najpi\u0119kniejsze wspomnienia dla Waszego zwi\u0105zku w niecodzienny spos\u00f3b. Zam\u00f3w Romantyczny Plakat Dla Pary.","robots":{"index":"index","follow":"follow","max-snippet":"max-snippet:-1","max-image-preview":"max-image-preview:large","max-video-preview":"max-video-preview:-1"},"canonical":"https:\/\/positiveprints.com\/pl\/produkt\/romantyczny-plakat-dla-pary\/","og_locale":"pl_PL","og_type":"article","og_title":"Romantyczny Plakat dla Pary","og_description":"Prze\u017cyj na nowo trzy kluczowe momenty Waszej relacji   Wyr\u00f3\u017cnij szczeg\u00f3lne lokalizacje za pomoc\u0105 symbolu  Spersonalizuj w 3 prostych krokach  U\u017cyj jednego z naszych szablon\u00f3w lub stw\u00f3rz w\u0142asny  Interaktywny podgl\u0105d pozwoli dopracowa\u0107 ka\u017cdy szczeg\u00f3\u0142","og_url":"https:\/\/positiveprints.com\/pl\/produkt\/romantyczny-plakat-dla-pary\/","og_site_name":"Positive Prints","article_publisher":"https:\/\/www.facebook.com\/positiveprintscom","article_modified_time":"2026-04-18T07:06:14+00:00","og_image":[{"width":1450,"height":1450,"url":"https:\/\/positiveprints.com\/wp-content\/uploads\/2025\/07\/Packshot_PL_Romantyczny-Plakat-dla-Pary.webp","type":"image\/webp"}],"twitter_card":"summary_large_image","twitter_misc":{"Szacowany czas czytania":"2 minuty"},"schema":{"@context":"https:\/\/schema.org","@graph":[{"@type":["WebPage","ItemPage"],"@id":"https:\/\/positiveprints.com\/pl\/produkt\/romantyczny-plakat-dla-pary\/","url":"https:\/\/positiveprints.com\/pl\/produkt\/romantyczny-plakat-dla-pary\/","name":"Romantyczny Plakat Dla Pary - Personalizowany Prezent - Positive Prints","isPartOf":{"@id":"https:\/\/positiveprints.com\/pl\/#website"},"primaryImageOfPage":{"@id":"https:\/\/positiveprints.com\/pl\/produkt\/romantyczny-plakat-dla-pary\/#primaryimage"},"image":{"@id":"https:\/\/positiveprints.com\/pl\/produkt\/romantyczny-plakat-dla-pary\/#primaryimage"},"thumbnailUrl":"https:\/\/positiveprints.com\/wp-content\/uploads\/2025\/07\/Packshot_PL_Romantyczny-Plakat-dla-Pary.webp","datePublished":"2021-09-06T11:51:19+00:00","dateModified":"2026-04-18T07:06:14+00:00","description":"Utrwal najpi\u0119kniejsze wspomnienia dla Waszego zwi\u0105zku w niecodzienny spos\u00f3b. Zam\u00f3w Romantyczny Plakat Dla Pary.","breadcrumb":{"@id":"https:\/\/positiveprints.com\/pl\/produkt\/romantyczny-plakat-dla-pary\/#breadcrumb"},"inLanguage":"pl-PL","potentialAction":[{"@type":"ReadAction","target":["https:\/\/positiveprints.com\/pl\/produkt\/romantyczny-plakat-dla-pary\/"]}]},{"@type":"ImageObject","inLanguage":"pl-PL","@id":"https:\/\/positiveprints.com\/pl\/produkt\/romantyczny-plakat-dla-pary\/#primaryimage","url":"https:\/\/positiveprints.com\/wp-content\/uploads\/2025\/07\/Packshot_PL_Romantyczny-Plakat-dla-Pary.webp","contentUrl":"https:\/\/positiveprints.com\/wp-content\/uploads\/2025\/07\/Packshot_PL_Romantyczny-Plakat-dla-Pary.webp","width":1450,"height":1450},{"@type":"BreadcrumbList","@id":"https:\/\/positiveprints.com\/pl\/produkt\/romantyczny-plakat-dla-pary\/#breadcrumb","itemListElement":[{"@type":"ListItem","position":1,"name":"Home","item":"https:\/\/positiveprints.com\/pl\/"},{"@type":"ListItem","position":2,"name":"Produkty","item":"https:\/\/positiveprints.com\/pl\/shop\/"},{"@type":"ListItem","position":3,"name":"Romantyczny Plakat dla Pary"}]},{"@type":"WebSite","@id":"https:\/\/positiveprints.com\/pl\/#website","url":"https:\/\/positiveprints.com\/pl\/","name":"Positive Prints","description":"Amazing Custom Personalized Gifts","publisher":{"@id":"https:\/\/positiveprints.com\/pl\/#organization"},"potentialAction":[{"@type":"SearchAction","target":{"@type":"EntryPoint","urlTemplate":"https:\/\/positiveprints.com\/pl\/?s={search_term_string}"},"query-input":{"@type":"PropertyValueSpecification","valueRequired":true,"valueName":"search_term_string"}}],"inLanguage":"pl-PL"},{"@type":"Organization","@id":"https:\/\/positiveprints.com\/pl\/#organization","name":"Positive Prints","alternateName":"Positive Prints","url":"https:\/\/positiveprints.com\/pl\/","logo":{"@type":"ImageObject","inLanguage":"pl-PL","@id":"https:\/\/positiveprints.com\/pl\/#\/schema\/logo\/image\/","url":"https:\/\/positiveprints.com\/wp-content\/uploads\/2026\/03\/245815646_1337939713319158_5671353136411139666_n.png","contentUrl":"https:\/\/positiveprints.com\/wp-content\/uploads\/2026\/03\/245815646_1337939713319158_5671353136411139666_n.png","width":800,"height":800,"caption":"Positive Prints"},"image":{"@id":"https:\/\/positiveprints.com\/pl\/#\/schema\/logo\/image\/"},"sameAs":["https:\/\/www.facebook.com\/positiveprintscom","https:\/\/www.instagram.com\/positiveprintscom\/","https:\/\/www.tiktok.com\/@positiveprintscom","https:\/\/www.pinterest.com\/positiveprintscom\/"]}]}},"jetpack_sharing_enabled":true,"_links":{"self":[{"href":"https:\/\/positiveprints.com\/pl\/wp-json\/wp\/v2\/product\/166442","targetHints":{"allow":["GET"]}}],"collection":[{"href":"https:\/\/positiveprints.com\/pl\/wp-json\/wp\/v2\/product"}],"about":[{"href":"https:\/\/positiveprints.com\/pl\/wp-json\/wp\/v2\/types\/product"}],"wp:featuredmedia":[{"embeddable":true,"href":"https:\/\/positiveprints.com\/pl\/wp-json\/wp\/v2\/media\/1469197"}],"wp:attachment":[{"href":"https:\/\/positiveprints.com\/pl\/wp-json\/wp\/v2\/media?parent=166442"}],"wp:term":[{"taxonomy":"product_brand","embeddable":true,"href":"https:\/\/positiveprints.com\/pl\/wp-json\/wp\/v2\/product_brand?post=166442"},{"taxonomy":"product_cat","embeddable":true,"href":"https:\/\/positiveprints.com\/pl\/wp-json\/wp\/v2\/product_cat?post=166442"},{"taxonomy":"product_tag","embeddable":true,"href":"https:\/\/positiveprints.com\/pl\/wp-json\/wp\/v2\/product_tag?post=166442"}],"curies":[{"name":"wp","href":"https:\/\/api.w.org\/{rel}","templated":true}]}}