{"id":166237,"date":"2021-03-23T11:22:30","date_gmt":"2021-03-23T10:22:30","guid":{"rendered":"https:\/\/positiveprints.com\/product\/mapa-nieba-na-rocznice\/"},"modified":"2026-04-18T09:09:38","modified_gmt":"2026-04-18T08:09:38","slug":"mapa-nieba-na-rocznice","status":"publish","type":"product","link":"https:\/\/positiveprints.com\/pl\/produkt\/mapa-nieba-na-rocznice\/","title":{"rendered":"Mapa Nieba na Rocznic\u0119"},"content":{"rendered":"<p>Bez wzgl\u0119du na sta\u017c zwi\u0105zku, rocznica \u015blubu to wa\u017cny pow\u00f3d do \u015bwi\u0119towania. Spraw swojej drugiej po\u0142\u00f3wce niespodziank\u0119 i zam\u00f3w Map\u0119 Nieba na prezent. <\/p>\n<h2 class=\"grenB f24 cblue\" style=\"margin-top: 3rem\">Zbli\u017ca si\u0119 Twoja rocznica \u015blubu?<\/h2>\n<p style=\"margin-top: 1rem\">Przed nadchodz\u0105c\u0105 rocznic\u0105 \u015blubu zawsze powstaje ten sam dylemat: jak uczci\u0107 ten wa\u017cny dzie\u0144 w wyj\u0105tkowy spos\u00f3b? Kwiaty i czekoladki to zbyt standardowe upominki, a egzotyczna wycieczka i kolacja przy \u015bwiecach to prezenty z ubieg\u0142ych lat. Mapa Nieba na rocznic\u0119 \u015blubu to prezent oryginalny i z pewno\u015bci\u0105 niezapomniany!<\/p>\n<p style=\"margin-top: 1rem\">Ka\u017cda historia mi\u0142o\u015bci dwojga ludzi jest niezwyk\u0142a. Wyr\u00f3\u017cnia j\u0105 mi\u0119dzy innymi data. Data pierwszego spotkania, pierwszej randki, data zar\u0119czyn lub data \u015blubu. Mapa Gwiazd to rewelacyjny spos\u00f3b na to, \u017ceby utrwali\u0107 Wasz\u0105 histori\u0119 w unikalny spos\u00f3b. Wybierz dat\u0119 Waszego \u015blubu i sprawd\u017a, jak u\u0142o\u017cy\u0142y si\u0119 dla Was gwiazdy. To one by\u0142y \u015bwiadkami tego niezwyk\u0142ego wydarzenia, towarzysz\u0105c Waszym bliskim tej pi\u0119knej nocy. Skorzystaj z okazji, aby zabra\u0107 wycinek nieba do swojego domu i zatrzyma\u0107 t\u0119 chwil\u0119 w pami\u0119ci na zawsze. <\/p>\n<h2 class=\"grenB f24 cblue\" style=\"margin-top: 3rem\">Czemu Mapa Nieba na Rocznic\u0119 jest tak wyj\u0105tkowa?<\/h2>\n<p style=\"margin-top: 1rem\">Personalizowana Mapa Gwiazd to wyj\u0105tkowy prezent na ka\u017cd\u0105 okazj\u0119. Nie ma drugiej takiej samej mapy \u2013 nawet je\u015bli u\u017cyjesz tego samego stylu i kolorystyki, co kto\u015b inny. A to dlatego, \u017ce moment Waszego \u015blubu, uchwycony na mapie, by\u0142 jedyny w swoim rodzaju. Dlatego zawsze pytamy o dat\u0119, lokalizacj\u0119, a nawet czas wydarzenia.   <\/p>\n<p style=\"margin-top: 1rem\">Podczas projektowania Mapy Nieba na Rocznic\u0119 masz pe\u0142n\u0105 kontrol\u0119 nad jej wygl\u0105dem i tym jaki przekaz ze sob\u0105 niesie. Zesp\u00f3\u0142 Positive Prints zaprojektowa\u0142 kilka wzor\u00f3w, kt\u00f3re mog\u0105 przypa\u015b\u0107 Ci do gustu. Wybierz jeden z nich lub samodzielnie dobierz kolorystyk\u0119. Nast\u0119pnie dodaj ulubiony cytat albo dedykacj\u0119. Na ko\u0144cu zdecyduj o rozmiarze, orientacji wydruku oraz jego formacie (drukowany plakat, wydruk na p\u0142\u00f3tnie, plakat w ramie). <\/p>\n<p style=\"margin-top: 1rem\">Sp\u00f3jrzmy prawdzie w oczy \u2013 tym, co czyni ten plakat tak wyj\u0105tkowym, jest przede wszystkim to, jakie uczucia wywo\u0142uje. Zw\u0142aszcza w\u015br\u00f3d os\u00f3b, kt\u00f3re otrzymaj\u0105 go w prezencie. To nie jest zwyk\u0142a rzecz z p\u00f3\u0142ki sklepowej. To personalizowany podarunek, przygotowywany specjalnie z my\u015bl\u0105 o mi\u0142o\u015bci Twojego \u017cycia. To prezent niespodziewany, ale taki, kt\u00f3ry zawsze spotyka si\u0119 z wdzi\u0119czno\u015bci\u0105 i wzruszeniem. <\/p>\n<h2 class=\"grenB f24 cblue\" style=\"margin-top: 3rem\">Jak przygotowa\u0107 Map\u0119 Nieba na rocznic\u0119 \u015blubu?<\/h2>\n<p style=\"margin-top: 1rem\">Nie musisz mie\u0107 zmys\u0142u artystycznego ani by\u0107 wybitnym projektantem, aby zaprojektowa\u0107 Map\u0119 Nieba na rocznic\u0119. <\/p>\n<p style=\"margin-top: 1rem\">W 3 prostych krokach przygotujesz map\u0119 w kilka minut. Rozpocznij od wyboru stylu i kolor\u00f3w. Nast\u0119pnie zastan\u00f3w si\u0119, kt\u00f3re z element\u00f3w powinny znale\u017a\u0107 si\u0119 na Twoim plakacie: planety, ich nazwy, konstelacje, a mo\u017ce Droga Mleczna? Poeksperymentuj z dost\u0119pnymi opcjami tak, aby\u015b by\u0142 w pe\u0142ni zadowolony z efektu przed z\u0142o\u017ceniem zam\u00f3wienia. <\/p>\n<p style=\"margin-top: 1rem\">W trakcie projektowania mapy mo\u017cesz r\u00f3wnie\u017c doda\u0107 w\u0142asn\u0105 dedykacj\u0119. Je\u015bli zupe\u0142nie nie masz pomys\u0142u, skorzystaj z naszych podpowiedzi lub inspiracji do cytat\u00f3w, kt\u00f3re umie\u015bcisz na plakacie. Co wi\u0119cej, mo\u017cesz r\u00f3wnie\u017c doda\u0107 informacje na temat miejsca i daty wydarzenia, kt\u00f3re zainspirowa\u0142y Ci\u0119 do stworzenia tego plakatu. <\/p>\n<p style=\"margin-top: 1rem\">W ostatnim kroku zostaniesz poproszony o wyb\u00f3r sposobu dostawy. Je\u015bli przygotowujesz niespodziank\u0119 na ostatni\u0105 chwil\u0119, skorzystaj z opcji pliku cyfrowego, kt\u00f3ry wy\u015blemy na Twoj\u0105 skrzynk\u0119 mailow\u0105 tu\u017c po op\u0142aceniu zam\u00f3wienia. Wystarczy wydrukowa\u0107 plakat w pobliskim punkcie xero. Nie goni Ci\u0119 czas? Zam\u00f3w drukowany plakat z dostaw\u0105 do domu. Je\u015bli zale\u017cy Ci na efekcie \u201cwow\u201d, zam\u00f3w wydruk na p\u0142\u00f3tnie lub plakat w ramie. Dostawa na Positive Prints jest zawsze szybka i dost\u0119pna, bez wzgl\u0119du na miejsce wysy\u0142ki!<\/p>\n<h2 class=\"grenB f24 cblue\" style=\"margin-top: 3rem\">Zaskocz ukochan\u0105 osob\u0119 personalizowanym prezentem z okazji rocznicy! <\/h2>\n<p style=\"margin-top: 1rem\">Bez wzgl\u0119du na sta\u017c zwi\u0105zku, rocznica \u015blubu to wa\u017cny pow\u00f3d do \u015bwi\u0119towania. Spraw swojej drugiej po\u0142\u00f3wce niespodziank\u0119 i zam\u00f3w Map\u0119 Nieba na prezent ju\u017c dzi\u015b!<\/p><h2 class=\"wp-block-heading\" id=\"h-faq\"><strong>FAQ<\/strong><\/h2><details class=\"wp-block-details is-layout-flow wp-block-details-is-layout-flow\"><summary><strong>Czym jest Mapa Nieba na Rocznic\u0119?<\/strong><\/summary><p>Mapa Nieba na Rocznic\u0119 to spersonalizowany plakat przedstawiaj\u0105cy uk\u0142ad gwiazd z wyj\u0105tkowego dnia w zwi\u0105zku. Konkretnie, zatrzymuje magi\u0119 tego momentu pokazuj\u0105c gwiazdy, kt\u00f3re wtedy nad wami l\u015bni\u0142y. W konsekwencji, utrwala wasz\u0105 histori\u0119 w unikalny spos\u00f3b na zawsze.\u200b<\/p><\/details><details class=\"wp-block-details is-layout-flow wp-block-details-is-layout-flow\"><summary><strong>Czy mapa nieba jest naukowo dok\u0142adna?<\/strong><\/summary><p>Tak, ka\u017cda mapa nieba jest naukowo dok\u0142adna. Faktycznie, u\u017cywa precyzyjnych danych astronomicznych i technologii satelitarnej. Ponadto, pokazuje uk\u0142ad konstelacji,\u00a0 planet\u00a0 i Drog\u0119 Mleczn\u0105. Dodatkowo, interaktywny podgl\u0105d pozwala dopracowa\u0107 ka\u017cdy szczeg\u00f3\u0142 w czasie rzeczywistym.\u200b<\/p><\/details><details class=\"wp-block-details is-layout-flow wp-block-details-is-layout-flow\"><summary><strong>Dlaczego to idealny prezent na rocznic\u0119?<\/strong><\/summary><p>Mapa nieba na rocznic\u0119 to wyj\u0105tkowy i emocjonalny prezent dla \u017cony, m\u0119\u017ca, partnera lub partnerki. Pokazuje uk\u0142ad gwiazd z wa\u017cnej dla Was daty, dzi\u0119ki czemu ma g\u0142\u0119boko osobisty charakter. To pi\u0119kna pami\u0105tka mi\u0142o\u015bci na lata.<\/p><\/details><details class=\"wp-block-details is-layout-flow wp-block-details-is-layout-flow\"><summary><strong>Jak przygotowa\u0107 Map\u0119 Nieba na Rocznic\u0119?<\/strong><\/summary><p>Stworzenie mapy to trzy proste kroki. Po pierwsze, wybierz kszta\u0142t, styl kolorystyczny i elementy astralne mapy nieba do wy\u015bwietlenia. Nast\u0119pnie, wprowad\u017a dat\u0119, miejsce, czas i dodaj swoj\u0105 dedykacj\u0119 prosto z serca. Na koniec, wybierz rodzaj wydruku i rozmiar. Mo\u017cesz zam\u00f3wi\u0107 plakat sam lub z ram\u0105, wydruk na p\u0142\u00f3tnie lub plik cyfrowy.<\/p><\/details><details class=\"wp-block-details is-layout-flow wp-block-details-is-layout-flow\"><summary><strong>Na jakie okazje sprawdzi si\u0119 ta mapa?<\/strong><\/summary><p>Ta mapa sprawdza si\u0119 na rocznice \u015blubu, zar\u0119czyny, Walentynki i zawarcie zwi\u0105zku ma\u0142\u017ce\u0144skiego. Ponadto, to \u015bwietny prezent na pierwsz\u0105 rocznic\u0119 lub jubileusz. Dodatkowo, doskonale nadaje si\u0119 do uczczenia wyj\u0105tkowych moment\u00f3w zwi\u0105zku.\u200b<\/p><\/details><details class=\"wp-block-details is-layout-flow wp-block-details-is-layout-flow\"><summary><strong>Jak szybko otrzymam map\u0119?<\/strong><\/summary><p>W przypadku pilnego prezentu wybierz natychmiastowy plik cyfrowy do pobrania jest to\u2013 plik JPEG o wysokiej rozdzielczo\u015bci 300 dpi, kt\u00f3ry mo\u017cesz wydrukowa\u0107 samodzielnie. W przypadku produkt\u00f3w fizycznych drukujemy i wysy\u0142amy lokalnie z naszych drukarni w Australii, Kanadzie, Stanach Zjednoczonych, Wielkiej Brytanii i Polsce. Gwarantuje to szybk\u0105 i niezawodn\u0105 dostaw\u0119, cz\u0119sto w ci\u0105gu zaledwie kilku dni.<\/p><\/details>","protected":false},"excerpt":{"rendered":"<ul class=\"check-list\">\n<li>Dodaj planety, konstelacje i Drog\u0119 Mleczn\u0105 <\/li>\n<li>Spersonalizuj w 3 prostych krokach<\/li>\n<li>Dodaj dedykacj\u0119 prosto z serca<\/li>\n<li>Interaktywny podgl\u0105d pozwoli dopracowa\u0107 ka\u017cdy szczeg\u00f3\u0142<\/li>\n<\/ul>\n","protected":false},"featured_media":1218953,"template":"","meta":[],"product_brand":[],"product_cat":[9279,11186,11184,11185,3114],"product_tag":[14970,14973,14981,14959,14960,14957,14962,14980,14170,14977,14174,14979,14983,14968,14984,14972,14982,14964,14976],"class_list":{"0":"post-166237","1":"product","2":"type-product","3":"status-publish","4":"has-post-thumbnail","6":"product_cat-bestsellers-label-pl","7":"product_cat-prezenty-na-rocznice-dla-pary","8":"product_cat-prezenty-na-rocznice-dla-niej","9":"product_cat-prezenty-na-rocznice-dla-niego","10":"product_cat-star-pl-2","11":"product_tag-anniversary-gift-pl","12":"product_tag-anniversary-gifts-pl","13":"product_tag-anniversary-present-pl","14":"product_tag-couple-gift-pl","15":"product_tag-gift-for-couple-pl","16":"product_tag-love-pl","17":"product_tag-love-gift-pl","18":"product_tag-personalized-gift-pl","19":"product_tag-rocznicowy-prezent-dla-pary","20":"product_tag-romantic-gifts-pl","21":"product_tag-romantyczny-prezent","22":"product_tag-sentimental-gift-pl","23":"product_tag-special-occasion-pl","24":"product_tag-thoughtful-gift-pl","25":"product_tag-unique-gift-pl","26":"product_tag-valentines-day-gifts-pl","27":"product_tag-valentines-day-pl","28":"product_tag-valentines-day-gift-pl","29":"product_tag-wedding-anniversary-pl","31":"first","32":"instock","33":"sale","34":"taxable","35":"shipping-taxable","36":"purchasable","37":"product-type-variable","38":"has-default-attributes"},"yoast_head":"<!-- This site is optimized with the Yoast SEO Premium plugin v27.2 (Yoast SEO v27.2) - https:\/\/yoast.com\/product\/yoast-seo-premium-wordpress\/ -->\n<title>Mapa Nieba na Rocznic\u0119 - Positive Prints<\/title>\n<meta name=\"description\" content=\"Bez wzgl\u0119du na sta\u017c zwi\u0105zku, rocznica \u015blubu to wa\u017cny pow\u00f3d do \u015bwi\u0119towania. Spraw swojej drugiej po\u0142\u00f3wce niespodziank\u0119 i zam\u00f3w Map\u0119 Nieba na prezent.\" \/>\n<meta name=\"robots\" content=\"index, follow, max-snippet:-1, max-image-preview:large, max-video-preview:-1\" \/>\n<link rel=\"canonical\" href=\"https:\/\/positiveprints.com\/pl\/produkt\/mapa-nieba-na-rocznice\/\" \/>\n<meta property=\"og:locale\" content=\"pl_PL\" \/>\n<meta property=\"og:type\" content=\"article\" \/>\n<meta property=\"og:title\" content=\"Mapa Nieba na Rocznic\u0119\" \/>\n<meta property=\"og:description\" content=\"Dodaj planety, konstelacje i Drog\u0119 Mleczn\u0105   Spersonalizuj w 3 prostych krokach  Dodaj dedykacj\u0119 prosto z serca  Interaktywny podgl\u0105d pozwoli dopracowa\u0107 ka\u017cdy szczeg\u00f3\u0142\" \/>\n<meta property=\"og:url\" content=\"https:\/\/positiveprints.com\/pl\/produkt\/mapa-nieba-na-rocznice\/\" \/>\n<meta property=\"og:site_name\" content=\"Positive Prints\" \/>\n<meta property=\"article:publisher\" content=\"https:\/\/www.facebook.com\/positiveprintscom\" \/>\n<meta property=\"article:modified_time\" content=\"2026-04-18T08:09:38+00:00\" \/>\n<meta property=\"og:image\" content=\"https:\/\/positiveprints.com\/wp-content\/uploads\/2024\/10\/Packshot_PL_anniversary-star-map-product-image.webp\" \/>\n\t<meta property=\"og:image:width\" content=\"1450\" \/>\n\t<meta property=\"og:image:height\" content=\"1450\" \/>\n\t<meta property=\"og:image:type\" content=\"image\/webp\" \/>\n<meta name=\"twitter:card\" content=\"summary_large_image\" \/>\n<meta name=\"twitter:label1\" content=\"Szacowany czas czytania\" \/>\n\t<meta name=\"twitter:data1\" content=\"4 minuty\" \/>\n<!-- \/ Yoast SEO Premium plugin. -->","yoast_head_json":{"title":"Mapa Nieba na Rocznic\u0119 - Positive Prints","description":"Bez wzgl\u0119du na sta\u017c zwi\u0105zku, rocznica \u015blubu to wa\u017cny pow\u00f3d do \u015bwi\u0119towania. Spraw swojej drugiej po\u0142\u00f3wce niespodziank\u0119 i zam\u00f3w Map\u0119 Nieba na prezent.","robots":{"index":"index","follow":"follow","max-snippet":"max-snippet:-1","max-image-preview":"max-image-preview:large","max-video-preview":"max-video-preview:-1"},"canonical":"https:\/\/positiveprints.com\/pl\/produkt\/mapa-nieba-na-rocznice\/","og_locale":"pl_PL","og_type":"article","og_title":"Mapa Nieba na Rocznic\u0119","og_description":"Dodaj planety, konstelacje i Drog\u0119 Mleczn\u0105   Spersonalizuj w 3 prostych krokach  Dodaj dedykacj\u0119 prosto z serca  Interaktywny podgl\u0105d pozwoli dopracowa\u0107 ka\u017cdy szczeg\u00f3\u0142","og_url":"https:\/\/positiveprints.com\/pl\/produkt\/mapa-nieba-na-rocznice\/","og_site_name":"Positive Prints","article_publisher":"https:\/\/www.facebook.com\/positiveprintscom","article_modified_time":"2026-04-18T08:09:38+00:00","og_image":[{"width":1450,"height":1450,"url":"https:\/\/positiveprints.com\/wp-content\/uploads\/2024\/10\/Packshot_PL_anniversary-star-map-product-image.webp","type":"image\/webp"}],"twitter_card":"summary_large_image","twitter_misc":{"Szacowany czas czytania":"4 minuty"},"schema":{"@context":"https:\/\/schema.org","@graph":[{"@type":["WebPage","ItemPage"],"@id":"https:\/\/positiveprints.com\/pl\/produkt\/mapa-nieba-na-rocznice\/","url":"https:\/\/positiveprints.com\/pl\/produkt\/mapa-nieba-na-rocznice\/","name":"Mapa Nieba na Rocznic\u0119 - Positive Prints","isPartOf":{"@id":"https:\/\/positiveprints.com\/pl\/#website"},"primaryImageOfPage":{"@id":"https:\/\/positiveprints.com\/pl\/produkt\/mapa-nieba-na-rocznice\/#primaryimage"},"image":{"@id":"https:\/\/positiveprints.com\/pl\/produkt\/mapa-nieba-na-rocznice\/#primaryimage"},"thumbnailUrl":"https:\/\/positiveprints.com\/wp-content\/uploads\/2024\/10\/Packshot_PL_anniversary-star-map-product-image.webp","datePublished":"2021-03-23T10:22:30+00:00","dateModified":"2026-04-18T08:09:38+00:00","description":"Bez wzgl\u0119du na sta\u017c zwi\u0105zku, rocznica \u015blubu to wa\u017cny pow\u00f3d do \u015bwi\u0119towania. Spraw swojej drugiej po\u0142\u00f3wce niespodziank\u0119 i zam\u00f3w Map\u0119 Nieba na prezent.","breadcrumb":{"@id":"https:\/\/positiveprints.com\/pl\/produkt\/mapa-nieba-na-rocznice\/#breadcrumb"},"inLanguage":"pl-PL","potentialAction":[{"@type":"ReadAction","target":["https:\/\/positiveprints.com\/pl\/produkt\/mapa-nieba-na-rocznice\/"]}]},{"@type":"ImageObject","inLanguage":"pl-PL","@id":"https:\/\/positiveprints.com\/pl\/produkt\/mapa-nieba-na-rocznice\/#primaryimage","url":"https:\/\/positiveprints.com\/wp-content\/uploads\/2024\/10\/Packshot_PL_anniversary-star-map-product-image.webp","contentUrl":"https:\/\/positiveprints.com\/wp-content\/uploads\/2024\/10\/Packshot_PL_anniversary-star-map-product-image.webp","width":1450,"height":1450},{"@type":"BreadcrumbList","@id":"https:\/\/positiveprints.com\/pl\/produkt\/mapa-nieba-na-rocznice\/#breadcrumb","itemListElement":[{"@type":"ListItem","position":1,"name":"Home","item":"https:\/\/positiveprints.com\/pl\/"},{"@type":"ListItem","position":2,"name":"Produkty","item":"https:\/\/positiveprints.com\/pl\/shop\/"},{"@type":"ListItem","position":3,"name":"Mapa Nieba na Rocznic\u0119"}]},{"@type":"WebSite","@id":"https:\/\/positiveprints.com\/pl\/#website","url":"https:\/\/positiveprints.com\/pl\/","name":"Positive Prints","description":"Amazing Custom Personalized Gifts","publisher":{"@id":"https:\/\/positiveprints.com\/pl\/#organization"},"potentialAction":[{"@type":"SearchAction","target":{"@type":"EntryPoint","urlTemplate":"https:\/\/positiveprints.com\/pl\/?s={search_term_string}"},"query-input":{"@type":"PropertyValueSpecification","valueRequired":true,"valueName":"search_term_string"}}],"inLanguage":"pl-PL"},{"@type":"Organization","@id":"https:\/\/positiveprints.com\/pl\/#organization","name":"Positive Prints","alternateName":"Positive Prints","url":"https:\/\/positiveprints.com\/pl\/","logo":{"@type":"ImageObject","inLanguage":"pl-PL","@id":"https:\/\/positiveprints.com\/pl\/#\/schema\/logo\/image\/","url":"https:\/\/positiveprints.com\/wp-content\/uploads\/2026\/03\/245815646_1337939713319158_5671353136411139666_n.png","contentUrl":"https:\/\/positiveprints.com\/wp-content\/uploads\/2026\/03\/245815646_1337939713319158_5671353136411139666_n.png","width":800,"height":800,"caption":"Positive Prints"},"image":{"@id":"https:\/\/positiveprints.com\/pl\/#\/schema\/logo\/image\/"},"sameAs":["https:\/\/www.facebook.com\/positiveprintscom","https:\/\/www.instagram.com\/positiveprintscom\/","https:\/\/www.tiktok.com\/@positiveprintscom","https:\/\/www.pinterest.com\/positiveprintscom\/"]}]}},"jetpack_sharing_enabled":true,"_links":{"self":[{"href":"https:\/\/positiveprints.com\/pl\/wp-json\/wp\/v2\/product\/166237","targetHints":{"allow":["GET"]}}],"collection":[{"href":"https:\/\/positiveprints.com\/pl\/wp-json\/wp\/v2\/product"}],"about":[{"href":"https:\/\/positiveprints.com\/pl\/wp-json\/wp\/v2\/types\/product"}],"wp:featuredmedia":[{"embeddable":true,"href":"https:\/\/positiveprints.com\/pl\/wp-json\/wp\/v2\/media\/1218953"}],"wp:attachment":[{"href":"https:\/\/positiveprints.com\/pl\/wp-json\/wp\/v2\/media?parent=166237"}],"wp:term":[{"taxonomy":"product_brand","embeddable":true,"href":"https:\/\/positiveprints.com\/pl\/wp-json\/wp\/v2\/product_brand?post=166237"},{"taxonomy":"product_cat","embeddable":true,"href":"https:\/\/positiveprints.com\/pl\/wp-json\/wp\/v2\/product_cat?post=166237"},{"taxonomy":"product_tag","embeddable":true,"href":"https:\/\/positiveprints.com\/pl\/wp-json\/wp\/v2\/product_tag?post=166237"}],"curies":[{"name":"wp","href":"https:\/\/api.w.org\/{rel}","templated":true}]}}