{"id":165989,"date":"2021-09-06T13:15:13","date_gmt":"2021-09-06T12:15:13","guid":{"rendered":"https:\/\/positiveprints.com\/product\/i-love-you-to-the-moon-and-back\/"},"modified":"2026-04-18T08:04:46","modified_gmt":"2026-04-18T07:04:46","slug":"i-love-you-to-the-moon-and-back","status":"publish","type":"product","link":"https:\/\/positiveprints.com\/pl\/produkt\/i-love-you-to-the-moon-and-back\/","title":{"rendered":"I Love You to the Moon and Back"},"content":{"rendered":"<p style=\"margin-top: 1rem\">Niebanalny prezent od serca? Je\u015bli cz\u0119sto powtarzasz \u201eI Love You To The Moon and Back\u201d, to mamy dla Ciebie idealny pomys\u0142 na prezent dla ukochanej osoby. <\/p>\r\n\r\n\r\n\r\n<h2 class=\"grenB f24 cblue\" style=\"margin-top: 3rem\">Plakat \u201eI Love You to the Moon and Back\u201d<\/h2>\r\n\r\n\r\n\r\n<p style=\"margin-top: 1rem\">\u201eI Love You To The Moon and Back\u201d to pi\u0119kne okre\u015blenie, aby opisa\u0107 niesko\u0144czone uczucie. Mimo i\u017c ju\u017c w zesz\u0142ym stuleciu cz\u0142owiek dotar\u0142 na ksi\u0119\u017cyc, to dla wi\u0119kszo\u015bci ludzi na ziemi podr\u00f3\u017c w kosmos jest ci\u0105gle nieosi\u0105galnym marzeniem. Nie musisz dociera\u0107 a\u017c na ksi\u0119\u017cyc, aby udowodni\u0107 swoj\u0105 mi\u0142o\u015b\u0107.<\/p>\r\n\r\n\r\n\r\n<p style=\"margin-top: 1rem\">Zam\u00f3w plakat z Faz\u0105 Ksi\u0119\u017cyca dla ukochanej osoby. Wybierz istotn\u0105 dat\u0119 dla Waszego zwi\u0105zku i podpisz wymownym \u201eI Love You To The Moon and Back\u201d.<\/p>\r\n\r\n\r\n\r\n<p style=\"margin-top: 1rem\">Ksi\u0119\u017cyc w pe\u0142ni, nowiu, czy klasyczny rogal? Nie martw si\u0119 o to, jak\u0105 faz\u0119 ksi\u0119\u017cyca ustawi\u0107. Wystarczy, \u017ce wpiszesz dat\u0119 wa\u017cnego dla Ciebie wydarzenia, a nasz kreator poka\u017ce Ci, jak wygl\u0105da\u0142 ksi\u0119\u017cyc tej nocy. <\/p>\r\n\r\n\r\n\r\n<p style=\"margin-top: 1rem\">Kt\u00f3ry dzie\u0144 zapami\u0119tasz do ko\u0144ca \u017cycia? Dzie\u0144 narodzin Twojego dziecka, dat\u0119 \u015blubu czy zar\u0119czyn? Mo\u017cliwo\u015bci jest wiele i idziemy o zak\u0142ad, \u017ce ju\u017c masz pomys\u0142 na sw\u00f3j plakat! Co Ty na to, aby stworzy\u0107 ksi\u0119\u017cycow\u0105 opowie\u015b\u0107 w formie kilku plakat\u00f3w, kt\u00f3re b\u0119d\u0105 przypomina\u0107 o najwa\u017cniejszych chwilach Twojego \u017cycia?<\/p>\r\n\r\n\r\n\r\n<h2 class=\"grenB f24 cblue\" style=\"margin-top: 3rem\">Personalizowany Plakat z Faz\u0105 Ksi\u0119\u017cyca<\/h2>\r\n\r\n\r\n\r\n<p style=\"margin-top: 1rem\">Personalizowane prezenty \u2013 takie jak plakat z ksi\u0119\u017cycem \u2013 zawsze s\u0105 niezapomniane. Ksi\u0119\u017cyc za ka\u017cdym razem wygl\u0105da nieco inaczej w zale\u017cno\u015bci od daty i miejsca, w kt\u00f3rym si\u0119 znajdujesz. Tworz\u0105c plakat, podajesz konkretne dane, co pozwoli Ci odtworzy\u0107 ksi\u0119\u017cyca dok\u0142adnie dla podanego miejsca i czasu. <\/p>\r\n\r\n\r\n\r\n<p style=\"margin-top: 1rem\">Pod grafik\u0105 znajdziesz miejsce, kt\u00f3re mo\u017cesz wykorzysta\u0107 na podzielenie si\u0119 kawa\u0142kiem siebie. Wpisz cytat, dat\u0119, s\u0142owa piosenki, Wasze imiona lub inne informacje, jakie tylko przyjd\u0105 Ci do g\u0142owy. \r\n\r\n\r\n\r\n<h2 class=\"grenB f24 cblue\" style=\"margin-top: 3rem\">Jak stworzy\u0107 personalizowany plakat z Faz\u0105 Ksi\u0119\u017cyca?<\/h2>\r\n\r\n\r\n\r\n<p style=\"margin-top: 1rem\">Zobacz jak w trzech prostych krokach stworzy\u0107 plakat, kt\u00f3rym zachwycisz ukochan\u0105 osob\u0119.<\/p>\r\n\r\n\r\n\r\n\r\n\r\n<h3 class=\"grenB f18 cblue\" style=\"margin-top: 3rem\">Krok 1: Wybierz styl<\/h3>\r\n\r\n\r\n\r\n<p style=\"margin-top: 1rem\">Nasz zesp\u00f3\u0142 zaprojektowa\u0142 kilka r\u00f3\u017cnych wersji kolorystycznych plakatu. Wybierz odcienie, kt\u00f3re najbardziej pasuj\u0105 do Twojego stylu. <\/p>\r\n\r\n\r\n\r\n<p style=\"margin-top: 1rem\">Wszelkie modyfikacje, jakich dokonujesz, s\u0105 widoczne w podgl\u0105dzie na \u017cywo. Dzi\u0119ki tej opcji na bie\u017c\u0105co \u015bledzisz zmiany, jakie zachodz\u0105 w Twoim projekcie.<\/p>\r\n\r\n\r\n\r\n<h3 class=\"grenB f18 cblue\" style=\"margin-top: 3rem\">Krok 2: Wpisz szczeg\u00f3\u0142y<\/h3>\r\n\r\n\r\n\r\n<p style=\"margin-top: 1rem\">Ustaw miejsce oraz dat\u0119 wydarzenia, kt\u00f3re chcesz upami\u0119tni\u0107. To moment na wpisanie tekstu. Nasi Klienci uwielbiaj\u0105 fraz\u0119 \u201eI Love You To The Moon and Back\u201d, ale Ty mo\u017cesz wpisa\u0107 dowolne s\u0142owa, kt\u00f3re maj\u0105 dla Ciebie specjalne znaczenie. Je\u015bli nie jeste\u015b pewny co wpisa\u0107 na plakacie, skorzystaj z naszych podpowiedzi. Klikaj\u0105c ikonk\u0119 dymka z serduszkiem, wy\u015bwietlisz list\u0119 okazji, do kt\u00f3rych dopasowane s\u0105 cytaty pe\u0142ne uczu\u0107.<\/p>\r\n\r\n\r\n\r\n<h3 class=\"grenB f18 cblue\" style=\"margin-top: 3rem\">Krok 3: Wybierz format<\/h3>\r\n\r\n\r\n\r\n<p style=\"margin-top: 1rem\">Oferujemy plakaty zar\u00f3wno w wersji cyfrowej, jak i drukowanej. Wydruki dost\u0119pne s\u0105 w r\u00f3\u017cnych formatach \u2013 wybierz ten, kt\u00f3ry najlepiej b\u0119dzie pasowa\u0142 do Twoich wn\u0119trz.<\/p>\r\n\r\n\r\n\r\n<p style=\"margin-top: 1rem\">Dostawa jest zawsze szybka i dost\u0119pna! Niezale\u017cnie do jakiego miejsca na \u015bwiecie chcesz zam\u00f3wi\u0107 plakat. Co prawda nie dotrzemy z naszym plakatem na ksi\u0119\u017cyc, ale zapewne to tylko kwestia czasu \ud83d\ude09<\/p>\r\n\r\n\r\n\r\n<p style=\"margin-top: 1rem\">Spersonalizuj ksi\u0119\u017cycowy plakat i wspominaj magiczne chwile z bliskimi.<\/p>","protected":false},"excerpt":{"rendered":"<ul class=\"check-list\">\n<li>Odkryj faz\u0119 ksi\u0119\u017cyca dla dowolnej daty i lokalizacji<\/li>\n<li>Spersonalizuj w 3 prostych krokach<\/li>\n<li>Wybierz jedn\u0105 z efektownych wersji kolorystycznych<\/li>\n<li>Interaktywny podgl\u0105d pozwoli dopracowa\u0107 ka\u017cdy szczeg\u00f3\u0142<\/li>\n<\/ul>\n","protected":false},"featured_media":1460101,"template":"","meta":[],"product_brand":[],"product_cat":[7207,7961,5271,11415,8010,7690,7850],"product_tag":[8451],"class_list":{"0":"post-165989","1":"product","2":"type-product","3":"status-publish","4":"has-post-thumbnail","6":"product_cat-moon-pl","7":"product_cat-prezenty-na-baby-shower","8":"product_cat-prezent-na-boze-narodzenie","9":"product_cat-prezenty-pod-choinke-dla-rodzicow","10":"product_cat-prezent-dla-mezczyzny","11":"product_cat-prezent-dla-kobiety","12":"product_cat-prezent-dla-rodziny","13":"product_tag-new-parents-pl","15":"first","16":"instock","17":"sale","18":"taxable","19":"shipping-taxable","20":"purchasable","21":"product-type-variable"},"yoast_head":"<!-- This site is optimized with the Yoast SEO Premium plugin v27.2 (Yoast SEO v27.2) - https:\/\/yoast.com\/product\/yoast-seo-premium-wordpress\/ -->\n<title>I Love You to the Moon and Back - Personalizowany Plakat - Positive Prints<\/title>\n<meta name=\"description\" content=\"Zam\u00f3w plakat z Faz\u0105 Ksi\u0119\u017cyca dla ukochanej osoby. Wybierz istotn\u0105 dat\u0119 dla Waszego zwi\u0105zku i podpisz wymownym \u201eI Love You To The Moon and Back\u201d.\" \/>\n<meta name=\"robots\" content=\"index, follow, max-snippet:-1, max-image-preview:large, max-video-preview:-1\" \/>\n<link rel=\"canonical\" href=\"https:\/\/positiveprints.com\/pl\/produkt\/i-love-you-to-the-moon-and-back\/\" \/>\n<meta property=\"og:locale\" content=\"pl_PL\" \/>\n<meta property=\"og:type\" content=\"article\" \/>\n<meta property=\"og:title\" content=\"I Love You to the Moon and Back\" \/>\n<meta property=\"og:description\" content=\"Odkryj faz\u0119 ksi\u0119\u017cyca dla dowolnej daty i lokalizacji  Spersonalizuj w 3 prostych krokach  Wybierz jedn\u0105 z efektownych wersji kolorystycznych  Interaktywny podgl\u0105d pozwoli dopracowa\u0107 ka\u017cdy szczeg\u00f3\u0142\" \/>\n<meta property=\"og:url\" content=\"https:\/\/positiveprints.com\/pl\/produkt\/i-love-you-to-the-moon-and-back\/\" \/>\n<meta property=\"og:site_name\" content=\"Positive Prints\" \/>\n<meta property=\"article:publisher\" content=\"https:\/\/www.facebook.com\/positiveprintscom\" \/>\n<meta property=\"article:modified_time\" content=\"2026-04-18T07:04:46+00:00\" \/>\n<meta property=\"og:image\" content=\"https:\/\/positiveprints.com\/wp-content\/uploads\/2021\/09\/Packshot_PL_Kocham-Cie\u0328-jak-sta\u0328d-do-Ksie\u0328z\u0307yca-2.webp\" \/>\n\t<meta property=\"og:image:width\" content=\"1450\" \/>\n\t<meta property=\"og:image:height\" content=\"1450\" \/>\n\t<meta property=\"og:image:type\" content=\"image\/webp\" \/>\n<meta name=\"twitter:card\" content=\"summary_large_image\" \/>\n<meta name=\"twitter:label1\" content=\"Szacowany czas czytania\" \/>\n\t<meta name=\"twitter:data1\" content=\"3 minuty\" \/>\n<!-- \/ Yoast SEO Premium plugin. -->","yoast_head_json":{"title":"I Love You to the Moon and Back - Personalizowany Plakat - Positive Prints","description":"Zam\u00f3w plakat z Faz\u0105 Ksi\u0119\u017cyca dla ukochanej osoby. Wybierz istotn\u0105 dat\u0119 dla Waszego zwi\u0105zku i podpisz wymownym \u201eI Love You To The Moon and Back\u201d.","robots":{"index":"index","follow":"follow","max-snippet":"max-snippet:-1","max-image-preview":"max-image-preview:large","max-video-preview":"max-video-preview:-1"},"canonical":"https:\/\/positiveprints.com\/pl\/produkt\/i-love-you-to-the-moon-and-back\/","og_locale":"pl_PL","og_type":"article","og_title":"I Love You to the Moon and Back","og_description":"Odkryj faz\u0119 ksi\u0119\u017cyca dla dowolnej daty i lokalizacji  Spersonalizuj w 3 prostych krokach  Wybierz jedn\u0105 z efektownych wersji kolorystycznych  Interaktywny podgl\u0105d pozwoli dopracowa\u0107 ka\u017cdy szczeg\u00f3\u0142","og_url":"https:\/\/positiveprints.com\/pl\/produkt\/i-love-you-to-the-moon-and-back\/","og_site_name":"Positive Prints","article_publisher":"https:\/\/www.facebook.com\/positiveprintscom","article_modified_time":"2026-04-18T07:04:46+00:00","og_image":[{"width":1450,"height":1450,"url":"https:\/\/positiveprints.com\/wp-content\/uploads\/2021\/09\/Packshot_PL_Kocham-Cie\u0328-jak-sta\u0328d-do-Ksie\u0328z\u0307yca-2.webp","type":"image\/webp"}],"twitter_card":"summary_large_image","twitter_misc":{"Szacowany czas czytania":"3 minuty"},"schema":{"@context":"https:\/\/schema.org","@graph":[{"@type":["WebPage","ItemPage"],"@id":"https:\/\/positiveprints.com\/pl\/produkt\/i-love-you-to-the-moon-and-back\/","url":"https:\/\/positiveprints.com\/pl\/produkt\/i-love-you-to-the-moon-and-back\/","name":"I Love You to the Moon and Back - Personalizowany Plakat - Positive Prints","isPartOf":{"@id":"https:\/\/positiveprints.com\/pl\/#website"},"primaryImageOfPage":{"@id":"https:\/\/positiveprints.com\/pl\/produkt\/i-love-you-to-the-moon-and-back\/#primaryimage"},"image":{"@id":"https:\/\/positiveprints.com\/pl\/produkt\/i-love-you-to-the-moon-and-back\/#primaryimage"},"thumbnailUrl":"https:\/\/positiveprints.com\/wp-content\/uploads\/2021\/09\/Packshot_PL_Kocham-Cie\u0328-jak-sta\u0328d-do-Ksie\u0328z\u0307yca-2.webp","datePublished":"2021-09-06T12:15:13+00:00","dateModified":"2026-04-18T07:04:46+00:00","description":"Zam\u00f3w plakat z Faz\u0105 Ksi\u0119\u017cyca dla ukochanej osoby. Wybierz istotn\u0105 dat\u0119 dla Waszego zwi\u0105zku i podpisz wymownym \u201eI Love You To The Moon and Back\u201d.","breadcrumb":{"@id":"https:\/\/positiveprints.com\/pl\/produkt\/i-love-you-to-the-moon-and-back\/#breadcrumb"},"inLanguage":"pl-PL","potentialAction":[{"@type":"ReadAction","target":["https:\/\/positiveprints.com\/pl\/produkt\/i-love-you-to-the-moon-and-back\/"]}]},{"@type":"ImageObject","inLanguage":"pl-PL","@id":"https:\/\/positiveprints.com\/pl\/produkt\/i-love-you-to-the-moon-and-back\/#primaryimage","url":"https:\/\/positiveprints.com\/wp-content\/uploads\/2021\/09\/Packshot_PL_Kocham-Cie\u0328-jak-sta\u0328d-do-Ksie\u0328z\u0307yca-2.webp","contentUrl":"https:\/\/positiveprints.com\/wp-content\/uploads\/2021\/09\/Packshot_PL_Kocham-Cie\u0328-jak-sta\u0328d-do-Ksie\u0328z\u0307yca-2.webp","width":1450,"height":1450,"caption":"Packshot_PL_Kocham Cie\u0328 jak sta\u0328d do Ksie\u0328z\u0307yca"},{"@type":"BreadcrumbList","@id":"https:\/\/positiveprints.com\/pl\/produkt\/i-love-you-to-the-moon-and-back\/#breadcrumb","itemListElement":[{"@type":"ListItem","position":1,"name":"Home","item":"https:\/\/positiveprints.com\/pl\/"},{"@type":"ListItem","position":2,"name":"Produkty","item":"https:\/\/positiveprints.com\/pl\/shop\/"},{"@type":"ListItem","position":3,"name":"I Love You to the Moon and Back"}]},{"@type":"WebSite","@id":"https:\/\/positiveprints.com\/pl\/#website","url":"https:\/\/positiveprints.com\/pl\/","name":"Positive Prints","description":"Amazing Custom Personalized Gifts","publisher":{"@id":"https:\/\/positiveprints.com\/pl\/#organization"},"potentialAction":[{"@type":"SearchAction","target":{"@type":"EntryPoint","urlTemplate":"https:\/\/positiveprints.com\/pl\/?s={search_term_string}"},"query-input":{"@type":"PropertyValueSpecification","valueRequired":true,"valueName":"search_term_string"}}],"inLanguage":"pl-PL"},{"@type":"Organization","@id":"https:\/\/positiveprints.com\/pl\/#organization","name":"Positive Prints","alternateName":"Positive Prints","url":"https:\/\/positiveprints.com\/pl\/","logo":{"@type":"ImageObject","inLanguage":"pl-PL","@id":"https:\/\/positiveprints.com\/pl\/#\/schema\/logo\/image\/","url":"https:\/\/positiveprints.com\/wp-content\/uploads\/2026\/03\/245815646_1337939713319158_5671353136411139666_n.png","contentUrl":"https:\/\/positiveprints.com\/wp-content\/uploads\/2026\/03\/245815646_1337939713319158_5671353136411139666_n.png","width":800,"height":800,"caption":"Positive Prints"},"image":{"@id":"https:\/\/positiveprints.com\/pl\/#\/schema\/logo\/image\/"},"sameAs":["https:\/\/www.facebook.com\/positiveprintscom","https:\/\/www.instagram.com\/positiveprintscom\/","https:\/\/www.tiktok.com\/@positiveprintscom","https:\/\/www.pinterest.com\/positiveprintscom\/"]}]}},"jetpack_sharing_enabled":true,"_links":{"self":[{"href":"https:\/\/positiveprints.com\/pl\/wp-json\/wp\/v2\/product\/165989","targetHints":{"allow":["GET"]}}],"collection":[{"href":"https:\/\/positiveprints.com\/pl\/wp-json\/wp\/v2\/product"}],"about":[{"href":"https:\/\/positiveprints.com\/pl\/wp-json\/wp\/v2\/types\/product"}],"wp:featuredmedia":[{"embeddable":true,"href":"https:\/\/positiveprints.com\/pl\/wp-json\/wp\/v2\/media\/1460101"}],"wp:attachment":[{"href":"https:\/\/positiveprints.com\/pl\/wp-json\/wp\/v2\/media?parent=165989"}],"wp:term":[{"taxonomy":"product_brand","embeddable":true,"href":"https:\/\/positiveprints.com\/pl\/wp-json\/wp\/v2\/product_brand?post=165989"},{"taxonomy":"product_cat","embeddable":true,"href":"https:\/\/positiveprints.com\/pl\/wp-json\/wp\/v2\/product_cat?post=165989"},{"taxonomy":"product_tag","embeddable":true,"href":"https:\/\/positiveprints.com\/pl\/wp-json\/wp\/v2\/product_tag?post=165989"}],"curies":[{"name":"wp","href":"https:\/\/api.w.org\/{rel}","templated":true}]}}