{"id":165936,"date":"2021-03-23T11:06:26","date_gmt":"2021-03-23T10:06:26","guid":{"rendered":"https:\/\/positiveprints.com\/product\/mapa-nieba-w-dniu-slubu\/"},"modified":"2026-04-18T09:11:11","modified_gmt":"2026-04-18T08:11:11","slug":"mapa-nieba-w-dniu-slubu","status":"publish","type":"product","link":"https:\/\/positiveprints.com\/pl\/produkt\/mapa-nieba-w-dniu-slubu\/","title":{"rendered":"Mapa Nieba w Dniu \u015alubu"},"content":{"rendered":"<p>Zastanawiasz si\u0119 jak sprawi\u0107 rado\u015b\u0107 bliskiej Ci osobie? A mo\u017ce szukasz oryginalnego dodatku do Twojego wn\u0119trza? Mapa nieba w dniu \u015blubu to pomys\u0142 na wyj\u0105tkowy prezent, kt\u00f3ry spersonalizujesz samodzielnie. Stw\u00f3rz prezent, kt\u00f3ry wzbudza emocje. <\/p>\n<h2 class=\"grenB f24 cblue\" style=\"margin-top: 3rem\">Mapa Nieba w Dniu \u015alubu<\/h2>\n<p style=\"margin-top: 1rem\">Pierwszy taniec, podzi\u0119kowania, rozmowy z go\u015b\u0107mi \u2013 to tylko kilka z rzeczy, o kt\u00f3re musieli\u015bcie zatroszczy\u0107 si\u0119 w dniu Waszego \u015blubu. Za\u0142o\u017cymy si\u0119, \u017ce w tym wyj\u0105tkowym dniu zabrak\u0142o Wam czasu, aby spojrze\u0107 w gwiazdy. Mapa Nieba w Dniu \u015alubu pomo\u017ce Wam odtworzy\u0107 t\u0119 niezapomnian\u0105 noc.<\/p>\n<p style=\"margin-top: 1rem\">\u015alub, a tak\u017ce inne wa\u017cne wydarzenia z \u017cycia z pewno\u015bci\u0105 s\u0105 warte upami\u0119tnienia. Mapa gwiazd z dnia \u015blubu powieszona na \u015bcianie w b\u0119dzie Wam przypomina\u0107 o tych cudownych chwilach.<\/p>\n<p style=\"margin-top: 1rem\">Ka\u017cdy plakat jest tak wyj\u0105tkowy, jak chwila, kt\u00f3r\u0105 chcesz uwieczni\u0107. Mapa gwiazd w niezwyk\u0142y spos\u00f3b opowiada o uczuciu, kt\u00f3re \u0142\u0105czy Ci\u0119 z Twoj\u0105 drug\u0105 po\u0142\u00f3wk\u0105. W dodatku ju\u017c nigdy nie zapomnisz o rocznicy \u015blubu, bo data jest nadrukowana na plakacie \ud83d\ude09.<\/p>\n<p style=\"margin-top: 1rem\">Mapa nieba w dniu \u015blubu to oryginalny, personalizowany prezent. Obdarowana osoba na pewno poczuje, jak wiele dla Ciebie znaczy.<\/p>\n<h2 class=\"grenB f24 cblue\" style=\"margin-top: 3rem\">Czym jest Mapa Gwiazd w Dniu \u015alubu?<\/h2>\n<p style=\"margin-top: 1rem\">Bez wzgl\u0119du na to, gdzie jeste\u015b, nocne niebo ponad Tob\u0105 \u015bwieci milionem gwiazd. Widok ten r\u00f3\u017cni si\u0119 jednak, w zale\u017cno\u015bci od czasu i miejsca, w kt\u00f3rym przebywasz. Stw\u00f3rz wyj\u0105tkowy prezent \u015blubny w postaci mapy nieba dla wybranej daty. <\/p>\n<p style=\"margin-top: 1rem\">Podczas tworzenia plakatu wybierz miejsce, dat\u0119 i czas wa\u017cnego wydarzenia. Za ka\u017cdym razem, kiedy spojrzysz na gotowy plakat, przypomnisz sobie mi\u0142e chwile zwi\u0105zane z tym wyj\u0105tkowym dniem.<\/p>\n<p> Zobacz, jak spersonalizowa\u0107 plakat w trzech prostych krokach:<\/p>\n<h3 class=\"grenB f18 cblue\" style=\"margin-top: 3rem\">Krok 1: Wybierz styl<\/h3>\n<p style=\"margin-top: 1rem\">Personalizacj\u0119 zacznij od wyboru design\u2019u. Wycinek nieba mo\u017ce przyj\u0105\u0107 kszta\u0142t ko\u0142a lub serca. Wybierz spo\u015br\u00f3d proponowanych przez nas wersji kolorystycznych lub samodzielnie dobierz ulubione kolory. <\/p>\n<p style=\"margin-top: 1rem\">Mapa nieba opr\u00f3cz gwiazd, poka\u017ce r\u00f3wnie\u017c konstelacje, planety oraz nazwy planet, a tak\u017ce inne elementy. Sprawd\u017a wszystkie opcje w naszym kreatorze i zaprojektuj plakat, z kt\u00f3rego w 100% b\u0119dziesz zadowolony.  <\/p>\n<p style=\"margin-top: 1rem\">Podczas edycji ca\u0142y czas masz dost\u0119p do podgl\u0105du plakatu, dzi\u0119ki czemu mo\u017cesz na bie\u017c\u0105co \u015bledzi\u0107 zmiany, kt\u00f3re wprowadzasz. <\/p>\n<h3 class=\"grenB f18 cblue\" style=\"margin-top: 3rem\">Krok 2: Wpisz dane<\/h3>\n<p style=\"margin-top: 1rem\">Wpisz miejsce i dat\u0119, a nawet godzin\u0119 wydarzenia, kt\u00f3re chcesz upami\u0119tni\u0107. Zauwa\u017c, jak po dodaniu ka\u017cdej informacji mapa nieba zmienia si\u0119 tak, aby odda\u0107 rzeczywisty uk\u0142ad gwiazd i planet z wybranego przez Ciebie momentu. <\/p>\n<p style=\"margin-top: 1rem\">Kolejny etap to dodanie tekstu na plakacie. Je\u015bli potrzebujesz inspiracji, kliknij ikon\u0119 dymka z serduszkiem, kt\u00f3ra znajduje si\u0119 obok miejsca na tekst. Zobaczysz list\u0119 z pogrupowanymi cytatami, pasuj\u0105cymi do r\u00f3\u017cnych okazji.<\/p>\n<h3 class=\"grenB f18 cblue\" style=\"margin-top: 3rem\">Krok 3: Wybierz format<\/h3>\n<p style=\"margin-top: 1rem\">Plakaty od Positive Prints dost\u0119pne s\u0105 w kilku formatach: wersja cyfrowa oraz wydruk na papierze lub p\u0142\u00f3tnie. <\/p>\n<p style=\"margin-top: 1rem\">Rozmiary plakat\u00f3w dost\u0119pnych na naszej stronie odpowiadaj\u0105 standardowym rozmiarom ram. Mo\u017cesz od razu wybra\u0107 opcj\u0119 plakatu z ram\u0105, aby nie martwi\u0107 si\u0119 szukaniem odpowiedniej oprawy. <\/p>\n<p style=\"margin-top: 1rem\">Wszystkie plakaty wysy\u0142amy w dowolne miejsce na \u015bwiecie. To rewelacyjny pomys\u0142 na wyj\u0105tkowy prezent \u015blubny, nawet dla kogo\u015b, kto mieszka po drugiej stronie p\u00f3\u0142kuli. <\/p>\n<h2 class=\"grenB f24 cblue\" style=\"margin-top: 3rem\">Jak dok\u0142adnie odzwierciedlony jest uk\u0142ad gwiazd?<\/h2>\n<p style=\"margin-top: 1rem\">Zale\u017cy nam, aby dane przedstawione na plakacie by\u0142y w 100% zgodne z rzeczywisto\u015bci\u0105. Korzystamy z danych dostarczanych przez satelit\u0119 Hipparcos, kt\u00f3ra zosta\u0142a wys\u0142ana w kosmos, aby wykonywa\u0107 dok\u0142adne pomiary cia\u0142 niebieskich.<\/p>\n<p style=\"margin-top: 1rem\">Jeste\u015bmy r\u00f3wnie\u017c w stanie przewidzie\u0107 u\u0142o\u017cenie gwiazd z przysz\u0142o\u015bci i nie jest to wr\u00f3\u017cenie z fus\u00f3w. Na podstawie danych z sondy i odpowiednich wylicze\u0144, nasz program generuje mapy gwiazd z dowolnego czasu i miejsca, nawet dla daty, kt\u00f3ra jeszcze nie nast\u0105pi\u0142a. <\/p>\n<h2 class=\"grenB f24 cblue\" style=\"margin-top: 3rem\">Zaskocz swoich bliskich personalizowanym prezentem \u015blubnym<\/h2>\n<p style=\"margin-top: 1rem\">Emocje towarzysz\u0105ce rozpakowywaniu tego niezwyk\u0142ego upominku s\u0105 bezcenne. \u015awiadcz\u0105 o tym setki pozytywnych opinii od Klient\u00f3w, kt\u00f3re mo\u017cesz znale\u017a\u0107 na naszej stronie. Ka\u017cdy z zam\u00f3wionych u nas plakat\u00f3w jedyny w swoim rodzaju i drukowany jest na specjalne zam\u00f3wienie.<\/p>\n<p style=\"margin-top: 1rem\">Stw\u00f3rz spersonalizowany prezent \u015blubny i zapewnij bliskim dawk\u0119 pozytywnych emocji!<\/p><h2 class=\"wp-block-heading\" id=\"h-faq\"><strong>FAQ<\/strong><\/h2><details class=\"wp-block-details is-layout-flow wp-block-details-is-layout-flow\"><summary><strong>Czym jest Mapa Nieba w Dniu \u015alubu?<\/strong><\/summary><p>Mapa Nieba w Dniu \u015alubu to spersonalizowany plakat przedstawiaj\u0105cy uk\u0142ad gwiazd w dniu zawarcia zwi\u0105zku ma\u0142\u017ce\u0144skiego. Konkretnie, pokazuje dok\u0142adny uk\u0142ad gwiazd w momencie wymiany przysi\u0119gi ma\u0142\u017ce\u0144skiej. W konsekwencji, upami\u0119tnia t\u0119 magiczn\u0105 chwil\u0119 w formie pi\u0119knej pami\u0105tki.\u200b<\/p><\/details><details class=\"wp-block-details is-layout-flow wp-block-details-is-layout-flow\"><summary><strong>Czy mapa nieba jest naukowo dok\u0142adna?<\/strong><\/summary><p>Tak, ka\u017cda mapa jest naukowo dok\u0142adna. U\u017cywa danych zebranych podczas kluczowej misja Europejskiej Agencji Kosmicznej (ESA) przez satelit\u0119 Hipparcos,\u00a0 do precyzyjnego odwzorowania uk\u0142adu gwiazd. Ponadto, pokazuje autentyczny uk\u0142ad planet i konstelacji z wybranej daty i lokalizacji. Dodatkowo, interaktywny podgl\u0105d pozwala dopracowa\u0107 ka\u017cdy szczeg\u00f3\u0142 w czasie rzeczywistym.\u200b<\/p><\/details><details class=\"wp-block-details is-layout-flow wp-block-details-is-layout-flow\"><summary><strong>Dlaczego to idealny prezent \u015blubny?<\/strong><\/summary><p>To idealny prezent, poniewa\u017c jest w 100% osobisty i symboliczny. Konkretnie, stanowi wyj\u0105tkowy spos\u00f3b wyra\u017cenia uczu\u0107 i mi\u0142o\u015bci. W konsekwencji, to niezwykle osobisty prezent dla pary m\u0142odej ceniony przez ca\u0142e \u017cycie.\u200b<\/p><\/details><details class=\"wp-block-details is-layout-flow wp-block-details-is-layout-flow\"><summary><strong>Jak stworzy\u0107 Map\u0119 Nieba w Dniu \u015alubu?<\/strong><\/summary><p>Stworzenie mapy to trzy proste kroki. Po pierwsze, wybierz kszta\u0142t, styl kolorystyczny i elementy astralne mapy nieba do wy\u015bwietlenia. Nast\u0119pnie, wprowad\u017a dat\u0119, miejsce, czas i dodaj swoj\u0105 dedykacj\u0119 prosto z serca. Na koniec, wybierz rodzaj wydruku i rozmiar. Mo\u017cesz zam\u00f3wi\u0107 plakat sam lub z ram\u0105, wydruk na p\u0142\u00f3tnie lub plik cyfrowy.\u200b<\/p><\/details><details class=\"wp-block-details is-layout-flow wp-block-details-is-layout-flow\"><summary><strong>Na jakie okazje sprawdzi si\u0119 ta mapa?<\/strong><\/summary><p>Ta mapa nieba sprawdza si\u0119 na \u015bluby, rocznice \u015blubu, zar\u0119czyny i Walentynki. Ponadto, to \u015bwietny prezent na \u015blubne chwile, kt\u00f3re zmieni\u0142y \u017cycie pary. Dodatkowo, doskonale nadaje si\u0119 jako pami\u0105tka dla rodzic\u00f3w.\u200b<\/p><\/details><details class=\"wp-block-details is-layout-flow wp-block-details-is-layout-flow\"><summary><strong>Jak szybko otrzymam map\u0119?<\/strong><\/summary><p>W przypadku pilnego prezentu wybierz natychmiastowy plik cyfrowy do pobrania jest to\u2013 plik JPEG o wysokiej rozdzielczo\u015bci 300 dpi, kt\u00f3ry mo\u017cesz wydrukowa\u0107 samodzielnie. W przypadku produkt\u00f3w fizycznych drukujemy i wysy\u0142amy lokalnie z naszych drukarni w Australii, Kanadzie, Stanach Zjednoczonych, Wielkiej Brytanii i Polsce. Gwarantuje to szybk\u0105 i niezawodn\u0105 dostaw\u0119, cz\u0119sto w ci\u0105gu zaledwie kilku dni.<\/p><\/details>","protected":false},"excerpt":{"rendered":"<ul class=\"check-list\">\n<li>Dodaj planety, konstelacje i Drog\u0119 Mleczn\u0105 <\/li>\n<li>Spersonalizuj w 3 prostych krokach<\/li>\n<li>Dodaj dedykacj\u0119 prosto z serca<\/li>\n<li>Interaktywny podgl\u0105d pozwoli dopracowa\u0107 ka\u017cdy szczeg\u00f3\u0142<\/li>\n<\/ul>\n","protected":false},"featured_media":1221391,"template":"","meta":[],"product_brand":[],"product_cat":[9279,3125,3114,7929],"product_tag":[16280],"class_list":{"0":"post-165936","1":"product","2":"type-product","3":"status-publish","4":"has-post-thumbnail","6":"product_cat-bestsellers-label-pl","7":"product_cat-prezent-na-slub","8":"product_cat-star-pl-2","9":"product_cat-prezent-na-wieczor-panienski","10":"product_tag-wedding-pl-2","12":"first","13":"instock","14":"sale","15":"taxable","16":"shipping-taxable","17":"purchasable","18":"product-type-variable","19":"has-default-attributes"},"yoast_head":"<!-- This site is optimized with the Yoast SEO Premium plugin v27.2 (Yoast SEO v27.2) - https:\/\/yoast.com\/product\/yoast-seo-premium-wordpress\/ -->\n<title>Mapa Nieba w Dniu \u015alubu - Positive Prints<\/title>\n<meta name=\"description\" content=\"Mapa nieba w dniu \u015blubu to pomys\u0142 na wyj\u0105tkowy prezent, kt\u00f3ry spersonalizujesz samodzielnie. Stw\u00f3rz prezent, kt\u00f3ry wzbudza emocje.\" \/>\n<meta name=\"robots\" content=\"index, follow, max-snippet:-1, max-image-preview:large, max-video-preview:-1\" \/>\n<link rel=\"canonical\" href=\"https:\/\/positiveprints.com\/pl\/produkt\/mapa-nieba-w-dniu-slubu\/\" \/>\n<meta property=\"og:locale\" content=\"pl_PL\" \/>\n<meta property=\"og:type\" content=\"article\" \/>\n<meta property=\"og:title\" content=\"Mapa Nieba w Dniu \u015alubu\" \/>\n<meta property=\"og:description\" content=\"Dodaj planety, konstelacje i Drog\u0119 Mleczn\u0105   Spersonalizuj w 3 prostych krokach  Dodaj dedykacj\u0119 prosto z serca  Interaktywny podgl\u0105d pozwoli dopracowa\u0107 ka\u017cdy szczeg\u00f3\u0142\" \/>\n<meta property=\"og:url\" content=\"https:\/\/positiveprints.com\/pl\/produkt\/mapa-nieba-w-dniu-slubu\/\" \/>\n<meta property=\"og:site_name\" content=\"Positive Prints\" \/>\n<meta property=\"article:publisher\" content=\"https:\/\/www.facebook.com\/positiveprintscom\" \/>\n<meta property=\"article:modified_time\" content=\"2026-04-18T08:11:11+00:00\" \/>\n<meta property=\"og:image\" content=\"https:\/\/positiveprints.com\/wp-content\/uploads\/2024\/10\/Packshot_PL_stars-on-a-wedding-dayporduct-image.webp\" \/>\n\t<meta property=\"og:image:width\" content=\"1450\" \/>\n\t<meta property=\"og:image:height\" content=\"1450\" \/>\n\t<meta property=\"og:image:type\" content=\"image\/webp\" \/>\n<meta name=\"twitter:card\" content=\"summary_large_image\" \/>\n<meta name=\"twitter:label1\" content=\"Szacowany czas czytania\" \/>\n\t<meta name=\"twitter:data1\" content=\"5 minut\" \/>\n<!-- \/ Yoast SEO Premium plugin. -->","yoast_head_json":{"title":"Mapa Nieba w Dniu \u015alubu - Positive Prints","description":"Mapa nieba w dniu \u015blubu to pomys\u0142 na wyj\u0105tkowy prezent, kt\u00f3ry spersonalizujesz samodzielnie. Stw\u00f3rz prezent, kt\u00f3ry wzbudza emocje.","robots":{"index":"index","follow":"follow","max-snippet":"max-snippet:-1","max-image-preview":"max-image-preview:large","max-video-preview":"max-video-preview:-1"},"canonical":"https:\/\/positiveprints.com\/pl\/produkt\/mapa-nieba-w-dniu-slubu\/","og_locale":"pl_PL","og_type":"article","og_title":"Mapa Nieba w Dniu \u015alubu","og_description":"Dodaj planety, konstelacje i Drog\u0119 Mleczn\u0105   Spersonalizuj w 3 prostych krokach  Dodaj dedykacj\u0119 prosto z serca  Interaktywny podgl\u0105d pozwoli dopracowa\u0107 ka\u017cdy szczeg\u00f3\u0142","og_url":"https:\/\/positiveprints.com\/pl\/produkt\/mapa-nieba-w-dniu-slubu\/","og_site_name":"Positive Prints","article_publisher":"https:\/\/www.facebook.com\/positiveprintscom","article_modified_time":"2026-04-18T08:11:11+00:00","og_image":[{"width":1450,"height":1450,"url":"https:\/\/positiveprints.com\/wp-content\/uploads\/2024\/10\/Packshot_PL_stars-on-a-wedding-dayporduct-image.webp","type":"image\/webp"}],"twitter_card":"summary_large_image","twitter_misc":{"Szacowany czas czytania":"5 minut"},"schema":{"@context":"https:\/\/schema.org","@graph":[{"@type":["WebPage","ItemPage"],"@id":"https:\/\/positiveprints.com\/pl\/produkt\/mapa-nieba-w-dniu-slubu\/","url":"https:\/\/positiveprints.com\/pl\/produkt\/mapa-nieba-w-dniu-slubu\/","name":"Mapa Nieba w Dniu \u015alubu - Positive Prints","isPartOf":{"@id":"https:\/\/positiveprints.com\/pl\/#website"},"primaryImageOfPage":{"@id":"https:\/\/positiveprints.com\/pl\/produkt\/mapa-nieba-w-dniu-slubu\/#primaryimage"},"image":{"@id":"https:\/\/positiveprints.com\/pl\/produkt\/mapa-nieba-w-dniu-slubu\/#primaryimage"},"thumbnailUrl":"https:\/\/positiveprints.com\/wp-content\/uploads\/2024\/10\/Packshot_PL_stars-on-a-wedding-dayporduct-image.webp","datePublished":"2021-03-23T10:06:26+00:00","dateModified":"2026-04-18T08:11:11+00:00","description":"Mapa nieba w dniu \u015blubu to pomys\u0142 na wyj\u0105tkowy prezent, kt\u00f3ry spersonalizujesz samodzielnie. Stw\u00f3rz prezent, kt\u00f3ry wzbudza emocje.","breadcrumb":{"@id":"https:\/\/positiveprints.com\/pl\/produkt\/mapa-nieba-w-dniu-slubu\/#breadcrumb"},"inLanguage":"pl-PL","potentialAction":[{"@type":"ReadAction","target":["https:\/\/positiveprints.com\/pl\/produkt\/mapa-nieba-w-dniu-slubu\/"]}]},{"@type":"ImageObject","inLanguage":"pl-PL","@id":"https:\/\/positiveprints.com\/pl\/produkt\/mapa-nieba-w-dniu-slubu\/#primaryimage","url":"https:\/\/positiveprints.com\/wp-content\/uploads\/2024\/10\/Packshot_PL_stars-on-a-wedding-dayporduct-image.webp","contentUrl":"https:\/\/positiveprints.com\/wp-content\/uploads\/2024\/10\/Packshot_PL_stars-on-a-wedding-dayporduct-image.webp","width":1450,"height":1450},{"@type":"BreadcrumbList","@id":"https:\/\/positiveprints.com\/pl\/produkt\/mapa-nieba-w-dniu-slubu\/#breadcrumb","itemListElement":[{"@type":"ListItem","position":1,"name":"Home","item":"https:\/\/positiveprints.com\/pl\/"},{"@type":"ListItem","position":2,"name":"Produkty","item":"https:\/\/positiveprints.com\/pl\/shop\/"},{"@type":"ListItem","position":3,"name":"Mapa Nieba w Dniu \u015alubu"}]},{"@type":"WebSite","@id":"https:\/\/positiveprints.com\/pl\/#website","url":"https:\/\/positiveprints.com\/pl\/","name":"Positive Prints","description":"Amazing Custom Personalized Gifts","publisher":{"@id":"https:\/\/positiveprints.com\/pl\/#organization"},"potentialAction":[{"@type":"SearchAction","target":{"@type":"EntryPoint","urlTemplate":"https:\/\/positiveprints.com\/pl\/?s={search_term_string}"},"query-input":{"@type":"PropertyValueSpecification","valueRequired":true,"valueName":"search_term_string"}}],"inLanguage":"pl-PL"},{"@type":"Organization","@id":"https:\/\/positiveprints.com\/pl\/#organization","name":"Positive Prints","alternateName":"Positive Prints","url":"https:\/\/positiveprints.com\/pl\/","logo":{"@type":"ImageObject","inLanguage":"pl-PL","@id":"https:\/\/positiveprints.com\/pl\/#\/schema\/logo\/image\/","url":"https:\/\/positiveprints.com\/wp-content\/uploads\/2026\/03\/245815646_1337939713319158_5671353136411139666_n.png","contentUrl":"https:\/\/positiveprints.com\/wp-content\/uploads\/2026\/03\/245815646_1337939713319158_5671353136411139666_n.png","width":800,"height":800,"caption":"Positive Prints"},"image":{"@id":"https:\/\/positiveprints.com\/pl\/#\/schema\/logo\/image\/"},"sameAs":["https:\/\/www.facebook.com\/positiveprintscom","https:\/\/www.instagram.com\/positiveprintscom\/","https:\/\/www.tiktok.com\/@positiveprintscom","https:\/\/www.pinterest.com\/positiveprintscom\/"]}]}},"jetpack_sharing_enabled":true,"_links":{"self":[{"href":"https:\/\/positiveprints.com\/pl\/wp-json\/wp\/v2\/product\/165936","targetHints":{"allow":["GET"]}}],"collection":[{"href":"https:\/\/positiveprints.com\/pl\/wp-json\/wp\/v2\/product"}],"about":[{"href":"https:\/\/positiveprints.com\/pl\/wp-json\/wp\/v2\/types\/product"}],"wp:featuredmedia":[{"embeddable":true,"href":"https:\/\/positiveprints.com\/pl\/wp-json\/wp\/v2\/media\/1221391"}],"wp:attachment":[{"href":"https:\/\/positiveprints.com\/pl\/wp-json\/wp\/v2\/media?parent=165936"}],"wp:term":[{"taxonomy":"product_brand","embeddable":true,"href":"https:\/\/positiveprints.com\/pl\/wp-json\/wp\/v2\/product_brand?post=165936"},{"taxonomy":"product_cat","embeddable":true,"href":"https:\/\/positiveprints.com\/pl\/wp-json\/wp\/v2\/product_cat?post=165936"},{"taxonomy":"product_tag","embeddable":true,"href":"https:\/\/positiveprints.com\/pl\/wp-json\/wp\/v2\/product_tag?post=165936"}],"curies":[{"name":"wp","href":"https:\/\/api.w.org\/{rel}","templated":true}]}}