{"id":1658512,"date":"2026-03-03T09:49:34","date_gmt":"2026-03-03T08:49:34","guid":{"rendered":"https:\/\/positiveprints.com\/?post_type=product&#038;p=1658512"},"modified":"2026-04-03T02:14:52","modified_gmt":"2026-04-03T01:14:52","slug":"tata-i-ja-personalizowany-kolaz-ze-zdjec","status":"publish","type":"product","link":"https:\/\/positiveprints.com\/pl\/produkt\/tata-i-ja-personalizowany-kolaz-ze-zdjec\/","title":{"rendered":"Tata i ja &#8211; personalizowany kola\u017c ze zdj\u0119\u0107"},"content":{"rendered":"","protected":false},"excerpt":{"rendered":"<ul class=\"check-list\">\n<li>Wgraj ulubione zdj\u0119cia<\/li>\n<li>Dodaj dedykacj\u0119, kt\u00f3ra nada ca\u0142o\u015bci osobisty charakter<\/li>\n<li>Spersonalizuj w 3 prostych krokach<\/li>\n<li>Podejrzyj efekt i dopracuj detale w czasie rzeczywistym<\/li>\n<\/ul>\n","protected":false},"featured_media":1682478,"template":"","meta":[],"product_brand":[],"product_cat":[7978,11406,7339,8829,99],"product_tag":[12615,8556,11763,12614,12616],"class_list":{"0":"post-1658512","1":"product","2":"type-product","3":"status-publish","4":"has-post-thumbnail","6":"product_cat-prezent-dla-taty","7":"product_cat-prezenty-pod-choinke-dla-taty","8":"product_cat-prezenty-na-dzien-ojca","9":"product_cat-kolaz-ze-zdjec-w-formie-napisu","10":"product_cat-wszystkie-produkty","11":"product_tag-dzien-ojca","12":"product_tag-father-pl","13":"product_tag-prezenty-pod-choinke-dla-taty","14":"product_tag-tata","15":"product_tag-tatus","17":"first","18":"instock","19":"sale","20":"taxable","21":"shipping-taxable","22":"purchasable","23":"product-type-variable"},"yoast_head":"<!-- This site is optimized with the Yoast SEO Premium plugin v27.2 (Yoast SEO v27.2) - https:\/\/yoast.com\/product\/yoast-seo-premium-wordpress\/ -->\n<title>Tata i ja - personalizowany kola\u017c ze zdj\u0119\u0107 - Positive Prints<\/title>\n<meta name=\"description\" content=\"Stw\u00f3rz ze zdj\u0119\u0107 taty i dziecka spersonalizowany kola\u017c i podaruj wyj\u0105tkowy prezent, kt\u00f3ry pi\u0119knie oddaje ich niezwyk\u0142\u0105 wi\u0119\u017a i wsp\u00f3lne chwile pe\u0142ne mi\u0142o\u015bci.\" \/>\n<meta name=\"robots\" content=\"index, follow, max-snippet:-1, max-image-preview:large, max-video-preview:-1\" \/>\n<link rel=\"canonical\" href=\"https:\/\/positiveprints.com\/pl\/produkt\/tata-i-ja-personalizowany-kolaz-ze-zdjec\/\" \/>\n<meta property=\"og:locale\" content=\"pl_PL\" \/>\n<meta property=\"og:type\" content=\"article\" \/>\n<meta property=\"og:title\" content=\"Tata i ja - personalizowany kola\u017c ze zdj\u0119\u0107\" \/>\n<meta property=\"og:description\" content=\"Wgraj ulubione zdj\u0119cia Dodaj dedykacj\u0119, kt\u00f3ra nada ca\u0142o\u015bci osobisty charakter Spersonalizuj w 3 prostych krokach Podejrzyj efekt i dopracuj detale w czasie rzeczywistym\" \/>\n<meta property=\"og:url\" content=\"https:\/\/positiveprints.com\/pl\/produkt\/tata-i-ja-personalizowany-kolaz-ze-zdjec\/\" \/>\n<meta property=\"og:site_name\" content=\"Positive Prints\" \/>\n<meta property=\"article:publisher\" content=\"https:\/\/www.facebook.com\/positiveprintscom\" \/>\n<meta property=\"article:modified_time\" content=\"2026-04-03T01:14:52+00:00\" \/>\n<meta property=\"og:image\" content=\"https:\/\/positiveprints.com\/wp-content\/uploads\/2026\/03\/Packshot_PL_-Tata-i-ja-personalizowany-kolaz-ze-zdjec.webp\" \/>\n\t<meta property=\"og:image:width\" content=\"1450\" \/>\n\t<meta property=\"og:image:height\" content=\"1450\" \/>\n\t<meta property=\"og:image:type\" content=\"image\/webp\" \/>\n<meta name=\"twitter:card\" content=\"summary_large_image\" \/>\n<meta name=\"twitter:label1\" content=\"Szacowany czas czytania\" \/>\n\t<meta name=\"twitter:data1\" content=\"1 minuta\" \/>\n<!-- \/ Yoast SEO Premium plugin. -->","yoast_head_json":{"title":"Tata i ja - personalizowany kola\u017c ze zdj\u0119\u0107 - Positive Prints","description":"Stw\u00f3rz ze zdj\u0119\u0107 taty i dziecka spersonalizowany kola\u017c i podaruj wyj\u0105tkowy prezent, kt\u00f3ry pi\u0119knie oddaje ich niezwyk\u0142\u0105 wi\u0119\u017a i wsp\u00f3lne chwile pe\u0142ne mi\u0142o\u015bci.","robots":{"index":"index","follow":"follow","max-snippet":"max-snippet:-1","max-image-preview":"max-image-preview:large","max-video-preview":"max-video-preview:-1"},"canonical":"https:\/\/positiveprints.com\/pl\/produkt\/tata-i-ja-personalizowany-kolaz-ze-zdjec\/","og_locale":"pl_PL","og_type":"article","og_title":"Tata i ja - personalizowany kola\u017c ze zdj\u0119\u0107","og_description":"Wgraj ulubione zdj\u0119cia Dodaj dedykacj\u0119, kt\u00f3ra nada ca\u0142o\u015bci osobisty charakter Spersonalizuj w 3 prostych krokach Podejrzyj efekt i dopracuj detale w czasie rzeczywistym","og_url":"https:\/\/positiveprints.com\/pl\/produkt\/tata-i-ja-personalizowany-kolaz-ze-zdjec\/","og_site_name":"Positive Prints","article_publisher":"https:\/\/www.facebook.com\/positiveprintscom","article_modified_time":"2026-04-03T01:14:52+00:00","og_image":[{"width":1450,"height":1450,"url":"https:\/\/positiveprints.com\/wp-content\/uploads\/2026\/03\/Packshot_PL_-Tata-i-ja-personalizowany-kolaz-ze-zdjec.webp","type":"image\/webp"}],"twitter_card":"summary_large_image","twitter_misc":{"Szacowany czas czytania":"1 minuta"},"schema":{"@context":"https:\/\/schema.org","@graph":[{"@type":["WebPage","ItemPage"],"@id":"https:\/\/positiveprints.com\/pl\/produkt\/tata-i-ja-personalizowany-kolaz-ze-zdjec\/","url":"https:\/\/positiveprints.com\/pl\/produkt\/tata-i-ja-personalizowany-kolaz-ze-zdjec\/","name":"Tata i ja - personalizowany kola\u017c ze zdj\u0119\u0107 - Positive Prints","isPartOf":{"@id":"https:\/\/positiveprints.com\/pl\/#website"},"primaryImageOfPage":{"@id":"https:\/\/positiveprints.com\/pl\/produkt\/tata-i-ja-personalizowany-kolaz-ze-zdjec\/#primaryimage"},"image":{"@id":"https:\/\/positiveprints.com\/pl\/produkt\/tata-i-ja-personalizowany-kolaz-ze-zdjec\/#primaryimage"},"thumbnailUrl":"https:\/\/positiveprints.com\/wp-content\/uploads\/2026\/03\/Packshot_PL_-Tata-i-ja-personalizowany-kolaz-ze-zdjec.webp","datePublished":"2026-03-03T08:49:34+00:00","dateModified":"2026-04-03T01:14:52+00:00","description":"Stw\u00f3rz ze zdj\u0119\u0107 taty i dziecka spersonalizowany kola\u017c i podaruj wyj\u0105tkowy prezent, kt\u00f3ry pi\u0119knie oddaje ich niezwyk\u0142\u0105 wi\u0119\u017a i wsp\u00f3lne chwile pe\u0142ne mi\u0142o\u015bci.","breadcrumb":{"@id":"https:\/\/positiveprints.com\/pl\/produkt\/tata-i-ja-personalizowany-kolaz-ze-zdjec\/#breadcrumb"},"inLanguage":"pl-PL","potentialAction":[{"@type":"ReadAction","target":["https:\/\/positiveprints.com\/pl\/produkt\/tata-i-ja-personalizowany-kolaz-ze-zdjec\/"]}]},{"@type":"ImageObject","inLanguage":"pl-PL","@id":"https:\/\/positiveprints.com\/pl\/produkt\/tata-i-ja-personalizowany-kolaz-ze-zdjec\/#primaryimage","url":"https:\/\/positiveprints.com\/wp-content\/uploads\/2026\/03\/Packshot_PL_-Tata-i-ja-personalizowany-kolaz-ze-zdjec.webp","contentUrl":"https:\/\/positiveprints.com\/wp-content\/uploads\/2026\/03\/Packshot_PL_-Tata-i-ja-personalizowany-kolaz-ze-zdjec.webp","width":1450,"height":1450},{"@type":"BreadcrumbList","@id":"https:\/\/positiveprints.com\/pl\/produkt\/tata-i-ja-personalizowany-kolaz-ze-zdjec\/#breadcrumb","itemListElement":[{"@type":"ListItem","position":1,"name":"Home","item":"https:\/\/positiveprints.com\/pl\/"},{"@type":"ListItem","position":2,"name":"Produkty","item":"https:\/\/positiveprints.com\/pl\/shop\/"},{"@type":"ListItem","position":3,"name":"Tata i ja &#8211; personalizowany kola\u017c ze zdj\u0119\u0107"}]},{"@type":"WebSite","@id":"https:\/\/positiveprints.com\/pl\/#website","url":"https:\/\/positiveprints.com\/pl\/","name":"Positive Prints","description":"Amazing Custom Personalized Gifts","publisher":{"@id":"https:\/\/positiveprints.com\/pl\/#organization"},"potentialAction":[{"@type":"SearchAction","target":{"@type":"EntryPoint","urlTemplate":"https:\/\/positiveprints.com\/pl\/?s={search_term_string}"},"query-input":{"@type":"PropertyValueSpecification","valueRequired":true,"valueName":"search_term_string"}}],"inLanguage":"pl-PL"},{"@type":"Organization","@id":"https:\/\/positiveprints.com\/pl\/#organization","name":"Positive Prints","alternateName":"Positive Prints","url":"https:\/\/positiveprints.com\/pl\/","logo":{"@type":"ImageObject","inLanguage":"pl-PL","@id":"https:\/\/positiveprints.com\/pl\/#\/schema\/logo\/image\/","url":"https:\/\/positiveprints.com\/wp-content\/uploads\/2026\/03\/245815646_1337939713319158_5671353136411139666_n.png","contentUrl":"https:\/\/positiveprints.com\/wp-content\/uploads\/2026\/03\/245815646_1337939713319158_5671353136411139666_n.png","width":800,"height":800,"caption":"Positive Prints"},"image":{"@id":"https:\/\/positiveprints.com\/pl\/#\/schema\/logo\/image\/"},"sameAs":["https:\/\/www.facebook.com\/positiveprintscom","https:\/\/www.instagram.com\/positiveprintscom\/","https:\/\/www.tiktok.com\/@positiveprintscom","https:\/\/www.pinterest.com\/positiveprintscom\/"]}]}},"jetpack_sharing_enabled":true,"_links":{"self":[{"href":"https:\/\/positiveprints.com\/pl\/wp-json\/wp\/v2\/product\/1658512","targetHints":{"allow":["GET"]}}],"collection":[{"href":"https:\/\/positiveprints.com\/pl\/wp-json\/wp\/v2\/product"}],"about":[{"href":"https:\/\/positiveprints.com\/pl\/wp-json\/wp\/v2\/types\/product"}],"wp:featuredmedia":[{"embeddable":true,"href":"https:\/\/positiveprints.com\/pl\/wp-json\/wp\/v2\/media\/1682478"}],"wp:attachment":[{"href":"https:\/\/positiveprints.com\/pl\/wp-json\/wp\/v2\/media?parent=1658512"}],"wp:term":[{"taxonomy":"product_brand","embeddable":true,"href":"https:\/\/positiveprints.com\/pl\/wp-json\/wp\/v2\/product_brand?post=1658512"},{"taxonomy":"product_cat","embeddable":true,"href":"https:\/\/positiveprints.com\/pl\/wp-json\/wp\/v2\/product_cat?post=1658512"},{"taxonomy":"product_tag","embeddable":true,"href":"https:\/\/positiveprints.com\/pl\/wp-json\/wp\/v2\/product_tag?post=1658512"}],"curies":[{"name":"wp","href":"https:\/\/api.w.org\/{rel}","templated":true}]}}