{"id":1653542,"date":"2026-02-06T23:31:08","date_gmt":"2026-02-06T22:31:08","guid":{"rendered":"https:\/\/positiveprints.com\/?post_type=product&#038;p=1653542"},"modified":"2026-04-18T02:04:06","modified_gmt":"2026-04-18T01:04:06","slug":"portret-rodzinny-z-kilku-zdjec","status":"publish","type":"product","link":"https:\/\/positiveprints.com\/pl\/produkt\/portret-rodzinny-z-kilku-zdjec\/","title":{"rendered":"Portret Rodzinny z Kilku Zdj\u0119\u0107"},"content":{"rendered":"","protected":false},"excerpt":{"rendered":"<ul class=\"check-list\">\n<li>Portret wykonany na podstawie przes\u0142anych zdj\u0119\u0107<\/li>\n<li>Nasz artysta w programie graficznym stworzy ilustracj\u0119 ze zdj\u0119\u0107<\/li>\n<li>Projekt otrzymasz w ci\u0105gu 2\u20133 dni roboczych<\/li>\n<li>Dost\u0119pny w kilku wariantach kolorystycznych<\/li>\n<li>2 poprawki wliczone w cen\u0119<\/li>\n<\/ul>\n","protected":false},"featured_media":1652610,"template":"","meta":[],"product_brand":[],"product_cat":[8238,9765,13594,99,262,9003,3126,3125,5271,11414,11406,11408,11409,15059,11415,7993,7978,7610,7723,7706,7850,7818],"product_tag":[14956,14958,16037,16038,8538,16039,16040,16041,13468],"class_list":{"0":"post-1653542","1":"product","2":"type-product","3":"status-publish","4":"has-post-thumbnail","6":"product_cat-digital-products-pl","7":"product_cat-trending-label-pl","8":"product_cat-akwarela","9":"product_cat-wszystkie-produkty","10":"product_cat-creators-pl","11":"product_cat-dzien-babci-i-dziadka","12":"product_cat-prezent-na-urodziny","13":"product_cat-prezent-na-slub","14":"product_cat-prezent-na-boze-narodzenie","15":"product_cat-prezenty-pod-choinke-dla-mamy","16":"product_cat-prezenty-pod-choinke-dla-taty","17":"product_cat-prezenty-pod-choinke-dla-babci","18":"product_cat-prezenty-pod-choinke-dla-dziadka","19":"product_cat-prezenty-pod-choinke-dla-rodziny","20":"product_cat-prezenty-pod-choinke-dla-rodzicow","21":"product_cat-smierc-bliskiej-osoby","22":"product_cat-prezent-dla-taty","23":"product_cat-prezent-dla-dziadka","24":"product_cat-prezent-dla-babci","25":"product_cat-prezent-dla-mamy","26":"product_cat-prezent-dla-rodziny","27":"product_cat-prezent-dla-mlodych-rodzicow","28":"product_tag-creators-pl-2","29":"product_tag-custom-photo-pl","30":"product_tag-family-gift-ideas-pl","31":"product_tag-family-gifts-pl","32":"product_tag-family-pl","33":"product_tag-gift-for-family-pl","34":"product_tag-gifts-for-family-pl","35":"product_tag-personalized-family-gifts-pl","36":"product_tag-prezenty-swiateczne-dla-rodziny","38":"first","39":"instock","40":"sale","41":"taxable","42":"shipping-taxable","43":"purchasable","44":"product-type-variable"},"yoast_head":"<!-- This site is optimized with the Yoast SEO Premium plugin v27.2 (Yoast SEO v27.2) - https:\/\/yoast.com\/product\/yoast-seo-premium-wordpress\/ -->\n<title>Portret Rodzinny z Kilku Zdj\u0119\u0107 - Positive Prints<\/title>\n<meta name=\"description\" content=\"Stw\u00f3rz Portret Rodzinny z kilku zdj\u0119\u0107. Wyj\u0105tkowy prezent dla rodziny, kt\u00f3ry \u0142\u0105czy wspomnienia i pi\u0119knie ozdobi wn\u0119trze.\" \/>\n<meta name=\"robots\" content=\"index, follow, max-snippet:-1, max-image-preview:large, max-video-preview:-1\" \/>\n<link rel=\"canonical\" href=\"https:\/\/positiveprints.com\/pl\/produkt\/portret-rodzinny-z-kilku-zdjec\/\" \/>\n<meta property=\"og:locale\" content=\"pl_PL\" \/>\n<meta property=\"og:type\" content=\"article\" \/>\n<meta property=\"og:title\" content=\"Portret Rodzinny z Kilku Zdj\u0119\u0107\" \/>\n<meta property=\"og:description\" content=\"Portret wykonany na podstawie przes\u0142anych zdj\u0119\u0107  Nasz artysta w programie graficznym stworzy ilustracj\u0119 ze zdj\u0119\u0107  Projekt otrzymasz w ci\u0105gu 2\u20133 dni roboczych  Dost\u0119pny w kilku wariantach kolorystycznych  2 poprawki wliczone w cen\u0119\" \/>\n<meta property=\"og:url\" content=\"https:\/\/positiveprints.com\/pl\/produkt\/portret-rodzinny-z-kilku-zdjec\/\" \/>\n<meta property=\"og:site_name\" content=\"Positive Prints\" \/>\n<meta property=\"article:publisher\" content=\"https:\/\/www.facebook.com\/positiveprintscom\" \/>\n<meta property=\"article:modified_time\" content=\"2026-04-18T01:04:06+00:00\" \/>\n<meta property=\"og:image\" content=\"https:\/\/positiveprints.com\/wp-content\/uploads\/2026\/02\/Packshot_PL_Portret-Rodzinny-z-Kilku-Zdjec.webp\" \/>\n\t<meta property=\"og:image:width\" content=\"1450\" \/>\n\t<meta property=\"og:image:height\" content=\"1450\" \/>\n\t<meta property=\"og:image:type\" content=\"image\/webp\" \/>\n<meta name=\"twitter:card\" content=\"summary_large_image\" \/>\n<meta name=\"twitter:label1\" content=\"Szacowany czas czytania\" \/>\n\t<meta name=\"twitter:data1\" content=\"1 minuta\" \/>\n<!-- \/ Yoast SEO Premium plugin. -->","yoast_head_json":{"title":"Portret Rodzinny z Kilku Zdj\u0119\u0107 - Positive Prints","description":"Stw\u00f3rz Portret Rodzinny z kilku zdj\u0119\u0107. Wyj\u0105tkowy prezent dla rodziny, kt\u00f3ry \u0142\u0105czy wspomnienia i pi\u0119knie ozdobi wn\u0119trze.","robots":{"index":"index","follow":"follow","max-snippet":"max-snippet:-1","max-image-preview":"max-image-preview:large","max-video-preview":"max-video-preview:-1"},"canonical":"https:\/\/positiveprints.com\/pl\/produkt\/portret-rodzinny-z-kilku-zdjec\/","og_locale":"pl_PL","og_type":"article","og_title":"Portret Rodzinny z Kilku Zdj\u0119\u0107","og_description":"Portret wykonany na podstawie przes\u0142anych zdj\u0119\u0107  Nasz artysta w programie graficznym stworzy ilustracj\u0119 ze zdj\u0119\u0107  Projekt otrzymasz w ci\u0105gu 2\u20133 dni roboczych  Dost\u0119pny w kilku wariantach kolorystycznych  2 poprawki wliczone w cen\u0119","og_url":"https:\/\/positiveprints.com\/pl\/produkt\/portret-rodzinny-z-kilku-zdjec\/","og_site_name":"Positive Prints","article_publisher":"https:\/\/www.facebook.com\/positiveprintscom","article_modified_time":"2026-04-18T01:04:06+00:00","og_image":[{"width":1450,"height":1450,"url":"https:\/\/positiveprints.com\/wp-content\/uploads\/2026\/02\/Packshot_PL_Portret-Rodzinny-z-Kilku-Zdjec.webp","type":"image\/webp"}],"twitter_card":"summary_large_image","twitter_misc":{"Szacowany czas czytania":"1 minuta"},"schema":{"@context":"https:\/\/schema.org","@graph":[{"@type":["WebPage","ItemPage"],"@id":"https:\/\/positiveprints.com\/pl\/produkt\/portret-rodzinny-z-kilku-zdjec\/","url":"https:\/\/positiveprints.com\/pl\/produkt\/portret-rodzinny-z-kilku-zdjec\/","name":"Portret Rodzinny z Kilku Zdj\u0119\u0107 - Positive Prints","isPartOf":{"@id":"https:\/\/positiveprints.com\/pl\/#website"},"primaryImageOfPage":{"@id":"https:\/\/positiveprints.com\/pl\/produkt\/portret-rodzinny-z-kilku-zdjec\/#primaryimage"},"image":{"@id":"https:\/\/positiveprints.com\/pl\/produkt\/portret-rodzinny-z-kilku-zdjec\/#primaryimage"},"thumbnailUrl":"https:\/\/positiveprints.com\/wp-content\/uploads\/2026\/02\/Packshot_PL_Portret-Rodzinny-z-Kilku-Zdjec.webp","datePublished":"2026-02-06T22:31:08+00:00","dateModified":"2026-04-18T01:04:06+00:00","description":"Stw\u00f3rz Portret Rodzinny z kilku zdj\u0119\u0107. Wyj\u0105tkowy prezent dla rodziny, kt\u00f3ry \u0142\u0105czy wspomnienia i pi\u0119knie ozdobi wn\u0119trze.","breadcrumb":{"@id":"https:\/\/positiveprints.com\/pl\/produkt\/portret-rodzinny-z-kilku-zdjec\/#breadcrumb"},"inLanguage":"pl-PL","potentialAction":[{"@type":"ReadAction","target":["https:\/\/positiveprints.com\/pl\/produkt\/portret-rodzinny-z-kilku-zdjec\/"]}]},{"@type":"ImageObject","inLanguage":"pl-PL","@id":"https:\/\/positiveprints.com\/pl\/produkt\/portret-rodzinny-z-kilku-zdjec\/#primaryimage","url":"https:\/\/positiveprints.com\/wp-content\/uploads\/2026\/02\/Packshot_PL_Portret-Rodzinny-z-Kilku-Zdjec.webp","contentUrl":"https:\/\/positiveprints.com\/wp-content\/uploads\/2026\/02\/Packshot_PL_Portret-Rodzinny-z-Kilku-Zdjec.webp","width":1450,"height":1450},{"@type":"BreadcrumbList","@id":"https:\/\/positiveprints.com\/pl\/produkt\/portret-rodzinny-z-kilku-zdjec\/#breadcrumb","itemListElement":[{"@type":"ListItem","position":1,"name":"Home","item":"https:\/\/positiveprints.com\/pl\/"},{"@type":"ListItem","position":2,"name":"Produkty","item":"https:\/\/positiveprints.com\/pl\/shop\/"},{"@type":"ListItem","position":3,"name":"Portret Rodzinny z Kilku Zdj\u0119\u0107"}]},{"@type":"WebSite","@id":"https:\/\/positiveprints.com\/pl\/#website","url":"https:\/\/positiveprints.com\/pl\/","name":"Positive Prints","description":"Amazing Custom Personalized Gifts","publisher":{"@id":"https:\/\/positiveprints.com\/pl\/#organization"},"potentialAction":[{"@type":"SearchAction","target":{"@type":"EntryPoint","urlTemplate":"https:\/\/positiveprints.com\/pl\/?s={search_term_string}"},"query-input":{"@type":"PropertyValueSpecification","valueRequired":true,"valueName":"search_term_string"}}],"inLanguage":"pl-PL"},{"@type":"Organization","@id":"https:\/\/positiveprints.com\/pl\/#organization","name":"Positive Prints","alternateName":"Positive Prints","url":"https:\/\/positiveprints.com\/pl\/","logo":{"@type":"ImageObject","inLanguage":"pl-PL","@id":"https:\/\/positiveprints.com\/pl\/#\/schema\/logo\/image\/","url":"https:\/\/positiveprints.com\/wp-content\/uploads\/2026\/03\/245815646_1337939713319158_5671353136411139666_n.png","contentUrl":"https:\/\/positiveprints.com\/wp-content\/uploads\/2026\/03\/245815646_1337939713319158_5671353136411139666_n.png","width":800,"height":800,"caption":"Positive Prints"},"image":{"@id":"https:\/\/positiveprints.com\/pl\/#\/schema\/logo\/image\/"},"sameAs":["https:\/\/www.facebook.com\/positiveprintscom","https:\/\/www.instagram.com\/positiveprintscom\/","https:\/\/www.tiktok.com\/@positiveprintscom","https:\/\/www.pinterest.com\/positiveprintscom\/"]}]}},"jetpack_sharing_enabled":true,"_links":{"self":[{"href":"https:\/\/positiveprints.com\/pl\/wp-json\/wp\/v2\/product\/1653542","targetHints":{"allow":["GET"]}}],"collection":[{"href":"https:\/\/positiveprints.com\/pl\/wp-json\/wp\/v2\/product"}],"about":[{"href":"https:\/\/positiveprints.com\/pl\/wp-json\/wp\/v2\/types\/product"}],"wp:featuredmedia":[{"embeddable":true,"href":"https:\/\/positiveprints.com\/pl\/wp-json\/wp\/v2\/media\/1652610"}],"wp:attachment":[{"href":"https:\/\/positiveprints.com\/pl\/wp-json\/wp\/v2\/media?parent=1653542"}],"wp:term":[{"taxonomy":"product_brand","embeddable":true,"href":"https:\/\/positiveprints.com\/pl\/wp-json\/wp\/v2\/product_brand?post=1653542"},{"taxonomy":"product_cat","embeddable":true,"href":"https:\/\/positiveprints.com\/pl\/wp-json\/wp\/v2\/product_cat?post=1653542"},{"taxonomy":"product_tag","embeddable":true,"href":"https:\/\/positiveprints.com\/pl\/wp-json\/wp\/v2\/product_tag?post=1653542"}],"curies":[{"name":"wp","href":"https:\/\/api.w.org\/{rel}","templated":true}]}}