{"id":1651315,"date":"2026-02-19T09:56:30","date_gmt":"2026-02-19T08:56:30","guid":{"rendered":"https:\/\/positiveprints.com\/?post_type=product&#038;p=1651315"},"modified":"2026-04-03T02:16:11","modified_gmt":"2026-04-03T01:16:11","slug":"mapa-trasy-strava-plakat-personalizowany","status":"publish","type":"product","link":"https:\/\/positiveprints.com\/pl\/produkt\/mapa-trasy-strava-plakat-personalizowany\/","title":{"rendered":"Mapa trasy Strava &#8211; plakat personalizowany"},"content":{"rendered":"","protected":false},"excerpt":{"rendered":"<ul class=\"check-list\">\n<li>Za\u0142aduj tras\u0119 GPX lub pobierz j\u0105 prosto ze Stravy<\/li>\n<li>Stw\u00f3rz wyj\u0105tkowy projekt w kilku prostych krokach<\/li>\n<li>Dobierz palet\u0119 kolor\u00f3w, kt\u00f3ra najlepiej odda charakter biegu<\/li>\n<li>Dodaj osobiste s\u0142owa, kt\u00f3re sprawi\u0105, \u017ce prezent b\u0119dzie niepowtarzalny<\/li>\n<li>Zobacz, jak plakat o\u017cywa w interaktywnym podgl\u0105dzie<\/li>\n<\/ul>\n","protected":false},"featured_media":1650474,"template":"","meta":[],"product_brand":[],"product_cat":[15923,99,11485,7882],"product_tag":[14956,15937],"class_list":{"0":"post-1651315","1":"product","2":"type-product","3":"status-publish","4":"has-post-thumbnail","6":"product_cat-gpx-maps-pl","7":"product_cat-wszystkie-produkty","8":"product_cat-hobby-pl","9":"product_cat-prezent-dla-kibica","10":"product_tag-creators-pl-2","11":"product_tag-gpx-pl","13":"first","14":"instock","15":"sale","16":"taxable","17":"shipping-taxable","18":"purchasable","19":"product-type-variable"},"yoast_head":"<!-- This site is optimized with the Yoast SEO Premium plugin v27.2 (Yoast SEO v27.2) - https:\/\/yoast.com\/product\/yoast-seo-premium-wordpress\/ -->\n<title>Mapa trasy Strava - plakat personalizowany - Positive Prints<\/title>\n<meta name=\"description\" content=\"Zamie\u0144 aktywno\u015b\u0107 zapisan\u0105 jako trasa ze Stravy w personalizowany plakat z map\u0105 biegu lub treningu. To wyj\u0105tkowy prezent dla biegacza pe\u0142en sportowych wspomnie\u0144.\" \/>\n<meta name=\"robots\" content=\"index, follow, max-snippet:-1, max-image-preview:large, max-video-preview:-1\" \/>\n<link rel=\"canonical\" href=\"https:\/\/positiveprints.com\/pl\/produkt\/mapa-trasy-strava-plakat-personalizowany\/\" \/>\n<meta property=\"og:locale\" content=\"pl_PL\" \/>\n<meta property=\"og:type\" content=\"article\" \/>\n<meta property=\"og:title\" content=\"Mapa trasy Strava - plakat personalizowany\" \/>\n<meta property=\"og:description\" content=\"Za\u0142aduj tras\u0119 GPX lub pobierz j\u0105 prosto ze Stravy Stw\u00f3rz wyj\u0105tkowy projekt w kilku prostych krokach Dobierz palet\u0119 kolor\u00f3w, kt\u00f3ra najlepiej odda charakter biegu Dodaj osobiste s\u0142owa, kt\u00f3re sprawi\u0105, \u017ce prezent b\u0119dzie niepowtarzalny Zobacz, jak plakat o\u017cywa w interaktywnym podgl\u0105dzie\" \/>\n<meta property=\"og:url\" content=\"https:\/\/positiveprints.com\/pl\/produkt\/mapa-trasy-strava-plakat-personalizowany\/\" \/>\n<meta property=\"og:site_name\" content=\"Positive Prints\" \/>\n<meta property=\"article:publisher\" content=\"https:\/\/www.facebook.com\/positiveprintscom\" \/>\n<meta property=\"article:modified_time\" content=\"2026-04-03T01:16:11+00:00\" \/>\n<meta property=\"og:image\" content=\"https:\/\/positiveprints.com\/wp-content\/uploads\/2026\/02\/Packshot_PL_Mapa-trasy-Strava-plakat-personalizowany-.webp\" \/>\n\t<meta property=\"og:image:width\" content=\"1450\" \/>\n\t<meta property=\"og:image:height\" content=\"1450\" \/>\n\t<meta property=\"og:image:type\" content=\"image\/webp\" \/>\n<meta name=\"twitter:card\" content=\"summary_large_image\" \/>\n<meta name=\"twitter:label1\" content=\"Szacowany czas czytania\" \/>\n\t<meta name=\"twitter:data1\" content=\"1 minuta\" \/>\n<!-- \/ Yoast SEO Premium plugin. -->","yoast_head_json":{"title":"Mapa trasy Strava - plakat personalizowany - Positive Prints","description":"Zamie\u0144 aktywno\u015b\u0107 zapisan\u0105 jako trasa ze Stravy w personalizowany plakat z map\u0105 biegu lub treningu. To wyj\u0105tkowy prezent dla biegacza pe\u0142en sportowych wspomnie\u0144.","robots":{"index":"index","follow":"follow","max-snippet":"max-snippet:-1","max-image-preview":"max-image-preview:large","max-video-preview":"max-video-preview:-1"},"canonical":"https:\/\/positiveprints.com\/pl\/produkt\/mapa-trasy-strava-plakat-personalizowany\/","og_locale":"pl_PL","og_type":"article","og_title":"Mapa trasy Strava - plakat personalizowany","og_description":"Za\u0142aduj tras\u0119 GPX lub pobierz j\u0105 prosto ze Stravy Stw\u00f3rz wyj\u0105tkowy projekt w kilku prostych krokach Dobierz palet\u0119 kolor\u00f3w, kt\u00f3ra najlepiej odda charakter biegu Dodaj osobiste s\u0142owa, kt\u00f3re sprawi\u0105, \u017ce prezent b\u0119dzie niepowtarzalny Zobacz, jak plakat o\u017cywa w interaktywnym podgl\u0105dzie","og_url":"https:\/\/positiveprints.com\/pl\/produkt\/mapa-trasy-strava-plakat-personalizowany\/","og_site_name":"Positive Prints","article_publisher":"https:\/\/www.facebook.com\/positiveprintscom","article_modified_time":"2026-04-03T01:16:11+00:00","og_image":[{"width":1450,"height":1450,"url":"https:\/\/positiveprints.com\/wp-content\/uploads\/2026\/02\/Packshot_PL_Mapa-trasy-Strava-plakat-personalizowany-.webp","type":"image\/webp"}],"twitter_card":"summary_large_image","twitter_misc":{"Szacowany czas czytania":"1 minuta"},"schema":{"@context":"https:\/\/schema.org","@graph":[{"@type":["WebPage","ItemPage"],"@id":"https:\/\/positiveprints.com\/pl\/produkt\/mapa-trasy-strava-plakat-personalizowany\/","url":"https:\/\/positiveprints.com\/pl\/produkt\/mapa-trasy-strava-plakat-personalizowany\/","name":"Mapa trasy Strava - plakat personalizowany - Positive Prints","isPartOf":{"@id":"https:\/\/positiveprints.com\/pl\/#website"},"primaryImageOfPage":{"@id":"https:\/\/positiveprints.com\/pl\/produkt\/mapa-trasy-strava-plakat-personalizowany\/#primaryimage"},"image":{"@id":"https:\/\/positiveprints.com\/pl\/produkt\/mapa-trasy-strava-plakat-personalizowany\/#primaryimage"},"thumbnailUrl":"https:\/\/positiveprints.com\/wp-content\/uploads\/2026\/02\/Packshot_PL_Mapa-trasy-Strava-plakat-personalizowany-.webp","datePublished":"2026-02-19T08:56:30+00:00","dateModified":"2026-04-03T01:16:11+00:00","description":"Zamie\u0144 aktywno\u015b\u0107 zapisan\u0105 jako trasa ze Stravy w personalizowany plakat z map\u0105 biegu lub treningu. To wyj\u0105tkowy prezent dla biegacza pe\u0142en sportowych wspomnie\u0144.","breadcrumb":{"@id":"https:\/\/positiveprints.com\/pl\/produkt\/mapa-trasy-strava-plakat-personalizowany\/#breadcrumb"},"inLanguage":"pl-PL","potentialAction":[{"@type":"ReadAction","target":["https:\/\/positiveprints.com\/pl\/produkt\/mapa-trasy-strava-plakat-personalizowany\/"]}]},{"@type":"ImageObject","inLanguage":"pl-PL","@id":"https:\/\/positiveprints.com\/pl\/produkt\/mapa-trasy-strava-plakat-personalizowany\/#primaryimage","url":"https:\/\/positiveprints.com\/wp-content\/uploads\/2026\/02\/Packshot_PL_Mapa-trasy-Strava-plakat-personalizowany-.webp","contentUrl":"https:\/\/positiveprints.com\/wp-content\/uploads\/2026\/02\/Packshot_PL_Mapa-trasy-Strava-plakat-personalizowany-.webp","width":1450,"height":1450},{"@type":"BreadcrumbList","@id":"https:\/\/positiveprints.com\/pl\/produkt\/mapa-trasy-strava-plakat-personalizowany\/#breadcrumb","itemListElement":[{"@type":"ListItem","position":1,"name":"Home","item":"https:\/\/positiveprints.com\/pl\/"},{"@type":"ListItem","position":2,"name":"Produkty","item":"https:\/\/positiveprints.com\/pl\/shop\/"},{"@type":"ListItem","position":3,"name":"Mapa trasy Strava &#8211; plakat personalizowany"}]},{"@type":"WebSite","@id":"https:\/\/positiveprints.com\/pl\/#website","url":"https:\/\/positiveprints.com\/pl\/","name":"Positive Prints","description":"Amazing Custom Personalized Gifts","publisher":{"@id":"https:\/\/positiveprints.com\/pl\/#organization"},"potentialAction":[{"@type":"SearchAction","target":{"@type":"EntryPoint","urlTemplate":"https:\/\/positiveprints.com\/pl\/?s={search_term_string}"},"query-input":{"@type":"PropertyValueSpecification","valueRequired":true,"valueName":"search_term_string"}}],"inLanguage":"pl-PL"},{"@type":"Organization","@id":"https:\/\/positiveprints.com\/pl\/#organization","name":"Positive Prints","alternateName":"Positive Prints","url":"https:\/\/positiveprints.com\/pl\/","logo":{"@type":"ImageObject","inLanguage":"pl-PL","@id":"https:\/\/positiveprints.com\/pl\/#\/schema\/logo\/image\/","url":"https:\/\/positiveprints.com\/wp-content\/uploads\/2026\/03\/245815646_1337939713319158_5671353136411139666_n.png","contentUrl":"https:\/\/positiveprints.com\/wp-content\/uploads\/2026\/03\/245815646_1337939713319158_5671353136411139666_n.png","width":800,"height":800,"caption":"Positive Prints"},"image":{"@id":"https:\/\/positiveprints.com\/pl\/#\/schema\/logo\/image\/"},"sameAs":["https:\/\/www.facebook.com\/positiveprintscom","https:\/\/www.instagram.com\/positiveprintscom\/","https:\/\/www.tiktok.com\/@positiveprintscom","https:\/\/www.pinterest.com\/positiveprintscom\/"]}]}},"jetpack_sharing_enabled":true,"_links":{"self":[{"href":"https:\/\/positiveprints.com\/pl\/wp-json\/wp\/v2\/product\/1651315","targetHints":{"allow":["GET"]}}],"collection":[{"href":"https:\/\/positiveprints.com\/pl\/wp-json\/wp\/v2\/product"}],"about":[{"href":"https:\/\/positiveprints.com\/pl\/wp-json\/wp\/v2\/types\/product"}],"wp:featuredmedia":[{"embeddable":true,"href":"https:\/\/positiveprints.com\/pl\/wp-json\/wp\/v2\/media\/1650474"}],"wp:attachment":[{"href":"https:\/\/positiveprints.com\/pl\/wp-json\/wp\/v2\/media?parent=1651315"}],"wp:term":[{"taxonomy":"product_brand","embeddable":true,"href":"https:\/\/positiveprints.com\/pl\/wp-json\/wp\/v2\/product_brand?post=1651315"},{"taxonomy":"product_cat","embeddable":true,"href":"https:\/\/positiveprints.com\/pl\/wp-json\/wp\/v2\/product_cat?post=1651315"},{"taxonomy":"product_tag","embeddable":true,"href":"https:\/\/positiveprints.com\/pl\/wp-json\/wp\/v2\/product_tag?post=1651315"}],"curies":[{"name":"wp","href":"https:\/\/api.w.org\/{rel}","templated":true}]}}