{"id":1643527,"date":"2026-02-13T12:49:54","date_gmt":"2026-02-13T11:49:54","guid":{"rendered":"https:\/\/positiveprints.com\/?post_type=product&#038;p=1643527"},"modified":"2026-05-03T16:15:09","modified_gmt":"2026-05-03T15:15:09","slug":"personalizowany-portret-slubny-ze-zdjecia","status":"publish","type":"product","link":"https:\/\/positiveprints.com\/pl\/produkt\/personalizowany-portret-slubny-ze-zdjecia\/","title":{"rendered":"Personalizowany portret \u015blubny ze zdj\u0119cia"},"content":{"rendered":"","protected":false},"excerpt":{"rendered":"<ul class=\"check-list\">\n<li>Portret wykonany na podstawie przes\u0142anego zdj\u0119cia<\/li>\n<li>Spersonalizuj, dodaj\u0105c w\u0142asny tekst i wybieraj\u0105c styl grafiki<\/li>\n<li>Nasz artysta w programie graficznym stworzy portret z Twojego zdj\u0119cia<\/li>\n<li>Wst\u0119pny projekt otrzymasz w ci\u0105gu 2\u20133 dni roboczych<\/li>\n<li>Wybierz spo\u015br\u00f3d r\u00f3\u017cnych rozmiar\u00f3w wydruku<\/li>\n<\/ul>\n","protected":false},"featured_media":1629757,"template":"","meta":[],"product_brand":[],"product_cat":[13594,99,3125,7643,7753],"product_tag":[14959,16524,16312,16313,16280],"class_list":{"0":"post-1643527","1":"product","2":"type-product","3":"status-publish","4":"has-post-thumbnail","6":"product_cat-akwarela","7":"product_cat-wszystkie-produkty","8":"product_cat-prezent-na-slub","9":"product_cat-prezent-dla-meza","10":"product_cat-prezent-dla-zony","11":"product_tag-couple-gift-pl","12":"product_tag-prezent-dla-nowozencow","13":"product_tag-prezent-slubny","14":"product_tag-prezenty-slubne","15":"product_tag-wedding-pl-2","17":"first","18":"instock","19":"sale","20":"taxable","21":"shipping-taxable","22":"purchasable","23":"product-type-variable"},"yoast_head":"<!-- This site is optimized with the Yoast SEO Premium plugin v27.2 (Yoast SEO v27.2) - https:\/\/yoast.com\/product\/yoast-seo-premium-wordpress\/ -->\n<title>Personalizowany portret \u015blubny ze zdj\u0119cia - Positive Prints<\/title>\n<meta name=\"description\" content=\"Zamie\u0144 zdj\u0119cie \u015blubne w elegancki portret. Wyj\u0105tkowa pami\u0105tka \u015blubna, kt\u00f3ra zachowa emocje tego dnia na d\u0142ugie lata.\" \/>\n<meta name=\"robots\" content=\"index, follow, max-snippet:-1, max-image-preview:large, max-video-preview:-1\" \/>\n<link rel=\"canonical\" href=\"https:\/\/positiveprints.com\/pl\/produkt\/personalizowany-portret-slubny-ze-zdjecia\/\" \/>\n<meta property=\"og:locale\" content=\"pl_PL\" \/>\n<meta property=\"og:type\" content=\"article\" \/>\n<meta property=\"og:title\" content=\"Personalizowany portret \u015blubny ze zdj\u0119cia\" \/>\n<meta property=\"og:description\" content=\"Portret wykonany na podstawie przes\u0142anego zdj\u0119cia Spersonalizuj, dodaj\u0105c w\u0142asny tekst i wybieraj\u0105c styl grafiki Nasz artysta w programie graficznym stworzy portret z Twojego zdj\u0119cia Wst\u0119pny projekt otrzymasz w ci\u0105gu 2\u20133 dni roboczych Wybierz spo\u015br\u00f3d r\u00f3\u017cnych rozmiar\u00f3w wydruku\" \/>\n<meta property=\"og:url\" content=\"https:\/\/positiveprints.com\/pl\/produkt\/personalizowany-portret-slubny-ze-zdjecia\/\" \/>\n<meta property=\"og:site_name\" content=\"Positive Prints\" \/>\n<meta property=\"article:publisher\" content=\"https:\/\/www.facebook.com\/positiveprintscom\" \/>\n<meta property=\"article:modified_time\" content=\"2026-05-03T15:15:09+00:00\" \/>\n<meta property=\"og:image\" content=\"https:\/\/positiveprints.com\/wp-content\/uploads\/2026\/02\/Packshot_PL_Personalizowany-portret-slubny-ze-zdjecia.webp\" \/>\n\t<meta property=\"og:image:width\" content=\"1450\" \/>\n\t<meta property=\"og:image:height\" content=\"1450\" \/>\n\t<meta property=\"og:image:type\" content=\"image\/webp\" \/>\n<meta name=\"twitter:card\" content=\"summary_large_image\" \/>\n<!-- \/ Yoast SEO Premium plugin. -->","yoast_head_json":{"title":"Personalizowany portret \u015blubny ze zdj\u0119cia - Positive Prints","description":"Zamie\u0144 zdj\u0119cie \u015blubne w elegancki portret. Wyj\u0105tkowa pami\u0105tka \u015blubna, kt\u00f3ra zachowa emocje tego dnia na d\u0142ugie lata.","robots":{"index":"index","follow":"follow","max-snippet":"max-snippet:-1","max-image-preview":"max-image-preview:large","max-video-preview":"max-video-preview:-1"},"canonical":"https:\/\/positiveprints.com\/pl\/produkt\/personalizowany-portret-slubny-ze-zdjecia\/","og_locale":"pl_PL","og_type":"article","og_title":"Personalizowany portret \u015blubny ze zdj\u0119cia","og_description":"Portret wykonany na podstawie przes\u0142anego zdj\u0119cia Spersonalizuj, dodaj\u0105c w\u0142asny tekst i wybieraj\u0105c styl grafiki Nasz artysta w programie graficznym stworzy portret z Twojego zdj\u0119cia Wst\u0119pny projekt otrzymasz w ci\u0105gu 2\u20133 dni roboczych Wybierz spo\u015br\u00f3d r\u00f3\u017cnych rozmiar\u00f3w wydruku","og_url":"https:\/\/positiveprints.com\/pl\/produkt\/personalizowany-portret-slubny-ze-zdjecia\/","og_site_name":"Positive Prints","article_publisher":"https:\/\/www.facebook.com\/positiveprintscom","article_modified_time":"2026-05-03T15:15:09+00:00","og_image":[{"width":1450,"height":1450,"url":"https:\/\/positiveprints.com\/wp-content\/uploads\/2026\/02\/Packshot_PL_Personalizowany-portret-slubny-ze-zdjecia.webp","type":"image\/webp"}],"twitter_card":"summary_large_image","schema":{"@context":"https:\/\/schema.org","@graph":[{"@type":["WebPage","ItemPage"],"@id":"https:\/\/positiveprints.com\/pl\/produkt\/personalizowany-portret-slubny-ze-zdjecia\/","url":"https:\/\/positiveprints.com\/pl\/produkt\/personalizowany-portret-slubny-ze-zdjecia\/","name":"Personalizowany portret \u015blubny ze zdj\u0119cia - Positive Prints","isPartOf":{"@id":"https:\/\/positiveprints.com\/pl\/#website"},"primaryImageOfPage":{"@id":"https:\/\/positiveprints.com\/pl\/produkt\/personalizowany-portret-slubny-ze-zdjecia\/#primaryimage"},"image":{"@id":"https:\/\/positiveprints.com\/pl\/produkt\/personalizowany-portret-slubny-ze-zdjecia\/#primaryimage"},"thumbnailUrl":"https:\/\/positiveprints.com\/wp-content\/uploads\/2026\/02\/Packshot_PL_Personalizowany-portret-slubny-ze-zdjecia.webp","datePublished":"2026-02-13T11:49:54+00:00","dateModified":"2026-05-03T15:15:09+00:00","description":"Zamie\u0144 zdj\u0119cie \u015blubne w elegancki portret. Wyj\u0105tkowa pami\u0105tka \u015blubna, kt\u00f3ra zachowa emocje tego dnia na d\u0142ugie lata.","breadcrumb":{"@id":"https:\/\/positiveprints.com\/pl\/produkt\/personalizowany-portret-slubny-ze-zdjecia\/#breadcrumb"},"inLanguage":"pl-PL","potentialAction":[{"@type":"ReadAction","target":["https:\/\/positiveprints.com\/pl\/produkt\/personalizowany-portret-slubny-ze-zdjecia\/"]}]},{"@type":"ImageObject","inLanguage":"pl-PL","@id":"https:\/\/positiveprints.com\/pl\/produkt\/personalizowany-portret-slubny-ze-zdjecia\/#primaryimage","url":"https:\/\/positiveprints.com\/wp-content\/uploads\/2026\/02\/Packshot_PL_Personalizowany-portret-slubny-ze-zdjecia.webp","contentUrl":"https:\/\/positiveprints.com\/wp-content\/uploads\/2026\/02\/Packshot_PL_Personalizowany-portret-slubny-ze-zdjecia.webp","width":1450,"height":1450,"caption":"Packshot_PL_Personalizowany portret \u015blubny ze zdj\u0119cia"},{"@type":"BreadcrumbList","@id":"https:\/\/positiveprints.com\/pl\/produkt\/personalizowany-portret-slubny-ze-zdjecia\/#breadcrumb","itemListElement":[{"@type":"ListItem","position":1,"name":"Home","item":"https:\/\/positiveprints.com\/pl\/"},{"@type":"ListItem","position":2,"name":"Produkty","item":"https:\/\/positiveprints.com\/pl\/shop\/"},{"@type":"ListItem","position":3,"name":"Personalizowany portret \u015blubny ze zdj\u0119cia"}]},{"@type":"WebSite","@id":"https:\/\/positiveprints.com\/pl\/#website","url":"https:\/\/positiveprints.com\/pl\/","name":"Positive Prints","description":"Amazing Custom Personalized Gifts","publisher":{"@id":"https:\/\/positiveprints.com\/pl\/#organization"},"potentialAction":[{"@type":"SearchAction","target":{"@type":"EntryPoint","urlTemplate":"https:\/\/positiveprints.com\/pl\/?s={search_term_string}"},"query-input":{"@type":"PropertyValueSpecification","valueRequired":true,"valueName":"search_term_string"}}],"inLanguage":"pl-PL"},{"@type":"Organization","@id":"https:\/\/positiveprints.com\/pl\/#organization","name":"Positive Prints","alternateName":"Positive Prints","url":"https:\/\/positiveprints.com\/pl\/","logo":{"@type":"ImageObject","inLanguage":"pl-PL","@id":"https:\/\/positiveprints.com\/pl\/#\/schema\/logo\/image\/","url":"https:\/\/positiveprints.com\/wp-content\/uploads\/2026\/03\/245815646_1337939713319158_5671353136411139666_n.png","contentUrl":"https:\/\/positiveprints.com\/wp-content\/uploads\/2026\/03\/245815646_1337939713319158_5671353136411139666_n.png","width":800,"height":800,"caption":"Positive Prints"},"image":{"@id":"https:\/\/positiveprints.com\/pl\/#\/schema\/logo\/image\/"},"sameAs":["https:\/\/www.facebook.com\/positiveprintscom","https:\/\/www.instagram.com\/positiveprintscom\/","https:\/\/www.tiktok.com\/@positiveprintscom","https:\/\/www.pinterest.com\/positiveprintscom\/"]}]}},"jetpack_sharing_enabled":true,"_links":{"self":[{"href":"https:\/\/positiveprints.com\/pl\/wp-json\/wp\/v2\/product\/1643527","targetHints":{"allow":["GET"]}}],"collection":[{"href":"https:\/\/positiveprints.com\/pl\/wp-json\/wp\/v2\/product"}],"about":[{"href":"https:\/\/positiveprints.com\/pl\/wp-json\/wp\/v2\/types\/product"}],"wp:featuredmedia":[{"embeddable":true,"href":"https:\/\/positiveprints.com\/pl\/wp-json\/wp\/v2\/media\/1629757"}],"wp:attachment":[{"href":"https:\/\/positiveprints.com\/pl\/wp-json\/wp\/v2\/media?parent=1643527"}],"wp:term":[{"taxonomy":"product_brand","embeddable":true,"href":"https:\/\/positiveprints.com\/pl\/wp-json\/wp\/v2\/product_brand?post=1643527"},{"taxonomy":"product_cat","embeddable":true,"href":"https:\/\/positiveprints.com\/pl\/wp-json\/wp\/v2\/product_cat?post=1643527"},{"taxonomy":"product_tag","embeddable":true,"href":"https:\/\/positiveprints.com\/pl\/wp-json\/wp\/v2\/product_tag?post=1643527"}],"curies":[{"name":"wp","href":"https:\/\/api.w.org\/{rel}","templated":true}]}}