{"id":1630466,"date":"2026-02-04T13:02:11","date_gmt":"2026-02-04T12:02:11","guid":{"rendered":"https:\/\/positiveprints.com\/?post_type=product&#038;p=1630466"},"modified":"2026-04-03T02:16:55","modified_gmt":"2026-04-03T01:16:55","slug":"gwiazdy-w-dniu-urodzin","status":"publish","type":"product","link":"https:\/\/positiveprints.com\/pl\/produkt\/gwiazdy-w-dniu-urodzin\/","title":{"rendered":"Gwiazdy w dniu urodzin"},"content":{"rendered":"","protected":false},"excerpt":{"rendered":"<ul class=\"check-list\">\n<li>Dodaj planety, konstelacje i Drog\u0119 Mleczn\u0105 <\/li>\n<li>Spersonalizuj w 3 prostych krokach<\/li>\n<li>Dodaj dedykacj\u0119 prosto z serca<\/li>\n<li>Interaktywny podgl\u0105d pozwoli dopracowa\u0107 ka\u017cdy szczeg\u00f3\u0142<\/li>\n<\/ul>\n","protected":false},"featured_media":1631465,"template":"","meta":[],"product_brand":[],"product_cat":[11404,7626,7690,8010,8190,15037,7834,11416,7739,11210,11209,3114,5271,3126],"product_tag":[8468,12776,13458,13478],"class_list":{"0":"post-1630466","1":"product","2":"type-product","3":"status-publish","4":"has-post-thumbnail","6":"product_cat-prezenty-pod-choinke-dla-brata","7":"product_cat-prezent-dla-brata","8":"product_cat-prezent-dla-kobiety","9":"product_cat-prezent-dla-mezczyzny","10":"product_cat-dla-niej","11":"product_cat-prezenty-pod-choinke-dla-przyjaciol","12":"product_cat-prezent-dla-przyjaciol","13":"product_cat-prezenty-pod-choinke-dla-siostry","14":"product_cat-prezent-dla-siostry","15":"product_cat-prezenty-urodzinowe-dla-niego","16":"product_cat-prezenty-urodzinowe-dla-niej","17":"product_cat-star-pl-2","18":"product_cat-prezent-na-boze-narodzenie","19":"product_cat-prezent-na-urodziny","20":"product_tag-birthday-pl","21":"product_tag-prezent-pod-choinke-dla-siostry","22":"product_tag-prezenty-swiateczne-dla-brata","23":"product_tag-prezenty-swiateczne-dla-przyjaciol","25":"first","26":"instock","27":"sale","28":"taxable","29":"shipping-taxable","30":"purchasable","31":"product-type-variable","32":"has-default-attributes"},"yoast_head":"<!-- This site is optimized with the Yoast SEO Premium plugin v27.2 (Yoast SEO v27.2) - https:\/\/yoast.com\/product\/yoast-seo-premium-wordpress\/ -->\n<title>Gwiazdy w dniu urodzin - Positive Prints<\/title>\n<meta name=\"description\" content=\"Gwiazdy w dniu urodzin pokazuj\u0105 wyj\u0105tkowe niebo z wa\u017cnej daty, tworz\u0105c oryginaln\u0105 dekoracj\u0119 i wzruszaj\u0105cy prezent urodzinowy pe\u0142en znaczenia.\" \/>\n<meta name=\"robots\" content=\"index, follow, max-snippet:-1, max-image-preview:large, max-video-preview:-1\" \/>\n<link rel=\"canonical\" href=\"https:\/\/positiveprints.com\/pl\/produkt\/gwiazdy-w-dniu-urodzin\/\" \/>\n<meta property=\"og:locale\" content=\"pl_PL\" \/>\n<meta property=\"og:type\" content=\"article\" \/>\n<meta property=\"og:title\" content=\"Gwiazdy w dniu urodzin\" \/>\n<meta property=\"og:description\" content=\"Dodaj planety, konstelacje i Drog\u0119 Mleczn\u0105   Spersonalizuj w 3 prostych krokach  Dodaj dedykacj\u0119 prosto z serca  Interaktywny podgl\u0105d pozwoli dopracowa\u0107 ka\u017cdy szczeg\u00f3\u0142\" \/>\n<meta property=\"og:url\" content=\"https:\/\/positiveprints.com\/pl\/produkt\/gwiazdy-w-dniu-urodzin\/\" \/>\n<meta property=\"og:site_name\" content=\"Positive Prints\" \/>\n<meta property=\"article:publisher\" content=\"https:\/\/www.facebook.com\/positiveprintscom\" \/>\n<meta property=\"article:modified_time\" content=\"2026-04-03T01:16:55+00:00\" \/>\n<meta property=\"og:image\" content=\"https:\/\/positiveprints.com\/wp-content\/uploads\/2026\/02\/Packshot_PL_XX-1.webp\" \/>\n\t<meta property=\"og:image:width\" content=\"1450\" \/>\n\t<meta property=\"og:image:height\" content=\"1450\" \/>\n\t<meta property=\"og:image:type\" content=\"image\/webp\" \/>\n<meta name=\"twitter:card\" content=\"summary_large_image\" \/>\n<meta name=\"twitter:label1\" content=\"Szacowany czas czytania\" \/>\n\t<meta name=\"twitter:data1\" content=\"5 minut\" \/>\n<!-- \/ Yoast SEO Premium plugin. -->","yoast_head_json":{"title":"Gwiazdy w dniu urodzin - Positive Prints","description":"Gwiazdy w dniu urodzin pokazuj\u0105 wyj\u0105tkowe niebo z wa\u017cnej daty, tworz\u0105c oryginaln\u0105 dekoracj\u0119 i wzruszaj\u0105cy prezent urodzinowy pe\u0142en znaczenia.","robots":{"index":"index","follow":"follow","max-snippet":"max-snippet:-1","max-image-preview":"max-image-preview:large","max-video-preview":"max-video-preview:-1"},"canonical":"https:\/\/positiveprints.com\/pl\/produkt\/gwiazdy-w-dniu-urodzin\/","og_locale":"pl_PL","og_type":"article","og_title":"Gwiazdy w dniu urodzin","og_description":"Dodaj planety, konstelacje i Drog\u0119 Mleczn\u0105   Spersonalizuj w 3 prostych krokach  Dodaj dedykacj\u0119 prosto z serca  Interaktywny podgl\u0105d pozwoli dopracowa\u0107 ka\u017cdy szczeg\u00f3\u0142","og_url":"https:\/\/positiveprints.com\/pl\/produkt\/gwiazdy-w-dniu-urodzin\/","og_site_name":"Positive Prints","article_publisher":"https:\/\/www.facebook.com\/positiveprintscom","article_modified_time":"2026-04-03T01:16:55+00:00","og_image":[{"width":1450,"height":1450,"url":"https:\/\/positiveprints.com\/wp-content\/uploads\/2026\/02\/Packshot_PL_XX-1.webp","type":"image\/webp"}],"twitter_card":"summary_large_image","twitter_misc":{"Szacowany czas czytania":"5 minut"},"schema":{"@context":"https:\/\/schema.org","@graph":[{"@type":["WebPage","ItemPage"],"@id":"https:\/\/positiveprints.com\/pl\/produkt\/gwiazdy-w-dniu-urodzin\/","url":"https:\/\/positiveprints.com\/pl\/produkt\/gwiazdy-w-dniu-urodzin\/","name":"Gwiazdy w dniu urodzin - Positive Prints","isPartOf":{"@id":"https:\/\/positiveprints.com\/pl\/#website"},"primaryImageOfPage":{"@id":"https:\/\/positiveprints.com\/pl\/produkt\/gwiazdy-w-dniu-urodzin\/#primaryimage"},"image":{"@id":"https:\/\/positiveprints.com\/pl\/produkt\/gwiazdy-w-dniu-urodzin\/#primaryimage"},"thumbnailUrl":"https:\/\/positiveprints.com\/wp-content\/uploads\/2026\/02\/Packshot_PL_XX-1.webp","datePublished":"2026-02-04T12:02:11+00:00","dateModified":"2026-04-03T01:16:55+00:00","description":"Gwiazdy w dniu urodzin pokazuj\u0105 wyj\u0105tkowe niebo z wa\u017cnej daty, tworz\u0105c oryginaln\u0105 dekoracj\u0119 i wzruszaj\u0105cy prezent urodzinowy pe\u0142en znaczenia.","breadcrumb":{"@id":"https:\/\/positiveprints.com\/pl\/produkt\/gwiazdy-w-dniu-urodzin\/#breadcrumb"},"inLanguage":"pl-PL","potentialAction":[{"@type":"ReadAction","target":["https:\/\/positiveprints.com\/pl\/produkt\/gwiazdy-w-dniu-urodzin\/"]}]},{"@type":"ImageObject","inLanguage":"pl-PL","@id":"https:\/\/positiveprints.com\/pl\/produkt\/gwiazdy-w-dniu-urodzin\/#primaryimage","url":"https:\/\/positiveprints.com\/wp-content\/uploads\/2026\/02\/Packshot_PL_XX-1.webp","contentUrl":"https:\/\/positiveprints.com\/wp-content\/uploads\/2026\/02\/Packshot_PL_XX-1.webp","width":1450,"height":1450},{"@type":"BreadcrumbList","@id":"https:\/\/positiveprints.com\/pl\/produkt\/gwiazdy-w-dniu-urodzin\/#breadcrumb","itemListElement":[{"@type":"ListItem","position":1,"name":"Home","item":"https:\/\/positiveprints.com\/pl\/"},{"@type":"ListItem","position":2,"name":"Produkty","item":"https:\/\/positiveprints.com\/pl\/shop\/"},{"@type":"ListItem","position":3,"name":"Gwiazdy w dniu urodzin"}]},{"@type":"WebSite","@id":"https:\/\/positiveprints.com\/pl\/#website","url":"https:\/\/positiveprints.com\/pl\/","name":"Positive Prints","description":"Amazing Custom Personalized Gifts","publisher":{"@id":"https:\/\/positiveprints.com\/pl\/#organization"},"potentialAction":[{"@type":"SearchAction","target":{"@type":"EntryPoint","urlTemplate":"https:\/\/positiveprints.com\/pl\/?s={search_term_string}"},"query-input":{"@type":"PropertyValueSpecification","valueRequired":true,"valueName":"search_term_string"}}],"inLanguage":"pl-PL"},{"@type":"Organization","@id":"https:\/\/positiveprints.com\/pl\/#organization","name":"Positive Prints","alternateName":"Positive Prints","url":"https:\/\/positiveprints.com\/pl\/","logo":{"@type":"ImageObject","inLanguage":"pl-PL","@id":"https:\/\/positiveprints.com\/pl\/#\/schema\/logo\/image\/","url":"https:\/\/positiveprints.com\/wp-content\/uploads\/2026\/03\/245815646_1337939713319158_5671353136411139666_n.png","contentUrl":"https:\/\/positiveprints.com\/wp-content\/uploads\/2026\/03\/245815646_1337939713319158_5671353136411139666_n.png","width":800,"height":800,"caption":"Positive Prints"},"image":{"@id":"https:\/\/positiveprints.com\/pl\/#\/schema\/logo\/image\/"},"sameAs":["https:\/\/www.facebook.com\/positiveprintscom","https:\/\/www.instagram.com\/positiveprintscom\/","https:\/\/www.tiktok.com\/@positiveprintscom","https:\/\/www.pinterest.com\/positiveprintscom\/"]}]}},"jetpack_sharing_enabled":true,"_links":{"self":[{"href":"https:\/\/positiveprints.com\/pl\/wp-json\/wp\/v2\/product\/1630466","targetHints":{"allow":["GET"]}}],"collection":[{"href":"https:\/\/positiveprints.com\/pl\/wp-json\/wp\/v2\/product"}],"about":[{"href":"https:\/\/positiveprints.com\/pl\/wp-json\/wp\/v2\/types\/product"}],"wp:featuredmedia":[{"embeddable":true,"href":"https:\/\/positiveprints.com\/pl\/wp-json\/wp\/v2\/media\/1631465"}],"wp:attachment":[{"href":"https:\/\/positiveprints.com\/pl\/wp-json\/wp\/v2\/media?parent=1630466"}],"wp:term":[{"taxonomy":"product_brand","embeddable":true,"href":"https:\/\/positiveprints.com\/pl\/wp-json\/wp\/v2\/product_brand?post=1630466"},{"taxonomy":"product_cat","embeddable":true,"href":"https:\/\/positiveprints.com\/pl\/wp-json\/wp\/v2\/product_cat?post=1630466"},{"taxonomy":"product_tag","embeddable":true,"href":"https:\/\/positiveprints.com\/pl\/wp-json\/wp\/v2\/product_tag?post=1630466"}],"curies":[{"name":"wp","href":"https:\/\/api.w.org\/{rel}","templated":true}]}}