{"id":1617000,"date":"2026-01-21T21:24:55","date_gmt":"2026-01-21T20:24:55","guid":{"rendered":"https:\/\/positiveprints.com\/?post_type=product&#038;p=1617000"},"modified":"2026-04-03T02:17:37","modified_gmt":"2026-04-03T01:17:37","slug":"personalizowany-plakat-do-wydruku-z-tekstem-piosenki","status":"publish","type":"product","link":"https:\/\/positiveprints.com\/pl\/produkt\/personalizowany-plakat-do-wydruku-z-tekstem-piosenki\/","title":{"rendered":"Personalizowany plakat do wydruku z tekstem piosenki"},"content":{"rendered":"","protected":false},"excerpt":{"rendered":"<ul class=\"check-list\">\n<li>Spersonalizuj za pomoc\u0105 dowolnego tekstu piosenki lub przysi\u0119gi \u015blubnej<\/li>\n<li>Zaprojektuj w 2 minuty<\/li>\n<li>Dodaj wyj\u0105tkowy tekst prosto z serca<\/li>\n<li>Podgl\u0105d projektu na ka\u017cdym etapie<\/li>\n<\/ul>\n","protected":false},"featured_media":1248186,"template":"","meta":[],"product_brand":[],"product_cat":[9279,8238,12142,7578,99],"product_tag":[15827],"class_list":{"0":"post-1617000","1":"product","2":"type-product","3":"status-publish","4":"has-post-thumbnail","6":"product_cat-bestsellers-label-pl","7":"product_cat-digital-products-pl","8":"product_cat-lyrics-pl","9":"product_cat-prezenty-na-ostatnia-chwile","10":"product_cat-wszystkie-produkty","11":"product_tag-last-minute-pl-2","13":"first","14":"instock","15":"sale","16":"taxable","17":"shipping-taxable","18":"purchasable","19":"product-type-variable"},"yoast_head":"<!-- This site is optimized with the Yoast SEO Premium plugin v27.2 (Yoast SEO v27.2) - https:\/\/yoast.com\/product\/yoast-seo-premium-wordpress\/ -->\n<title>Personalizowany plakat do wydruku z tekstem piosenki - Positive Prints<\/title>\n<meta name=\"description\" content=\"Szukasz wyj\u0105tkowego i specjalnego prezentu? Personalizowany plakat z tekstem Waszej ulubionej piosenki to wyj\u0105tkowy poster lub wydruk na p\u0142\u00f3tnie, kt\u00f3ry pi\u0119knie wy\u015bwietla s\u0142owa wybranej piosenki.\" \/>\n<meta name=\"robots\" content=\"index, follow, max-snippet:-1, max-image-preview:large, max-video-preview:-1\" \/>\n<link rel=\"canonical\" href=\"https:\/\/positiveprints.com\/pl\/produkt\/personalizowany-plakat-do-wydruku-z-tekstem-piosenki\/\" \/>\n<meta property=\"og:locale\" content=\"pl_PL\" \/>\n<meta property=\"og:type\" content=\"article\" \/>\n<meta property=\"og:title\" content=\"Personalizowany plakat do wydruku z tekstem piosenki\" \/>\n<meta property=\"og:description\" content=\"Spersonalizuj za pomoc\u0105 dowolnego tekstu piosenki lub przysi\u0119gi \u015blubnej       Zaprojektuj w 2 minuty       Dodaj wyj\u0105tkowy tekst prosto z serca       Podgl\u0105d projektu na ka\u017cdym etapie\" \/>\n<meta property=\"og:url\" content=\"https:\/\/positiveprints.com\/pl\/produkt\/personalizowany-plakat-do-wydruku-z-tekstem-piosenki\/\" \/>\n<meta property=\"og:site_name\" content=\"Positive Prints\" \/>\n<meta property=\"article:publisher\" content=\"https:\/\/www.facebook.com\/positiveprintscom\" \/>\n<meta property=\"article:modified_time\" content=\"2026-04-03T01:17:37+00:00\" \/>\n<meta property=\"og:image\" content=\"https:\/\/positiveprints.com\/wp-content\/uploads\/2026\/01\/Personalizowana-grafika-winylowa_PL.webp\" \/>\n\t<meta property=\"og:image:width\" content=\"2048\" \/>\n\t<meta property=\"og:image:height\" content=\"2048\" \/>\n\t<meta property=\"og:image:type\" content=\"image\/webp\" \/>\n<meta name=\"twitter:card\" content=\"summary_large_image\" \/>\n<meta name=\"twitter:label1\" content=\"Szacowany czas czytania\" \/>\n\t<meta name=\"twitter:data1\" content=\"1 minuta\" \/>\n<!-- \/ Yoast SEO Premium plugin. -->","yoast_head_json":{"title":"Personalizowany plakat do wydruku z tekstem piosenki - Positive Prints","description":"Szukasz wyj\u0105tkowego i specjalnego prezentu? Personalizowany plakat z tekstem Waszej ulubionej piosenki to wyj\u0105tkowy poster lub wydruk na p\u0142\u00f3tnie, kt\u00f3ry pi\u0119knie wy\u015bwietla s\u0142owa wybranej piosenki.","robots":{"index":"index","follow":"follow","max-snippet":"max-snippet:-1","max-image-preview":"max-image-preview:large","max-video-preview":"max-video-preview:-1"},"canonical":"https:\/\/positiveprints.com\/pl\/produkt\/personalizowany-plakat-do-wydruku-z-tekstem-piosenki\/","og_locale":"pl_PL","og_type":"article","og_title":"Personalizowany plakat do wydruku z tekstem piosenki","og_description":"Spersonalizuj za pomoc\u0105 dowolnego tekstu piosenki lub przysi\u0119gi \u015blubnej       Zaprojektuj w 2 minuty       Dodaj wyj\u0105tkowy tekst prosto z serca       Podgl\u0105d projektu na ka\u017cdym etapie","og_url":"https:\/\/positiveprints.com\/pl\/produkt\/personalizowany-plakat-do-wydruku-z-tekstem-piosenki\/","og_site_name":"Positive Prints","article_publisher":"https:\/\/www.facebook.com\/positiveprintscom","article_modified_time":"2026-04-03T01:17:37+00:00","og_image":[{"width":2048,"height":2048,"url":"https:\/\/positiveprints.com\/wp-content\/uploads\/2026\/01\/Personalizowana-grafika-winylowa_PL.webp","type":"image\/webp"}],"twitter_card":"summary_large_image","twitter_misc":{"Szacowany czas czytania":"1 minuta"},"schema":{"@context":"https:\/\/schema.org","@graph":[{"@type":["WebPage","ItemPage"],"@id":"https:\/\/positiveprints.com\/pl\/produkt\/personalizowany-plakat-do-wydruku-z-tekstem-piosenki\/","url":"https:\/\/positiveprints.com\/pl\/produkt\/personalizowany-plakat-do-wydruku-z-tekstem-piosenki\/","name":"Personalizowany plakat do wydruku z tekstem piosenki - Positive Prints","isPartOf":{"@id":"https:\/\/positiveprints.com\/pl\/#website"},"primaryImageOfPage":{"@id":"https:\/\/positiveprints.com\/pl\/produkt\/personalizowany-plakat-do-wydruku-z-tekstem-piosenki\/#primaryimage"},"image":{"@id":"https:\/\/positiveprints.com\/pl\/produkt\/personalizowany-plakat-do-wydruku-z-tekstem-piosenki\/#primaryimage"},"thumbnailUrl":"https:\/\/positiveprints.com\/wp-content\/uploads\/2024\/11\/Packshot_PL_Custom-Song-Lyrics-Art-with-Photo-product-image-.webp","datePublished":"2026-01-21T20:24:55+00:00","dateModified":"2026-04-03T01:17:37+00:00","description":"Szukasz wyj\u0105tkowego i specjalnego prezentu? Personalizowany plakat z tekstem Waszej ulubionej piosenki to wyj\u0105tkowy poster lub wydruk na p\u0142\u00f3tnie, kt\u00f3ry pi\u0119knie wy\u015bwietla s\u0142owa wybranej piosenki.","breadcrumb":{"@id":"https:\/\/positiveprints.com\/pl\/produkt\/personalizowany-plakat-do-wydruku-z-tekstem-piosenki\/#breadcrumb"},"inLanguage":"pl-PL","potentialAction":[{"@type":"ReadAction","target":["https:\/\/positiveprints.com\/pl\/produkt\/personalizowany-plakat-do-wydruku-z-tekstem-piosenki\/"]}]},{"@type":"ImageObject","inLanguage":"pl-PL","@id":"https:\/\/positiveprints.com\/pl\/produkt\/personalizowany-plakat-do-wydruku-z-tekstem-piosenki\/#primaryimage","url":"https:\/\/positiveprints.com\/wp-content\/uploads\/2024\/11\/Packshot_PL_Custom-Song-Lyrics-Art-with-Photo-product-image-.webp","contentUrl":"https:\/\/positiveprints.com\/wp-content\/uploads\/2024\/11\/Packshot_PL_Custom-Song-Lyrics-Art-with-Photo-product-image-.webp","width":1450,"height":1450,"caption":"Packshot_PL_Custom Song Lyrics Art with Photo product image"},{"@type":"BreadcrumbList","@id":"https:\/\/positiveprints.com\/pl\/produkt\/personalizowany-plakat-do-wydruku-z-tekstem-piosenki\/#breadcrumb","itemListElement":[{"@type":"ListItem","position":1,"name":"Home","item":"https:\/\/positiveprints.com\/pl\/"},{"@type":"ListItem","position":2,"name":"Produkty","item":"https:\/\/positiveprints.com\/pl\/shop\/"},{"@type":"ListItem","position":3,"name":"Personalizowany plakat do wydruku z tekstem piosenki"}]},{"@type":"WebSite","@id":"https:\/\/positiveprints.com\/pl\/#website","url":"https:\/\/positiveprints.com\/pl\/","name":"Positive Prints","description":"Amazing Custom Personalized Gifts","publisher":{"@id":"https:\/\/positiveprints.com\/pl\/#organization"},"potentialAction":[{"@type":"SearchAction","target":{"@type":"EntryPoint","urlTemplate":"https:\/\/positiveprints.com\/pl\/?s={search_term_string}"},"query-input":{"@type":"PropertyValueSpecification","valueRequired":true,"valueName":"search_term_string"}}],"inLanguage":"pl-PL"},{"@type":"Organization","@id":"https:\/\/positiveprints.com\/pl\/#organization","name":"Positive Prints","alternateName":"Positive Prints","url":"https:\/\/positiveprints.com\/pl\/","logo":{"@type":"ImageObject","inLanguage":"pl-PL","@id":"https:\/\/positiveprints.com\/pl\/#\/schema\/logo\/image\/","url":"https:\/\/positiveprints.com\/wp-content\/uploads\/2026\/03\/245815646_1337939713319158_5671353136411139666_n.png","contentUrl":"https:\/\/positiveprints.com\/wp-content\/uploads\/2026\/03\/245815646_1337939713319158_5671353136411139666_n.png","width":800,"height":800,"caption":"Positive Prints"},"image":{"@id":"https:\/\/positiveprints.com\/pl\/#\/schema\/logo\/image\/"},"sameAs":["https:\/\/www.facebook.com\/positiveprintscom","https:\/\/www.instagram.com\/positiveprintscom\/","https:\/\/www.tiktok.com\/@positiveprintscom","https:\/\/www.pinterest.com\/positiveprintscom\/"]}]}},"jetpack_sharing_enabled":true,"_links":{"self":[{"href":"https:\/\/positiveprints.com\/pl\/wp-json\/wp\/v2\/product\/1617000","targetHints":{"allow":["GET"]}}],"collection":[{"href":"https:\/\/positiveprints.com\/pl\/wp-json\/wp\/v2\/product"}],"about":[{"href":"https:\/\/positiveprints.com\/pl\/wp-json\/wp\/v2\/types\/product"}],"wp:featuredmedia":[{"embeddable":true,"href":"https:\/\/positiveprints.com\/pl\/wp-json\/wp\/v2\/media\/1248186"}],"wp:attachment":[{"href":"https:\/\/positiveprints.com\/pl\/wp-json\/wp\/v2\/media?parent=1617000"}],"wp:term":[{"taxonomy":"product_brand","embeddable":true,"href":"https:\/\/positiveprints.com\/pl\/wp-json\/wp\/v2\/product_brand?post=1617000"},{"taxonomy":"product_cat","embeddable":true,"href":"https:\/\/positiveprints.com\/pl\/wp-json\/wp\/v2\/product_cat?post=1617000"},{"taxonomy":"product_tag","embeddable":true,"href":"https:\/\/positiveprints.com\/pl\/wp-json\/wp\/v2\/product_tag?post=1617000"}],"curies":[{"name":"wp","href":"https:\/\/api.w.org\/{rel}","templated":true}]}}