{"id":1578341,"date":"2025-11-25T10:27:11","date_gmt":"2025-11-25T08:27:11","guid":{"rendered":"https:\/\/positiveprints.com\/?post_type=product&#038;p=1578341"},"modified":"2026-04-03T02:19:04","modified_gmt":"2026-04-03T01:19:04","slug":"kot-fotoobraz-ze-zdjecia","status":"publish","type":"product","link":"https:\/\/positiveprints.com\/pl\/produkt\/kot-fotoobraz-ze-zdjecia\/","title":{"rendered":"Kot &#8211; Fotoobraz ze zdj\u0119cia"},"content":{"rendered":"","protected":false},"excerpt":{"rendered":"<ul class=\"check-list\">\n<li>Dodaj ulubione zdj\u0119cie<\/li>\n<li>Wzboga\u0107 o osobisty akcent i spraw, by s\u0142owa uczyni\u0142y prezent prawdziwie wyj\u0105tkowym<\/li>\n<li>Spersonalizuj projekt w 3 prostych krokach<\/li>\n<li>Interaktywny podgl\u0105d pozwoli dopracowa\u0107 ka\u017cdy szczeg\u00f3\u0142<\/li>\n<\/ul>\n","protected":false},"featured_media":1585408,"template":"","meta":[],"product_brand":[],"product_cat":[99,7500,14084],"product_tag":[15631,14950,14952,14951,14954,15623,14949,14953],"class_list":{"0":"post-1578341","1":"product","2":"type-product","3":"status-publish","4":"has-post-thumbnail","6":"product_cat-wszystkie-produkty","7":"product_cat-foto-pl","8":"product_cat-prezent-dla-kociary","9":"product_tag-animals-pl","10":"product_tag-cat-dad-gifts-pl","11":"product_tag-cat-lovers-gifts-pl","12":"product_tag-cat-mom-gifts-pl","13":"product_tag-cat-owner-pl","14":"product_tag-cat-print-pl","15":"product_tag-custom-cat-gifts-pl","16":"product_tag-gifts-for-cat-owners-pl","18":"first","19":"instock","20":"sale","21":"taxable","22":"shipping-taxable","23":"purchasable","24":"product-type-variable"},"yoast_head":"<!-- This site is optimized with the Yoast SEO Premium plugin v27.2 (Yoast SEO v27.2) - https:\/\/yoast.com\/product\/yoast-seo-premium-wordpress\/ -->\n<title>Kot - Fotoobraz ze zdj\u0119cia - Positive Prints<\/title>\n<meta name=\"description\" content=\"Poka\u017c, jak wyj\u0105tkowy jest Tw\u00f3j kot \u2013 stw\u00f3rz dekoracj\u0119, kt\u00f3ra doda uroku ka\u017cdemu pomieszczeniu i b\u0119dzie pi\u0119kn\u0105 pami\u0105tk\u0105 na lata.\" \/>\n<meta name=\"robots\" content=\"index, follow, max-snippet:-1, max-image-preview:large, max-video-preview:-1\" \/>\n<link rel=\"canonical\" href=\"https:\/\/positiveprints.com\/pl\/produkt\/kot-fotoobraz-ze-zdjecia\/\" \/>\n<meta property=\"og:locale\" content=\"pl_PL\" \/>\n<meta property=\"og:type\" content=\"article\" \/>\n<meta property=\"og:title\" content=\"Kot - Fotoobraz ze zdj\u0119cia\" \/>\n<meta property=\"og:description\" content=\"Dodaj ulubione zdj\u0119cie Wzboga\u0107 o osobisty akcent i spraw, by s\u0142owa uczyni\u0142y prezent prawdziwie wyj\u0105tkowym Spersonalizuj projekt w 3 prostych krokach Interaktywny podgl\u0105d pozwoli dopracowa\u0107 ka\u017cdy szczeg\u00f3\u0142\" \/>\n<meta property=\"og:url\" content=\"https:\/\/positiveprints.com\/pl\/produkt\/kot-fotoobraz-ze-zdjecia\/\" \/>\n<meta property=\"og:site_name\" content=\"Positive Prints\" \/>\n<meta property=\"article:publisher\" content=\"https:\/\/www.facebook.com\/positiveprintscom\" \/>\n<meta property=\"article:modified_time\" content=\"2026-04-03T01:19:04+00:00\" \/>\n<meta property=\"og:image\" content=\"https:\/\/positiveprints.com\/wp-content\/uploads\/2025\/12\/Packshot_PL_Kot-Fotoobraz-ze-zdjecia.webp\" \/>\n\t<meta property=\"og:image:width\" content=\"1450\" \/>\n\t<meta property=\"og:image:height\" content=\"1450\" \/>\n\t<meta property=\"og:image:type\" content=\"image\/webp\" \/>\n<meta name=\"twitter:card\" content=\"summary_large_image\" \/>\n<meta name=\"twitter:label1\" content=\"Szacowany czas czytania\" \/>\n\t<meta name=\"twitter:data1\" content=\"1 minuta\" \/>\n<!-- \/ Yoast SEO Premium plugin. -->","yoast_head_json":{"title":"Kot - Fotoobraz ze zdj\u0119cia - Positive Prints","description":"Poka\u017c, jak wyj\u0105tkowy jest Tw\u00f3j kot \u2013 stw\u00f3rz dekoracj\u0119, kt\u00f3ra doda uroku ka\u017cdemu pomieszczeniu i b\u0119dzie pi\u0119kn\u0105 pami\u0105tk\u0105 na lata.","robots":{"index":"index","follow":"follow","max-snippet":"max-snippet:-1","max-image-preview":"max-image-preview:large","max-video-preview":"max-video-preview:-1"},"canonical":"https:\/\/positiveprints.com\/pl\/produkt\/kot-fotoobraz-ze-zdjecia\/","og_locale":"pl_PL","og_type":"article","og_title":"Kot - Fotoobraz ze zdj\u0119cia","og_description":"Dodaj ulubione zdj\u0119cie Wzboga\u0107 o osobisty akcent i spraw, by s\u0142owa uczyni\u0142y prezent prawdziwie wyj\u0105tkowym Spersonalizuj projekt w 3 prostych krokach Interaktywny podgl\u0105d pozwoli dopracowa\u0107 ka\u017cdy szczeg\u00f3\u0142","og_url":"https:\/\/positiveprints.com\/pl\/produkt\/kot-fotoobraz-ze-zdjecia\/","og_site_name":"Positive Prints","article_publisher":"https:\/\/www.facebook.com\/positiveprintscom","article_modified_time":"2026-04-03T01:19:04+00:00","og_image":[{"width":1450,"height":1450,"url":"https:\/\/positiveprints.com\/wp-content\/uploads\/2025\/12\/Packshot_PL_Kot-Fotoobraz-ze-zdjecia.webp","type":"image\/webp"}],"twitter_card":"summary_large_image","twitter_misc":{"Szacowany czas czytania":"1 minuta"},"schema":{"@context":"https:\/\/schema.org","@graph":[{"@type":["WebPage","ItemPage"],"@id":"https:\/\/positiveprints.com\/pl\/produkt\/kot-fotoobraz-ze-zdjecia\/","url":"https:\/\/positiveprints.com\/pl\/produkt\/kot-fotoobraz-ze-zdjecia\/","name":"Kot - Fotoobraz ze zdj\u0119cia - Positive Prints","isPartOf":{"@id":"https:\/\/positiveprints.com\/pl\/#website"},"primaryImageOfPage":{"@id":"https:\/\/positiveprints.com\/pl\/produkt\/kot-fotoobraz-ze-zdjecia\/#primaryimage"},"image":{"@id":"https:\/\/positiveprints.com\/pl\/produkt\/kot-fotoobraz-ze-zdjecia\/#primaryimage"},"thumbnailUrl":"https:\/\/positiveprints.com\/wp-content\/uploads\/2025\/12\/Packshot_PL_Kot-Fotoobraz-ze-zdjecia.webp","datePublished":"2025-11-25T08:27:11+00:00","dateModified":"2026-04-03T01:19:04+00:00","description":"Poka\u017c, jak wyj\u0105tkowy jest Tw\u00f3j kot \u2013 stw\u00f3rz dekoracj\u0119, kt\u00f3ra doda uroku ka\u017cdemu pomieszczeniu i b\u0119dzie pi\u0119kn\u0105 pami\u0105tk\u0105 na lata.","breadcrumb":{"@id":"https:\/\/positiveprints.com\/pl\/produkt\/kot-fotoobraz-ze-zdjecia\/#breadcrumb"},"inLanguage":"pl-PL","potentialAction":[{"@type":"ReadAction","target":["https:\/\/positiveprints.com\/pl\/produkt\/kot-fotoobraz-ze-zdjecia\/"]}]},{"@type":"ImageObject","inLanguage":"pl-PL","@id":"https:\/\/positiveprints.com\/pl\/produkt\/kot-fotoobraz-ze-zdjecia\/#primaryimage","url":"https:\/\/positiveprints.com\/wp-content\/uploads\/2025\/12\/Packshot_PL_Kot-Fotoobraz-ze-zdjecia.webp","contentUrl":"https:\/\/positiveprints.com\/wp-content\/uploads\/2025\/12\/Packshot_PL_Kot-Fotoobraz-ze-zdjecia.webp","width":1450,"height":1450},{"@type":"BreadcrumbList","@id":"https:\/\/positiveprints.com\/pl\/produkt\/kot-fotoobraz-ze-zdjecia\/#breadcrumb","itemListElement":[{"@type":"ListItem","position":1,"name":"Home","item":"https:\/\/positiveprints.com\/pl\/"},{"@type":"ListItem","position":2,"name":"Produkty","item":"https:\/\/positiveprints.com\/pl\/shop\/"},{"@type":"ListItem","position":3,"name":"Kot &#8211; Fotoobraz ze zdj\u0119cia"}]},{"@type":"WebSite","@id":"https:\/\/positiveprints.com\/pl\/#website","url":"https:\/\/positiveprints.com\/pl\/","name":"Positive Prints","description":"Amazing Custom Personalized Gifts","publisher":{"@id":"https:\/\/positiveprints.com\/pl\/#organization"},"potentialAction":[{"@type":"SearchAction","target":{"@type":"EntryPoint","urlTemplate":"https:\/\/positiveprints.com\/pl\/?s={search_term_string}"},"query-input":{"@type":"PropertyValueSpecification","valueRequired":true,"valueName":"search_term_string"}}],"inLanguage":"pl-PL"},{"@type":"Organization","@id":"https:\/\/positiveprints.com\/pl\/#organization","name":"Positive Prints","alternateName":"Positive Prints","url":"https:\/\/positiveprints.com\/pl\/","logo":{"@type":"ImageObject","inLanguage":"pl-PL","@id":"https:\/\/positiveprints.com\/pl\/#\/schema\/logo\/image\/","url":"https:\/\/positiveprints.com\/wp-content\/uploads\/2026\/03\/245815646_1337939713319158_5671353136411139666_n.png","contentUrl":"https:\/\/positiveprints.com\/wp-content\/uploads\/2026\/03\/245815646_1337939713319158_5671353136411139666_n.png","width":800,"height":800,"caption":"Positive Prints"},"image":{"@id":"https:\/\/positiveprints.com\/pl\/#\/schema\/logo\/image\/"},"sameAs":["https:\/\/www.facebook.com\/positiveprintscom","https:\/\/www.instagram.com\/positiveprintscom\/","https:\/\/www.tiktok.com\/@positiveprintscom","https:\/\/www.pinterest.com\/positiveprintscom\/"]}]}},"jetpack_sharing_enabled":true,"_links":{"self":[{"href":"https:\/\/positiveprints.com\/pl\/wp-json\/wp\/v2\/product\/1578341","targetHints":{"allow":["GET"]}}],"collection":[{"href":"https:\/\/positiveprints.com\/pl\/wp-json\/wp\/v2\/product"}],"about":[{"href":"https:\/\/positiveprints.com\/pl\/wp-json\/wp\/v2\/types\/product"}],"wp:featuredmedia":[{"embeddable":true,"href":"https:\/\/positiveprints.com\/pl\/wp-json\/wp\/v2\/media\/1585408"}],"wp:attachment":[{"href":"https:\/\/positiveprints.com\/pl\/wp-json\/wp\/v2\/media?parent=1578341"}],"wp:term":[{"taxonomy":"product_brand","embeddable":true,"href":"https:\/\/positiveprints.com\/pl\/wp-json\/wp\/v2\/product_brand?post=1578341"},{"taxonomy":"product_cat","embeddable":true,"href":"https:\/\/positiveprints.com\/pl\/wp-json\/wp\/v2\/product_cat?post=1578341"},{"taxonomy":"product_tag","embeddable":true,"href":"https:\/\/positiveprints.com\/pl\/wp-json\/wp\/v2\/product_tag?post=1578341"}],"curies":[{"name":"wp","href":"https:\/\/api.w.org\/{rel}","templated":true}]}}