{"id":1574692,"date":"2025-11-25T09:56:16","date_gmt":"2025-11-25T07:56:16","guid":{"rendered":"https:\/\/positiveprints.com\/?post_type=product&#038;p=1574692"},"modified":"2026-04-03T02:19:09","modified_gmt":"2026-04-03T01:19:09","slug":"krolewska-para-personalizowany-portret-zwierzakow","status":"publish","type":"product","link":"https:\/\/positiveprints.com\/pl\/produkt\/krolewska-para-personalizowany-portret-zwierzakow\/","title":{"rendered":"Kr\u00f3lewska Para \u2013 Personalizowany Portret Zwierzak\u00f3w"},"content":{"rendered":"","protected":false},"excerpt":{"rendered":"<ul class=\"check-list\">\n<li>Prze\u015blij zdj\u0119cia swoich pupili<\/li>\n<li>Spersonalizuj, dodaj\u0105c w\u0142asny tekst i wybieraj\u0105c styl grafiki<\/li>\n<li>Nasz artysta w programie graficznym stworzy portret z Twoich zdj\u0119\u0107<\/li>\n<li>Wst\u0119pny projekt otrzymasz w ci\u0105gu 2\u20133 dni roboczych<\/li>\n<li>Wybierz spo\u015br\u00f3d r\u00f3\u017cnych rozmiar\u00f3w wydruku<\/li>\n<\/ul>\n","protected":false},"featured_media":1592013,"template":"","meta":[],"product_brand":[],"product_cat":[13594,7898,99],"product_tag":[15631,13919,13922,13920,13923,13925,13924],"class_list":{"0":"post-1574692","1":"product","2":"type-product","3":"status-publish","4":"has-post-thumbnail","6":"product_cat-akwarela","7":"product_cat-prezent-dla-psiarza","8":"product_cat-wszystkie-produkty","9":"product_tag-animals-pl","10":"product_tag-personalizowane-prezenty-dla-psa","11":"product_tag-prezenty-dla-milosnikow-psow","12":"product_tag-prezenty-dla-psiego-taty","13":"product_tag-prezenty-dla-psiej-mamy","14":"product_tag-prezenty-dla-wlascicieli-psow","15":"product_tag-wlasciciel-psa","17":"first","18":"instock","19":"sale","20":"taxable","21":"shipping-taxable","22":"purchasable","23":"product-type-variable"},"yoast_head":"<!-- This site is optimized with the Yoast SEO Premium plugin v27.2 (Yoast SEO v27.2) - https:\/\/yoast.com\/product\/yoast-seo-premium-wordpress\/ -->\n<title>Kr\u00f3lewska Para \u2013 Personalizowany Portret Zwierzak\u00f3w - Positive Prints<\/title>\n<meta name=\"description\" content=\"Zam\u00f3w personalizowany, zabawny portret dw\u00f3ch zwierzak\u00f3w w kr\u00f3lewskich strojach. Uroczy prezent dla ka\u017cdego mi\u0142o\u015bnika swojej kr\u00f3lewskiej pary ps\u00f3w.\" \/>\n<meta name=\"robots\" content=\"index, follow, max-snippet:-1, max-image-preview:large, max-video-preview:-1\" \/>\n<link rel=\"canonical\" href=\"https:\/\/positiveprints.com\/pl\/produkt\/krolewska-para-personalizowany-portret-zwierzakow\/\" \/>\n<meta property=\"og:locale\" content=\"pl_PL\" \/>\n<meta property=\"og:type\" content=\"article\" \/>\n<meta property=\"og:title\" content=\"Kr\u00f3lewska Para \u2013 Personalizowany Portret Zwierzak\u00f3w\" \/>\n<meta property=\"og:description\" content=\"Prze\u015blij zdj\u0119cia swoich pupili Spersonalizuj, dodaj\u0105c w\u0142asny tekst i wybieraj\u0105c styl grafiki Nasz artysta w programie graficznym stworzy portret z Twoich zdj\u0119\u0107 Wst\u0119pny projekt otrzymasz w ci\u0105gu 2\u20133 dni roboczych Wybierz spo\u015br\u00f3d r\u00f3\u017cnych rozmiar\u00f3w wydruku\" \/>\n<meta property=\"og:url\" content=\"https:\/\/positiveprints.com\/pl\/produkt\/krolewska-para-personalizowany-portret-zwierzakow\/\" \/>\n<meta property=\"og:site_name\" content=\"Positive Prints\" \/>\n<meta property=\"article:publisher\" content=\"https:\/\/www.facebook.com\/positiveprintscom\" \/>\n<meta property=\"article:modified_time\" content=\"2026-04-03T01:19:09+00:00\" \/>\n<meta property=\"og:image\" content=\"https:\/\/positiveprints.com\/wp-content\/uploads\/2025\/12\/Packshot_PL_Krolewska-Para-\u2013-Personalizowany-Portret-Zwierzakow.webp\" \/>\n\t<meta property=\"og:image:width\" content=\"1450\" \/>\n\t<meta property=\"og:image:height\" content=\"1450\" \/>\n\t<meta property=\"og:image:type\" content=\"image\/webp\" \/>\n<meta name=\"twitter:card\" content=\"summary_large_image\" \/>\n<meta name=\"twitter:label1\" content=\"Szacowany czas czytania\" \/>\n\t<meta name=\"twitter:data1\" content=\"1 minuta\" \/>\n<!-- \/ Yoast SEO Premium plugin. -->","yoast_head_json":{"title":"Kr\u00f3lewska Para \u2013 Personalizowany Portret Zwierzak\u00f3w - Positive Prints","description":"Zam\u00f3w personalizowany, zabawny portret dw\u00f3ch zwierzak\u00f3w w kr\u00f3lewskich strojach. Uroczy prezent dla ka\u017cdego mi\u0142o\u015bnika swojej kr\u00f3lewskiej pary ps\u00f3w.","robots":{"index":"index","follow":"follow","max-snippet":"max-snippet:-1","max-image-preview":"max-image-preview:large","max-video-preview":"max-video-preview:-1"},"canonical":"https:\/\/positiveprints.com\/pl\/produkt\/krolewska-para-personalizowany-portret-zwierzakow\/","og_locale":"pl_PL","og_type":"article","og_title":"Kr\u00f3lewska Para \u2013 Personalizowany Portret Zwierzak\u00f3w","og_description":"Prze\u015blij zdj\u0119cia swoich pupili Spersonalizuj, dodaj\u0105c w\u0142asny tekst i wybieraj\u0105c styl grafiki Nasz artysta w programie graficznym stworzy portret z Twoich zdj\u0119\u0107 Wst\u0119pny projekt otrzymasz w ci\u0105gu 2\u20133 dni roboczych Wybierz spo\u015br\u00f3d r\u00f3\u017cnych rozmiar\u00f3w wydruku","og_url":"https:\/\/positiveprints.com\/pl\/produkt\/krolewska-para-personalizowany-portret-zwierzakow\/","og_site_name":"Positive Prints","article_publisher":"https:\/\/www.facebook.com\/positiveprintscom","article_modified_time":"2026-04-03T01:19:09+00:00","og_image":[{"width":1450,"height":1450,"url":"https:\/\/positiveprints.com\/wp-content\/uploads\/2025\/12\/Packshot_PL_Krolewska-Para-\u2013-Personalizowany-Portret-Zwierzakow.webp","type":"image\/webp"}],"twitter_card":"summary_large_image","twitter_misc":{"Szacowany czas czytania":"1 minuta"},"schema":{"@context":"https:\/\/schema.org","@graph":[{"@type":["WebPage","ItemPage"],"@id":"https:\/\/positiveprints.com\/pl\/produkt\/krolewska-para-personalizowany-portret-zwierzakow\/","url":"https:\/\/positiveprints.com\/pl\/produkt\/krolewska-para-personalizowany-portret-zwierzakow\/","name":"Kr\u00f3lewska Para \u2013 Personalizowany Portret Zwierzak\u00f3w - Positive Prints","isPartOf":{"@id":"https:\/\/positiveprints.com\/pl\/#website"},"primaryImageOfPage":{"@id":"https:\/\/positiveprints.com\/pl\/produkt\/krolewska-para-personalizowany-portret-zwierzakow\/#primaryimage"},"image":{"@id":"https:\/\/positiveprints.com\/pl\/produkt\/krolewska-para-personalizowany-portret-zwierzakow\/#primaryimage"},"thumbnailUrl":"https:\/\/positiveprints.com\/wp-content\/uploads\/2025\/12\/Packshot_PL_Krolewska-Para-\u2013-Personalizowany-Portret-Zwierzakow.webp","datePublished":"2025-11-25T07:56:16+00:00","dateModified":"2026-04-03T01:19:09+00:00","description":"Zam\u00f3w personalizowany, zabawny portret dw\u00f3ch zwierzak\u00f3w w kr\u00f3lewskich strojach. Uroczy prezent dla ka\u017cdego mi\u0142o\u015bnika swojej kr\u00f3lewskiej pary ps\u00f3w.","breadcrumb":{"@id":"https:\/\/positiveprints.com\/pl\/produkt\/krolewska-para-personalizowany-portret-zwierzakow\/#breadcrumb"},"inLanguage":"pl-PL","potentialAction":[{"@type":"ReadAction","target":["https:\/\/positiveprints.com\/pl\/produkt\/krolewska-para-personalizowany-portret-zwierzakow\/"]}]},{"@type":"ImageObject","inLanguage":"pl-PL","@id":"https:\/\/positiveprints.com\/pl\/produkt\/krolewska-para-personalizowany-portret-zwierzakow\/#primaryimage","url":"https:\/\/positiveprints.com\/wp-content\/uploads\/2025\/12\/Packshot_PL_Krolewska-Para-\u2013-Personalizowany-Portret-Zwierzakow.webp","contentUrl":"https:\/\/positiveprints.com\/wp-content\/uploads\/2025\/12\/Packshot_PL_Krolewska-Para-\u2013-Personalizowany-Portret-Zwierzakow.webp","width":1450,"height":1450,"caption":"Packshot_PL_Kr\u00f3lewska Para \u2013 Personalizowany Portret Zwierzak\u00f3w"},{"@type":"BreadcrumbList","@id":"https:\/\/positiveprints.com\/pl\/produkt\/krolewska-para-personalizowany-portret-zwierzakow\/#breadcrumb","itemListElement":[{"@type":"ListItem","position":1,"name":"Home","item":"https:\/\/positiveprints.com\/pl\/"},{"@type":"ListItem","position":2,"name":"Produkty","item":"https:\/\/positiveprints.com\/pl\/shop\/"},{"@type":"ListItem","position":3,"name":"Kr\u00f3lewska Para \u2013 Personalizowany Portret Zwierzak\u00f3w"}]},{"@type":"WebSite","@id":"https:\/\/positiveprints.com\/pl\/#website","url":"https:\/\/positiveprints.com\/pl\/","name":"Positive Prints","description":"Amazing Custom Personalized Gifts","publisher":{"@id":"https:\/\/positiveprints.com\/pl\/#organization"},"potentialAction":[{"@type":"SearchAction","target":{"@type":"EntryPoint","urlTemplate":"https:\/\/positiveprints.com\/pl\/?s={search_term_string}"},"query-input":{"@type":"PropertyValueSpecification","valueRequired":true,"valueName":"search_term_string"}}],"inLanguage":"pl-PL"},{"@type":"Organization","@id":"https:\/\/positiveprints.com\/pl\/#organization","name":"Positive Prints","alternateName":"Positive Prints","url":"https:\/\/positiveprints.com\/pl\/","logo":{"@type":"ImageObject","inLanguage":"pl-PL","@id":"https:\/\/positiveprints.com\/pl\/#\/schema\/logo\/image\/","url":"https:\/\/positiveprints.com\/wp-content\/uploads\/2026\/03\/245815646_1337939713319158_5671353136411139666_n.png","contentUrl":"https:\/\/positiveprints.com\/wp-content\/uploads\/2026\/03\/245815646_1337939713319158_5671353136411139666_n.png","width":800,"height":800,"caption":"Positive Prints"},"image":{"@id":"https:\/\/positiveprints.com\/pl\/#\/schema\/logo\/image\/"},"sameAs":["https:\/\/www.facebook.com\/positiveprintscom","https:\/\/www.instagram.com\/positiveprintscom\/","https:\/\/www.tiktok.com\/@positiveprintscom","https:\/\/www.pinterest.com\/positiveprintscom\/"]}]}},"jetpack_sharing_enabled":true,"_links":{"self":[{"href":"https:\/\/positiveprints.com\/pl\/wp-json\/wp\/v2\/product\/1574692","targetHints":{"allow":["GET"]}}],"collection":[{"href":"https:\/\/positiveprints.com\/pl\/wp-json\/wp\/v2\/product"}],"about":[{"href":"https:\/\/positiveprints.com\/pl\/wp-json\/wp\/v2\/types\/product"}],"wp:featuredmedia":[{"embeddable":true,"href":"https:\/\/positiveprints.com\/pl\/wp-json\/wp\/v2\/media\/1592013"}],"wp:attachment":[{"href":"https:\/\/positiveprints.com\/pl\/wp-json\/wp\/v2\/media?parent=1574692"}],"wp:term":[{"taxonomy":"product_brand","embeddable":true,"href":"https:\/\/positiveprints.com\/pl\/wp-json\/wp\/v2\/product_brand?post=1574692"},{"taxonomy":"product_cat","embeddable":true,"href":"https:\/\/positiveprints.com\/pl\/wp-json\/wp\/v2\/product_cat?post=1574692"},{"taxonomy":"product_tag","embeddable":true,"href":"https:\/\/positiveprints.com\/pl\/wp-json\/wp\/v2\/product_tag?post=1574692"}],"curies":[{"name":"wp","href":"https:\/\/api.w.org\/{rel}","templated":true}]}}