{"id":1559001,"date":"2023-11-23T10:54:34","date_gmt":"2023-11-23T09:54:34","guid":{"rendered":"https:\/\/positiveprints.com\/product\/haus-strichzeichnung\/"},"modified":"2026-04-18T04:46:26","modified_gmt":"2026-04-18T03:46:26","slug":"rysunek-domu-na-podstawie-zdjecia","status":"publish","type":"product","link":"https:\/\/positiveprints.com\/pl\/produkt\/rysunek-domu-na-podstawie-zdjecia\/","title":{"rendered":"Rysunek domu na podstawie zdj\u0119cia"},"content":{"rendered":"","protected":false},"excerpt":{"rendered":"<ul class=\"check-list\">\n<li>Unikalna ilustracja inspirowana Twoim zdj\u0119ciem<\/li>\n<li>Narysowany i wys\u0142any do Twojej akceptacji w ci\u0105gu 2-3 dni roboczych<\/li>\n<li>Personalizacja w 3 prostych krokach<\/li>\n<li>Dost\u0119pny w wielu wariantach kolorystycznych<\/li>\n<li>2 poprawki wliczone w cen\u0119<\/li>\n<\/ul>\n","protected":false},"featured_media":1558694,"template":"","meta":[],"product_brand":[],"product_cat":[9182,9765,99,5296,8010,7690,7850],"product_tag":[14955],"class_list":{"0":"post-1559001","1":"product","2":"type-product","3":"status-publish","4":"has-post-thumbnail","6":"product_cat-line-art-pl","7":"product_cat-trending-label-pl","8":"product_cat-wszystkie-produkty","9":"product_cat-prezent-na-parapetowke","10":"product_cat-prezent-dla-mezczyzny","11":"product_cat-prezent-dla-kobiety","12":"product_cat-prezent-dla-rodziny","13":"product_tag-housewarming-pl-2","15":"first","16":"instock","17":"sale","18":"taxable","19":"shipping-taxable","20":"purchasable","21":"product-type-variable"},"yoast_head":"<!-- This site is optimized with the Yoast SEO Premium plugin v27.2 (Yoast SEO v27.2) - https:\/\/yoast.com\/product\/yoast-seo-premium-wordpress\/ -->\n<title>Rysunek domu na podstawie zdj\u0119cia - Positive Prints<\/title>\n<meta name=\"description\" content=\"Zam\u00f3w rysunek na podstawie w\u0142asnego zdj\u0119cia, aby uwieczni\u0107 dom pe\u0142en wspomnie\u0144. Idealny prezent i ponadczasowa ozdoba wn\u0119trza.\" \/>\n<meta name=\"robots\" content=\"index, follow, max-snippet:-1, max-image-preview:large, max-video-preview:-1\" \/>\n<link rel=\"canonical\" href=\"https:\/\/positiveprints.com\/pl\/produkt\/rysunek-domu-na-podstawie-zdjecia\/\" \/>\n<meta property=\"og:locale\" content=\"pl_PL\" \/>\n<meta property=\"og:type\" content=\"article\" \/>\n<meta property=\"og:title\" content=\"Rysunek domu na podstawie zdj\u0119cia\" \/>\n<meta property=\"og:description\" content=\"Unikalna ilustracja inspirowana Twoim zdj\u0119ciem  Narysowany i wys\u0142any do Twojej akceptacji w ci\u0105gu 2-3 dni roboczych  Personalizacja w 3 prostych krokach  Dost\u0119pny w wielu wariantach kolorystycznych  2 poprawki wliczone w cen\u0119\" \/>\n<meta property=\"og:url\" content=\"https:\/\/positiveprints.com\/pl\/produkt\/rysunek-domu-na-podstawie-zdjecia\/\" \/>\n<meta property=\"og:site_name\" content=\"Positive Prints\" \/>\n<meta property=\"article:publisher\" content=\"https:\/\/www.facebook.com\/positiveprintscom\" \/>\n<meta property=\"article:modified_time\" content=\"2026-04-18T03:46:26+00:00\" \/>\n<meta property=\"og:image\" content=\"https:\/\/positiveprints.com\/wp-content\/uploads\/2025\/10\/Rysunek-domu-na-podstawie-zdjecia-2.webp\" \/>\n\t<meta property=\"og:image:width\" content=\"1450\" \/>\n\t<meta property=\"og:image:height\" content=\"1450\" \/>\n\t<meta property=\"og:image:type\" content=\"image\/webp\" \/>\n<meta name=\"twitter:card\" content=\"summary_large_image\" \/>\n<meta name=\"twitter:label1\" content=\"Szacowany czas czytania\" \/>\n\t<meta name=\"twitter:data1\" content=\"1 minuta\" \/>\n<!-- \/ Yoast SEO Premium plugin. -->","yoast_head_json":{"title":"Rysunek domu na podstawie zdj\u0119cia - Positive Prints","description":"Zam\u00f3w rysunek na podstawie w\u0142asnego zdj\u0119cia, aby uwieczni\u0107 dom pe\u0142en wspomnie\u0144. Idealny prezent i ponadczasowa ozdoba wn\u0119trza.","robots":{"index":"index","follow":"follow","max-snippet":"max-snippet:-1","max-image-preview":"max-image-preview:large","max-video-preview":"max-video-preview:-1"},"canonical":"https:\/\/positiveprints.com\/pl\/produkt\/rysunek-domu-na-podstawie-zdjecia\/","og_locale":"pl_PL","og_type":"article","og_title":"Rysunek domu na podstawie zdj\u0119cia","og_description":"Unikalna ilustracja inspirowana Twoim zdj\u0119ciem  Narysowany i wys\u0142any do Twojej akceptacji w ci\u0105gu 2-3 dni roboczych  Personalizacja w 3 prostych krokach  Dost\u0119pny w wielu wariantach kolorystycznych  2 poprawki wliczone w cen\u0119","og_url":"https:\/\/positiveprints.com\/pl\/produkt\/rysunek-domu-na-podstawie-zdjecia\/","og_site_name":"Positive Prints","article_publisher":"https:\/\/www.facebook.com\/positiveprintscom","article_modified_time":"2026-04-18T03:46:26+00:00","og_image":[{"width":1450,"height":1450,"url":"https:\/\/positiveprints.com\/wp-content\/uploads\/2025\/10\/Rysunek-domu-na-podstawie-zdjecia-2.webp","type":"image\/webp"}],"twitter_card":"summary_large_image","twitter_misc":{"Szacowany czas czytania":"1 minuta"},"schema":{"@context":"https:\/\/schema.org","@graph":[{"@type":["WebPage","ItemPage"],"@id":"https:\/\/positiveprints.com\/pl\/produkt\/rysunek-domu-na-podstawie-zdjecia\/","url":"https:\/\/positiveprints.com\/pl\/produkt\/rysunek-domu-na-podstawie-zdjecia\/","name":"Rysunek domu na podstawie zdj\u0119cia - Positive Prints","isPartOf":{"@id":"https:\/\/positiveprints.com\/pl\/#website"},"primaryImageOfPage":{"@id":"https:\/\/positiveprints.com\/pl\/produkt\/rysunek-domu-na-podstawie-zdjecia\/#primaryimage"},"image":{"@id":"https:\/\/positiveprints.com\/pl\/produkt\/rysunek-domu-na-podstawie-zdjecia\/#primaryimage"},"thumbnailUrl":"https:\/\/positiveprints.com\/wp-content\/uploads\/2025\/10\/Rysunek-domu-na-podstawie-zdjecia-2.webp","datePublished":"2023-11-23T09:54:34+00:00","dateModified":"2026-04-18T03:46:26+00:00","description":"Zam\u00f3w rysunek na podstawie w\u0142asnego zdj\u0119cia, aby uwieczni\u0107 dom pe\u0142en wspomnie\u0144. Idealny prezent i ponadczasowa ozdoba wn\u0119trza.","breadcrumb":{"@id":"https:\/\/positiveprints.com\/pl\/produkt\/rysunek-domu-na-podstawie-zdjecia\/#breadcrumb"},"inLanguage":"pl-PL","potentialAction":[{"@type":"ReadAction","target":["https:\/\/positiveprints.com\/pl\/produkt\/rysunek-domu-na-podstawie-zdjecia\/"]}]},{"@type":"ImageObject","inLanguage":"pl-PL","@id":"https:\/\/positiveprints.com\/pl\/produkt\/rysunek-domu-na-podstawie-zdjecia\/#primaryimage","url":"https:\/\/positiveprints.com\/wp-content\/uploads\/2025\/10\/Rysunek-domu-na-podstawie-zdjecia-2.webp","contentUrl":"https:\/\/positiveprints.com\/wp-content\/uploads\/2025\/10\/Rysunek-domu-na-podstawie-zdjecia-2.webp","width":1450,"height":1450},{"@type":"BreadcrumbList","@id":"https:\/\/positiveprints.com\/pl\/produkt\/rysunek-domu-na-podstawie-zdjecia\/#breadcrumb","itemListElement":[{"@type":"ListItem","position":1,"name":"Home","item":"https:\/\/positiveprints.com\/pl\/"},{"@type":"ListItem","position":2,"name":"Produkty","item":"https:\/\/positiveprints.com\/pl\/shop\/"},{"@type":"ListItem","position":3,"name":"Rysunek domu na podstawie zdj\u0119cia"}]},{"@type":"WebSite","@id":"https:\/\/positiveprints.com\/pl\/#website","url":"https:\/\/positiveprints.com\/pl\/","name":"Positive Prints","description":"Amazing Custom Personalized Gifts","publisher":{"@id":"https:\/\/positiveprints.com\/pl\/#organization"},"potentialAction":[{"@type":"SearchAction","target":{"@type":"EntryPoint","urlTemplate":"https:\/\/positiveprints.com\/pl\/?s={search_term_string}"},"query-input":{"@type":"PropertyValueSpecification","valueRequired":true,"valueName":"search_term_string"}}],"inLanguage":"pl-PL"},{"@type":"Organization","@id":"https:\/\/positiveprints.com\/pl\/#organization","name":"Positive Prints","alternateName":"Positive Prints","url":"https:\/\/positiveprints.com\/pl\/","logo":{"@type":"ImageObject","inLanguage":"pl-PL","@id":"https:\/\/positiveprints.com\/pl\/#\/schema\/logo\/image\/","url":"https:\/\/positiveprints.com\/wp-content\/uploads\/2026\/03\/245815646_1337939713319158_5671353136411139666_n.png","contentUrl":"https:\/\/positiveprints.com\/wp-content\/uploads\/2026\/03\/245815646_1337939713319158_5671353136411139666_n.png","width":800,"height":800,"caption":"Positive Prints"},"image":{"@id":"https:\/\/positiveprints.com\/pl\/#\/schema\/logo\/image\/"},"sameAs":["https:\/\/www.facebook.com\/positiveprintscom","https:\/\/www.instagram.com\/positiveprintscom\/","https:\/\/www.tiktok.com\/@positiveprintscom","https:\/\/www.pinterest.com\/positiveprintscom\/"]}]}},"jetpack_sharing_enabled":true,"_links":{"self":[{"href":"https:\/\/positiveprints.com\/pl\/wp-json\/wp\/v2\/product\/1559001","targetHints":{"allow":["GET"]}}],"collection":[{"href":"https:\/\/positiveprints.com\/pl\/wp-json\/wp\/v2\/product"}],"about":[{"href":"https:\/\/positiveprints.com\/pl\/wp-json\/wp\/v2\/types\/product"}],"wp:featuredmedia":[{"embeddable":true,"href":"https:\/\/positiveprints.com\/pl\/wp-json\/wp\/v2\/media\/1558694"}],"wp:attachment":[{"href":"https:\/\/positiveprints.com\/pl\/wp-json\/wp\/v2\/media?parent=1559001"}],"wp:term":[{"taxonomy":"product_brand","embeddable":true,"href":"https:\/\/positiveprints.com\/pl\/wp-json\/wp\/v2\/product_brand?post=1559001"},{"taxonomy":"product_cat","embeddable":true,"href":"https:\/\/positiveprints.com\/pl\/wp-json\/wp\/v2\/product_cat?post=1559001"},{"taxonomy":"product_tag","embeddable":true,"href":"https:\/\/positiveprints.com\/pl\/wp-json\/wp\/v2\/product_tag?post=1559001"}],"curies":[{"name":"wp","href":"https:\/\/api.w.org\/{rel}","templated":true}]}}