{"id":1558991,"date":"2023-10-12T12:31:34","date_gmt":"2023-10-12T11:31:34","guid":{"rendered":"https:\/\/positiveprints.com\/product\/fotocollage-mit-buchstaben-der-sportmannschaft-buchstaben-collage\/"},"modified":"2026-04-03T03:03:41","modified_gmt":"2026-04-03T02:03:41","slug":"fotokolaz-najlepsza-druzyna","status":"publish","type":"product","link":"https:\/\/positiveprints.com\/pl\/produkt\/fotokolaz-najlepsza-druzyna\/","title":{"rendered":"Najlepsza dru\u017cyna &#8211; fotokola\u017c"},"content":{"rendered":"","protected":false},"excerpt":{"rendered":"<ul class=\"check-list\">\n<li>Prze\u015blij ulubione zdj\u0119cia<\/li>\n<li>Dodaj osobist\u0105 dedykacj\u0119<\/li>\n<li>Spersonalizuj projekt w 3 prostych krokach<\/li>\n<li>Interaktywny podgl\u0105d pozwoli dopracowa\u0107 ka\u017cdy szczeg\u00f3\u0142<\/li>\n<\/ul>\n","protected":false},"featured_media":1672266,"template":"","meta":[],"product_brand":[],"product_cat":[8829,99,5271,11404,11413,7882],"product_tag":[13458,8571],"class_list":{"0":"post-1558991","1":"product","2":"type-product","3":"status-publish","4":"has-post-thumbnail","6":"product_cat-kolaz-ze-zdjec-w-formie-napisu","7":"product_cat-wszystkie-produkty","8":"product_cat-prezent-na-boze-narodzenie","9":"product_cat-prezenty-pod-choinke-dla-brata","10":"product_cat-prezenty-pod-choinke-dla-dzieci","11":"product_cat-prezent-dla-kibica","12":"product_tag-prezenty-swiateczne-dla-brata","13":"product_tag-sport-pl","15":"first","16":"instock","17":"sale","18":"taxable","19":"shipping-taxable","20":"purchasable","21":"product-type-variable"},"yoast_head":"<!-- This site is optimized with the Yoast SEO Premium plugin v27.2 (Yoast SEO v27.2) - https:\/\/yoast.com\/product\/yoast-seo-premium-wordpress\/ -->\n<title>Najlepsza dru\u017cyna - fotokola\u017c - Positive Prints<\/title>\n<meta name=\"description\" content=\"Stw\u00f3rz kola\u017c, kt\u00f3ry sprawdzi si\u0119 jako prezent dla kolegi z zespo\u0142u, trenera lub ca\u0142ej dru\u017cyny. Idealny na zako\u0144czenie sezonu lub \u015bwi\u0119ta\" \/>\n<meta name=\"robots\" content=\"index, follow, max-snippet:-1, max-image-preview:large, max-video-preview:-1\" \/>\n<link rel=\"canonical\" href=\"https:\/\/positiveprints.com\/pl\/produkt\/fotokolaz-najlepsza-druzyna\/\" \/>\n<meta property=\"og:locale\" content=\"pl_PL\" \/>\n<meta property=\"og:type\" content=\"article\" \/>\n<meta property=\"og:title\" content=\"Najlepsza dru\u017cyna - fotokola\u017c\" \/>\n<meta property=\"og:description\" content=\"Prze\u015blij ulubione zdj\u0119cia Dodaj osobist\u0105 dedykacj\u0119 Spersonalizuj projekt w 3 prostych krokach Interaktywny podgl\u0105d pozwoli dopracowa\u0107 ka\u017cdy szczeg\u00f3\u0142\" \/>\n<meta property=\"og:url\" content=\"https:\/\/positiveprints.com\/pl\/produkt\/fotokolaz-najlepsza-druzyna\/\" \/>\n<meta property=\"og:site_name\" content=\"Positive Prints\" \/>\n<meta property=\"article:publisher\" content=\"https:\/\/www.facebook.com\/positiveprintscom\" \/>\n<meta property=\"article:modified_time\" content=\"2026-04-03T02:03:41+00:00\" \/>\n<meta property=\"og:image\" content=\"https:\/\/positiveprints.com\/wp-content\/uploads\/2026\/03\/kolaz-zdjec-druzyny-sportowej_PL.webp\" \/>\n\t<meta property=\"og:image:width\" content=\"1450\" \/>\n\t<meta property=\"og:image:height\" content=\"1450\" \/>\n\t<meta property=\"og:image:type\" content=\"image\/webp\" \/>\n<meta name=\"twitter:card\" content=\"summary_large_image\" \/>\n<meta name=\"twitter:label1\" content=\"Szacowany czas czytania\" \/>\n\t<meta name=\"twitter:data1\" content=\"1 minuta\" \/>\n<!-- \/ Yoast SEO Premium plugin. -->","yoast_head_json":{"title":"Najlepsza dru\u017cyna - fotokola\u017c - Positive Prints","description":"Stw\u00f3rz kola\u017c, kt\u00f3ry sprawdzi si\u0119 jako prezent dla kolegi z zespo\u0142u, trenera lub ca\u0142ej dru\u017cyny. Idealny na zako\u0144czenie sezonu lub \u015bwi\u0119ta","robots":{"index":"index","follow":"follow","max-snippet":"max-snippet:-1","max-image-preview":"max-image-preview:large","max-video-preview":"max-video-preview:-1"},"canonical":"https:\/\/positiveprints.com\/pl\/produkt\/fotokolaz-najlepsza-druzyna\/","og_locale":"pl_PL","og_type":"article","og_title":"Najlepsza dru\u017cyna - fotokola\u017c","og_description":"Prze\u015blij ulubione zdj\u0119cia Dodaj osobist\u0105 dedykacj\u0119 Spersonalizuj projekt w 3 prostych krokach Interaktywny podgl\u0105d pozwoli dopracowa\u0107 ka\u017cdy szczeg\u00f3\u0142","og_url":"https:\/\/positiveprints.com\/pl\/produkt\/fotokolaz-najlepsza-druzyna\/","og_site_name":"Positive Prints","article_publisher":"https:\/\/www.facebook.com\/positiveprintscom","article_modified_time":"2026-04-03T02:03:41+00:00","og_image":[{"width":1450,"height":1450,"url":"https:\/\/positiveprints.com\/wp-content\/uploads\/2026\/03\/kolaz-zdjec-druzyny-sportowej_PL.webp","type":"image\/webp"}],"twitter_card":"summary_large_image","twitter_misc":{"Szacowany czas czytania":"1 minuta"},"schema":{"@context":"https:\/\/schema.org","@graph":[{"@type":["WebPage","ItemPage"],"@id":"https:\/\/positiveprints.com\/pl\/produkt\/fotokolaz-najlepsza-druzyna\/","url":"https:\/\/positiveprints.com\/pl\/produkt\/fotokolaz-najlepsza-druzyna\/","name":"Najlepsza dru\u017cyna - fotokola\u017c - Positive Prints","isPartOf":{"@id":"https:\/\/positiveprints.com\/pl\/#website"},"primaryImageOfPage":{"@id":"https:\/\/positiveprints.com\/pl\/produkt\/fotokolaz-najlepsza-druzyna\/#primaryimage"},"image":{"@id":"https:\/\/positiveprints.com\/pl\/produkt\/fotokolaz-najlepsza-druzyna\/#primaryimage"},"thumbnailUrl":"https:\/\/positiveprints.com\/wp-content\/uploads\/2026\/03\/kolaz-zdjec-druzyny-sportowej_PL.webp","datePublished":"2023-10-12T11:31:34+00:00","dateModified":"2026-04-03T02:03:41+00:00","description":"Stw\u00f3rz kola\u017c, kt\u00f3ry sprawdzi si\u0119 jako prezent dla kolegi z zespo\u0142u, trenera lub ca\u0142ej dru\u017cyny. Idealny na zako\u0144czenie sezonu lub \u015bwi\u0119ta","breadcrumb":{"@id":"https:\/\/positiveprints.com\/pl\/produkt\/fotokolaz-najlepsza-druzyna\/#breadcrumb"},"inLanguage":"pl-PL","potentialAction":[{"@type":"ReadAction","target":["https:\/\/positiveprints.com\/pl\/produkt\/fotokolaz-najlepsza-druzyna\/"]}]},{"@type":"ImageObject","inLanguage":"pl-PL","@id":"https:\/\/positiveprints.com\/pl\/produkt\/fotokolaz-najlepsza-druzyna\/#primaryimage","url":"https:\/\/positiveprints.com\/wp-content\/uploads\/2026\/03\/kolaz-zdjec-druzyny-sportowej_PL.webp","contentUrl":"https:\/\/positiveprints.com\/wp-content\/uploads\/2026\/03\/kolaz-zdjec-druzyny-sportowej_PL.webp","width":1450,"height":1450},{"@type":"BreadcrumbList","@id":"https:\/\/positiveprints.com\/pl\/produkt\/fotokolaz-najlepsza-druzyna\/#breadcrumb","itemListElement":[{"@type":"ListItem","position":1,"name":"Home","item":"https:\/\/positiveprints.com\/pl\/"},{"@type":"ListItem","position":2,"name":"Produkty","item":"https:\/\/positiveprints.com\/pl\/shop\/"},{"@type":"ListItem","position":3,"name":"Najlepsza dru\u017cyna &#8211; fotokola\u017c"}]},{"@type":"WebSite","@id":"https:\/\/positiveprints.com\/pl\/#website","url":"https:\/\/positiveprints.com\/pl\/","name":"Positive Prints","description":"Amazing Custom Personalized Gifts","publisher":{"@id":"https:\/\/positiveprints.com\/pl\/#organization"},"potentialAction":[{"@type":"SearchAction","target":{"@type":"EntryPoint","urlTemplate":"https:\/\/positiveprints.com\/pl\/?s={search_term_string}"},"query-input":{"@type":"PropertyValueSpecification","valueRequired":true,"valueName":"search_term_string"}}],"inLanguage":"pl-PL"},{"@type":"Organization","@id":"https:\/\/positiveprints.com\/pl\/#organization","name":"Positive Prints","alternateName":"Positive Prints","url":"https:\/\/positiveprints.com\/pl\/","logo":{"@type":"ImageObject","inLanguage":"pl-PL","@id":"https:\/\/positiveprints.com\/pl\/#\/schema\/logo\/image\/","url":"https:\/\/positiveprints.com\/wp-content\/uploads\/2026\/03\/245815646_1337939713319158_5671353136411139666_n.png","contentUrl":"https:\/\/positiveprints.com\/wp-content\/uploads\/2026\/03\/245815646_1337939713319158_5671353136411139666_n.png","width":800,"height":800,"caption":"Positive Prints"},"image":{"@id":"https:\/\/positiveprints.com\/pl\/#\/schema\/logo\/image\/"},"sameAs":["https:\/\/www.facebook.com\/positiveprintscom","https:\/\/www.instagram.com\/positiveprintscom\/","https:\/\/www.tiktok.com\/@positiveprintscom","https:\/\/www.pinterest.com\/positiveprintscom\/"]}]}},"jetpack_sharing_enabled":true,"_links":{"self":[{"href":"https:\/\/positiveprints.com\/pl\/wp-json\/wp\/v2\/product\/1558991","targetHints":{"allow":["GET"]}}],"collection":[{"href":"https:\/\/positiveprints.com\/pl\/wp-json\/wp\/v2\/product"}],"about":[{"href":"https:\/\/positiveprints.com\/pl\/wp-json\/wp\/v2\/types\/product"}],"wp:featuredmedia":[{"embeddable":true,"href":"https:\/\/positiveprints.com\/pl\/wp-json\/wp\/v2\/media\/1672266"}],"wp:attachment":[{"href":"https:\/\/positiveprints.com\/pl\/wp-json\/wp\/v2\/media?parent=1558991"}],"wp:term":[{"taxonomy":"product_brand","embeddable":true,"href":"https:\/\/positiveprints.com\/pl\/wp-json\/wp\/v2\/product_brand?post=1558991"},{"taxonomy":"product_cat","embeddable":true,"href":"https:\/\/positiveprints.com\/pl\/wp-json\/wp\/v2\/product_cat?post=1558991"},{"taxonomy":"product_tag","embeddable":true,"href":"https:\/\/positiveprints.com\/pl\/wp-json\/wp\/v2\/product_tag?post=1558991"}],"curies":[{"name":"wp","href":"https:\/\/api.w.org\/{rel}","templated":true}]}}