{"id":1549170,"date":"2024-01-23T10:39:12","date_gmt":"2024-01-23T09:39:12","guid":{"rendered":"https:\/\/positiveprints.com\/product\/the-day-you-became-my-godmother-jewelry\/"},"modified":"2026-04-03T02:57:27","modified_gmt":"2026-04-03T01:57:27","slug":"dzien-w-ktorym-zostalas-moja-matka-chrzestna-personalizowana-bizuteria","status":"publish","type":"product","link":"https:\/\/positiveprints.com\/pl\/produkt\/dzien-w-ktorym-zostalas-moja-matka-chrzestna-personalizowana-bizuteria\/","title":{"rendered":"Dzie\u0144, w kt\u00f3rym zosta\u0142a\u015b moj\u0105 matk\u0105 chrzestn\u0105 &#8211; personalizowana bi\u017cuteria"},"content":{"rendered":"","protected":false},"excerpt":{"rendered":"<ul class=\"check-list\">\n<li>Podzi\u0119kuj matce chrzestnej za jej wsparcie\u2013 personalizowany naszyjnik z map\u0105 nieba stanie si\u0119 pi\u0119kn\u0105 pami\u0105tk\u0105 Waszej relacji<\/li>\n<li>Zawieszka o \u015brednicy 20 mm wykonana z najwy\u017cszej jako\u015bci srebra pr\u00f3by 925, grawerowana laserowo i polerowana r\u0119cznie<\/li>\n<li>Wybierz wzruszaj\u0105cy tekst w zale\u017cno\u015bci od okazji<\/li>\n<li>Zaprojektuj w zaledwie 2 minuty<\/li>\n<li>Podgl\u0105d projektu na ka\u017cdym etapie<\/li>\n<\/ul>\n","protected":false},"featured_media":1549206,"template":"","meta":[],"product_brand":[],"product_cat":[9255,9222,9765,99],"product_tag":[8387,9316,9331,9339,9356],"class_list":{"0":"post-1549170","1":"product","2":"type-product","3":"status-publish","4":"has-post-thumbnail","6":"product_cat-jewelry-pl","7":"product_cat-bizuteria-z-gwiezdna-mapa","8":"product_cat-trending-label-pl","9":"product_cat-wszystkie-produkty","10":"product_tag-baptism-pl","11":"product_tag-lancuszek","12":"product_tag-medalion","13":"product_tag-naszyjnik","14":"product_tag-wisiorek","16":"first","17":"instock","18":"sale","19":"taxable","20":"shipping-taxable","21":"purchasable","22":"product-type-variable"},"yoast_head":"<!-- This site is optimized with the Yoast SEO Premium plugin v27.2 (Yoast SEO v27.2) - https:\/\/yoast.com\/product\/yoast-seo-premium-wordpress\/ -->\n<title>Dzie\u0144, w kt\u00f3rym zosta\u0142a\u015b moj\u0105 matk\u0105 chrzestn\u0105 - personalizowana bi\u017cuteria - Positive Prints<\/title>\n<meta name=\"description\" content=\"Stw\u00f3rz pami\u0105tk\u0119 wi\u0119zi z matk\u0105 chrzestn\u0105 poprzez personalizowan\u0105 bi\u017cuteri\u0119, kt\u00f3ra symbolizuje dzie\u0144, gdy rozpocz\u0119\u0142a wsp\u00f3ln\u0105, pi\u0119kn\u0105 histori\u0119.\" \/>\n<meta name=\"robots\" content=\"index, follow, max-snippet:-1, max-image-preview:large, max-video-preview:-1\" \/>\n<link rel=\"canonical\" href=\"https:\/\/positiveprints.com\/pl\/produkt\/dzien-w-ktorym-zostalas-moja-matka-chrzestna-personalizowana-bizuteria\/\" \/>\n<meta property=\"og:locale\" content=\"pl_PL\" \/>\n<meta property=\"og:type\" content=\"article\" \/>\n<meta property=\"og:title\" content=\"Dzie\u0144, w kt\u00f3rym zosta\u0142a\u015b moj\u0105 matk\u0105 chrzestn\u0105 - personalizowana bi\u017cuteria\" \/>\n<meta property=\"og:description\" content=\"Podzi\u0119kuj matce chrzestnej za jej wsparcie\u2013 personalizowany naszyjnik z map\u0105 nieba stanie si\u0119 pi\u0119kn\u0105 pami\u0105tk\u0105 Waszej relacji  Zawieszka o \u015brednicy 20 mm wykonana z najwy\u017cszej jako\u015bci srebra pr\u00f3by 925, grawerowana laserowo i polerowana r\u0119cznie  Wybierz wzruszaj\u0105cy tekst w zale\u017cno\u015bci od okazji  Zaprojektuj w zaledwie 2 minuty  Podgl\u0105d projektu na ka\u017cdym etapie\" \/>\n<meta property=\"og:url\" content=\"https:\/\/positiveprints.com\/pl\/produkt\/dzien-w-ktorym-zostalas-moja-matka-chrzestna-personalizowana-bizuteria\/\" \/>\n<meta property=\"og:site_name\" content=\"Positive Prints\" \/>\n<meta property=\"article:publisher\" content=\"https:\/\/www.facebook.com\/positiveprintscom\" \/>\n<meta property=\"article:modified_time\" content=\"2026-04-03T01:57:27+00:00\" \/>\n<meta property=\"og:image\" content=\"https:\/\/positiveprints.com\/wp-content\/uploads\/2025\/10\/Dzien-w-ktorym-zostalas-moja-matka-chrzestna-personalizowana-bizuteria.webp\" \/>\n\t<meta property=\"og:image:width\" content=\"2280\" \/>\n\t<meta property=\"og:image:height\" content=\"2280\" \/>\n\t<meta property=\"og:image:type\" content=\"image\/webp\" \/>\n<meta name=\"twitter:card\" content=\"summary_large_image\" \/>\n<meta name=\"twitter:label1\" content=\"Szacowany czas czytania\" \/>\n\t<meta name=\"twitter:data1\" content=\"1 minuta\" \/>\n<!-- \/ Yoast SEO Premium plugin. -->","yoast_head_json":{"title":"Dzie\u0144, w kt\u00f3rym zosta\u0142a\u015b moj\u0105 matk\u0105 chrzestn\u0105 - personalizowana bi\u017cuteria - Positive Prints","description":"Stw\u00f3rz pami\u0105tk\u0119 wi\u0119zi z matk\u0105 chrzestn\u0105 poprzez personalizowan\u0105 bi\u017cuteri\u0119, kt\u00f3ra symbolizuje dzie\u0144, gdy rozpocz\u0119\u0142a wsp\u00f3ln\u0105, pi\u0119kn\u0105 histori\u0119.","robots":{"index":"index","follow":"follow","max-snippet":"max-snippet:-1","max-image-preview":"max-image-preview:large","max-video-preview":"max-video-preview:-1"},"canonical":"https:\/\/positiveprints.com\/pl\/produkt\/dzien-w-ktorym-zostalas-moja-matka-chrzestna-personalizowana-bizuteria\/","og_locale":"pl_PL","og_type":"article","og_title":"Dzie\u0144, w kt\u00f3rym zosta\u0142a\u015b moj\u0105 matk\u0105 chrzestn\u0105 - personalizowana bi\u017cuteria","og_description":"Podzi\u0119kuj matce chrzestnej za jej wsparcie\u2013 personalizowany naszyjnik z map\u0105 nieba stanie si\u0119 pi\u0119kn\u0105 pami\u0105tk\u0105 Waszej relacji  Zawieszka o \u015brednicy 20 mm wykonana z najwy\u017cszej jako\u015bci srebra pr\u00f3by 925, grawerowana laserowo i polerowana r\u0119cznie  Wybierz wzruszaj\u0105cy tekst w zale\u017cno\u015bci od okazji  Zaprojektuj w zaledwie 2 minuty  Podgl\u0105d projektu na ka\u017cdym etapie","og_url":"https:\/\/positiveprints.com\/pl\/produkt\/dzien-w-ktorym-zostalas-moja-matka-chrzestna-personalizowana-bizuteria\/","og_site_name":"Positive Prints","article_publisher":"https:\/\/www.facebook.com\/positiveprintscom","article_modified_time":"2026-04-03T01:57:27+00:00","og_image":[{"width":2280,"height":2280,"url":"https:\/\/positiveprints.com\/wp-content\/uploads\/2025\/10\/Dzien-w-ktorym-zostalas-moja-matka-chrzestna-personalizowana-bizuteria.webp","type":"image\/webp"}],"twitter_card":"summary_large_image","twitter_misc":{"Szacowany czas czytania":"1 minuta"},"schema":{"@context":"https:\/\/schema.org","@graph":[{"@type":["WebPage","ItemPage"],"@id":"https:\/\/positiveprints.com\/pl\/produkt\/dzien-w-ktorym-zostalas-moja-matka-chrzestna-personalizowana-bizuteria\/","url":"https:\/\/positiveprints.com\/pl\/produkt\/dzien-w-ktorym-zostalas-moja-matka-chrzestna-personalizowana-bizuteria\/","name":"Dzie\u0144, w kt\u00f3rym zosta\u0142a\u015b moj\u0105 matk\u0105 chrzestn\u0105 - personalizowana bi\u017cuteria - Positive Prints","isPartOf":{"@id":"https:\/\/positiveprints.com\/pl\/#website"},"primaryImageOfPage":{"@id":"https:\/\/positiveprints.com\/pl\/produkt\/dzien-w-ktorym-zostalas-moja-matka-chrzestna-personalizowana-bizuteria\/#primaryimage"},"image":{"@id":"https:\/\/positiveprints.com\/pl\/produkt\/dzien-w-ktorym-zostalas-moja-matka-chrzestna-personalizowana-bizuteria\/#primaryimage"},"thumbnailUrl":"https:\/\/positiveprints.com\/wp-content\/uploads\/2025\/10\/Dzien-w-ktorym-zostalas-moja-matka-chrzestna-personalizowana-bizuteria.webp","datePublished":"2024-01-23T09:39:12+00:00","dateModified":"2026-04-03T01:57:27+00:00","description":"Stw\u00f3rz pami\u0105tk\u0119 wi\u0119zi z matk\u0105 chrzestn\u0105 poprzez personalizowan\u0105 bi\u017cuteri\u0119, kt\u00f3ra symbolizuje dzie\u0144, gdy rozpocz\u0119\u0142a wsp\u00f3ln\u0105, pi\u0119kn\u0105 histori\u0119.","breadcrumb":{"@id":"https:\/\/positiveprints.com\/pl\/produkt\/dzien-w-ktorym-zostalas-moja-matka-chrzestna-personalizowana-bizuteria\/#breadcrumb"},"inLanguage":"pl-PL","potentialAction":[{"@type":"ReadAction","target":["https:\/\/positiveprints.com\/pl\/produkt\/dzien-w-ktorym-zostalas-moja-matka-chrzestna-personalizowana-bizuteria\/"]}]},{"@type":"ImageObject","inLanguage":"pl-PL","@id":"https:\/\/positiveprints.com\/pl\/produkt\/dzien-w-ktorym-zostalas-moja-matka-chrzestna-personalizowana-bizuteria\/#primaryimage","url":"https:\/\/positiveprints.com\/wp-content\/uploads\/2025\/10\/Dzien-w-ktorym-zostalas-moja-matka-chrzestna-personalizowana-bizuteria.webp","contentUrl":"https:\/\/positiveprints.com\/wp-content\/uploads\/2025\/10\/Dzien-w-ktorym-zostalas-moja-matka-chrzestna-personalizowana-bizuteria.webp","width":2280,"height":2280},{"@type":"BreadcrumbList","@id":"https:\/\/positiveprints.com\/pl\/produkt\/dzien-w-ktorym-zostalas-moja-matka-chrzestna-personalizowana-bizuteria\/#breadcrumb","itemListElement":[{"@type":"ListItem","position":1,"name":"Home","item":"https:\/\/positiveprints.com\/pl\/"},{"@type":"ListItem","position":2,"name":"Produkty","item":"https:\/\/positiveprints.com\/pl\/shop\/"},{"@type":"ListItem","position":3,"name":"Dzie\u0144, w kt\u00f3rym zosta\u0142a\u015b moj\u0105 matk\u0105 chrzestn\u0105 &#8211; personalizowana bi\u017cuteria"}]},{"@type":"WebSite","@id":"https:\/\/positiveprints.com\/pl\/#website","url":"https:\/\/positiveprints.com\/pl\/","name":"Positive Prints","description":"Amazing Custom Personalized Gifts","publisher":{"@id":"https:\/\/positiveprints.com\/pl\/#organization"},"potentialAction":[{"@type":"SearchAction","target":{"@type":"EntryPoint","urlTemplate":"https:\/\/positiveprints.com\/pl\/?s={search_term_string}"},"query-input":{"@type":"PropertyValueSpecification","valueRequired":true,"valueName":"search_term_string"}}],"inLanguage":"pl-PL"},{"@type":"Organization","@id":"https:\/\/positiveprints.com\/pl\/#organization","name":"Positive Prints","alternateName":"Positive Prints","url":"https:\/\/positiveprints.com\/pl\/","logo":{"@type":"ImageObject","inLanguage":"pl-PL","@id":"https:\/\/positiveprints.com\/pl\/#\/schema\/logo\/image\/","url":"https:\/\/positiveprints.com\/wp-content\/uploads\/2026\/03\/245815646_1337939713319158_5671353136411139666_n.png","contentUrl":"https:\/\/positiveprints.com\/wp-content\/uploads\/2026\/03\/245815646_1337939713319158_5671353136411139666_n.png","width":800,"height":800,"caption":"Positive Prints"},"image":{"@id":"https:\/\/positiveprints.com\/pl\/#\/schema\/logo\/image\/"},"sameAs":["https:\/\/www.facebook.com\/positiveprintscom","https:\/\/www.instagram.com\/positiveprintscom\/","https:\/\/www.tiktok.com\/@positiveprintscom","https:\/\/www.pinterest.com\/positiveprintscom\/"]}]}},"jetpack_sharing_enabled":true,"_links":{"self":[{"href":"https:\/\/positiveprints.com\/pl\/wp-json\/wp\/v2\/product\/1549170","targetHints":{"allow":["GET"]}}],"collection":[{"href":"https:\/\/positiveprints.com\/pl\/wp-json\/wp\/v2\/product"}],"about":[{"href":"https:\/\/positiveprints.com\/pl\/wp-json\/wp\/v2\/types\/product"}],"wp:featuredmedia":[{"embeddable":true,"href":"https:\/\/positiveprints.com\/pl\/wp-json\/wp\/v2\/media\/1549206"}],"wp:attachment":[{"href":"https:\/\/positiveprints.com\/pl\/wp-json\/wp\/v2\/media?parent=1549170"}],"wp:term":[{"taxonomy":"product_brand","embeddable":true,"href":"https:\/\/positiveprints.com\/pl\/wp-json\/wp\/v2\/product_brand?post=1549170"},{"taxonomy":"product_cat","embeddable":true,"href":"https:\/\/positiveprints.com\/pl\/wp-json\/wp\/v2\/product_cat?post=1549170"},{"taxonomy":"product_tag","embeddable":true,"href":"https:\/\/positiveprints.com\/pl\/wp-json\/wp\/v2\/product_tag?post=1549170"}],"curies":[{"name":"wp","href":"https:\/\/api.w.org\/{rel}","templated":true}]}}