{"id":1548213,"date":"2024-01-23T09:43:57","date_gmt":"2024-01-23T08:43:57","guid":{"rendered":"https:\/\/positiveprints.com\/product\/the-day-we-became-friends-jewelry\/"},"modified":"2026-04-28T13:59:54","modified_gmt":"2026-04-28T12:59:54","slug":"dzien-w-ktorym-zostalismy-przyjaciolmi-personalizowana-bizuteria","status":"publish","type":"product","link":"https:\/\/positiveprints.com\/pl\/produkt\/dzien-w-ktorym-zostalismy-przyjaciolmi-personalizowana-bizuteria\/","title":{"rendered":"Dzie\u0144, w kt\u00f3rym zostali\u015bmy przyjaci\u00f3\u0142mi  &#8211; personalizowana bi\u017cuteria"},"content":{"rendered":"","protected":false},"excerpt":{"rendered":"<ul class=\"check-list\">\n<li>Uwiecznij moment rozpocz\u0119cia przyja\u017ani z personalizowanym naszyjnikiem z map\u0105 nieba<\/li>\n<li>Zawieszka o \u015brednicy 20 mm wykonana z najwy\u017cszej jako\u015bci srebra pr\u00f3by 925, grawerowana laserowo i polerowana r\u0119cznie<\/li>\n<li>Wybierz wzruszaj\u0105cy tekst w zale\u017cno\u015bci od okazji<\/li>\n<li>Zaprojektuj w zaledwie 2 minuty<\/li>\n<li>Podgl\u0105d projektu na ka\u017cdym etapie<\/li>\n<\/ul>\n","protected":false},"featured_media":1547533,"template":"","meta":[],"product_brand":[],"product_cat":[9255,9222,9765,99,7834],"product_tag":[15188,15189,9388,15190,15191,15234,9316,9331,9375,9339,13478,8631,11871,9356],"class_list":{"0":"post-1548213","1":"product","2":"type-product","3":"status-publish","4":"has-post-thumbnail","6":"product_cat-jewelry-pl","7":"product_cat-bizuteria-z-gwiezdna-mapa","8":"product_cat-trending-label-pl","9":"product_cat-wszystkie-produkty","10":"product_cat-prezent-dla-przyjaciol","11":"product_tag-best-friend-pl","12":"product_tag-best-friends-forever-pl","13":"product_tag-besties-pl","14":"product_tag-bff-pl","15":"product_tag-friend-pl","16":"product_tag-galentines-day-pl-2","17":"product_tag-lancuszek","18":"product_tag-medalion","19":"product_tag-najlepsi-przyjaciele","20":"product_tag-naszyjnik","21":"product_tag-prezenty-swiateczne-dla-przyjaciol","22":"product_tag-przyjaciolki","23":"product_tag-przyjazn","24":"product_tag-wisiorek","26":"first","27":"instock","28":"sale","29":"taxable","30":"shipping-taxable","31":"purchasable","32":"product-type-variable"},"yoast_head":"<!-- This site is optimized with the Yoast SEO Premium plugin v27.2 (Yoast SEO v27.2) - https:\/\/yoast.com\/product\/yoast-seo-premium-wordpress\/ -->\n<title>Dzie\u0144, w kt\u00f3rym zostali\u015bmy przyjaci\u00f3\u0142mi - personalizowana bi\u017cuteria - Positive Prints<\/title>\n<meta name=\"description\" content=\"Personalizowany naszyjnik dla przyjaci\u00f3\u0142ki to wyj\u0105tkowy prezent, kt\u00f3ry uwiecznia pocz\u0105tek Waszej przyja\u017ani i przypomina wsp\u00f3lne, pi\u0119kne chwile.\" \/>\n<meta name=\"robots\" content=\"index, follow, max-snippet:-1, max-image-preview:large, max-video-preview:-1\" \/>\n<link rel=\"canonical\" href=\"https:\/\/positiveprints.com\/pl\/produkt\/dzien-w-ktorym-zostalismy-przyjaciolmi-personalizowana-bizuteria\/\" \/>\n<meta property=\"og:locale\" content=\"pl_PL\" \/>\n<meta property=\"og:type\" content=\"article\" \/>\n<meta property=\"og:title\" content=\"Dzie\u0144, w kt\u00f3rym zostali\u015bmy przyjaci\u00f3\u0142mi - personalizowana bi\u017cuteria\" \/>\n<meta property=\"og:description\" content=\"Uwiecznij moment rozpocz\u0119cia przyja\u017ani z personalizowanym naszyjnikiem z map\u0105 nieba Zawieszka o \u015brednicy 20 mm wykonana z najwy\u017cszej jako\u015bci srebra pr\u00f3by 925, grawerowana laserowo i polerowana r\u0119cznie Wybierz wzruszaj\u0105cy tekst w zale\u017cno\u015bci od okazji Zaprojektuj w zaledwie 2 minuty Podgl\u0105d projektu na ka\u017cdym etapie\" \/>\n<meta property=\"og:url\" content=\"https:\/\/positiveprints.com\/pl\/produkt\/dzien-w-ktorym-zostalismy-przyjaciolmi-personalizowana-bizuteria\/\" \/>\n<meta property=\"og:site_name\" content=\"Positive Prints\" \/>\n<meta property=\"article:publisher\" content=\"https:\/\/www.facebook.com\/positiveprintscom\" \/>\n<meta property=\"article:modified_time\" content=\"2026-04-28T12:59:54+00:00\" \/>\n<meta property=\"og:image\" content=\"https:\/\/positiveprints.com\/wp-content\/uploads\/2025\/10\/Dzien-w-ktorym-zostalismy-przyjaciolmi-personalizowana-bizuteria-1.webp\" \/>\n\t<meta property=\"og:image:width\" content=\"2280\" \/>\n\t<meta property=\"og:image:height\" content=\"2280\" \/>\n\t<meta property=\"og:image:type\" content=\"image\/webp\" \/>\n<meta name=\"twitter:card\" content=\"summary_large_image\" \/>\n<!-- \/ Yoast SEO Premium plugin. -->","yoast_head_json":{"title":"Dzie\u0144, w kt\u00f3rym zostali\u015bmy przyjaci\u00f3\u0142mi - personalizowana bi\u017cuteria - Positive Prints","description":"Personalizowany naszyjnik dla przyjaci\u00f3\u0142ki to wyj\u0105tkowy prezent, kt\u00f3ry uwiecznia pocz\u0105tek Waszej przyja\u017ani i przypomina wsp\u00f3lne, pi\u0119kne chwile.","robots":{"index":"index","follow":"follow","max-snippet":"max-snippet:-1","max-image-preview":"max-image-preview:large","max-video-preview":"max-video-preview:-1"},"canonical":"https:\/\/positiveprints.com\/pl\/produkt\/dzien-w-ktorym-zostalismy-przyjaciolmi-personalizowana-bizuteria\/","og_locale":"pl_PL","og_type":"article","og_title":"Dzie\u0144, w kt\u00f3rym zostali\u015bmy przyjaci\u00f3\u0142mi - personalizowana bi\u017cuteria","og_description":"Uwiecznij moment rozpocz\u0119cia przyja\u017ani z personalizowanym naszyjnikiem z map\u0105 nieba Zawieszka o \u015brednicy 20 mm wykonana z najwy\u017cszej jako\u015bci srebra pr\u00f3by 925, grawerowana laserowo i polerowana r\u0119cznie Wybierz wzruszaj\u0105cy tekst w zale\u017cno\u015bci od okazji Zaprojektuj w zaledwie 2 minuty Podgl\u0105d projektu na ka\u017cdym etapie","og_url":"https:\/\/positiveprints.com\/pl\/produkt\/dzien-w-ktorym-zostalismy-przyjaciolmi-personalizowana-bizuteria\/","og_site_name":"Positive Prints","article_publisher":"https:\/\/www.facebook.com\/positiveprintscom","article_modified_time":"2026-04-28T12:59:54+00:00","og_image":[{"width":2280,"height":2280,"url":"https:\/\/positiveprints.com\/wp-content\/uploads\/2025\/10\/Dzien-w-ktorym-zostalismy-przyjaciolmi-personalizowana-bizuteria-1.webp","type":"image\/webp"}],"twitter_card":"summary_large_image","schema":{"@context":"https:\/\/schema.org","@graph":[{"@type":["WebPage","ItemPage"],"@id":"https:\/\/positiveprints.com\/pl\/produkt\/dzien-w-ktorym-zostalismy-przyjaciolmi-personalizowana-bizuteria\/","url":"https:\/\/positiveprints.com\/pl\/produkt\/dzien-w-ktorym-zostalismy-przyjaciolmi-personalizowana-bizuteria\/","name":"Dzie\u0144, w kt\u00f3rym zostali\u015bmy przyjaci\u00f3\u0142mi - personalizowana bi\u017cuteria - Positive Prints","isPartOf":{"@id":"https:\/\/positiveprints.com\/pl\/#website"},"primaryImageOfPage":{"@id":"https:\/\/positiveprints.com\/pl\/produkt\/dzien-w-ktorym-zostalismy-przyjaciolmi-personalizowana-bizuteria\/#primaryimage"},"image":{"@id":"https:\/\/positiveprints.com\/pl\/produkt\/dzien-w-ktorym-zostalismy-przyjaciolmi-personalizowana-bizuteria\/#primaryimage"},"thumbnailUrl":"https:\/\/positiveprints.com\/wp-content\/uploads\/2025\/10\/Dzien-w-ktorym-zostalismy-przyjaciolmi-personalizowana-bizuteria-1.webp","datePublished":"2024-01-23T08:43:57+00:00","dateModified":"2026-04-28T12:59:54+00:00","description":"Personalizowany naszyjnik dla przyjaci\u00f3\u0142ki to wyj\u0105tkowy prezent, kt\u00f3ry uwiecznia pocz\u0105tek Waszej przyja\u017ani i przypomina wsp\u00f3lne, pi\u0119kne chwile.","breadcrumb":{"@id":"https:\/\/positiveprints.com\/pl\/produkt\/dzien-w-ktorym-zostalismy-przyjaciolmi-personalizowana-bizuteria\/#breadcrumb"},"inLanguage":"pl-PL","potentialAction":[{"@type":"ReadAction","target":["https:\/\/positiveprints.com\/pl\/produkt\/dzien-w-ktorym-zostalismy-przyjaciolmi-personalizowana-bizuteria\/"]}]},{"@type":"ImageObject","inLanguage":"pl-PL","@id":"https:\/\/positiveprints.com\/pl\/produkt\/dzien-w-ktorym-zostalismy-przyjaciolmi-personalizowana-bizuteria\/#primaryimage","url":"https:\/\/positiveprints.com\/wp-content\/uploads\/2025\/10\/Dzien-w-ktorym-zostalismy-przyjaciolmi-personalizowana-bizuteria-1.webp","contentUrl":"https:\/\/positiveprints.com\/wp-content\/uploads\/2025\/10\/Dzien-w-ktorym-zostalismy-przyjaciolmi-personalizowana-bizuteria-1.webp","width":2280,"height":2280},{"@type":"BreadcrumbList","@id":"https:\/\/positiveprints.com\/pl\/produkt\/dzien-w-ktorym-zostalismy-przyjaciolmi-personalizowana-bizuteria\/#breadcrumb","itemListElement":[{"@type":"ListItem","position":1,"name":"Home","item":"https:\/\/positiveprints.com\/pl\/"},{"@type":"ListItem","position":2,"name":"Produkty","item":"https:\/\/positiveprints.com\/pl\/shop\/"},{"@type":"ListItem","position":3,"name":"Dzie\u0144, w kt\u00f3rym zostali\u015bmy przyjaci\u00f3\u0142mi &#8211; personalizowana bi\u017cuteria"}]},{"@type":"WebSite","@id":"https:\/\/positiveprints.com\/pl\/#website","url":"https:\/\/positiveprints.com\/pl\/","name":"Positive Prints","description":"Amazing Custom Personalized Gifts","publisher":{"@id":"https:\/\/positiveprints.com\/pl\/#organization"},"potentialAction":[{"@type":"SearchAction","target":{"@type":"EntryPoint","urlTemplate":"https:\/\/positiveprints.com\/pl\/?s={search_term_string}"},"query-input":{"@type":"PropertyValueSpecification","valueRequired":true,"valueName":"search_term_string"}}],"inLanguage":"pl-PL"},{"@type":"Organization","@id":"https:\/\/positiveprints.com\/pl\/#organization","name":"Positive Prints","alternateName":"Positive Prints","url":"https:\/\/positiveprints.com\/pl\/","logo":{"@type":"ImageObject","inLanguage":"pl-PL","@id":"https:\/\/positiveprints.com\/pl\/#\/schema\/logo\/image\/","url":"https:\/\/positiveprints.com\/wp-content\/uploads\/2026\/03\/245815646_1337939713319158_5671353136411139666_n.png","contentUrl":"https:\/\/positiveprints.com\/wp-content\/uploads\/2026\/03\/245815646_1337939713319158_5671353136411139666_n.png","width":800,"height":800,"caption":"Positive Prints"},"image":{"@id":"https:\/\/positiveprints.com\/pl\/#\/schema\/logo\/image\/"},"sameAs":["https:\/\/www.facebook.com\/positiveprintscom","https:\/\/www.instagram.com\/positiveprintscom\/","https:\/\/www.tiktok.com\/@positiveprintscom","https:\/\/www.pinterest.com\/positiveprintscom\/"]}]}},"jetpack_sharing_enabled":true,"_links":{"self":[{"href":"https:\/\/positiveprints.com\/pl\/wp-json\/wp\/v2\/product\/1548213","targetHints":{"allow":["GET"]}}],"collection":[{"href":"https:\/\/positiveprints.com\/pl\/wp-json\/wp\/v2\/product"}],"about":[{"href":"https:\/\/positiveprints.com\/pl\/wp-json\/wp\/v2\/types\/product"}],"wp:featuredmedia":[{"embeddable":true,"href":"https:\/\/positiveprints.com\/pl\/wp-json\/wp\/v2\/media\/1547533"}],"wp:attachment":[{"href":"https:\/\/positiveprints.com\/pl\/wp-json\/wp\/v2\/media?parent=1548213"}],"wp:term":[{"taxonomy":"product_brand","embeddable":true,"href":"https:\/\/positiveprints.com\/pl\/wp-json\/wp\/v2\/product_brand?post=1548213"},{"taxonomy":"product_cat","embeddable":true,"href":"https:\/\/positiveprints.com\/pl\/wp-json\/wp\/v2\/product_cat?post=1548213"},{"taxonomy":"product_tag","embeddable":true,"href":"https:\/\/positiveprints.com\/pl\/wp-json\/wp\/v2\/product_tag?post=1548213"}],"curies":[{"name":"wp","href":"https:\/\/api.w.org\/{rel}","templated":true}]}}