{"id":1545160,"date":"2024-01-23T08:19:51","date_gmt":"2024-01-23T07:19:51","guid":{"rendered":"https:\/\/positiveprints.com\/product\/the-day-you-were-born-jewelry\/"},"modified":"2026-04-03T02:58:09","modified_gmt":"2026-04-03T01:58:09","slug":"niebo-w-dniu-twoich-narodzin-personalizowana-bizuteria","status":"publish","type":"product","link":"https:\/\/positiveprints.com\/pl\/produkt\/niebo-w-dniu-twoich-narodzin-personalizowana-bizuteria\/","title":{"rendered":"Niebo w dniu twoich narodzin &#8211; personalizowana bi\u017cuteria"},"content":{"rendered":"","protected":false},"excerpt":{"rendered":"<ul class=\"check-list\">\n<li>Personalizowany naszyjnik z precyzyjnym uk\u0142adem gwiazd z dnia Twoich narodzin<\/li>\n<li>Zawieszka o \u015brednicy 20 mm wykonana z najwy\u017cszej jako\u015bci srebra pr\u00f3by 925, grawerowana laserowo i polerowana r\u0119cznie<\/li>\n<li>Wybierz wzruszaj\u0105cy tekst w zale\u017cno\u015bci od okazji<\/li>\n<li>Zaprojektuj w zaledwie 2 minuty<\/li>\n<li>Podgl\u0105d projektu na ka\u017cdym etapie<\/li>\n<\/ul>\n","protected":false},"featured_media":1545363,"template":"","meta":[],"product_brand":[],"product_cat":[9255,9222,9765,99,5253,3126,11209,7690,7770,7818],"product_tag":[8468,9316,9331,9339,9356],"class_list":{"0":"post-1545160","1":"product","2":"type-product","3":"status-publish","4":"has-post-thumbnail","6":"product_cat-jewelry-pl","7":"product_cat-bizuteria-z-gwiezdna-mapa","8":"product_cat-trending-label-pl","9":"product_cat-wszystkie-produkty","10":"product_cat-prezent-na-narodziny-dziecka","11":"product_cat-prezent-na-urodziny","12":"product_cat-prezenty-urodzinowe-dla-niej","13":"product_cat-prezent-dla-kobiety","14":"product_cat-prezent-dla-corki","15":"product_cat-prezent-dla-mlodych-rodzicow","16":"product_tag-birthday-pl","17":"product_tag-lancuszek","18":"product_tag-medalion","19":"product_tag-naszyjnik","20":"product_tag-wisiorek","22":"first","23":"instock","24":"sale","25":"taxable","26":"shipping-taxable","27":"purchasable","28":"product-type-variable"},"yoast_head":"<!-- This site is optimized with the Yoast SEO Premium plugin v27.2 (Yoast SEO v27.2) - https:\/\/yoast.com\/product\/yoast-seo-premium-wordpress\/ -->\n<title>Niebo w dniu twoich narodzin - personalizowana bi\u017cuteria - Positive Prints<\/title>\n<meta name=\"description\" content=\"Personalizowany naszyjnik z uk\u0142adem gwiazd z dnia urodzin \u2013 pi\u0119kny prezent dla niej, pami\u0105tka na urodziny, \u015bwi\u0119ta lub specjaln\u0105 okazj\u0119.\" \/>\n<meta name=\"robots\" content=\"index, follow, max-snippet:-1, max-image-preview:large, max-video-preview:-1\" \/>\n<link rel=\"canonical\" href=\"https:\/\/positiveprints.com\/pl\/produkt\/niebo-w-dniu-twoich-narodzin-personalizowana-bizuteria\/\" \/>\n<meta property=\"og:locale\" content=\"pl_PL\" \/>\n<meta property=\"og:type\" content=\"article\" \/>\n<meta property=\"og:title\" content=\"Niebo w dniu twoich narodzin - personalizowana bi\u017cuteria\" \/>\n<meta property=\"og:description\" content=\"Personalizowany naszyjnik z precyzyjnym uk\u0142adem gwiazd z dnia Twoich narodzin Zawieszka o \u015brednicy 20 mm wykonana z najwy\u017cszej jako\u015bci srebra pr\u00f3by 925, grawerowana laserowo i polerowana r\u0119cznie Wybierz wzruszaj\u0105cy tekst w zale\u017cno\u015bci od okazji Zaprojektuj w zaledwie 2 minuty Podgl\u0105d projektu na ka\u017cdym etapie\" \/>\n<meta property=\"og:url\" content=\"https:\/\/positiveprints.com\/pl\/produkt\/niebo-w-dniu-twoich-narodzin-personalizowana-bizuteria\/\" \/>\n<meta property=\"og:site_name\" content=\"Positive Prints\" \/>\n<meta property=\"article:publisher\" content=\"https:\/\/www.facebook.com\/positiveprintscom\" \/>\n<meta property=\"article:modified_time\" content=\"2026-04-03T01:58:09+00:00\" \/>\n<meta property=\"og:image\" content=\"https:\/\/positiveprints.com\/wp-content\/uploads\/2025\/10\/Niebo-w-dniu-twoich-narodzin-personalizowana-bizuteria-1.webp\" \/>\n\t<meta property=\"og:image:width\" content=\"2280\" \/>\n\t<meta property=\"og:image:height\" content=\"2280\" \/>\n\t<meta property=\"og:image:type\" content=\"image\/webp\" \/>\n<meta name=\"twitter:card\" content=\"summary_large_image\" \/>\n<meta name=\"twitter:label1\" content=\"Szacowany czas czytania\" \/>\n\t<meta name=\"twitter:data1\" content=\"2 minuty\" \/>\n<!-- \/ Yoast SEO Premium plugin. -->","yoast_head_json":{"title":"Niebo w dniu twoich narodzin - personalizowana bi\u017cuteria - Positive Prints","description":"Personalizowany naszyjnik z uk\u0142adem gwiazd z dnia urodzin \u2013 pi\u0119kny prezent dla niej, pami\u0105tka na urodziny, \u015bwi\u0119ta lub specjaln\u0105 okazj\u0119.","robots":{"index":"index","follow":"follow","max-snippet":"max-snippet:-1","max-image-preview":"max-image-preview:large","max-video-preview":"max-video-preview:-1"},"canonical":"https:\/\/positiveprints.com\/pl\/produkt\/niebo-w-dniu-twoich-narodzin-personalizowana-bizuteria\/","og_locale":"pl_PL","og_type":"article","og_title":"Niebo w dniu twoich narodzin - personalizowana bi\u017cuteria","og_description":"Personalizowany naszyjnik z precyzyjnym uk\u0142adem gwiazd z dnia Twoich narodzin Zawieszka o \u015brednicy 20 mm wykonana z najwy\u017cszej jako\u015bci srebra pr\u00f3by 925, grawerowana laserowo i polerowana r\u0119cznie Wybierz wzruszaj\u0105cy tekst w zale\u017cno\u015bci od okazji Zaprojektuj w zaledwie 2 minuty Podgl\u0105d projektu na ka\u017cdym etapie","og_url":"https:\/\/positiveprints.com\/pl\/produkt\/niebo-w-dniu-twoich-narodzin-personalizowana-bizuteria\/","og_site_name":"Positive Prints","article_publisher":"https:\/\/www.facebook.com\/positiveprintscom","article_modified_time":"2026-04-03T01:58:09+00:00","og_image":[{"width":2280,"height":2280,"url":"https:\/\/positiveprints.com\/wp-content\/uploads\/2025\/10\/Niebo-w-dniu-twoich-narodzin-personalizowana-bizuteria-1.webp","type":"image\/webp"}],"twitter_card":"summary_large_image","twitter_misc":{"Szacowany czas czytania":"2 minuty"},"schema":{"@context":"https:\/\/schema.org","@graph":[{"@type":["WebPage","ItemPage"],"@id":"https:\/\/positiveprints.com\/pl\/produkt\/niebo-w-dniu-twoich-narodzin-personalizowana-bizuteria\/","url":"https:\/\/positiveprints.com\/pl\/produkt\/niebo-w-dniu-twoich-narodzin-personalizowana-bizuteria\/","name":"Niebo w dniu twoich narodzin - personalizowana bi\u017cuteria - Positive Prints","isPartOf":{"@id":"https:\/\/positiveprints.com\/pl\/#website"},"primaryImageOfPage":{"@id":"https:\/\/positiveprints.com\/pl\/produkt\/niebo-w-dniu-twoich-narodzin-personalizowana-bizuteria\/#primaryimage"},"image":{"@id":"https:\/\/positiveprints.com\/pl\/produkt\/niebo-w-dniu-twoich-narodzin-personalizowana-bizuteria\/#primaryimage"},"thumbnailUrl":"https:\/\/positiveprints.com\/wp-content\/uploads\/2025\/10\/Niebo-w-dniu-twoich-narodzin-personalizowana-bizuteria-1.webp","datePublished":"2024-01-23T07:19:51+00:00","dateModified":"2026-04-03T01:58:09+00:00","description":"Personalizowany naszyjnik z uk\u0142adem gwiazd z dnia urodzin \u2013 pi\u0119kny prezent dla niej, pami\u0105tka na urodziny, \u015bwi\u0119ta lub specjaln\u0105 okazj\u0119.","breadcrumb":{"@id":"https:\/\/positiveprints.com\/pl\/produkt\/niebo-w-dniu-twoich-narodzin-personalizowana-bizuteria\/#breadcrumb"},"inLanguage":"pl-PL","potentialAction":[{"@type":"ReadAction","target":["https:\/\/positiveprints.com\/pl\/produkt\/niebo-w-dniu-twoich-narodzin-personalizowana-bizuteria\/"]}]},{"@type":"ImageObject","inLanguage":"pl-PL","@id":"https:\/\/positiveprints.com\/pl\/produkt\/niebo-w-dniu-twoich-narodzin-personalizowana-bizuteria\/#primaryimage","url":"https:\/\/positiveprints.com\/wp-content\/uploads\/2025\/10\/Niebo-w-dniu-twoich-narodzin-personalizowana-bizuteria-1.webp","contentUrl":"https:\/\/positiveprints.com\/wp-content\/uploads\/2025\/10\/Niebo-w-dniu-twoich-narodzin-personalizowana-bizuteria-1.webp","width":2280,"height":2280,"caption":"Niebo w dniu twoich narodzin - personalizowana bi\u017cuteria (1)"},{"@type":"BreadcrumbList","@id":"https:\/\/positiveprints.com\/pl\/produkt\/niebo-w-dniu-twoich-narodzin-personalizowana-bizuteria\/#breadcrumb","itemListElement":[{"@type":"ListItem","position":1,"name":"Home","item":"https:\/\/positiveprints.com\/pl\/"},{"@type":"ListItem","position":2,"name":"Produkty","item":"https:\/\/positiveprints.com\/pl\/shop\/"},{"@type":"ListItem","position":3,"name":"Niebo w dniu twoich narodzin &#8211; personalizowana bi\u017cuteria"}]},{"@type":"WebSite","@id":"https:\/\/positiveprints.com\/pl\/#website","url":"https:\/\/positiveprints.com\/pl\/","name":"Positive Prints","description":"Amazing Custom Personalized Gifts","publisher":{"@id":"https:\/\/positiveprints.com\/pl\/#organization"},"potentialAction":[{"@type":"SearchAction","target":{"@type":"EntryPoint","urlTemplate":"https:\/\/positiveprints.com\/pl\/?s={search_term_string}"},"query-input":{"@type":"PropertyValueSpecification","valueRequired":true,"valueName":"search_term_string"}}],"inLanguage":"pl-PL"},{"@type":"Organization","@id":"https:\/\/positiveprints.com\/pl\/#organization","name":"Positive Prints","alternateName":"Positive Prints","url":"https:\/\/positiveprints.com\/pl\/","logo":{"@type":"ImageObject","inLanguage":"pl-PL","@id":"https:\/\/positiveprints.com\/pl\/#\/schema\/logo\/image\/","url":"https:\/\/positiveprints.com\/wp-content\/uploads\/2026\/03\/245815646_1337939713319158_5671353136411139666_n.png","contentUrl":"https:\/\/positiveprints.com\/wp-content\/uploads\/2026\/03\/245815646_1337939713319158_5671353136411139666_n.png","width":800,"height":800,"caption":"Positive Prints"},"image":{"@id":"https:\/\/positiveprints.com\/pl\/#\/schema\/logo\/image\/"},"sameAs":["https:\/\/www.facebook.com\/positiveprintscom","https:\/\/www.instagram.com\/positiveprintscom\/","https:\/\/www.tiktok.com\/@positiveprintscom","https:\/\/www.pinterest.com\/positiveprintscom\/"]}]}},"jetpack_sharing_enabled":true,"_links":{"self":[{"href":"https:\/\/positiveprints.com\/pl\/wp-json\/wp\/v2\/product\/1545160","targetHints":{"allow":["GET"]}}],"collection":[{"href":"https:\/\/positiveprints.com\/pl\/wp-json\/wp\/v2\/product"}],"about":[{"href":"https:\/\/positiveprints.com\/pl\/wp-json\/wp\/v2\/types\/product"}],"wp:featuredmedia":[{"embeddable":true,"href":"https:\/\/positiveprints.com\/pl\/wp-json\/wp\/v2\/media\/1545363"}],"wp:attachment":[{"href":"https:\/\/positiveprints.com\/pl\/wp-json\/wp\/v2\/media?parent=1545160"}],"wp:term":[{"taxonomy":"product_brand","embeddable":true,"href":"https:\/\/positiveprints.com\/pl\/wp-json\/wp\/v2\/product_brand?post=1545160"},{"taxonomy":"product_cat","embeddable":true,"href":"https:\/\/positiveprints.com\/pl\/wp-json\/wp\/v2\/product_cat?post=1545160"},{"taxonomy":"product_tag","embeddable":true,"href":"https:\/\/positiveprints.com\/pl\/wp-json\/wp\/v2\/product_tag?post=1545160"}],"curies":[{"name":"wp","href":"https:\/\/api.w.org\/{rel}","templated":true}]}}