{"id":1522656,"date":"2025-09-19T08:58:28","date_gmt":"2025-09-19T06:58:28","guid":{"rendered":"https:\/\/positiveprints.com\/?post_type=product&#038;p=1522656"},"modified":"2026-04-03T02:21:58","modified_gmt":"2026-04-03T01:21:58","slug":"szkola-personalizowany-obraz-ze-zdjecia-akwarela","status":"publish","type":"product","link":"https:\/\/positiveprints.com\/pl\/produkt\/szkola-personalizowany-obraz-ze-zdjecia-akwarela\/","title":{"rendered":"Szko\u0142a &#8211; personalizowany obraz ze zdj\u0119cia &#8211; akwarela"},"content":{"rendered":"","protected":false},"excerpt":{"rendered":"<ul class=\"check-list\">\n<li>Prze\u015blij zdj\u0119cie budynku szko\u0142y<\/li>\n<li>2 poprawki wliczone w cen\u0119<\/li>\n<li>Spersonalizuj, dodaj\u0105c w\u0142asny tekst i wybieraj\u0105c styl grafiki<\/li>\n<li>Nasz artysta w programie graficznym stworzy ilustracj\u0119 z Twojego zdj\u0119cia<\/li>\n<li>Wst\u0119pny projekt otrzymasz w ci\u0105gu 2\u20133 dni roboczych<\/li>\n<\/ul>\n","protected":false},"featured_media":1523484,"template":"","meta":[],"product_brand":[],"product_cat":[13594,7866,9765,7915,99],"product_tag":[15255,8495,16427,16429,16969,16698,16325,16428,16887,16699],"class_list":{"0":"post-1522656","1":"product","2":"type-product","3":"status-publish","4":"has-post-thumbnail","6":"product_cat-akwarela","7":"product_cat-prezent-dla-nauczyciela","8":"product_cat-trending-label-pl","9":"product_cat-prezent-na-zakonczenie-studiow","10":"product_cat-wszystkie-produkty","11":"product_tag-graduation-en-gb-pl","12":"product_tag-graduation-pl","13":"product_tag-nauczyciel","14":"product_tag-pomysly-na-prezent-dla-nauczyciela","15":"product_tag-prezent-dla-nauczyciela","16":"product_tag-prezent-na-zakonczenie-szkoly","17":"product_tag-prezent-z-podziekowaniem-dla-nauczyciela","18":"product_tag-prezent-z-podziekowaniem-dla-nauczyciela-pl","19":"product_tag-prezenty-dla-nauczyciela","20":"product_tag-prezenty-na-zakonczenie-szkoly","22":"first","23":"instock","24":"sale","25":"taxable","26":"shipping-taxable","27":"purchasable","28":"product-type-variable"},"yoast_head":"<!-- This site is optimized with the Yoast SEO Premium plugin v27.2 (Yoast SEO v27.2) - https:\/\/yoast.com\/product\/yoast-seo-premium-wordpress\/ -->\n<title>Szko\u0142a - personalizowany obraz ze zdj\u0119cia - akwarela - Positive Prints<\/title>\n<meta name=\"description\" content=\"Wyj\u0105tkowa pami\u0105tka szkolnych lat \u2013 personalizowany portret w akwareli. Idealny prezent dla nauczyciela, ucznia lub rodzica.\" \/>\n<meta name=\"robots\" content=\"index, follow, max-snippet:-1, max-image-preview:large, max-video-preview:-1\" \/>\n<link rel=\"canonical\" href=\"https:\/\/positiveprints.com\/pl\/produkt\/szkola-personalizowany-obraz-ze-zdjecia-akwarela\/\" \/>\n<meta property=\"og:locale\" content=\"pl_PL\" \/>\n<meta property=\"og:type\" content=\"article\" \/>\n<meta property=\"og:title\" content=\"Szko\u0142a - personalizowany obraz ze zdj\u0119cia - akwarela\" \/>\n<meta property=\"og:description\" content=\"Prze\u015blij zdj\u0119cie budynku szko\u0142y 2 poprawki wliczone w cen\u0119 Spersonalizuj, dodaj\u0105c w\u0142asny tekst i wybieraj\u0105c styl grafiki Nasz artysta w programie graficznym stworzy ilustracj\u0119 z Twojego zdj\u0119cia Wst\u0119pny projekt otrzymasz w ci\u0105gu 2\u20133 dni roboczych\" \/>\n<meta property=\"og:url\" content=\"https:\/\/positiveprints.com\/pl\/produkt\/szkola-personalizowany-obraz-ze-zdjecia-akwarela\/\" \/>\n<meta property=\"og:site_name\" content=\"Positive Prints\" \/>\n<meta property=\"article:publisher\" content=\"https:\/\/www.facebook.com\/positiveprintscom\" \/>\n<meta property=\"article:modified_time\" content=\"2026-04-03T01:21:58+00:00\" \/>\n<meta property=\"og:image\" content=\"https:\/\/positiveprints.com\/wp-content\/uploads\/2025\/09\/Szkola-personalizowany-obraz-ze-zdje\u0328cia-akwarela-Packshot_PL_XX.webp\" \/>\n\t<meta property=\"og:image:width\" content=\"1450\" \/>\n\t<meta property=\"og:image:height\" content=\"1450\" \/>\n\t<meta property=\"og:image:type\" content=\"image\/webp\" \/>\n<meta name=\"twitter:card\" content=\"summary_large_image\" \/>\n<meta name=\"twitter:label1\" content=\"Szacowany czas czytania\" \/>\n\t<meta name=\"twitter:data1\" content=\"1 minuta\" \/>\n<!-- \/ Yoast SEO Premium plugin. -->","yoast_head_json":{"title":"Szko\u0142a - personalizowany obraz ze zdj\u0119cia - akwarela - Positive Prints","description":"Wyj\u0105tkowa pami\u0105tka szkolnych lat \u2013 personalizowany portret w akwareli. Idealny prezent dla nauczyciela, ucznia lub rodzica.","robots":{"index":"index","follow":"follow","max-snippet":"max-snippet:-1","max-image-preview":"max-image-preview:large","max-video-preview":"max-video-preview:-1"},"canonical":"https:\/\/positiveprints.com\/pl\/produkt\/szkola-personalizowany-obraz-ze-zdjecia-akwarela\/","og_locale":"pl_PL","og_type":"article","og_title":"Szko\u0142a - personalizowany obraz ze zdj\u0119cia - akwarela","og_description":"Prze\u015blij zdj\u0119cie budynku szko\u0142y 2 poprawki wliczone w cen\u0119 Spersonalizuj, dodaj\u0105c w\u0142asny tekst i wybieraj\u0105c styl grafiki Nasz artysta w programie graficznym stworzy ilustracj\u0119 z Twojego zdj\u0119cia Wst\u0119pny projekt otrzymasz w ci\u0105gu 2\u20133 dni roboczych","og_url":"https:\/\/positiveprints.com\/pl\/produkt\/szkola-personalizowany-obraz-ze-zdjecia-akwarela\/","og_site_name":"Positive Prints","article_publisher":"https:\/\/www.facebook.com\/positiveprintscom","article_modified_time":"2026-04-03T01:21:58+00:00","og_image":[{"width":1450,"height":1450,"url":"https:\/\/positiveprints.com\/wp-content\/uploads\/2025\/09\/Szkola-personalizowany-obraz-ze-zdje\u0328cia-akwarela-Packshot_PL_XX.webp","type":"image\/webp"}],"twitter_card":"summary_large_image","twitter_misc":{"Szacowany czas czytania":"1 minuta"},"schema":{"@context":"https:\/\/schema.org","@graph":[{"@type":["WebPage","ItemPage"],"@id":"https:\/\/positiveprints.com\/pl\/produkt\/szkola-personalizowany-obraz-ze-zdjecia-akwarela\/","url":"https:\/\/positiveprints.com\/pl\/produkt\/szkola-personalizowany-obraz-ze-zdjecia-akwarela\/","name":"Szko\u0142a - personalizowany obraz ze zdj\u0119cia - akwarela - Positive Prints","isPartOf":{"@id":"https:\/\/positiveprints.com\/pl\/#website"},"primaryImageOfPage":{"@id":"https:\/\/positiveprints.com\/pl\/produkt\/szkola-personalizowany-obraz-ze-zdjecia-akwarela\/#primaryimage"},"image":{"@id":"https:\/\/positiveprints.com\/pl\/produkt\/szkola-personalizowany-obraz-ze-zdjecia-akwarela\/#primaryimage"},"thumbnailUrl":"https:\/\/positiveprints.com\/wp-content\/uploads\/2025\/09\/Szkola-personalizowany-obraz-ze-zdje\u0328cia-akwarela-Packshot_PL_XX.webp","datePublished":"2025-09-19T06:58:28+00:00","dateModified":"2026-04-03T01:21:58+00:00","description":"Wyj\u0105tkowa pami\u0105tka szkolnych lat \u2013 personalizowany portret w akwareli. Idealny prezent dla nauczyciela, ucznia lub rodzica.","breadcrumb":{"@id":"https:\/\/positiveprints.com\/pl\/produkt\/szkola-personalizowany-obraz-ze-zdjecia-akwarela\/#breadcrumb"},"inLanguage":"pl-PL","potentialAction":[{"@type":"ReadAction","target":["https:\/\/positiveprints.com\/pl\/produkt\/szkola-personalizowany-obraz-ze-zdjecia-akwarela\/"]}]},{"@type":"ImageObject","inLanguage":"pl-PL","@id":"https:\/\/positiveprints.com\/pl\/produkt\/szkola-personalizowany-obraz-ze-zdjecia-akwarela\/#primaryimage","url":"https:\/\/positiveprints.com\/wp-content\/uploads\/2025\/09\/Szkola-personalizowany-obraz-ze-zdje\u0328cia-akwarela-Packshot_PL_XX.webp","contentUrl":"https:\/\/positiveprints.com\/wp-content\/uploads\/2025\/09\/Szkola-personalizowany-obraz-ze-zdje\u0328cia-akwarela-Packshot_PL_XX.webp","width":1450,"height":1450,"caption":"Szko\u0142a personalizowany obraz ze zdje\u0328cia - akwarela"},{"@type":"BreadcrumbList","@id":"https:\/\/positiveprints.com\/pl\/produkt\/szkola-personalizowany-obraz-ze-zdjecia-akwarela\/#breadcrumb","itemListElement":[{"@type":"ListItem","position":1,"name":"Home","item":"https:\/\/positiveprints.com\/pl\/"},{"@type":"ListItem","position":2,"name":"Produkty","item":"https:\/\/positiveprints.com\/pl\/shop\/"},{"@type":"ListItem","position":3,"name":"Szko\u0142a &#8211; personalizowany obraz ze zdj\u0119cia &#8211; akwarela"}]},{"@type":"WebSite","@id":"https:\/\/positiveprints.com\/pl\/#website","url":"https:\/\/positiveprints.com\/pl\/","name":"Positive Prints","description":"Amazing Custom Personalized Gifts","publisher":{"@id":"https:\/\/positiveprints.com\/pl\/#organization"},"potentialAction":[{"@type":"SearchAction","target":{"@type":"EntryPoint","urlTemplate":"https:\/\/positiveprints.com\/pl\/?s={search_term_string}"},"query-input":{"@type":"PropertyValueSpecification","valueRequired":true,"valueName":"search_term_string"}}],"inLanguage":"pl-PL"},{"@type":"Organization","@id":"https:\/\/positiveprints.com\/pl\/#organization","name":"Positive Prints","alternateName":"Positive Prints","url":"https:\/\/positiveprints.com\/pl\/","logo":{"@type":"ImageObject","inLanguage":"pl-PL","@id":"https:\/\/positiveprints.com\/pl\/#\/schema\/logo\/image\/","url":"https:\/\/positiveprints.com\/wp-content\/uploads\/2026\/03\/245815646_1337939713319158_5671353136411139666_n.png","contentUrl":"https:\/\/positiveprints.com\/wp-content\/uploads\/2026\/03\/245815646_1337939713319158_5671353136411139666_n.png","width":800,"height":800,"caption":"Positive Prints"},"image":{"@id":"https:\/\/positiveprints.com\/pl\/#\/schema\/logo\/image\/"},"sameAs":["https:\/\/www.facebook.com\/positiveprintscom","https:\/\/www.instagram.com\/positiveprintscom\/","https:\/\/www.tiktok.com\/@positiveprintscom","https:\/\/www.pinterest.com\/positiveprintscom\/"]}]}},"jetpack_sharing_enabled":true,"_links":{"self":[{"href":"https:\/\/positiveprints.com\/pl\/wp-json\/wp\/v2\/product\/1522656","targetHints":{"allow":["GET"]}}],"collection":[{"href":"https:\/\/positiveprints.com\/pl\/wp-json\/wp\/v2\/product"}],"about":[{"href":"https:\/\/positiveprints.com\/pl\/wp-json\/wp\/v2\/types\/product"}],"wp:featuredmedia":[{"embeddable":true,"href":"https:\/\/positiveprints.com\/pl\/wp-json\/wp\/v2\/media\/1523484"}],"wp:attachment":[{"href":"https:\/\/positiveprints.com\/pl\/wp-json\/wp\/v2\/media?parent=1522656"}],"wp:term":[{"taxonomy":"product_brand","embeddable":true,"href":"https:\/\/positiveprints.com\/pl\/wp-json\/wp\/v2\/product_brand?post=1522656"},{"taxonomy":"product_cat","embeddable":true,"href":"https:\/\/positiveprints.com\/pl\/wp-json\/wp\/v2\/product_cat?post=1522656"},{"taxonomy":"product_tag","embeddable":true,"href":"https:\/\/positiveprints.com\/pl\/wp-json\/wp\/v2\/product_tag?post=1522656"}],"curies":[{"name":"wp","href":"https:\/\/api.w.org\/{rel}","templated":true}]}}