{"id":1521559,"date":"2025-09-18T12:28:57","date_gmt":"2025-09-18T10:28:57","guid":{"rendered":"https:\/\/positiveprints.com\/?post_type=product&#038;p=1521559"},"modified":"2026-04-07T11:55:05","modified_gmt":"2026-04-07T10:55:05","slug":"spersonalizowany-portret-twojego-biura-lub-firmy","status":"publish","type":"product","link":"https:\/\/positiveprints.com\/pl\/produkt\/spersonalizowany-portret-twojego-biura-lub-firmy\/","title":{"rendered":"Spersonalizowany portret Twojego biura lub firmy"},"content":{"rendered":"","protected":false},"excerpt":{"rendered":"<ul class=\"check-list\">\n<li>Prze\u015blij zdj\u0119cie miejsca lub budynku<\/li>\n<li>2 poprawki wliczone w cen\u0119<\/li>\n<li>Spersonalizuj, dodaj\u0105c w\u0142asny tekst i wybieraj\u0105c styl grafiki<\/li>\n<li>Nasz artysta w programie graficznym stworzy ilustracj\u0119 z Twojego zdj\u0119cia<\/li>\n<li>Wst\u0119pny projekt otrzymasz w ci\u0105gu 2\u20133 dni roboczych<\/li>\n<\/ul>\n","protected":false},"featured_media":1522383,"template":"","meta":[],"product_brand":[],"product_cat":[9279,13594,99,5271,11405,7946],"product_tag":[13253,16493,13249,13250,13255,13254,16494,14971,13251],"class_list":{"0":"post-1521559","1":"product","2":"type-product","3":"status-publish","4":"has-post-thumbnail","6":"product_cat-bestsellers-label-pl","7":"product_cat-akwarela","8":"product_cat-wszystkie-produkty","9":"product_cat-prezent-na-boze-narodzenie","10":"product_cat-prezenty-pod-choinke-dla-wspolpracownikow","11":"product_cat-prezent-na-emeryture","12":"product_tag-prezent-dla-wspolpracownika","13":"product_tag-prezent-emerytalny","14":"product_tag-prezent-swiateczny-dla-wspolpracownika","15":"product_tag-prezent-w-podziekowaniu-dla-wspolpracownika","16":"product_tag-prezent-z-podziekowaniem-dla-wspolpracownika","17":"product_tag-prezenty-dla-wspolpracownikow","18":"product_tag-prezenty-z-okazji-odejscia-na-emeryture","19":"product_tag-retirement-pl-2","20":"product_tag-wspolpracownik","22":"first","23":"instock","24":"sale","25":"taxable","26":"shipping-taxable","27":"purchasable","28":"product-type-variable"},"yoast_head":"<!-- This site is optimized with the Yoast SEO Premium plugin v27.2 (Yoast SEO v27.2) - https:\/\/yoast.com\/product\/yoast-seo-premium-wordpress\/ -->\n<title>Spersonalizowany portret Twojego biura lub firmy - Positive Prints<\/title>\n<meta name=\"description\" content=\"Personalizowany obraz biura lub pracowni \u2013 \u015bwietny prezent dla szef\u00f3w i wsp\u00f3\u0142pracownik\u00f3w na wa\u017cne okazje, jubileusze i zako\u0144czenia pracy.\" \/>\n<meta name=\"robots\" content=\"index, follow, max-snippet:-1, max-image-preview:large, max-video-preview:-1\" \/>\n<link rel=\"canonical\" href=\"https:\/\/positiveprints.com\/pl\/produkt\/spersonalizowany-portret-twojego-biura-lub-firmy\/\" \/>\n<meta property=\"og:locale\" content=\"pl_PL\" \/>\n<meta property=\"og:type\" content=\"article\" \/>\n<meta property=\"og:title\" content=\"Spersonalizowany portret Twojego biura lub firmy\" \/>\n<meta property=\"og:description\" content=\"Prze\u015blij zdj\u0119cie miejsca lub budynku 2 poprawki wliczone w cen\u0119 Spersonalizuj, dodaj\u0105c w\u0142asny tekst i wybieraj\u0105c styl grafiki Nasz artysta w programie graficznym stworzy ilustracj\u0119 z Twojego zdj\u0119cia Wst\u0119pny projekt otrzymasz w ci\u0105gu 2\u20133 dni roboczych\" \/>\n<meta property=\"og:url\" content=\"https:\/\/positiveprints.com\/pl\/produkt\/spersonalizowany-portret-twojego-biura-lub-firmy\/\" \/>\n<meta property=\"og:site_name\" content=\"Positive Prints\" \/>\n<meta property=\"article:publisher\" content=\"https:\/\/www.facebook.com\/positiveprintscom\" \/>\n<meta property=\"article:modified_time\" content=\"2026-04-07T10:55:05+00:00\" \/>\n<meta property=\"og:image\" content=\"https:\/\/positiveprints.com\/wp-content\/uploads\/2025\/09\/Spersonalizowany-portret-Twojego-biura-lub-firmy-Packshot_PL_XX.webp\" \/>\n\t<meta property=\"og:image:width\" content=\"1450\" \/>\n\t<meta property=\"og:image:height\" content=\"1450\" \/>\n\t<meta property=\"og:image:type\" content=\"image\/webp\" \/>\n<meta name=\"twitter:card\" content=\"summary_large_image\" \/>\n<meta name=\"twitter:label1\" content=\"Szacowany czas czytania\" \/>\n\t<meta name=\"twitter:data1\" content=\"1 minuta\" \/>\n<!-- \/ Yoast SEO Premium plugin. -->","yoast_head_json":{"title":"Spersonalizowany portret Twojego biura lub firmy - Positive Prints","description":"Personalizowany obraz biura lub pracowni \u2013 \u015bwietny prezent dla szef\u00f3w i wsp\u00f3\u0142pracownik\u00f3w na wa\u017cne okazje, jubileusze i zako\u0144czenia pracy.","robots":{"index":"index","follow":"follow","max-snippet":"max-snippet:-1","max-image-preview":"max-image-preview:large","max-video-preview":"max-video-preview:-1"},"canonical":"https:\/\/positiveprints.com\/pl\/produkt\/spersonalizowany-portret-twojego-biura-lub-firmy\/","og_locale":"pl_PL","og_type":"article","og_title":"Spersonalizowany portret Twojego biura lub firmy","og_description":"Prze\u015blij zdj\u0119cie miejsca lub budynku 2 poprawki wliczone w cen\u0119 Spersonalizuj, dodaj\u0105c w\u0142asny tekst i wybieraj\u0105c styl grafiki Nasz artysta w programie graficznym stworzy ilustracj\u0119 z Twojego zdj\u0119cia Wst\u0119pny projekt otrzymasz w ci\u0105gu 2\u20133 dni roboczych","og_url":"https:\/\/positiveprints.com\/pl\/produkt\/spersonalizowany-portret-twojego-biura-lub-firmy\/","og_site_name":"Positive Prints","article_publisher":"https:\/\/www.facebook.com\/positiveprintscom","article_modified_time":"2026-04-07T10:55:05+00:00","og_image":[{"width":1450,"height":1450,"url":"https:\/\/positiveprints.com\/wp-content\/uploads\/2025\/09\/Spersonalizowany-portret-Twojego-biura-lub-firmy-Packshot_PL_XX.webp","type":"image\/webp"}],"twitter_card":"summary_large_image","twitter_misc":{"Szacowany czas czytania":"1 minuta"},"schema":{"@context":"https:\/\/schema.org","@graph":[{"@type":["WebPage","ItemPage"],"@id":"https:\/\/positiveprints.com\/pl\/produkt\/spersonalizowany-portret-twojego-biura-lub-firmy\/","url":"https:\/\/positiveprints.com\/pl\/produkt\/spersonalizowany-portret-twojego-biura-lub-firmy\/","name":"Spersonalizowany portret Twojego biura lub firmy - Positive Prints","isPartOf":{"@id":"https:\/\/positiveprints.com\/pl\/#website"},"primaryImageOfPage":{"@id":"https:\/\/positiveprints.com\/pl\/produkt\/spersonalizowany-portret-twojego-biura-lub-firmy\/#primaryimage"},"image":{"@id":"https:\/\/positiveprints.com\/pl\/produkt\/spersonalizowany-portret-twojego-biura-lub-firmy\/#primaryimage"},"thumbnailUrl":"https:\/\/positiveprints.com\/wp-content\/uploads\/2025\/09\/Spersonalizowany-portret-Twojego-biura-lub-firmy-Packshot_PL_XX.webp","datePublished":"2025-09-18T10:28:57+00:00","dateModified":"2026-04-07T10:55:05+00:00","description":"Personalizowany obraz biura lub pracowni \u2013 \u015bwietny prezent dla szef\u00f3w i wsp\u00f3\u0142pracownik\u00f3w na wa\u017cne okazje, jubileusze i zako\u0144czenia pracy.","breadcrumb":{"@id":"https:\/\/positiveprints.com\/pl\/produkt\/spersonalizowany-portret-twojego-biura-lub-firmy\/#breadcrumb"},"inLanguage":"pl-PL","potentialAction":[{"@type":"ReadAction","target":["https:\/\/positiveprints.com\/pl\/produkt\/spersonalizowany-portret-twojego-biura-lub-firmy\/"]}]},{"@type":"ImageObject","inLanguage":"pl-PL","@id":"https:\/\/positiveprints.com\/pl\/produkt\/spersonalizowany-portret-twojego-biura-lub-firmy\/#primaryimage","url":"https:\/\/positiveprints.com\/wp-content\/uploads\/2025\/09\/Spersonalizowany-portret-Twojego-biura-lub-firmy-Packshot_PL_XX.webp","contentUrl":"https:\/\/positiveprints.com\/wp-content\/uploads\/2025\/09\/Spersonalizowany-portret-Twojego-biura-lub-firmy-Packshot_PL_XX.webp","width":1450,"height":1450,"caption":"Spersonalizowany portret Twojego biura lub firmy"},{"@type":"BreadcrumbList","@id":"https:\/\/positiveprints.com\/pl\/produkt\/spersonalizowany-portret-twojego-biura-lub-firmy\/#breadcrumb","itemListElement":[{"@type":"ListItem","position":1,"name":"Home","item":"https:\/\/positiveprints.com\/pl\/"},{"@type":"ListItem","position":2,"name":"Produkty","item":"https:\/\/positiveprints.com\/pl\/shop\/"},{"@type":"ListItem","position":3,"name":"Spersonalizowany portret Twojego biura lub firmy"}]},{"@type":"WebSite","@id":"https:\/\/positiveprints.com\/pl\/#website","url":"https:\/\/positiveprints.com\/pl\/","name":"Positive Prints","description":"Amazing Custom Personalized Gifts","publisher":{"@id":"https:\/\/positiveprints.com\/pl\/#organization"},"potentialAction":[{"@type":"SearchAction","target":{"@type":"EntryPoint","urlTemplate":"https:\/\/positiveprints.com\/pl\/?s={search_term_string}"},"query-input":{"@type":"PropertyValueSpecification","valueRequired":true,"valueName":"search_term_string"}}],"inLanguage":"pl-PL"},{"@type":"Organization","@id":"https:\/\/positiveprints.com\/pl\/#organization","name":"Positive Prints","alternateName":"Positive Prints","url":"https:\/\/positiveprints.com\/pl\/","logo":{"@type":"ImageObject","inLanguage":"pl-PL","@id":"https:\/\/positiveprints.com\/pl\/#\/schema\/logo\/image\/","url":"https:\/\/positiveprints.com\/wp-content\/uploads\/2026\/03\/245815646_1337939713319158_5671353136411139666_n.png","contentUrl":"https:\/\/positiveprints.com\/wp-content\/uploads\/2026\/03\/245815646_1337939713319158_5671353136411139666_n.png","width":800,"height":800,"caption":"Positive Prints"},"image":{"@id":"https:\/\/positiveprints.com\/pl\/#\/schema\/logo\/image\/"},"sameAs":["https:\/\/www.facebook.com\/positiveprintscom","https:\/\/www.instagram.com\/positiveprintscom\/","https:\/\/www.tiktok.com\/@positiveprintscom","https:\/\/www.pinterest.com\/positiveprintscom\/"]}]}},"jetpack_sharing_enabled":true,"_links":{"self":[{"href":"https:\/\/positiveprints.com\/pl\/wp-json\/wp\/v2\/product\/1521559","targetHints":{"allow":["GET"]}}],"collection":[{"href":"https:\/\/positiveprints.com\/pl\/wp-json\/wp\/v2\/product"}],"about":[{"href":"https:\/\/positiveprints.com\/pl\/wp-json\/wp\/v2\/types\/product"}],"wp:featuredmedia":[{"embeddable":true,"href":"https:\/\/positiveprints.com\/pl\/wp-json\/wp\/v2\/media\/1522383"}],"wp:attachment":[{"href":"https:\/\/positiveprints.com\/pl\/wp-json\/wp\/v2\/media?parent=1521559"}],"wp:term":[{"taxonomy":"product_brand","embeddable":true,"href":"https:\/\/positiveprints.com\/pl\/wp-json\/wp\/v2\/product_brand?post=1521559"},{"taxonomy":"product_cat","embeddable":true,"href":"https:\/\/positiveprints.com\/pl\/wp-json\/wp\/v2\/product_cat?post=1521559"},{"taxonomy":"product_tag","embeddable":true,"href":"https:\/\/positiveprints.com\/pl\/wp-json\/wp\/v2\/product_tag?post=1521559"}],"curies":[{"name":"wp","href":"https:\/\/api.w.org\/{rel}","templated":true}]}}