{"id":1520332,"date":"2025-09-11T14:20:48","date_gmt":"2025-09-11T12:20:48","guid":{"rendered":"https:\/\/positiveprints.com\/?post_type=product&#038;p=1520332"},"modified":"2026-04-12T19:14:10","modified_gmt":"2026-04-12T18:14:10","slug":"dom-personalizowany-obraz-ze-zdjecia-akwarela","status":"publish","type":"product","link":"https:\/\/positiveprints.com\/pl\/produkt\/dom-personalizowany-obraz-ze-zdjecia-akwarela\/","title":{"rendered":"Dom &#8211; personalizowany obraz ze zdj\u0119cia &#8211; akwarela"},"content":{"rendered":"","protected":false},"excerpt":{"rendered":"<ul class=\"check-list\">\n<li>Prze\u015blij zdj\u0119cie domu lub budynku<\/li>\n<li>2 poprawki wliczone w cen\u0119<\/li>\n<li>Spersonalizuj, dodaj\u0105c w\u0142asny tekst i wybieraj\u0105c styl grafiki<\/li>\n<li>Nasz artysta w programie graficznym stworzy ilustracj\u0119 z Twojego zdj\u0119cia<\/li>\n<li>Wst\u0119pny projekt otrzymasz w ci\u0105gu 2\u20133 dni roboczych<\/li>\n<\/ul>\n","protected":false},"featured_media":1520706,"template":"","meta":[],"product_brand":[],"product_cat":[15114,8238,9182,8978,9765,13594,99,262,5296,5271,11410,11411,15059,11417,11412,11415],"product_tag":[14537,14538,14956,14958,14539,14540,14541,14542,14955,14543,14544,14545,14546,14547,14548,14549,11817,11816,11815,11813,13468,14550,14551,14552,14553,14554,14555,14556,14557,14558],"class_list":{"0":"post-1520332","1":"product","2":"type-product","3":"status-publish","4":"has-post-thumbnail","6":"product_cat-bestsellers-menu-pl","7":"product_cat-digital-products-pl","8":"product_cat-line-art-pl","9":"product_cat-nowosci","10":"product_cat-trending-label-pl","11":"product_cat-akwarela","12":"product_cat-wszystkie-produkty","13":"product_cat-creators-pl","14":"product_cat-prezent-na-parapetowke","15":"product_cat-prezent-na-boze-narodzenie","16":"product_cat-prezenty-pod-choinke-dla-niej","17":"product_cat-prezenty-pod-choinke-dla-niego","18":"product_cat-prezenty-pod-choinke-dla-rodziny","19":"product_cat-prezenty-pod-choinke-dla-zony","20":"product_cat-prezenty-pod-choinke-dla-meza","21":"product_cat-prezenty-pod-choinke-dla-rodzicow","22":"product_tag-appreciation-gift-for-realtor-pl","23":"product_tag-closing-gifts-pl","24":"product_tag-creators-pl-2","25":"product_tag-custom-photo-pl","26":"product_tag-gift-for-new-homeowners-pl","27":"product_tag-gift-for-realtor-pl","28":"product_tag-gifts-for-realtor-pl","29":"product_tag-house-closing-gift-pl","30":"product_tag-housewarming-pl-2","31":"product_tag-housewarming-gift-pl","32":"product_tag-new-home-pl","33":"product_tag-new-home-closing-gift-pl","34":"product_tag-new-home-gift-pl","35":"product_tag-new-house-pl","36":"product_tag-new-house-celebration-gift-pl","37":"product_tag-personalized-closing-gift-pl","38":"product_tag-prezenty-pod-choinke-dla-meza","39":"product_tag-prezenty-pod-choinke-dla-niego","40":"product_tag-prezenty-pod-choinke-dla-niej","41":"product_tag-prezenty-pod-choinke-dla-zony","42":"product_tag-prezenty-swiateczne-dla-rodziny","43":"product_tag-real-estate-agent-gift-pl","44":"product_tag-real-estate-closing-gift-pl","45":"product_tag-real-estate-gift-pl","46":"product_tag-realtor-closing-gift-pl","47":"product_tag-realtor-closing-gift-closing-gift-pl","48":"product_tag-realtor-gift-pl","49":"product_tag-realtor-gifts-pl","50":"product_tag-thank-you-gift-for-realtor-pl","51":"product_tag-thoughtful-closing-gift-pl","53":"first","54":"instock","55":"sale","56":"taxable","57":"shipping-taxable","58":"purchasable","59":"product-type-variable"},"yoast_head":"<!-- This site is optimized with the Yoast SEO Premium plugin v27.2 (Yoast SEO v27.2) - https:\/\/yoast.com\/product\/yoast-seo-premium-wordpress\/ -->\n<title>Dom - personalizowany obraz ze zdj\u0119cia - akwarela - Positive Prints<\/title>\n<meta name=\"description\" content=\"Wyj\u0105tkowy obraz domu \u2013 wzruszaj\u0105cy prezent na nowe mieszkanie, rocznic\u0119 lub jako ho\u0142d dla rodzinnego gniazda.\" \/>\n<meta name=\"robots\" content=\"index, follow, max-snippet:-1, max-image-preview:large, max-video-preview:-1\" \/>\n<link rel=\"canonical\" href=\"https:\/\/positiveprints.com\/pl\/produkt\/dom-personalizowany-obraz-ze-zdjecia-akwarela\/\" \/>\n<meta property=\"og:locale\" content=\"pl_PL\" \/>\n<meta property=\"og:type\" content=\"article\" \/>\n<meta property=\"og:title\" content=\"Dom - personalizowany obraz ze zdj\u0119cia - akwarela\" \/>\n<meta property=\"og:description\" content=\"Prze\u015blij zdj\u0119cie domu lub budynku 2 poprawki wliczone w cen\u0119 Spersonalizuj, dodaj\u0105c w\u0142asny tekst i wybieraj\u0105c styl grafiki Nasz artysta w programie graficznym stworzy ilustracj\u0119 z Twojego zdj\u0119cia Wst\u0119pny projekt otrzymasz w ci\u0105gu 2\u20133 dni roboczych\" \/>\n<meta property=\"og:url\" content=\"https:\/\/positiveprints.com\/pl\/produkt\/dom-personalizowany-obraz-ze-zdjecia-akwarela\/\" \/>\n<meta property=\"og:site_name\" content=\"Positive Prints\" \/>\n<meta property=\"article:publisher\" content=\"https:\/\/www.facebook.com\/positiveprintscom\" \/>\n<meta property=\"article:modified_time\" content=\"2026-04-12T18:14:10+00:00\" \/>\n<meta property=\"og:image\" content=\"https:\/\/positiveprints.com\/wp-content\/uploads\/2025\/09\/Dom-personalizowany-obraz-akwarela-Packshot_PL_XX.webp\" \/>\n\t<meta property=\"og:image:width\" content=\"1450\" \/>\n\t<meta property=\"og:image:height\" content=\"1450\" \/>\n\t<meta property=\"og:image:type\" content=\"image\/webp\" \/>\n<meta name=\"twitter:card\" content=\"summary_large_image\" \/>\n<meta name=\"twitter:label1\" content=\"Szacowany czas czytania\" \/>\n\t<meta name=\"twitter:data1\" content=\"1 minuta\" \/>\n<!-- \/ Yoast SEO Premium plugin. -->","yoast_head_json":{"title":"Dom - personalizowany obraz ze zdj\u0119cia - akwarela - Positive Prints","description":"Wyj\u0105tkowy obraz domu \u2013 wzruszaj\u0105cy prezent na nowe mieszkanie, rocznic\u0119 lub jako ho\u0142d dla rodzinnego gniazda.","robots":{"index":"index","follow":"follow","max-snippet":"max-snippet:-1","max-image-preview":"max-image-preview:large","max-video-preview":"max-video-preview:-1"},"canonical":"https:\/\/positiveprints.com\/pl\/produkt\/dom-personalizowany-obraz-ze-zdjecia-akwarela\/","og_locale":"pl_PL","og_type":"article","og_title":"Dom - personalizowany obraz ze zdj\u0119cia - akwarela","og_description":"Prze\u015blij zdj\u0119cie domu lub budynku 2 poprawki wliczone w cen\u0119 Spersonalizuj, dodaj\u0105c w\u0142asny tekst i wybieraj\u0105c styl grafiki Nasz artysta w programie graficznym stworzy ilustracj\u0119 z Twojego zdj\u0119cia Wst\u0119pny projekt otrzymasz w ci\u0105gu 2\u20133 dni roboczych","og_url":"https:\/\/positiveprints.com\/pl\/produkt\/dom-personalizowany-obraz-ze-zdjecia-akwarela\/","og_site_name":"Positive Prints","article_publisher":"https:\/\/www.facebook.com\/positiveprintscom","article_modified_time":"2026-04-12T18:14:10+00:00","og_image":[{"width":1450,"height":1450,"url":"https:\/\/positiveprints.com\/wp-content\/uploads\/2025\/09\/Dom-personalizowany-obraz-akwarela-Packshot_PL_XX.webp","type":"image\/webp"}],"twitter_card":"summary_large_image","twitter_misc":{"Szacowany czas czytania":"1 minuta"},"schema":{"@context":"https:\/\/schema.org","@graph":[{"@type":["WebPage","ItemPage"],"@id":"https:\/\/positiveprints.com\/pl\/produkt\/dom-personalizowany-obraz-ze-zdjecia-akwarela\/","url":"https:\/\/positiveprints.com\/pl\/produkt\/dom-personalizowany-obraz-ze-zdjecia-akwarela\/","name":"Dom - personalizowany obraz ze zdj\u0119cia - akwarela - Positive Prints","isPartOf":{"@id":"https:\/\/positiveprints.com\/pl\/#website"},"primaryImageOfPage":{"@id":"https:\/\/positiveprints.com\/pl\/produkt\/dom-personalizowany-obraz-ze-zdjecia-akwarela\/#primaryimage"},"image":{"@id":"https:\/\/positiveprints.com\/pl\/produkt\/dom-personalizowany-obraz-ze-zdjecia-akwarela\/#primaryimage"},"thumbnailUrl":"https:\/\/positiveprints.com\/wp-content\/uploads\/2025\/09\/Dom-personalizowany-obraz-akwarela-Packshot_PL_XX.webp","datePublished":"2025-09-11T12:20:48+00:00","dateModified":"2026-04-12T18:14:10+00:00","description":"Wyj\u0105tkowy obraz domu \u2013 wzruszaj\u0105cy prezent na nowe mieszkanie, rocznic\u0119 lub jako ho\u0142d dla rodzinnego gniazda.","breadcrumb":{"@id":"https:\/\/positiveprints.com\/pl\/produkt\/dom-personalizowany-obraz-ze-zdjecia-akwarela\/#breadcrumb"},"inLanguage":"pl-PL","potentialAction":[{"@type":"ReadAction","target":["https:\/\/positiveprints.com\/pl\/produkt\/dom-personalizowany-obraz-ze-zdjecia-akwarela\/"]}]},{"@type":"ImageObject","inLanguage":"pl-PL","@id":"https:\/\/positiveprints.com\/pl\/produkt\/dom-personalizowany-obraz-ze-zdjecia-akwarela\/#primaryimage","url":"https:\/\/positiveprints.com\/wp-content\/uploads\/2025\/09\/Dom-personalizowany-obraz-akwarela-Packshot_PL_XX.webp","contentUrl":"https:\/\/positiveprints.com\/wp-content\/uploads\/2025\/09\/Dom-personalizowany-obraz-akwarela-Packshot_PL_XX.webp","width":1450,"height":1450,"caption":"Dom personalizowany obraz akwarela"},{"@type":"BreadcrumbList","@id":"https:\/\/positiveprints.com\/pl\/produkt\/dom-personalizowany-obraz-ze-zdjecia-akwarela\/#breadcrumb","itemListElement":[{"@type":"ListItem","position":1,"name":"Home","item":"https:\/\/positiveprints.com\/pl\/"},{"@type":"ListItem","position":2,"name":"Produkty","item":"https:\/\/positiveprints.com\/pl\/shop\/"},{"@type":"ListItem","position":3,"name":"Dom &#8211; personalizowany obraz ze zdj\u0119cia &#8211; akwarela"}]},{"@type":"WebSite","@id":"https:\/\/positiveprints.com\/pl\/#website","url":"https:\/\/positiveprints.com\/pl\/","name":"Positive Prints","description":"Amazing Custom Personalized Gifts","publisher":{"@id":"https:\/\/positiveprints.com\/pl\/#organization"},"potentialAction":[{"@type":"SearchAction","target":{"@type":"EntryPoint","urlTemplate":"https:\/\/positiveprints.com\/pl\/?s={search_term_string}"},"query-input":{"@type":"PropertyValueSpecification","valueRequired":true,"valueName":"search_term_string"}}],"inLanguage":"pl-PL"},{"@type":"Organization","@id":"https:\/\/positiveprints.com\/pl\/#organization","name":"Positive Prints","alternateName":"Positive Prints","url":"https:\/\/positiveprints.com\/pl\/","logo":{"@type":"ImageObject","inLanguage":"pl-PL","@id":"https:\/\/positiveprints.com\/pl\/#\/schema\/logo\/image\/","url":"https:\/\/positiveprints.com\/wp-content\/uploads\/2026\/03\/245815646_1337939713319158_5671353136411139666_n.png","contentUrl":"https:\/\/positiveprints.com\/wp-content\/uploads\/2026\/03\/245815646_1337939713319158_5671353136411139666_n.png","width":800,"height":800,"caption":"Positive Prints"},"image":{"@id":"https:\/\/positiveprints.com\/pl\/#\/schema\/logo\/image\/"},"sameAs":["https:\/\/www.facebook.com\/positiveprintscom","https:\/\/www.instagram.com\/positiveprintscom\/","https:\/\/www.tiktok.com\/@positiveprintscom","https:\/\/www.pinterest.com\/positiveprintscom\/"]}]}},"jetpack_sharing_enabled":true,"_links":{"self":[{"href":"https:\/\/positiveprints.com\/pl\/wp-json\/wp\/v2\/product\/1520332","targetHints":{"allow":["GET"]}}],"collection":[{"href":"https:\/\/positiveprints.com\/pl\/wp-json\/wp\/v2\/product"}],"about":[{"href":"https:\/\/positiveprints.com\/pl\/wp-json\/wp\/v2\/types\/product"}],"wp:featuredmedia":[{"embeddable":true,"href":"https:\/\/positiveprints.com\/pl\/wp-json\/wp\/v2\/media\/1520706"}],"wp:attachment":[{"href":"https:\/\/positiveprints.com\/pl\/wp-json\/wp\/v2\/media?parent=1520332"}],"wp:term":[{"taxonomy":"product_brand","embeddable":true,"href":"https:\/\/positiveprints.com\/pl\/wp-json\/wp\/v2\/product_brand?post=1520332"},{"taxonomy":"product_cat","embeddable":true,"href":"https:\/\/positiveprints.com\/pl\/wp-json\/wp\/v2\/product_cat?post=1520332"},{"taxonomy":"product_tag","embeddable":true,"href":"https:\/\/positiveprints.com\/pl\/wp-json\/wp\/v2\/product_tag?post=1520332"}],"curies":[{"name":"wp","href":"https:\/\/api.w.org\/{rel}","templated":true}]}}