{"id":1517677,"date":"2025-09-16T10:54:04","date_gmt":"2025-09-16T08:54:04","guid":{"rendered":"https:\/\/positiveprints.com\/?post_type=product&#038;p=1517677"},"modified":"2026-04-03T02:22:20","modified_gmt":"2026-04-03T01:22:20","slug":"tam-gdzie-wzielismy-slub-personalizowany-obraz-ze-zdjecia-akwarela","status":"publish","type":"product","link":"https:\/\/positiveprints.com\/pl\/produkt\/tam-gdzie-wzielismy-slub-personalizowany-obraz-ze-zdjecia-akwarela\/","title":{"rendered":"Tam, gdzie wzi\u0119li\u015bmy \u015blub &#8211; personalizowany obraz ze zdj\u0119cia &#8211; akwarela"},"content":{"rendered":"","protected":false},"excerpt":{"rendered":"<ul class=\"check-list\">\n<li>Prze\u015blij zdj\u0119cie miejsca lub budynku<\/li>\n<li>2 poprawki wliczone w cen\u0119<\/li>\n<li>Spersonalizuj, dodaj\u0105c w\u0142asny tekst i wybieraj\u0105c styl grafiki<\/li>\n<li>Nasz artysta w programie graficznym stworzy ilustracj\u0119 z Twojego zdj\u0119cia<\/li>\n<li>Wst\u0119pny projekt otrzymasz w ci\u0105gu 2\u20133 dni roboczych<\/li>\n<\/ul>\n","protected":false},"featured_media":1518564,"template":"","meta":[],"product_brand":[],"product_cat":[9765,13594,99,3125,7929,7753],"product_tag":[14959,16524,16312,16313,16280,8482],"class_list":{"0":"post-1517677","1":"product","2":"type-product","3":"status-publish","4":"has-post-thumbnail","6":"product_cat-trending-label-pl","7":"product_cat-akwarela","8":"product_cat-wszystkie-produkty","9":"product_cat-prezent-na-slub","10":"product_cat-prezent-na-wieczor-panienski","11":"product_cat-prezent-dla-zony","12":"product_tag-couple-gift-pl","13":"product_tag-prezent-dla-nowozencow","14":"product_tag-prezent-slubny","15":"product_tag-prezenty-slubne","16":"product_tag-wedding-pl-2","17":"product_tag-wedding-pl","19":"first","20":"instock","21":"sale","22":"taxable","23":"shipping-taxable","24":"purchasable","25":"product-type-variable"},"yoast_head":"<!-- This site is optimized with the Yoast SEO Premium plugin v27.2 (Yoast SEO v27.2) - https:\/\/yoast.com\/product\/yoast-seo-premium-wordpress\/ -->\n<title>Tam, gdzie wzi\u0119li\u015bmy \u015blub - personalizowany obraz ze zdj\u0119cia - akwarela - Positive Prints<\/title>\n<meta name=\"description\" content=\"Wyj\u0105tkowy i osobisty prezent \u015blubny \u2013 zamie\u0144 zdj\u0119cie miejsca \u015blubu w pi\u0119kn\u0105 akwarel\u0119, kt\u00f3r\u0105 para zapami\u0119ta na d\u0142ugie lata.\" \/>\n<meta name=\"robots\" content=\"index, follow, max-snippet:-1, max-image-preview:large, max-video-preview:-1\" \/>\n<link rel=\"canonical\" href=\"https:\/\/positiveprints.com\/pl\/produkt\/tam-gdzie-wzielismy-slub-personalizowany-obraz-ze-zdjecia-akwarela\/\" \/>\n<meta property=\"og:locale\" content=\"pl_PL\" \/>\n<meta property=\"og:type\" content=\"article\" \/>\n<meta property=\"og:title\" content=\"Tam, gdzie wzi\u0119li\u015bmy \u015blub - personalizowany obraz ze zdj\u0119cia - akwarela\" \/>\n<meta property=\"og:description\" content=\"Prze\u015blij zdj\u0119cie miejsca lub budynku 2 poprawki wliczone w cen\u0119 Spersonalizuj, dodaj\u0105c w\u0142asny tekst i wybieraj\u0105c styl grafiki Nasz artysta w programie graficznym stworzy ilustracj\u0119 z Twojego zdj\u0119cia Wst\u0119pny projekt otrzymasz w ci\u0105gu 2\u20133 dni roboczych\" \/>\n<meta property=\"og:url\" content=\"https:\/\/positiveprints.com\/pl\/produkt\/tam-gdzie-wzielismy-slub-personalizowany-obraz-ze-zdjecia-akwarela\/\" \/>\n<meta property=\"og:site_name\" content=\"Positive Prints\" \/>\n<meta property=\"article:publisher\" content=\"https:\/\/www.facebook.com\/positiveprintscom\" \/>\n<meta property=\"article:modified_time\" content=\"2026-04-03T01:22:20+00:00\" \/>\n<meta property=\"og:image\" content=\"https:\/\/positiveprints.com\/wp-content\/uploads\/2025\/09\/Tam-gdzie-wzie\u0328lis\u0301my-s\u0301lub-akwarela-Packshot_PL_XX.webp\" \/>\n\t<meta property=\"og:image:width\" content=\"1450\" \/>\n\t<meta property=\"og:image:height\" content=\"1450\" \/>\n\t<meta property=\"og:image:type\" content=\"image\/webp\" \/>\n<meta name=\"twitter:card\" content=\"summary_large_image\" \/>\n<meta name=\"twitter:label1\" content=\"Szacowany czas czytania\" \/>\n\t<meta name=\"twitter:data1\" content=\"1 minuta\" \/>\n<!-- \/ Yoast SEO Premium plugin. -->","yoast_head_json":{"title":"Tam, gdzie wzi\u0119li\u015bmy \u015blub - personalizowany obraz ze zdj\u0119cia - akwarela - Positive Prints","description":"Wyj\u0105tkowy i osobisty prezent \u015blubny \u2013 zamie\u0144 zdj\u0119cie miejsca \u015blubu w pi\u0119kn\u0105 akwarel\u0119, kt\u00f3r\u0105 para zapami\u0119ta na d\u0142ugie lata.","robots":{"index":"index","follow":"follow","max-snippet":"max-snippet:-1","max-image-preview":"max-image-preview:large","max-video-preview":"max-video-preview:-1"},"canonical":"https:\/\/positiveprints.com\/pl\/produkt\/tam-gdzie-wzielismy-slub-personalizowany-obraz-ze-zdjecia-akwarela\/","og_locale":"pl_PL","og_type":"article","og_title":"Tam, gdzie wzi\u0119li\u015bmy \u015blub - personalizowany obraz ze zdj\u0119cia - akwarela","og_description":"Prze\u015blij zdj\u0119cie miejsca lub budynku 2 poprawki wliczone w cen\u0119 Spersonalizuj, dodaj\u0105c w\u0142asny tekst i wybieraj\u0105c styl grafiki Nasz artysta w programie graficznym stworzy ilustracj\u0119 z Twojego zdj\u0119cia Wst\u0119pny projekt otrzymasz w ci\u0105gu 2\u20133 dni roboczych","og_url":"https:\/\/positiveprints.com\/pl\/produkt\/tam-gdzie-wzielismy-slub-personalizowany-obraz-ze-zdjecia-akwarela\/","og_site_name":"Positive Prints","article_publisher":"https:\/\/www.facebook.com\/positiveprintscom","article_modified_time":"2026-04-03T01:22:20+00:00","og_image":[{"width":1450,"height":1450,"url":"https:\/\/positiveprints.com\/wp-content\/uploads\/2025\/09\/Tam-gdzie-wzie\u0328lis\u0301my-s\u0301lub-akwarela-Packshot_PL_XX.webp","type":"image\/webp"}],"twitter_card":"summary_large_image","twitter_misc":{"Szacowany czas czytania":"1 minuta"},"schema":{"@context":"https:\/\/schema.org","@graph":[{"@type":["WebPage","ItemPage"],"@id":"https:\/\/positiveprints.com\/pl\/produkt\/tam-gdzie-wzielismy-slub-personalizowany-obraz-ze-zdjecia-akwarela\/","url":"https:\/\/positiveprints.com\/pl\/produkt\/tam-gdzie-wzielismy-slub-personalizowany-obraz-ze-zdjecia-akwarela\/","name":"Tam, gdzie wzi\u0119li\u015bmy \u015blub - personalizowany obraz ze zdj\u0119cia - akwarela - Positive Prints","isPartOf":{"@id":"https:\/\/positiveprints.com\/pl\/#website"},"primaryImageOfPage":{"@id":"https:\/\/positiveprints.com\/pl\/produkt\/tam-gdzie-wzielismy-slub-personalizowany-obraz-ze-zdjecia-akwarela\/#primaryimage"},"image":{"@id":"https:\/\/positiveprints.com\/pl\/produkt\/tam-gdzie-wzielismy-slub-personalizowany-obraz-ze-zdjecia-akwarela\/#primaryimage"},"thumbnailUrl":"https:\/\/positiveprints.com\/wp-content\/uploads\/2025\/09\/Tam-gdzie-wzie\u0328lis\u0301my-s\u0301lub-akwarela-Packshot_PL_XX.webp","datePublished":"2025-09-16T08:54:04+00:00","dateModified":"2026-04-03T01:22:20+00:00","description":"Wyj\u0105tkowy i osobisty prezent \u015blubny \u2013 zamie\u0144 zdj\u0119cie miejsca \u015blubu w pi\u0119kn\u0105 akwarel\u0119, kt\u00f3r\u0105 para zapami\u0119ta na d\u0142ugie lata.","breadcrumb":{"@id":"https:\/\/positiveprints.com\/pl\/produkt\/tam-gdzie-wzielismy-slub-personalizowany-obraz-ze-zdjecia-akwarela\/#breadcrumb"},"inLanguage":"pl-PL","potentialAction":[{"@type":"ReadAction","target":["https:\/\/positiveprints.com\/pl\/produkt\/tam-gdzie-wzielismy-slub-personalizowany-obraz-ze-zdjecia-akwarela\/"]}]},{"@type":"ImageObject","inLanguage":"pl-PL","@id":"https:\/\/positiveprints.com\/pl\/produkt\/tam-gdzie-wzielismy-slub-personalizowany-obraz-ze-zdjecia-akwarela\/#primaryimage","url":"https:\/\/positiveprints.com\/wp-content\/uploads\/2025\/09\/Tam-gdzie-wzie\u0328lis\u0301my-s\u0301lub-akwarela-Packshot_PL_XX.webp","contentUrl":"https:\/\/positiveprints.com\/wp-content\/uploads\/2025\/09\/Tam-gdzie-wzie\u0328lis\u0301my-s\u0301lub-akwarela-Packshot_PL_XX.webp","width":1450,"height":1450,"caption":"Tam, gdzie wzi\u0119li\u015bmy \u015blub - personalizowany obraz ze zdj\u0119cia - akwarela"},{"@type":"BreadcrumbList","@id":"https:\/\/positiveprints.com\/pl\/produkt\/tam-gdzie-wzielismy-slub-personalizowany-obraz-ze-zdjecia-akwarela\/#breadcrumb","itemListElement":[{"@type":"ListItem","position":1,"name":"Home","item":"https:\/\/positiveprints.com\/pl\/"},{"@type":"ListItem","position":2,"name":"Produkty","item":"https:\/\/positiveprints.com\/pl\/shop\/"},{"@type":"ListItem","position":3,"name":"Tam, gdzie wzi\u0119li\u015bmy \u015blub &#8211; personalizowany obraz ze zdj\u0119cia &#8211; akwarela"}]},{"@type":"WebSite","@id":"https:\/\/positiveprints.com\/pl\/#website","url":"https:\/\/positiveprints.com\/pl\/","name":"Positive Prints","description":"Amazing Custom Personalized Gifts","publisher":{"@id":"https:\/\/positiveprints.com\/pl\/#organization"},"potentialAction":[{"@type":"SearchAction","target":{"@type":"EntryPoint","urlTemplate":"https:\/\/positiveprints.com\/pl\/?s={search_term_string}"},"query-input":{"@type":"PropertyValueSpecification","valueRequired":true,"valueName":"search_term_string"}}],"inLanguage":"pl-PL"},{"@type":"Organization","@id":"https:\/\/positiveprints.com\/pl\/#organization","name":"Positive Prints","alternateName":"Positive Prints","url":"https:\/\/positiveprints.com\/pl\/","logo":{"@type":"ImageObject","inLanguage":"pl-PL","@id":"https:\/\/positiveprints.com\/pl\/#\/schema\/logo\/image\/","url":"https:\/\/positiveprints.com\/wp-content\/uploads\/2026\/03\/245815646_1337939713319158_5671353136411139666_n.png","contentUrl":"https:\/\/positiveprints.com\/wp-content\/uploads\/2026\/03\/245815646_1337939713319158_5671353136411139666_n.png","width":800,"height":800,"caption":"Positive Prints"},"image":{"@id":"https:\/\/positiveprints.com\/pl\/#\/schema\/logo\/image\/"},"sameAs":["https:\/\/www.facebook.com\/positiveprintscom","https:\/\/www.instagram.com\/positiveprintscom\/","https:\/\/www.tiktok.com\/@positiveprintscom","https:\/\/www.pinterest.com\/positiveprintscom\/"]}]}},"jetpack_sharing_enabled":true,"_links":{"self":[{"href":"https:\/\/positiveprints.com\/pl\/wp-json\/wp\/v2\/product\/1517677","targetHints":{"allow":["GET"]}}],"collection":[{"href":"https:\/\/positiveprints.com\/pl\/wp-json\/wp\/v2\/product"}],"about":[{"href":"https:\/\/positiveprints.com\/pl\/wp-json\/wp\/v2\/types\/product"}],"wp:featuredmedia":[{"embeddable":true,"href":"https:\/\/positiveprints.com\/pl\/wp-json\/wp\/v2\/media\/1518564"}],"wp:attachment":[{"href":"https:\/\/positiveprints.com\/pl\/wp-json\/wp\/v2\/media?parent=1517677"}],"wp:term":[{"taxonomy":"product_brand","embeddable":true,"href":"https:\/\/positiveprints.com\/pl\/wp-json\/wp\/v2\/product_brand?post=1517677"},{"taxonomy":"product_cat","embeddable":true,"href":"https:\/\/positiveprints.com\/pl\/wp-json\/wp\/v2\/product_cat?post=1517677"},{"taxonomy":"product_tag","embeddable":true,"href":"https:\/\/positiveprints.com\/pl\/wp-json\/wp\/v2\/product_tag?post=1517677"}],"curies":[{"name":"wp","href":"https:\/\/api.w.org\/{rel}","templated":true}]}}