{"id":1516687,"date":"2025-09-15T16:39:11","date_gmt":"2025-09-15T14:39:11","guid":{"rendered":"https:\/\/positiveprints.com\/?post_type=product&#038;p=1516687"},"modified":"2026-04-03T02:22:25","modified_gmt":"2026-04-03T01:22:25","slug":"tam-gdzie-wszystko-sie-zaczelo-personalizowany-obraz-ze-zdjecia-akwarela","status":"publish","type":"product","link":"https:\/\/positiveprints.com\/pl\/produkt\/tam-gdzie-wszystko-sie-zaczelo-personalizowany-obraz-ze-zdjecia-akwarela\/","title":{"rendered":"Tam, gdzie wszystko si\u0119 zacz\u0119\u0142o &#8211; personalizowany obraz ze zdj\u0119cia &#8211; akwarela"},"content":{"rendered":"","protected":false},"excerpt":{"rendered":"<ul class=\"check-list\">\n<li>Prze\u015blij wybrane zdj\u0119cie<\/li>\n<li>2 poprawki wliczone w cen\u0119<\/li>\n<li>Spersonalizuj, dodaj\u0105c w\u0142asny tekst i wybieraj\u0105c styl grafiki<\/li>\n<li>Nasz artysta w programie graficznym stworzy ilustracj\u0119 z Twojego zdj\u0119cia<\/li>\n<li>Wst\u0119pny projekt otrzymasz w ci\u0105gu 2\u20133 dni roboczych<\/li>\n<\/ul>\n","protected":false},"featured_media":1517414,"template":"","meta":[],"product_brand":[],"product_cat":[13594,11403,7675,7786,11407,7690,11412,7643,8010,11411,11410,7802,11417,7753,11185,11184,11186,11240,11239,5333,5271,9765,3120,7929,99],"product_tag":[14975,14970,14973,14981,14959,14960,14957,14962,14980,16986,15982,17423,16666,11756,11770,11817,11816,11815,11813,14977,14174,16467,14979,14983,14968,14984,14966,14972,14982,14964,14976],"class_list":{"0":"post-1516687","1":"product","2":"type-product","3":"status-publish","4":"has-post-thumbnail","6":"product_cat-akwarela","7":"product_cat-prezenty-pod-choinke-dla-chlopaka","8":"product_cat-prezent-dla-chlopaka","9":"product_cat-prezent-dla-dziewczyny","10":"product_cat-prezenty-pod-choinke-dla-dziewczyny","11":"product_cat-prezent-dla-kobiety","12":"product_cat-prezenty-pod-choinke-dla-meza","13":"product_cat-prezent-dla-meza","14":"product_cat-prezent-dla-mezczyzny","15":"product_cat-prezenty-pod-choinke-dla-niego","16":"product_cat-prezenty-pod-choinke-dla-niej","17":"product_cat-prezent-dla-pary","18":"product_cat-prezenty-pod-choinke-dla-zony","19":"product_cat-prezent-dla-zony","20":"product_cat-prezenty-na-rocznice-dla-niego","21":"product_cat-prezenty-na-rocznice-dla-niej","22":"product_cat-prezenty-na-rocznice-dla-pary","23":"product_cat-prezenty-na-walentynki-dla-niego","24":"product_cat-prezenty-na-walentynki-dla-niej","25":"product_cat-prezent-na-rocznice","26":"product_cat-prezent-na-boze-narodzenie","27":"product_cat-trending-label-pl","28":"product_cat-prezent-na-walentynki","29":"product_cat-prezent-na-wieczor-panienski","30":"product_cat-wszystkie-produkty","31":"product_tag-anniversary-pl","32":"product_tag-anniversary-gift-pl","33":"product_tag-anniversary-gifts-pl","34":"product_tag-anniversary-present-pl","35":"product_tag-couple-gift-pl","36":"product_tag-gift-for-couple-pl","37":"product_tag-love-pl","38":"product_tag-love-gift-pl","39":"product_tag-personalized-gift-pl","40":"product_tag-prezent-dla-zony","41":"product_tag-prezent-rocznicowy-dla-zony","42":"product_tag-prezent-urodzinowy-dla-zony","43":"product_tag-prezenty-dla-zony","44":"product_tag-prezenty-pod-choinke-dla-chlopaka","45":"product_tag-prezenty-pod-choinke-dla-dziewczyny","46":"product_tag-prezenty-pod-choinke-dla-meza","47":"product_tag-prezenty-pod-choinke-dla-niego","48":"product_tag-prezenty-pod-choinke-dla-niej","49":"product_tag-prezenty-pod-choinke-dla-zony","50":"product_tag-romantic-gifts-pl","51":"product_tag-romantyczny-prezent","52":"product_tag-romantyczny-prezent-dla-zony","53":"product_tag-sentimental-gift-pl","54":"product_tag-special-occasion-pl","55":"product_tag-thoughtful-gift-pl","56":"product_tag-unique-gift-pl","57":"product_tag-valentines-day-gift-for-wife-pl","58":"product_tag-valentines-day-gifts-pl","59":"product_tag-valentines-day-pl","60":"product_tag-valentines-day-gift-pl","61":"product_tag-wedding-anniversary-pl","63":"first","64":"instock","65":"sale","66":"taxable","67":"shipping-taxable","68":"purchasable","69":"product-type-variable"},"yoast_head":"<!-- This site is optimized with the Yoast SEO Premium plugin v27.2 (Yoast SEO v27.2) - https:\/\/yoast.com\/product\/yoast-seo-premium-wordpress\/ -->\n<title>Tam, gdzie wszystko si\u0119 zacz\u0119\u0142o - personalizowany obraz ze zdj\u0119cia - akwarela- Positive Prints<\/title>\n<meta name=\"description\" content=\"Personalizowany obraz miejsca, gdzie wszystko si\u0119 zacz\u0119\u0142o. Idealny prezent na Walentynki lub rocznic\u0119 \u2013 pami\u0105tka na ca\u0142e \u017cycie.\" \/>\n<meta name=\"robots\" content=\"index, follow, max-snippet:-1, max-image-preview:large, max-video-preview:-1\" \/>\n<link rel=\"canonical\" href=\"https:\/\/positiveprints.com\/pl\/produkt\/tam-gdzie-wszystko-sie-zaczelo-personalizowany-obraz-ze-zdjecia-akwarela\/\" \/>\n<meta property=\"og:locale\" content=\"pl_PL\" \/>\n<meta property=\"og:type\" content=\"article\" \/>\n<meta property=\"og:title\" content=\"Tam, gdzie wszystko si\u0119 zacz\u0119\u0142o - personalizowany obraz ze zdj\u0119cia - akwarela\" \/>\n<meta property=\"og:description\" content=\"Prze\u015blij wybrane zdj\u0119cie 2 poprawki wliczone w cen\u0119 Spersonalizuj, dodaj\u0105c w\u0142asny tekst i wybieraj\u0105c styl grafiki Nasz artysta w programie graficznym stworzy ilustracj\u0119 z Twojego zdj\u0119cia Wst\u0119pny projekt otrzymasz w ci\u0105gu 2\u20133 dni roboczych\" \/>\n<meta property=\"og:url\" content=\"https:\/\/positiveprints.com\/pl\/produkt\/tam-gdzie-wszystko-sie-zaczelo-personalizowany-obraz-ze-zdjecia-akwarela\/\" \/>\n<meta property=\"og:site_name\" content=\"Positive Prints\" \/>\n<meta property=\"article:publisher\" content=\"https:\/\/www.facebook.com\/positiveprintscom\" \/>\n<meta property=\"article:modified_time\" content=\"2026-04-03T01:22:25+00:00\" \/>\n<meta property=\"og:image\" content=\"https:\/\/positiveprints.com\/wp-content\/uploads\/2025\/09\/Tam-gdzie-wszystko-sie\u0328-zacze\u0328lo-akwarela-Packshot_PL_XX.webp\" \/>\n\t<meta property=\"og:image:width\" content=\"1450\" \/>\n\t<meta property=\"og:image:height\" content=\"1450\" \/>\n\t<meta property=\"og:image:type\" content=\"image\/webp\" \/>\n<meta name=\"twitter:card\" content=\"summary_large_image\" \/>\n<meta name=\"twitter:label1\" content=\"Szacowany czas czytania\" \/>\n\t<meta name=\"twitter:data1\" content=\"1 minuta\" \/>\n<!-- \/ Yoast SEO Premium plugin. -->","yoast_head_json":{"title":"Tam, gdzie wszystko si\u0119 zacz\u0119\u0142o - personalizowany obraz ze zdj\u0119cia - akwarela- Positive Prints","description":"Personalizowany obraz miejsca, gdzie wszystko si\u0119 zacz\u0119\u0142o. Idealny prezent na Walentynki lub rocznic\u0119 \u2013 pami\u0105tka na ca\u0142e \u017cycie.","robots":{"index":"index","follow":"follow","max-snippet":"max-snippet:-1","max-image-preview":"max-image-preview:large","max-video-preview":"max-video-preview:-1"},"canonical":"https:\/\/positiveprints.com\/pl\/produkt\/tam-gdzie-wszystko-sie-zaczelo-personalizowany-obraz-ze-zdjecia-akwarela\/","og_locale":"pl_PL","og_type":"article","og_title":"Tam, gdzie wszystko si\u0119 zacz\u0119\u0142o - personalizowany obraz ze zdj\u0119cia - akwarela","og_description":"Prze\u015blij wybrane zdj\u0119cie 2 poprawki wliczone w cen\u0119 Spersonalizuj, dodaj\u0105c w\u0142asny tekst i wybieraj\u0105c styl grafiki Nasz artysta w programie graficznym stworzy ilustracj\u0119 z Twojego zdj\u0119cia Wst\u0119pny projekt otrzymasz w ci\u0105gu 2\u20133 dni roboczych","og_url":"https:\/\/positiveprints.com\/pl\/produkt\/tam-gdzie-wszystko-sie-zaczelo-personalizowany-obraz-ze-zdjecia-akwarela\/","og_site_name":"Positive Prints","article_publisher":"https:\/\/www.facebook.com\/positiveprintscom","article_modified_time":"2026-04-03T01:22:25+00:00","og_image":[{"width":1450,"height":1450,"url":"https:\/\/positiveprints.com\/wp-content\/uploads\/2025\/09\/Tam-gdzie-wszystko-sie\u0328-zacze\u0328lo-akwarela-Packshot_PL_XX.webp","type":"image\/webp"}],"twitter_card":"summary_large_image","twitter_misc":{"Szacowany czas czytania":"1 minuta"},"schema":{"@context":"https:\/\/schema.org","@graph":[{"@type":["WebPage","ItemPage"],"@id":"https:\/\/positiveprints.com\/pl\/produkt\/tam-gdzie-wszystko-sie-zaczelo-personalizowany-obraz-ze-zdjecia-akwarela\/","url":"https:\/\/positiveprints.com\/pl\/produkt\/tam-gdzie-wszystko-sie-zaczelo-personalizowany-obraz-ze-zdjecia-akwarela\/","name":"Tam, gdzie wszystko si\u0119 zacz\u0119\u0142o - personalizowany obraz ze zdj\u0119cia - akwarela- Positive Prints","isPartOf":{"@id":"https:\/\/positiveprints.com\/pl\/#website"},"primaryImageOfPage":{"@id":"https:\/\/positiveprints.com\/pl\/produkt\/tam-gdzie-wszystko-sie-zaczelo-personalizowany-obraz-ze-zdjecia-akwarela\/#primaryimage"},"image":{"@id":"https:\/\/positiveprints.com\/pl\/produkt\/tam-gdzie-wszystko-sie-zaczelo-personalizowany-obraz-ze-zdjecia-akwarela\/#primaryimage"},"thumbnailUrl":"https:\/\/positiveprints.com\/wp-content\/uploads\/2025\/09\/Tam-gdzie-wszystko-sie\u0328-zacze\u0328lo-akwarela-Packshot_PL_XX.webp","datePublished":"2025-09-15T14:39:11+00:00","dateModified":"2026-04-03T01:22:25+00:00","description":"Personalizowany obraz miejsca, gdzie wszystko si\u0119 zacz\u0119\u0142o. Idealny prezent na Walentynki lub rocznic\u0119 \u2013 pami\u0105tka na ca\u0142e \u017cycie.","breadcrumb":{"@id":"https:\/\/positiveprints.com\/pl\/produkt\/tam-gdzie-wszystko-sie-zaczelo-personalizowany-obraz-ze-zdjecia-akwarela\/#breadcrumb"},"inLanguage":"pl-PL","potentialAction":[{"@type":"ReadAction","target":["https:\/\/positiveprints.com\/pl\/produkt\/tam-gdzie-wszystko-sie-zaczelo-personalizowany-obraz-ze-zdjecia-akwarela\/"]}]},{"@type":"ImageObject","inLanguage":"pl-PL","@id":"https:\/\/positiveprints.com\/pl\/produkt\/tam-gdzie-wszystko-sie-zaczelo-personalizowany-obraz-ze-zdjecia-akwarela\/#primaryimage","url":"https:\/\/positiveprints.com\/wp-content\/uploads\/2025\/09\/Tam-gdzie-wszystko-sie\u0328-zacze\u0328lo-akwarela-Packshot_PL_XX.webp","contentUrl":"https:\/\/positiveprints.com\/wp-content\/uploads\/2025\/09\/Tam-gdzie-wszystko-sie\u0328-zacze\u0328lo-akwarela-Packshot_PL_XX.webp","width":1450,"height":1450,"caption":"Tam, gdzie wszystko si\u0119 zacz\u0119\u0142o - personalizowany obraz ze zdj\u0119cia - akwarela"},{"@type":"BreadcrumbList","@id":"https:\/\/positiveprints.com\/pl\/produkt\/tam-gdzie-wszystko-sie-zaczelo-personalizowany-obraz-ze-zdjecia-akwarela\/#breadcrumb","itemListElement":[{"@type":"ListItem","position":1,"name":"Home","item":"https:\/\/positiveprints.com\/pl\/"},{"@type":"ListItem","position":2,"name":"Produkty","item":"https:\/\/positiveprints.com\/pl\/shop\/"},{"@type":"ListItem","position":3,"name":"Tam, gdzie wszystko si\u0119 zacz\u0119\u0142o &#8211; personalizowany obraz ze zdj\u0119cia &#8211; akwarela"}]},{"@type":"WebSite","@id":"https:\/\/positiveprints.com\/pl\/#website","url":"https:\/\/positiveprints.com\/pl\/","name":"Positive Prints","description":"Amazing Custom Personalized Gifts","publisher":{"@id":"https:\/\/positiveprints.com\/pl\/#organization"},"potentialAction":[{"@type":"SearchAction","target":{"@type":"EntryPoint","urlTemplate":"https:\/\/positiveprints.com\/pl\/?s={search_term_string}"},"query-input":{"@type":"PropertyValueSpecification","valueRequired":true,"valueName":"search_term_string"}}],"inLanguage":"pl-PL"},{"@type":"Organization","@id":"https:\/\/positiveprints.com\/pl\/#organization","name":"Positive Prints","alternateName":"Positive Prints","url":"https:\/\/positiveprints.com\/pl\/","logo":{"@type":"ImageObject","inLanguage":"pl-PL","@id":"https:\/\/positiveprints.com\/pl\/#\/schema\/logo\/image\/","url":"https:\/\/positiveprints.com\/wp-content\/uploads\/2026\/03\/245815646_1337939713319158_5671353136411139666_n.png","contentUrl":"https:\/\/positiveprints.com\/wp-content\/uploads\/2026\/03\/245815646_1337939713319158_5671353136411139666_n.png","width":800,"height":800,"caption":"Positive Prints"},"image":{"@id":"https:\/\/positiveprints.com\/pl\/#\/schema\/logo\/image\/"},"sameAs":["https:\/\/www.facebook.com\/positiveprintscom","https:\/\/www.instagram.com\/positiveprintscom\/","https:\/\/www.tiktok.com\/@positiveprintscom","https:\/\/www.pinterest.com\/positiveprintscom\/"]}]}},"jetpack_sharing_enabled":true,"_links":{"self":[{"href":"https:\/\/positiveprints.com\/pl\/wp-json\/wp\/v2\/product\/1516687","targetHints":{"allow":["GET"]}}],"collection":[{"href":"https:\/\/positiveprints.com\/pl\/wp-json\/wp\/v2\/product"}],"about":[{"href":"https:\/\/positiveprints.com\/pl\/wp-json\/wp\/v2\/types\/product"}],"wp:featuredmedia":[{"embeddable":true,"href":"https:\/\/positiveprints.com\/pl\/wp-json\/wp\/v2\/media\/1517414"}],"wp:attachment":[{"href":"https:\/\/positiveprints.com\/pl\/wp-json\/wp\/v2\/media?parent=1516687"}],"wp:term":[{"taxonomy":"product_brand","embeddable":true,"href":"https:\/\/positiveprints.com\/pl\/wp-json\/wp\/v2\/product_brand?post=1516687"},{"taxonomy":"product_cat","embeddable":true,"href":"https:\/\/positiveprints.com\/pl\/wp-json\/wp\/v2\/product_cat?post=1516687"},{"taxonomy":"product_tag","embeddable":true,"href":"https:\/\/positiveprints.com\/pl\/wp-json\/wp\/v2\/product_tag?post=1516687"}],"curies":[{"name":"wp","href":"https:\/\/api.w.org\/{rel}","templated":true}]}}