{"id":1512394,"date":"2024-02-16T09:29:57","date_gmt":"2024-02-16T08:29:57","guid":{"rendered":"https:\/\/positiveprints.com\/product\/the-moon-on-the-night-we-met-print\/"},"modified":"2026-04-18T04:35:22","modified_gmt":"2026-04-18T03:35:22","slug":"ksiezyc-w-dniu-pierwszego-spotkania","status":"publish","type":"product","link":"https:\/\/positiveprints.com\/pl\/produkt\/ksiezyc-w-dniu-pierwszego-spotkania\/","title":{"rendered":"Ksi\u0119\u017cyc w dniu pierwszego spotkania"},"content":{"rendered":"","protected":false},"excerpt":{"rendered":"<ul class=\"check-list\">\n<li>Odkryj faz\u0119 ksi\u0119\u017cyca dla dowolnej daty i lokalizacji<\/li>\n<li>Spersonalizuj w 3 prostych krokach<\/li>\n<li>Wybierz jedn\u0105 z efektownych wersji kolorystycznych<\/li>\n<li>Interaktywny podgl\u0105d pozwoli dopracowa\u0107 ka\u017cdy szczeg\u00f3\u0142<\/li>\n<\/ul>\n","protected":false},"featured_media":1688739,"template":"","meta":[],"product_brand":[],"product_cat":[9279,8190,8206,9765,99,7207,5333,11186,11184,11185,3125,5271,11410,11411,11407,11403,11417,11412,8010,7675,7643,7690,7786,7753,7802,3120,11239,11240],"product_tag":[14975,14970,14973,14981,14959,13763,13753,14960,14957,14962,14980,11756,11770,11812,11817,11818,11816,11815,11813,14170,14977,14174,14979,14983,14968,14984,14972,14982,14964,14976],"class_list":{"0":"post-1512394","1":"product","2":"type-product","3":"status-publish","4":"has-post-thumbnail","6":"product_cat-bestsellers-label-pl","7":"product_cat-dla-niej","8":"product_cat-dla-niego","9":"product_cat-trending-label-pl","10":"product_cat-wszystkie-produkty","11":"product_cat-moon-pl","12":"product_cat-prezent-na-rocznice","13":"product_cat-prezenty-na-rocznice-dla-pary","14":"product_cat-prezenty-na-rocznice-dla-niej","15":"product_cat-prezenty-na-rocznice-dla-niego","16":"product_cat-prezent-na-slub","17":"product_cat-prezent-na-boze-narodzenie","18":"product_cat-prezenty-pod-choinke-dla-niej","19":"product_cat-prezenty-pod-choinke-dla-niego","20":"product_cat-prezenty-pod-choinke-dla-dziewczyny","21":"product_cat-prezenty-pod-choinke-dla-chlopaka","22":"product_cat-prezenty-pod-choinke-dla-zony","23":"product_cat-prezenty-pod-choinke-dla-meza","24":"product_cat-prezent-dla-mezczyzny","25":"product_cat-prezent-dla-chlopaka","26":"product_cat-prezent-dla-meza","27":"product_cat-prezent-dla-kobiety","28":"product_cat-prezent-dla-dziewczyny","29":"product_cat-prezent-dla-zony","30":"product_cat-prezent-dla-pary","31":"product_cat-prezent-na-walentynki","32":"product_cat-prezenty-na-walentynki-dla-niej","33":"product_cat-prezenty-na-walentynki-dla-niego","34":"product_tag-anniversary-pl","35":"product_tag-anniversary-gift-pl","36":"product_tag-anniversary-gifts-pl","37":"product_tag-anniversary-present-pl","38":"product_tag-couple-gift-pl","39":"product_tag-faza-ksiezyca-w-dniu-slubu","40":"product_tag-faza-ksiezyca-w-rocznice","41":"product_tag-gift-for-couple-pl","42":"product_tag-love-pl","43":"product_tag-love-gift-pl","44":"product_tag-personalized-gift-pl","45":"product_tag-prezenty-pod-choinke-dla-chlopaka","46":"product_tag-prezenty-pod-choinke-dla-dziewczyny","47":"product_tag-prezenty-pod-choinke-dla-kobiety","48":"product_tag-prezenty-pod-choinke-dla-meza","49":"product_tag-prezenty-pod-choinke-dla-mezczyzny","50":"product_tag-prezenty-pod-choinke-dla-niego","51":"product_tag-prezenty-pod-choinke-dla-niej","52":"product_tag-prezenty-pod-choinke-dla-zony","53":"product_tag-rocznicowy-prezent-dla-pary","54":"product_tag-romantic-gifts-pl","55":"product_tag-romantyczny-prezent","56":"product_tag-sentimental-gift-pl","57":"product_tag-special-occasion-pl","58":"product_tag-thoughtful-gift-pl","59":"product_tag-unique-gift-pl","60":"product_tag-valentines-day-gifts-pl","61":"product_tag-valentines-day-pl","62":"product_tag-valentines-day-gift-pl","63":"product_tag-wedding-anniversary-pl","65":"first","66":"instock","67":"sale","68":"taxable","69":"shipping-taxable","70":"purchasable","71":"product-type-variable"},"yoast_head":"<!-- This site is optimized with the Yoast SEO Premium plugin v27.2 (Yoast SEO v27.2) - https:\/\/yoast.com\/product\/yoast-seo-premium-wordpress\/ -->\n<title>Ksi\u0119\u017cyc w dniu pierwszego spotkania - Positive Prints<\/title>\n<meta name=\"description\" content=\"Szukasz wyj\u0105tkowego prezentu? Podaruj pami\u0105tk\u0119 pierwszego spotkania \u2013 romantyczny ksi\u0119\u017cyc, kt\u00f3ry na zawsze zachowa ten wyj\u0105tkowy dzie\u0144.\" \/>\n<meta name=\"robots\" content=\"index, follow, max-snippet:-1, max-image-preview:large, max-video-preview:-1\" \/>\n<link rel=\"canonical\" href=\"https:\/\/positiveprints.com\/pl\/produkt\/ksiezyc-w-dniu-pierwszego-spotkania\/\" \/>\n<meta property=\"og:locale\" content=\"pl_PL\" \/>\n<meta property=\"og:type\" content=\"article\" \/>\n<meta property=\"og:title\" content=\"Ksi\u0119\u017cyc w dniu pierwszego spotkania\" \/>\n<meta property=\"og:description\" content=\"Odkryj faz\u0119 ksi\u0119\u017cyca dla dowolnej daty i lokalizacji  Spersonalizuj w 3 prostych krokach  Wybierz jedn\u0105 z efektownych wersji kolorystycznych  Interaktywny podgl\u0105d pozwoli dopracowa\u0107 ka\u017cdy szczeg\u00f3\u0142\" \/>\n<meta property=\"og:url\" content=\"https:\/\/positiveprints.com\/pl\/produkt\/ksiezyc-w-dniu-pierwszego-spotkania\/\" \/>\n<meta property=\"og:site_name\" content=\"Positive Prints\" \/>\n<meta property=\"article:publisher\" content=\"https:\/\/www.facebook.com\/positiveprintscom\" \/>\n<meta property=\"article:modified_time\" content=\"2026-04-18T03:35:22+00:00\" \/>\n<meta property=\"og:image\" content=\"https:\/\/positiveprints.com\/wp-content\/uploads\/2024\/02\/Packshot_EN_The-Moon-on-the-Night-We-Met-Print.webp\" \/>\n\t<meta property=\"og:image:width\" content=\"1450\" \/>\n\t<meta property=\"og:image:height\" content=\"1450\" \/>\n\t<meta property=\"og:image:type\" content=\"image\/webp\" \/>\n<meta name=\"twitter:card\" content=\"summary_large_image\" \/>\n<meta name=\"twitter:label1\" content=\"Szacowany czas czytania\" \/>\n\t<meta name=\"twitter:data1\" content=\"1 minuta\" \/>\n<!-- \/ Yoast SEO Premium plugin. -->","yoast_head_json":{"title":"Ksi\u0119\u017cyc w dniu pierwszego spotkania - Positive Prints","description":"Szukasz wyj\u0105tkowego prezentu? Podaruj pami\u0105tk\u0119 pierwszego spotkania \u2013 romantyczny ksi\u0119\u017cyc, kt\u00f3ry na zawsze zachowa ten wyj\u0105tkowy dzie\u0144.","robots":{"index":"index","follow":"follow","max-snippet":"max-snippet:-1","max-image-preview":"max-image-preview:large","max-video-preview":"max-video-preview:-1"},"canonical":"https:\/\/positiveprints.com\/pl\/produkt\/ksiezyc-w-dniu-pierwszego-spotkania\/","og_locale":"pl_PL","og_type":"article","og_title":"Ksi\u0119\u017cyc w dniu pierwszego spotkania","og_description":"Odkryj faz\u0119 ksi\u0119\u017cyca dla dowolnej daty i lokalizacji  Spersonalizuj w 3 prostych krokach  Wybierz jedn\u0105 z efektownych wersji kolorystycznych  Interaktywny podgl\u0105d pozwoli dopracowa\u0107 ka\u017cdy szczeg\u00f3\u0142","og_url":"https:\/\/positiveprints.com\/pl\/produkt\/ksiezyc-w-dniu-pierwszego-spotkania\/","og_site_name":"Positive Prints","article_publisher":"https:\/\/www.facebook.com\/positiveprintscom","article_modified_time":"2026-04-18T03:35:22+00:00","og_image":[{"width":1450,"height":1450,"url":"https:\/\/positiveprints.com\/wp-content\/uploads\/2024\/02\/Packshot_EN_The-Moon-on-the-Night-We-Met-Print.webp","type":"image\/webp"}],"twitter_card":"summary_large_image","twitter_misc":{"Szacowany czas czytania":"1 minuta"},"schema":{"@context":"https:\/\/schema.org","@graph":[{"@type":["WebPage","ItemPage"],"@id":"https:\/\/positiveprints.com\/pl\/produkt\/ksiezyc-w-dniu-pierwszego-spotkania\/","url":"https:\/\/positiveprints.com\/pl\/produkt\/ksiezyc-w-dniu-pierwszego-spotkania\/","name":"Ksi\u0119\u017cyc w dniu pierwszego spotkania - Positive Prints","isPartOf":{"@id":"https:\/\/positiveprints.com\/pl\/#website"},"primaryImageOfPage":{"@id":"https:\/\/positiveprints.com\/pl\/produkt\/ksiezyc-w-dniu-pierwszego-spotkania\/#primaryimage"},"image":{"@id":"https:\/\/positiveprints.com\/pl\/produkt\/ksiezyc-w-dniu-pierwszego-spotkania\/#primaryimage"},"thumbnailUrl":"https:\/\/positiveprints.com\/wp-content\/uploads\/2026\/03\/Packshot_PL_Ksiezyc-w-dniu-pierwszego-spotkania.webp","datePublished":"2024-02-16T08:29:57+00:00","dateModified":"2026-04-18T03:35:22+00:00","description":"Szukasz wyj\u0105tkowego prezentu? Podaruj pami\u0105tk\u0119 pierwszego spotkania \u2013 romantyczny ksi\u0119\u017cyc, kt\u00f3ry na zawsze zachowa ten wyj\u0105tkowy dzie\u0144.","breadcrumb":{"@id":"https:\/\/positiveprints.com\/pl\/produkt\/ksiezyc-w-dniu-pierwszego-spotkania\/#breadcrumb"},"inLanguage":"pl-PL","potentialAction":[{"@type":"ReadAction","target":["https:\/\/positiveprints.com\/pl\/produkt\/ksiezyc-w-dniu-pierwszego-spotkania\/"]}]},{"@type":"ImageObject","inLanguage":"pl-PL","@id":"https:\/\/positiveprints.com\/pl\/produkt\/ksiezyc-w-dniu-pierwszego-spotkania\/#primaryimage","url":"https:\/\/positiveprints.com\/wp-content\/uploads\/2026\/03\/Packshot_PL_Ksiezyc-w-dniu-pierwszego-spotkania.webp","contentUrl":"https:\/\/positiveprints.com\/wp-content\/uploads\/2026\/03\/Packshot_PL_Ksiezyc-w-dniu-pierwszego-spotkania.webp","width":1450,"height":1450},{"@type":"BreadcrumbList","@id":"https:\/\/positiveprints.com\/pl\/produkt\/ksiezyc-w-dniu-pierwszego-spotkania\/#breadcrumb","itemListElement":[{"@type":"ListItem","position":1,"name":"Home","item":"https:\/\/positiveprints.com\/pl\/"},{"@type":"ListItem","position":2,"name":"Produkty","item":"https:\/\/positiveprints.com\/pl\/shop\/"},{"@type":"ListItem","position":3,"name":"Ksi\u0119\u017cyc w dniu pierwszego spotkania"}]},{"@type":"WebSite","@id":"https:\/\/positiveprints.com\/pl\/#website","url":"https:\/\/positiveprints.com\/pl\/","name":"Positive Prints","description":"Amazing Custom Personalized Gifts","publisher":{"@id":"https:\/\/positiveprints.com\/pl\/#organization"},"potentialAction":[{"@type":"SearchAction","target":{"@type":"EntryPoint","urlTemplate":"https:\/\/positiveprints.com\/pl\/?s={search_term_string}"},"query-input":{"@type":"PropertyValueSpecification","valueRequired":true,"valueName":"search_term_string"}}],"inLanguage":"pl-PL"},{"@type":"Organization","@id":"https:\/\/positiveprints.com\/pl\/#organization","name":"Positive Prints","alternateName":"Positive Prints","url":"https:\/\/positiveprints.com\/pl\/","logo":{"@type":"ImageObject","inLanguage":"pl-PL","@id":"https:\/\/positiveprints.com\/pl\/#\/schema\/logo\/image\/","url":"https:\/\/positiveprints.com\/wp-content\/uploads\/2026\/03\/245815646_1337939713319158_5671353136411139666_n.png","contentUrl":"https:\/\/positiveprints.com\/wp-content\/uploads\/2026\/03\/245815646_1337939713319158_5671353136411139666_n.png","width":800,"height":800,"caption":"Positive Prints"},"image":{"@id":"https:\/\/positiveprints.com\/pl\/#\/schema\/logo\/image\/"},"sameAs":["https:\/\/www.facebook.com\/positiveprintscom","https:\/\/www.instagram.com\/positiveprintscom\/","https:\/\/www.tiktok.com\/@positiveprintscom","https:\/\/www.pinterest.com\/positiveprintscom\/"]}]}},"jetpack_sharing_enabled":true,"_links":{"self":[{"href":"https:\/\/positiveprints.com\/pl\/wp-json\/wp\/v2\/product\/1512394","targetHints":{"allow":["GET"]}}],"collection":[{"href":"https:\/\/positiveprints.com\/pl\/wp-json\/wp\/v2\/product"}],"about":[{"href":"https:\/\/positiveprints.com\/pl\/wp-json\/wp\/v2\/types\/product"}],"wp:featuredmedia":[{"embeddable":true,"href":"https:\/\/positiveprints.com\/pl\/wp-json\/wp\/v2\/media\/1688739"}],"wp:attachment":[{"href":"https:\/\/positiveprints.com\/pl\/wp-json\/wp\/v2\/media?parent=1512394"}],"wp:term":[{"taxonomy":"product_brand","embeddable":true,"href":"https:\/\/positiveprints.com\/pl\/wp-json\/wp\/v2\/product_brand?post=1512394"},{"taxonomy":"product_cat","embeddable":true,"href":"https:\/\/positiveprints.com\/pl\/wp-json\/wp\/v2\/product_cat?post=1512394"},{"taxonomy":"product_tag","embeddable":true,"href":"https:\/\/positiveprints.com\/pl\/wp-json\/wp\/v2\/product_tag?post=1512394"}],"curies":[{"name":"wp","href":"https:\/\/api.w.org\/{rel}","templated":true}]}}