{"id":1505119,"date":"2025-08-21T22:22:59","date_gmt":"2025-08-21T20:22:59","guid":{"rendered":"https:\/\/positiveprints.com\/?post_type=product&#038;p=1505119"},"modified":"2026-04-12T19:16:57","modified_gmt":"2026-04-12T18:16:57","slug":"pamiatkowy-portret-psa","status":"publish","type":"product","link":"https:\/\/positiveprints.com\/pl\/produkt\/pamiatkowy-portret-psa\/","title":{"rendered":"Pami\u0105tkowy portret psa"},"content":{"rendered":"","protected":false},"excerpt":{"rendered":"<ul class=\"check-list\">\n<li>Prze\u015blij zdj\u0119cie swojego pupila<\/li>\n<li>2 poprawki wliczone w cen\u0119<\/li>\n<li>Nasz artysta w programie graficznym stworzy o\u0142\u00f3wkowy portret z Twojego zdj\u0119cia<\/li>\n<li>Wst\u0119pny projekt otrzymasz w ci\u0105gu 2\u20133 dni roboczych<\/li>\n<li>Wybierz spo\u015br\u00f3d r\u00f3\u017cnych rozmiar\u00f3w wydruku<\/li>\n<\/ul>\n","protected":false},"featured_media":1505795,"template":"","meta":[],"product_brand":[],"product_cat":[13594,99,7898],"product_tag":[15631,14069,14118,15398],"class_list":{"0":"post-1505119","1":"product","2":"type-product","3":"status-publish","4":"has-post-thumbnail","6":"product_cat-akwarela","7":"product_cat-wszystkie-produkty","8":"product_cat-prezent-dla-psiarza","9":"product_tag-animals-pl","10":"product_tag-pamiatka-po-psie","11":"product_tag-pamiatka-po-zwierzaku","12":"product_tag-zwierzeta","14":"first","15":"instock","16":"sale","17":"taxable","18":"shipping-taxable","19":"purchasable","20":"product-type-variable"},"yoast_head":"<!-- This site is optimized with the Yoast SEO Premium plugin v27.2 (Yoast SEO v27.2) - https:\/\/yoast.com\/product\/yoast-seo-premium-wordpress\/ -->\n<title>Pami\u0105tkowy portret psa - Positive Prints<\/title>\n<meta name=\"description\" content=\"Stw\u00f3rz wzruszaj\u0105cy portret ukochanego psa na podstawie zdj\u0119cia. Idealny spos\u00f3b, by uczci\u0107 jego pami\u0119\u0107 i zachowa\u0107 wsp\u00f3ln\u0105 wi\u0119\u017a.\" \/>\n<meta name=\"robots\" content=\"index, follow, max-snippet:-1, max-image-preview:large, max-video-preview:-1\" \/>\n<link rel=\"canonical\" href=\"https:\/\/positiveprints.com\/pl\/produkt\/pamiatkowy-portret-psa\/\" \/>\n<meta property=\"og:locale\" content=\"pl_PL\" \/>\n<meta property=\"og:type\" content=\"article\" \/>\n<meta property=\"og:title\" content=\"Pami\u0105tkowy portret psa\" \/>\n<meta property=\"og:description\" content=\"Prze\u015blij zdj\u0119cie swojego pupila 2 poprawki wliczone w cen\u0119 Nasz artysta w programie graficznym stworzy o\u0142\u00f3wkowy portret z Twojego zdj\u0119cia Wst\u0119pny projekt otrzymasz w ci\u0105gu 2\u20133 dni roboczych Wybierz spo\u015br\u00f3d r\u00f3\u017cnych rozmiar\u00f3w wydruku\" \/>\n<meta property=\"og:url\" content=\"https:\/\/positiveprints.com\/pl\/produkt\/pamiatkowy-portret-psa\/\" \/>\n<meta property=\"og:site_name\" content=\"Positive Prints\" \/>\n<meta property=\"article:publisher\" content=\"https:\/\/www.facebook.com\/positiveprintscom\" \/>\n<meta property=\"article:modified_time\" content=\"2026-04-12T18:16:57+00:00\" \/>\n<meta property=\"og:image\" content=\"https:\/\/positiveprints.com\/wp-content\/uploads\/2025\/08\/Packshot_PL_Pamia\u0328tkowy-portret-psa.webp\" \/>\n\t<meta property=\"og:image:width\" content=\"1450\" \/>\n\t<meta property=\"og:image:height\" content=\"1450\" \/>\n\t<meta property=\"og:image:type\" content=\"image\/webp\" \/>\n<meta name=\"twitter:card\" content=\"summary_large_image\" \/>\n<meta name=\"twitter:label1\" content=\"Szacowany czas czytania\" \/>\n\t<meta name=\"twitter:data1\" content=\"1 minuta\" \/>\n<!-- \/ Yoast SEO Premium plugin. -->","yoast_head_json":{"title":"Pami\u0105tkowy portret psa - Positive Prints","description":"Stw\u00f3rz wzruszaj\u0105cy portret ukochanego psa na podstawie zdj\u0119cia. Idealny spos\u00f3b, by uczci\u0107 jego pami\u0119\u0107 i zachowa\u0107 wsp\u00f3ln\u0105 wi\u0119\u017a.","robots":{"index":"index","follow":"follow","max-snippet":"max-snippet:-1","max-image-preview":"max-image-preview:large","max-video-preview":"max-video-preview:-1"},"canonical":"https:\/\/positiveprints.com\/pl\/produkt\/pamiatkowy-portret-psa\/","og_locale":"pl_PL","og_type":"article","og_title":"Pami\u0105tkowy portret psa","og_description":"Prze\u015blij zdj\u0119cie swojego pupila 2 poprawki wliczone w cen\u0119 Nasz artysta w programie graficznym stworzy o\u0142\u00f3wkowy portret z Twojego zdj\u0119cia Wst\u0119pny projekt otrzymasz w ci\u0105gu 2\u20133 dni roboczych Wybierz spo\u015br\u00f3d r\u00f3\u017cnych rozmiar\u00f3w wydruku","og_url":"https:\/\/positiveprints.com\/pl\/produkt\/pamiatkowy-portret-psa\/","og_site_name":"Positive Prints","article_publisher":"https:\/\/www.facebook.com\/positiveprintscom","article_modified_time":"2026-04-12T18:16:57+00:00","og_image":[{"width":1450,"height":1450,"url":"https:\/\/positiveprints.com\/wp-content\/uploads\/2025\/08\/Packshot_PL_Pamia\u0328tkowy-portret-psa.webp","type":"image\/webp"}],"twitter_card":"summary_large_image","twitter_misc":{"Szacowany czas czytania":"1 minuta"},"schema":{"@context":"https:\/\/schema.org","@graph":[{"@type":["WebPage","ItemPage"],"@id":"https:\/\/positiveprints.com\/pl\/produkt\/pamiatkowy-portret-psa\/","url":"https:\/\/positiveprints.com\/pl\/produkt\/pamiatkowy-portret-psa\/","name":"Pami\u0105tkowy portret psa - Positive Prints","isPartOf":{"@id":"https:\/\/positiveprints.com\/pl\/#website"},"primaryImageOfPage":{"@id":"https:\/\/positiveprints.com\/pl\/produkt\/pamiatkowy-portret-psa\/#primaryimage"},"image":{"@id":"https:\/\/positiveprints.com\/pl\/produkt\/pamiatkowy-portret-psa\/#primaryimage"},"thumbnailUrl":"https:\/\/positiveprints.com\/wp-content\/uploads\/2025\/08\/Packshot_PL_Pamia\u0328tkowy-portret-psa.webp","datePublished":"2025-08-21T20:22:59+00:00","dateModified":"2026-04-12T18:16:57+00:00","description":"Stw\u00f3rz wzruszaj\u0105cy portret ukochanego psa na podstawie zdj\u0119cia. Idealny spos\u00f3b, by uczci\u0107 jego pami\u0119\u0107 i zachowa\u0107 wsp\u00f3ln\u0105 wi\u0119\u017a.","breadcrumb":{"@id":"https:\/\/positiveprints.com\/pl\/produkt\/pamiatkowy-portret-psa\/#breadcrumb"},"inLanguage":"pl-PL","potentialAction":[{"@type":"ReadAction","target":["https:\/\/positiveprints.com\/pl\/produkt\/pamiatkowy-portret-psa\/"]}]},{"@type":"ImageObject","inLanguage":"pl-PL","@id":"https:\/\/positiveprints.com\/pl\/produkt\/pamiatkowy-portret-psa\/#primaryimage","url":"https:\/\/positiveprints.com\/wp-content\/uploads\/2025\/08\/Packshot_PL_Pamia\u0328tkowy-portret-psa.webp","contentUrl":"https:\/\/positiveprints.com\/wp-content\/uploads\/2025\/08\/Packshot_PL_Pamia\u0328tkowy-portret-psa.webp","width":1450,"height":1450,"caption":"Pamia\u0328tkowy portret psa"},{"@type":"BreadcrumbList","@id":"https:\/\/positiveprints.com\/pl\/produkt\/pamiatkowy-portret-psa\/#breadcrumb","itemListElement":[{"@type":"ListItem","position":1,"name":"Home","item":"https:\/\/positiveprints.com\/pl\/"},{"@type":"ListItem","position":2,"name":"Produkty","item":"https:\/\/positiveprints.com\/pl\/shop\/"},{"@type":"ListItem","position":3,"name":"Pami\u0105tkowy portret psa"}]},{"@type":"WebSite","@id":"https:\/\/positiveprints.com\/pl\/#website","url":"https:\/\/positiveprints.com\/pl\/","name":"Positive Prints","description":"Amazing Custom Personalized Gifts","publisher":{"@id":"https:\/\/positiveprints.com\/pl\/#organization"},"potentialAction":[{"@type":"SearchAction","target":{"@type":"EntryPoint","urlTemplate":"https:\/\/positiveprints.com\/pl\/?s={search_term_string}"},"query-input":{"@type":"PropertyValueSpecification","valueRequired":true,"valueName":"search_term_string"}}],"inLanguage":"pl-PL"},{"@type":"Organization","@id":"https:\/\/positiveprints.com\/pl\/#organization","name":"Positive Prints","alternateName":"Positive Prints","url":"https:\/\/positiveprints.com\/pl\/","logo":{"@type":"ImageObject","inLanguage":"pl-PL","@id":"https:\/\/positiveprints.com\/pl\/#\/schema\/logo\/image\/","url":"https:\/\/positiveprints.com\/wp-content\/uploads\/2026\/03\/245815646_1337939713319158_5671353136411139666_n.png","contentUrl":"https:\/\/positiveprints.com\/wp-content\/uploads\/2026\/03\/245815646_1337939713319158_5671353136411139666_n.png","width":800,"height":800,"caption":"Positive Prints"},"image":{"@id":"https:\/\/positiveprints.com\/pl\/#\/schema\/logo\/image\/"},"sameAs":["https:\/\/www.facebook.com\/positiveprintscom","https:\/\/www.instagram.com\/positiveprintscom\/","https:\/\/www.tiktok.com\/@positiveprintscom","https:\/\/www.pinterest.com\/positiveprintscom\/"]}]}},"jetpack_sharing_enabled":true,"_links":{"self":[{"href":"https:\/\/positiveprints.com\/pl\/wp-json\/wp\/v2\/product\/1505119","targetHints":{"allow":["GET"]}}],"collection":[{"href":"https:\/\/positiveprints.com\/pl\/wp-json\/wp\/v2\/product"}],"about":[{"href":"https:\/\/positiveprints.com\/pl\/wp-json\/wp\/v2\/types\/product"}],"wp:featuredmedia":[{"embeddable":true,"href":"https:\/\/positiveprints.com\/pl\/wp-json\/wp\/v2\/media\/1505795"}],"wp:attachment":[{"href":"https:\/\/positiveprints.com\/pl\/wp-json\/wp\/v2\/media?parent=1505119"}],"wp:term":[{"taxonomy":"product_brand","embeddable":true,"href":"https:\/\/positiveprints.com\/pl\/wp-json\/wp\/v2\/product_brand?post=1505119"},{"taxonomy":"product_cat","embeddable":true,"href":"https:\/\/positiveprints.com\/pl\/wp-json\/wp\/v2\/product_cat?post=1505119"},{"taxonomy":"product_tag","embeddable":true,"href":"https:\/\/positiveprints.com\/pl\/wp-json\/wp\/v2\/product_tag?post=1505119"}],"curies":[{"name":"wp","href":"https:\/\/api.w.org\/{rel}","templated":true}]}}