{"id":1503871,"date":"2025-08-21T13:07:18","date_gmt":"2025-08-21T11:07:18","guid":{"rendered":"https:\/\/positiveprints.com\/?post_type=product&#038;p=1503871"},"modified":"2026-04-12T19:17:02","modified_gmt":"2026-04-12T18:17:02","slug":"personalizowany-portret-zwierzaka","status":"publish","type":"product","link":"https:\/\/positiveprints.com\/pl\/produkt\/personalizowany-portret-zwierzaka\/","title":{"rendered":"Personalizowany portret zwierzaka"},"content":{"rendered":"","protected":false},"excerpt":{"rendered":"<ul class=\"check-list\">\n<li>Prze\u015blij zdj\u0119cie swojego pupila<\/li>\n<li>2 poprawki wliczone w cen\u0119<\/li>\n<li>Nasz artysta w programie graficznym stworzy portret z Twojego zdj\u0119cia<\/li>\n<li>Wst\u0119pny projekt otrzymasz w ci\u0105gu 2\u20133 dni roboczych<\/li>\n<li>Wybierz spo\u015br\u00f3d r\u00f3\u017cnych rozmiar\u00f3w wydruku<\/li>\n<\/ul>\n","protected":false},"featured_media":1504734,"template":"","meta":[],"product_brand":[],"product_cat":[15114,8238,8978,9765,13594,99,262],"product_tag":[14956,12776,13360,13361,15952,13249,11756,11770,11819,11817,11816,11815,11763,11813,13458,13478,13468],"class_list":{"0":"post-1503871","1":"product","2":"type-product","3":"status-publish","4":"has-post-thumbnail","6":"product_cat-bestsellers-menu-pl","7":"product_cat-digital-products-pl","8":"product_cat-nowosci","9":"product_cat-trending-label-pl","10":"product_cat-akwarela","11":"product_cat-wszystkie-produkty","12":"product_cat-creators-pl","13":"product_tag-creators-pl-2","14":"product_tag-prezent-pod-choinke-dla-siostry","15":"product_tag-prezent-swiateczny-dla-babci","16":"product_tag-prezent-swiateczny-dla-dziadka","17":"product_tag-prezent-swiateczny-dla-dzieci","18":"product_tag-prezent-swiateczny-dla-wspolpracownika","19":"product_tag-prezenty-pod-choinke-dla-chlopaka","20":"product_tag-prezenty-pod-choinke-dla-dziewczyny","21":"product_tag-prezenty-pod-choinke-dla-mamy","22":"product_tag-prezenty-pod-choinke-dla-meza","23":"product_tag-prezenty-pod-choinke-dla-niego","24":"product_tag-prezenty-pod-choinke-dla-niej","25":"product_tag-prezenty-pod-choinke-dla-taty","26":"product_tag-prezenty-pod-choinke-dla-zony","27":"product_tag-prezenty-swiateczne-dla-brata","28":"product_tag-prezenty-swiateczne-dla-przyjaciol","29":"product_tag-prezenty-swiateczne-dla-rodziny","31":"first","32":"instock","33":"sale","34":"taxable","35":"shipping-taxable","36":"purchasable","37":"product-type-variable"},"yoast_head":"<!-- This site is optimized with the Yoast SEO Premium plugin v27.2 (Yoast SEO v27.2) - https:\/\/yoast.com\/product\/yoast-seo-premium-wordpress\/ -->\n<title>Personalizowany portret zwierzaka - Positive Prints<\/title>\n<meta name=\"description\" content=\"Personalizowany portret psa, kota lub innego pupila \u2013 pi\u0119kna ozdoba i wzruszaj\u0105cy prezent dla w\u0142a\u015bcicieli zwierzak\u00f3w.\" \/>\n<meta name=\"robots\" content=\"index, follow, max-snippet:-1, max-image-preview:large, max-video-preview:-1\" \/>\n<link rel=\"canonical\" href=\"https:\/\/positiveprints.com\/pl\/produkt\/personalizowany-portret-zwierzaka\/\" \/>\n<meta property=\"og:locale\" content=\"pl_PL\" \/>\n<meta property=\"og:type\" content=\"article\" \/>\n<meta property=\"og:title\" content=\"Personalizowany portret zwierzaka\" \/>\n<meta property=\"og:description\" content=\"Prze\u015blij zdj\u0119cie swojego pupila 2 poprawki wliczone w cen\u0119 Nasz artysta w programie graficznym stworzy portret z Twojego zdj\u0119cia Wst\u0119pny projekt otrzymasz w ci\u0105gu 2\u20133 dni roboczych Wybierz spo\u015br\u00f3d r\u00f3\u017cnych rozmiar\u00f3w wydruku\" \/>\n<meta property=\"og:url\" content=\"https:\/\/positiveprints.com\/pl\/produkt\/personalizowany-portret-zwierzaka\/\" \/>\n<meta property=\"og:site_name\" content=\"Positive Prints\" \/>\n<meta property=\"article:publisher\" content=\"https:\/\/www.facebook.com\/positiveprintscom\" \/>\n<meta property=\"article:modified_time\" content=\"2026-04-12T18:17:02+00:00\" \/>\n<meta property=\"og:image\" content=\"https:\/\/positiveprints.com\/wp-content\/uploads\/2025\/08\/Packshot_PL_Personalizowany-portret-zwierzaka.webp\" \/>\n\t<meta property=\"og:image:width\" content=\"1450\" \/>\n\t<meta property=\"og:image:height\" content=\"1450\" \/>\n\t<meta property=\"og:image:type\" content=\"image\/webp\" \/>\n<meta name=\"twitter:card\" content=\"summary_large_image\" \/>\n<meta name=\"twitter:label1\" content=\"Szacowany czas czytania\" \/>\n\t<meta name=\"twitter:data1\" content=\"1 minuta\" \/>\n<!-- \/ Yoast SEO Premium plugin. -->","yoast_head_json":{"title":"Personalizowany portret zwierzaka - Positive Prints","description":"Personalizowany portret psa, kota lub innego pupila \u2013 pi\u0119kna ozdoba i wzruszaj\u0105cy prezent dla w\u0142a\u015bcicieli zwierzak\u00f3w.","robots":{"index":"index","follow":"follow","max-snippet":"max-snippet:-1","max-image-preview":"max-image-preview:large","max-video-preview":"max-video-preview:-1"},"canonical":"https:\/\/positiveprints.com\/pl\/produkt\/personalizowany-portret-zwierzaka\/","og_locale":"pl_PL","og_type":"article","og_title":"Personalizowany portret zwierzaka","og_description":"Prze\u015blij zdj\u0119cie swojego pupila 2 poprawki wliczone w cen\u0119 Nasz artysta w programie graficznym stworzy portret z Twojego zdj\u0119cia Wst\u0119pny projekt otrzymasz w ci\u0105gu 2\u20133 dni roboczych Wybierz spo\u015br\u00f3d r\u00f3\u017cnych rozmiar\u00f3w wydruku","og_url":"https:\/\/positiveprints.com\/pl\/produkt\/personalizowany-portret-zwierzaka\/","og_site_name":"Positive Prints","article_publisher":"https:\/\/www.facebook.com\/positiveprintscom","article_modified_time":"2026-04-12T18:17:02+00:00","og_image":[{"width":1450,"height":1450,"url":"https:\/\/positiveprints.com\/wp-content\/uploads\/2025\/08\/Packshot_PL_Personalizowany-portret-zwierzaka.webp","type":"image\/webp"}],"twitter_card":"summary_large_image","twitter_misc":{"Szacowany czas czytania":"1 minuta"},"schema":{"@context":"https:\/\/schema.org","@graph":[{"@type":["WebPage","ItemPage"],"@id":"https:\/\/positiveprints.com\/pl\/produkt\/personalizowany-portret-zwierzaka\/","url":"https:\/\/positiveprints.com\/pl\/produkt\/personalizowany-portret-zwierzaka\/","name":"Personalizowany portret zwierzaka - Positive Prints","isPartOf":{"@id":"https:\/\/positiveprints.com\/pl\/#website"},"primaryImageOfPage":{"@id":"https:\/\/positiveprints.com\/pl\/produkt\/personalizowany-portret-zwierzaka\/#primaryimage"},"image":{"@id":"https:\/\/positiveprints.com\/pl\/produkt\/personalizowany-portret-zwierzaka\/#primaryimage"},"thumbnailUrl":"https:\/\/positiveprints.com\/wp-content\/uploads\/2025\/08\/Packshot_PL_Personalizowany-portret-zwierzaka.webp","datePublished":"2025-08-21T11:07:18+00:00","dateModified":"2026-04-12T18:17:02+00:00","description":"Personalizowany portret psa, kota lub innego pupila \u2013 pi\u0119kna ozdoba i wzruszaj\u0105cy prezent dla w\u0142a\u015bcicieli zwierzak\u00f3w.","breadcrumb":{"@id":"https:\/\/positiveprints.com\/pl\/produkt\/personalizowany-portret-zwierzaka\/#breadcrumb"},"inLanguage":"pl-PL","potentialAction":[{"@type":"ReadAction","target":["https:\/\/positiveprints.com\/pl\/produkt\/personalizowany-portret-zwierzaka\/"]}]},{"@type":"ImageObject","inLanguage":"pl-PL","@id":"https:\/\/positiveprints.com\/pl\/produkt\/personalizowany-portret-zwierzaka\/#primaryimage","url":"https:\/\/positiveprints.com\/wp-content\/uploads\/2025\/08\/Packshot_PL_Personalizowany-portret-zwierzaka.webp","contentUrl":"https:\/\/positiveprints.com\/wp-content\/uploads\/2025\/08\/Packshot_PL_Personalizowany-portret-zwierzaka.webp","width":1450,"height":1450,"caption":"Personalizowany portret zwierzaka"},{"@type":"BreadcrumbList","@id":"https:\/\/positiveprints.com\/pl\/produkt\/personalizowany-portret-zwierzaka\/#breadcrumb","itemListElement":[{"@type":"ListItem","position":1,"name":"Home","item":"https:\/\/positiveprints.com\/pl\/"},{"@type":"ListItem","position":2,"name":"Produkty","item":"https:\/\/positiveprints.com\/pl\/shop\/"},{"@type":"ListItem","position":3,"name":"Personalizowany portret zwierzaka"}]},{"@type":"WebSite","@id":"https:\/\/positiveprints.com\/pl\/#website","url":"https:\/\/positiveprints.com\/pl\/","name":"Positive Prints","description":"Amazing Custom Personalized Gifts","publisher":{"@id":"https:\/\/positiveprints.com\/pl\/#organization"},"potentialAction":[{"@type":"SearchAction","target":{"@type":"EntryPoint","urlTemplate":"https:\/\/positiveprints.com\/pl\/?s={search_term_string}"},"query-input":{"@type":"PropertyValueSpecification","valueRequired":true,"valueName":"search_term_string"}}],"inLanguage":"pl-PL"},{"@type":"Organization","@id":"https:\/\/positiveprints.com\/pl\/#organization","name":"Positive Prints","alternateName":"Positive Prints","url":"https:\/\/positiveprints.com\/pl\/","logo":{"@type":"ImageObject","inLanguage":"pl-PL","@id":"https:\/\/positiveprints.com\/pl\/#\/schema\/logo\/image\/","url":"https:\/\/positiveprints.com\/wp-content\/uploads\/2026\/03\/245815646_1337939713319158_5671353136411139666_n.png","contentUrl":"https:\/\/positiveprints.com\/wp-content\/uploads\/2026\/03\/245815646_1337939713319158_5671353136411139666_n.png","width":800,"height":800,"caption":"Positive Prints"},"image":{"@id":"https:\/\/positiveprints.com\/pl\/#\/schema\/logo\/image\/"},"sameAs":["https:\/\/www.facebook.com\/positiveprintscom","https:\/\/www.instagram.com\/positiveprintscom\/","https:\/\/www.tiktok.com\/@positiveprintscom","https:\/\/www.pinterest.com\/positiveprintscom\/"]}]}},"jetpack_sharing_enabled":true,"_links":{"self":[{"href":"https:\/\/positiveprints.com\/pl\/wp-json\/wp\/v2\/product\/1503871","targetHints":{"allow":["GET"]}}],"collection":[{"href":"https:\/\/positiveprints.com\/pl\/wp-json\/wp\/v2\/product"}],"about":[{"href":"https:\/\/positiveprints.com\/pl\/wp-json\/wp\/v2\/types\/product"}],"wp:featuredmedia":[{"embeddable":true,"href":"https:\/\/positiveprints.com\/pl\/wp-json\/wp\/v2\/media\/1504734"}],"wp:attachment":[{"href":"https:\/\/positiveprints.com\/pl\/wp-json\/wp\/v2\/media?parent=1503871"}],"wp:term":[{"taxonomy":"product_brand","embeddable":true,"href":"https:\/\/positiveprints.com\/pl\/wp-json\/wp\/v2\/product_brand?post=1503871"},{"taxonomy":"product_cat","embeddable":true,"href":"https:\/\/positiveprints.com\/pl\/wp-json\/wp\/v2\/product_cat?post=1503871"},{"taxonomy":"product_tag","embeddable":true,"href":"https:\/\/positiveprints.com\/pl\/wp-json\/wp\/v2\/product_tag?post=1503871"}],"curies":[{"name":"wp","href":"https:\/\/api.w.org\/{rel}","templated":true}]}}