{"id":1501850,"date":"2025-08-20T15:57:13","date_gmt":"2025-08-20T13:57:13","guid":{"rendered":"https:\/\/positiveprints.com\/?post_type=product&#038;p=1501850"},"modified":"2026-04-03T02:23:21","modified_gmt":"2026-04-03T01:23:21","slug":"krolewski-portret-kota","status":"publish","type":"product","link":"https:\/\/positiveprints.com\/pl\/produkt\/krolewski-portret-kota\/","title":{"rendered":"Kr\u00f3lewski portret kota"},"content":{"rendered":"","protected":false},"excerpt":{"rendered":"<ul class=\"check-list\">\n<li>Prze\u015blij zdj\u0119cie swojego pupila<\/li>\n<li>2 poprawki wliczone w cen\u0119<\/li>\n<li>Nasz artysta w programie graficznym stworzy portret z Twojego zdj\u0119cia<\/li>\n<li>Wst\u0119pny projekt otrzymasz w ci\u0105gu 2\u20133 dni roboczych<\/li>\n<li>Wybierz spo\u015br\u00f3d r\u00f3\u017cnych rozmiar\u00f3w wydruku<\/li>\n<\/ul>\n","protected":false},"featured_media":1502649,"template":"","meta":[],"product_brand":[],"product_cat":[13594,11408,11404,11403,11409,11413,11407,14084,11414,11412,11411,11410,15037,11415,15059,11416,11406,11405,11417,11210,11209,5271,9765,3126,99],"product_tag":[15631,14950,14952,14951,14954,15623,14949,14953],"class_list":{"0":"post-1501850","1":"product","2":"type-product","3":"status-publish","4":"has-post-thumbnail","6":"product_cat-akwarela","7":"product_cat-prezenty-pod-choinke-dla-babci","8":"product_cat-prezenty-pod-choinke-dla-brata","9":"product_cat-prezenty-pod-choinke-dla-chlopaka","10":"product_cat-prezenty-pod-choinke-dla-dziadka","11":"product_cat-prezenty-pod-choinke-dla-dzieci","12":"product_cat-prezenty-pod-choinke-dla-dziewczyny","13":"product_cat-prezent-dla-kociary","14":"product_cat-prezenty-pod-choinke-dla-mamy","15":"product_cat-prezenty-pod-choinke-dla-meza","16":"product_cat-prezenty-pod-choinke-dla-niego","17":"product_cat-prezenty-pod-choinke-dla-niej","18":"product_cat-prezenty-pod-choinke-dla-przyjaciol","19":"product_cat-prezenty-pod-choinke-dla-rodzicow","20":"product_cat-prezenty-pod-choinke-dla-rodziny","21":"product_cat-prezenty-pod-choinke-dla-siostry","22":"product_cat-prezenty-pod-choinke-dla-taty","23":"product_cat-prezenty-pod-choinke-dla-wspolpracownikow","24":"product_cat-prezenty-pod-choinke-dla-zony","25":"product_cat-prezenty-urodzinowe-dla-niego","26":"product_cat-prezenty-urodzinowe-dla-niej","27":"product_cat-prezent-na-boze-narodzenie","28":"product_cat-trending-label-pl","29":"product_cat-prezent-na-urodziny","30":"product_cat-wszystkie-produkty","31":"product_tag-animals-pl","32":"product_tag-cat-dad-gifts-pl","33":"product_tag-cat-lovers-gifts-pl","34":"product_tag-cat-mom-gifts-pl","35":"product_tag-cat-owner-pl","36":"product_tag-cat-print-pl","37":"product_tag-custom-cat-gifts-pl","38":"product_tag-gifts-for-cat-owners-pl","40":"first","41":"instock","42":"sale","43":"taxable","44":"shipping-taxable","45":"purchasable","46":"product-type-variable"},"yoast_head":"<!-- This site is optimized with the Yoast SEO Premium plugin v27.2 (Yoast SEO v27.2) - https:\/\/yoast.com\/product\/yoast-seo-premium-wordpress\/ -->\n<title>Kr\u00f3lewski portret kota - Positive Prints<\/title>\n<meta name=\"description\" content=\"Spraw, by Tw\u00f3j kot wygl\u0105da\u0142 po kr\u00f3lewsku! Personalizowany portret w szlachetnym stroju rozbawi i zachwyci ka\u017cdego wielbiciela kot\u00f3w.\" \/>\n<meta name=\"robots\" content=\"index, follow, max-snippet:-1, max-image-preview:large, max-video-preview:-1\" \/>\n<link rel=\"canonical\" href=\"https:\/\/positiveprints.com\/pl\/produkt\/krolewski-portret-kota\/\" \/>\n<meta property=\"og:locale\" content=\"pl_PL\" \/>\n<meta property=\"og:type\" content=\"article\" \/>\n<meta property=\"og:title\" content=\"Kr\u00f3lewski portret kota\" \/>\n<meta property=\"og:description\" content=\"Prze\u015blij zdj\u0119cie swojego pupila 2 poprawki wliczone w cen\u0119 Nasz artysta w programie graficznym stworzy portret z Twojego zdj\u0119cia Wst\u0119pny projekt otrzymasz w ci\u0105gu 2\u20133 dni roboczych Wybierz spo\u015br\u00f3d r\u00f3\u017cnych rozmiar\u00f3w wydruku\" \/>\n<meta property=\"og:url\" content=\"https:\/\/positiveprints.com\/pl\/produkt\/krolewski-portret-kota\/\" \/>\n<meta property=\"og:site_name\" content=\"Positive Prints\" \/>\n<meta property=\"article:publisher\" content=\"https:\/\/www.facebook.com\/positiveprintscom\" \/>\n<meta property=\"article:modified_time\" content=\"2026-04-03T01:23:21+00:00\" \/>\n<meta property=\"og:image\" content=\"https:\/\/positiveprints.com\/wp-content\/uploads\/2025\/08\/Packshot_PL_Kro\u0301lewski-portret-kota.webp\" \/>\n\t<meta property=\"og:image:width\" content=\"1450\" \/>\n\t<meta property=\"og:image:height\" content=\"1450\" \/>\n\t<meta property=\"og:image:type\" content=\"image\/webp\" \/>\n<meta name=\"twitter:card\" content=\"summary_large_image\" \/>\n<meta name=\"twitter:label1\" content=\"Szacowany czas czytania\" \/>\n\t<meta name=\"twitter:data1\" content=\"1 minuta\" \/>\n<!-- \/ Yoast SEO Premium plugin. -->","yoast_head_json":{"title":"Kr\u00f3lewski portret kota - Positive Prints","description":"Spraw, by Tw\u00f3j kot wygl\u0105da\u0142 po kr\u00f3lewsku! Personalizowany portret w szlachetnym stroju rozbawi i zachwyci ka\u017cdego wielbiciela kot\u00f3w.","robots":{"index":"index","follow":"follow","max-snippet":"max-snippet:-1","max-image-preview":"max-image-preview:large","max-video-preview":"max-video-preview:-1"},"canonical":"https:\/\/positiveprints.com\/pl\/produkt\/krolewski-portret-kota\/","og_locale":"pl_PL","og_type":"article","og_title":"Kr\u00f3lewski portret kota","og_description":"Prze\u015blij zdj\u0119cie swojego pupila 2 poprawki wliczone w cen\u0119 Nasz artysta w programie graficznym stworzy portret z Twojego zdj\u0119cia Wst\u0119pny projekt otrzymasz w ci\u0105gu 2\u20133 dni roboczych Wybierz spo\u015br\u00f3d r\u00f3\u017cnych rozmiar\u00f3w wydruku","og_url":"https:\/\/positiveprints.com\/pl\/produkt\/krolewski-portret-kota\/","og_site_name":"Positive Prints","article_publisher":"https:\/\/www.facebook.com\/positiveprintscom","article_modified_time":"2026-04-03T01:23:21+00:00","og_image":[{"width":1450,"height":1450,"url":"https:\/\/positiveprints.com\/wp-content\/uploads\/2025\/08\/Packshot_PL_Kro\u0301lewski-portret-kota.webp","type":"image\/webp"}],"twitter_card":"summary_large_image","twitter_misc":{"Szacowany czas czytania":"1 minuta"},"schema":{"@context":"https:\/\/schema.org","@graph":[{"@type":["WebPage","ItemPage"],"@id":"https:\/\/positiveprints.com\/pl\/produkt\/krolewski-portret-kota\/","url":"https:\/\/positiveprints.com\/pl\/produkt\/krolewski-portret-kota\/","name":"Kr\u00f3lewski portret kota - Positive Prints","isPartOf":{"@id":"https:\/\/positiveprints.com\/pl\/#website"},"primaryImageOfPage":{"@id":"https:\/\/positiveprints.com\/pl\/produkt\/krolewski-portret-kota\/#primaryimage"},"image":{"@id":"https:\/\/positiveprints.com\/pl\/produkt\/krolewski-portret-kota\/#primaryimage"},"thumbnailUrl":"https:\/\/positiveprints.com\/wp-content\/uploads\/2025\/08\/Packshot_PL_Kro\u0301lewski-portret-kota.webp","datePublished":"2025-08-20T13:57:13+00:00","dateModified":"2026-04-03T01:23:21+00:00","description":"Spraw, by Tw\u00f3j kot wygl\u0105da\u0142 po kr\u00f3lewsku! Personalizowany portret w szlachetnym stroju rozbawi i zachwyci ka\u017cdego wielbiciela kot\u00f3w.","breadcrumb":{"@id":"https:\/\/positiveprints.com\/pl\/produkt\/krolewski-portret-kota\/#breadcrumb"},"inLanguage":"pl-PL","potentialAction":[{"@type":"ReadAction","target":["https:\/\/positiveprints.com\/pl\/produkt\/krolewski-portret-kota\/"]}]},{"@type":"ImageObject","inLanguage":"pl-PL","@id":"https:\/\/positiveprints.com\/pl\/produkt\/krolewski-portret-kota\/#primaryimage","url":"https:\/\/positiveprints.com\/wp-content\/uploads\/2025\/08\/Packshot_PL_Kro\u0301lewski-portret-kota.webp","contentUrl":"https:\/\/positiveprints.com\/wp-content\/uploads\/2025\/08\/Packshot_PL_Kro\u0301lewski-portret-kota.webp","width":1450,"height":1450,"caption":"Kr\u00f3lewski portret kota"},{"@type":"BreadcrumbList","@id":"https:\/\/positiveprints.com\/pl\/produkt\/krolewski-portret-kota\/#breadcrumb","itemListElement":[{"@type":"ListItem","position":1,"name":"Home","item":"https:\/\/positiveprints.com\/pl\/"},{"@type":"ListItem","position":2,"name":"Produkty","item":"https:\/\/positiveprints.com\/pl\/shop\/"},{"@type":"ListItem","position":3,"name":"Kr\u00f3lewski portret kota"}]},{"@type":"WebSite","@id":"https:\/\/positiveprints.com\/pl\/#website","url":"https:\/\/positiveprints.com\/pl\/","name":"Positive Prints","description":"Amazing Custom Personalized Gifts","publisher":{"@id":"https:\/\/positiveprints.com\/pl\/#organization"},"potentialAction":[{"@type":"SearchAction","target":{"@type":"EntryPoint","urlTemplate":"https:\/\/positiveprints.com\/pl\/?s={search_term_string}"},"query-input":{"@type":"PropertyValueSpecification","valueRequired":true,"valueName":"search_term_string"}}],"inLanguage":"pl-PL"},{"@type":"Organization","@id":"https:\/\/positiveprints.com\/pl\/#organization","name":"Positive Prints","alternateName":"Positive Prints","url":"https:\/\/positiveprints.com\/pl\/","logo":{"@type":"ImageObject","inLanguage":"pl-PL","@id":"https:\/\/positiveprints.com\/pl\/#\/schema\/logo\/image\/","url":"https:\/\/positiveprints.com\/wp-content\/uploads\/2026\/03\/245815646_1337939713319158_5671353136411139666_n.png","contentUrl":"https:\/\/positiveprints.com\/wp-content\/uploads\/2026\/03\/245815646_1337939713319158_5671353136411139666_n.png","width":800,"height":800,"caption":"Positive Prints"},"image":{"@id":"https:\/\/positiveprints.com\/pl\/#\/schema\/logo\/image\/"},"sameAs":["https:\/\/www.facebook.com\/positiveprintscom","https:\/\/www.instagram.com\/positiveprintscom\/","https:\/\/www.tiktok.com\/@positiveprintscom","https:\/\/www.pinterest.com\/positiveprintscom\/"]}]}},"jetpack_sharing_enabled":true,"_links":{"self":[{"href":"https:\/\/positiveprints.com\/pl\/wp-json\/wp\/v2\/product\/1501850","targetHints":{"allow":["GET"]}}],"collection":[{"href":"https:\/\/positiveprints.com\/pl\/wp-json\/wp\/v2\/product"}],"about":[{"href":"https:\/\/positiveprints.com\/pl\/wp-json\/wp\/v2\/types\/product"}],"wp:featuredmedia":[{"embeddable":true,"href":"https:\/\/positiveprints.com\/pl\/wp-json\/wp\/v2\/media\/1502649"}],"wp:attachment":[{"href":"https:\/\/positiveprints.com\/pl\/wp-json\/wp\/v2\/media?parent=1501850"}],"wp:term":[{"taxonomy":"product_brand","embeddable":true,"href":"https:\/\/positiveprints.com\/pl\/wp-json\/wp\/v2\/product_brand?post=1501850"},{"taxonomy":"product_cat","embeddable":true,"href":"https:\/\/positiveprints.com\/pl\/wp-json\/wp\/v2\/product_cat?post=1501850"},{"taxonomy":"product_tag","embeddable":true,"href":"https:\/\/positiveprints.com\/pl\/wp-json\/wp\/v2\/product_tag?post=1501850"}],"curies":[{"name":"wp","href":"https:\/\/api.w.org\/{rel}","templated":true}]}}