{"id":1486985,"date":"2025-08-05T14:41:08","date_gmt":"2025-08-05T12:41:08","guid":{"rendered":"https:\/\/positiveprints.com\/?post_type=product&#038;p=1486985"},"modified":"2026-04-12T19:22:27","modified_gmt":"2026-04-12T18:22:27","slug":"personalizowany-portret-kota","status":"publish","type":"product","link":"https:\/\/positiveprints.com\/pl\/produkt\/personalizowany-portret-kota\/","title":{"rendered":"Personalizowany portret kota"},"content":{"rendered":"","protected":false},"excerpt":{"rendered":"<ul class=\"check-list\">\n<li>Prze\u015blij zdj\u0119cie swojego pupila<\/li>\n<li>2 poprawki wliczone w cen\u0119<\/li>\n<li>Spersonalizuj, dodaj\u0105c w\u0142asny tekst i wybieraj\u0105c styl grafiki<\/li>\n<li>Nasz artysta w programie graficznym stworzy akwarelowy portret z Twojego zdj\u0119cia<\/li>\n<li>Wst\u0119pny projekt otrzymasz w ci\u0105gu 2\u20133 dni roboczych<\/li>\n<\/ul>\n","protected":false},"featured_media":1501339,"template":"","meta":[],"product_brand":[],"product_cat":[8238,9182,13594,99,262,14084],"product_tag":[15631,14950,14952,14951,14954,15623,14956,14949,14958,14953,15443,15398],"class_list":{"0":"post-1486985","1":"product","2":"type-product","3":"status-publish","4":"has-post-thumbnail","6":"product_cat-digital-products-pl","7":"product_cat-line-art-pl","8":"product_cat-akwarela","9":"product_cat-wszystkie-produkty","10":"product_cat-creators-pl","11":"product_cat-prezent-dla-kociary","12":"product_tag-animals-pl","13":"product_tag-cat-dad-gifts-pl","14":"product_tag-cat-lovers-gifts-pl","15":"product_tag-cat-mom-gifts-pl","16":"product_tag-cat-owner-pl","17":"product_tag-cat-print-pl","18":"product_tag-creators-pl-2","19":"product_tag-custom-cat-gifts-pl","20":"product_tag-custom-photo-pl","21":"product_tag-gifts-for-cat-owners-pl","22":"product_tag-plakat-kot","23":"product_tag-zwierzeta","25":"first","26":"instock","27":"sale","28":"taxable","29":"shipping-taxable","30":"purchasable","31":"product-type-variable"},"yoast_head":"<!-- This site is optimized with the Yoast SEO Premium plugin v27.2 (Yoast SEO v27.2) - https:\/\/yoast.com\/product\/yoast-seo-premium-wordpress\/ -->\n<title>Personalizowany portret kota - Positive Prints<\/title>\n<meta name=\"description\" content=\"Spersonalizowany obraz kota na podstawie zdj\u0119cia. Pi\u0119kny, osobisty upominek dla ka\u017cdego, kto kocha swojego kociego towarzysza.\" \/>\n<meta name=\"robots\" content=\"index, follow, max-snippet:-1, max-image-preview:large, max-video-preview:-1\" \/>\n<link rel=\"canonical\" href=\"https:\/\/positiveprints.com\/pl\/produkt\/personalizowany-portret-kota\/\" \/>\n<meta property=\"og:locale\" content=\"pl_PL\" \/>\n<meta property=\"og:type\" content=\"article\" \/>\n<meta property=\"og:title\" content=\"Personalizowany portret kota\" \/>\n<meta property=\"og:description\" content=\"Prze\u015blij zdj\u0119cie swojego pupila 2 poprawki wliczone w cen\u0119  Spersonalizuj, dodaj\u0105c w\u0142asny tekst i wybieraj\u0105c styl grafiki  Nasz artysta w programie graficznym stworzy akwarelowy portret z Twojego zdj\u0119cia  Wst\u0119pny projekt otrzymasz w ci\u0105gu 2\u20133 dni roboczych\" \/>\n<meta property=\"og:url\" content=\"https:\/\/positiveprints.com\/pl\/produkt\/personalizowany-portret-kota\/\" \/>\n<meta property=\"og:site_name\" content=\"Positive Prints\" \/>\n<meta property=\"article:publisher\" content=\"https:\/\/www.facebook.com\/positiveprintscom\" \/>\n<meta property=\"article:modified_time\" content=\"2026-04-12T18:22:27+00:00\" \/>\n<meta property=\"og:image\" content=\"https:\/\/positiveprints.com\/wp-content\/uploads\/2025\/08\/Packshot_PL_Personalizowany-portret-kota-1.webp\" \/>\n\t<meta property=\"og:image:width\" content=\"1450\" \/>\n\t<meta property=\"og:image:height\" content=\"1450\" \/>\n\t<meta property=\"og:image:type\" content=\"image\/webp\" \/>\n<meta name=\"twitter:card\" content=\"summary_large_image\" \/>\n<meta name=\"twitter:label1\" content=\"Szacowany czas czytania\" \/>\n\t<meta name=\"twitter:data1\" content=\"1 minuta\" \/>\n<!-- \/ Yoast SEO Premium plugin. -->","yoast_head_json":{"title":"Personalizowany portret kota - Positive Prints","description":"Spersonalizowany obraz kota na podstawie zdj\u0119cia. Pi\u0119kny, osobisty upominek dla ka\u017cdego, kto kocha swojego kociego towarzysza.","robots":{"index":"index","follow":"follow","max-snippet":"max-snippet:-1","max-image-preview":"max-image-preview:large","max-video-preview":"max-video-preview:-1"},"canonical":"https:\/\/positiveprints.com\/pl\/produkt\/personalizowany-portret-kota\/","og_locale":"pl_PL","og_type":"article","og_title":"Personalizowany portret kota","og_description":"Prze\u015blij zdj\u0119cie swojego pupila 2 poprawki wliczone w cen\u0119  Spersonalizuj, dodaj\u0105c w\u0142asny tekst i wybieraj\u0105c styl grafiki  Nasz artysta w programie graficznym stworzy akwarelowy portret z Twojego zdj\u0119cia  Wst\u0119pny projekt otrzymasz w ci\u0105gu 2\u20133 dni roboczych","og_url":"https:\/\/positiveprints.com\/pl\/produkt\/personalizowany-portret-kota\/","og_site_name":"Positive Prints","article_publisher":"https:\/\/www.facebook.com\/positiveprintscom","article_modified_time":"2026-04-12T18:22:27+00:00","og_image":[{"width":1450,"height":1450,"url":"https:\/\/positiveprints.com\/wp-content\/uploads\/2025\/08\/Packshot_PL_Personalizowany-portret-kota-1.webp","type":"image\/webp"}],"twitter_card":"summary_large_image","twitter_misc":{"Szacowany czas czytania":"1 minuta"},"schema":{"@context":"https:\/\/schema.org","@graph":[{"@type":["WebPage","ItemPage"],"@id":"https:\/\/positiveprints.com\/pl\/produkt\/personalizowany-portret-kota\/","url":"https:\/\/positiveprints.com\/pl\/produkt\/personalizowany-portret-kota\/","name":"Personalizowany portret kota - Positive Prints","isPartOf":{"@id":"https:\/\/positiveprints.com\/pl\/#website"},"primaryImageOfPage":{"@id":"https:\/\/positiveprints.com\/pl\/produkt\/personalizowany-portret-kota\/#primaryimage"},"image":{"@id":"https:\/\/positiveprints.com\/pl\/produkt\/personalizowany-portret-kota\/#primaryimage"},"thumbnailUrl":"https:\/\/positiveprints.com\/wp-content\/uploads\/2025\/08\/Packshot_PL_Personalizowany-portret-kota-1.webp","datePublished":"2025-08-05T12:41:08+00:00","dateModified":"2026-04-12T18:22:27+00:00","description":"Spersonalizowany obraz kota na podstawie zdj\u0119cia. Pi\u0119kny, osobisty upominek dla ka\u017cdego, kto kocha swojego kociego towarzysza.","breadcrumb":{"@id":"https:\/\/positiveprints.com\/pl\/produkt\/personalizowany-portret-kota\/#breadcrumb"},"inLanguage":"pl-PL","potentialAction":[{"@type":"ReadAction","target":["https:\/\/positiveprints.com\/pl\/produkt\/personalizowany-portret-kota\/"]}]},{"@type":"ImageObject","inLanguage":"pl-PL","@id":"https:\/\/positiveprints.com\/pl\/produkt\/personalizowany-portret-kota\/#primaryimage","url":"https:\/\/positiveprints.com\/wp-content\/uploads\/2025\/08\/Packshot_PL_Personalizowany-portret-kota-1.webp","contentUrl":"https:\/\/positiveprints.com\/wp-content\/uploads\/2025\/08\/Packshot_PL_Personalizowany-portret-kota-1.webp","width":1450,"height":1450,"caption":"Packshot_PL_Personalizowany portret kota"},{"@type":"BreadcrumbList","@id":"https:\/\/positiveprints.com\/pl\/produkt\/personalizowany-portret-kota\/#breadcrumb","itemListElement":[{"@type":"ListItem","position":1,"name":"Home","item":"https:\/\/positiveprints.com\/pl\/"},{"@type":"ListItem","position":2,"name":"Produkty","item":"https:\/\/positiveprints.com\/pl\/shop\/"},{"@type":"ListItem","position":3,"name":"Personalizowany portret kota"}]},{"@type":"WebSite","@id":"https:\/\/positiveprints.com\/pl\/#website","url":"https:\/\/positiveprints.com\/pl\/","name":"Positive Prints","description":"Amazing Custom Personalized Gifts","publisher":{"@id":"https:\/\/positiveprints.com\/pl\/#organization"},"potentialAction":[{"@type":"SearchAction","target":{"@type":"EntryPoint","urlTemplate":"https:\/\/positiveprints.com\/pl\/?s={search_term_string}"},"query-input":{"@type":"PropertyValueSpecification","valueRequired":true,"valueName":"search_term_string"}}],"inLanguage":"pl-PL"},{"@type":"Organization","@id":"https:\/\/positiveprints.com\/pl\/#organization","name":"Positive Prints","alternateName":"Positive Prints","url":"https:\/\/positiveprints.com\/pl\/","logo":{"@type":"ImageObject","inLanguage":"pl-PL","@id":"https:\/\/positiveprints.com\/pl\/#\/schema\/logo\/image\/","url":"https:\/\/positiveprints.com\/wp-content\/uploads\/2026\/03\/245815646_1337939713319158_5671353136411139666_n.png","contentUrl":"https:\/\/positiveprints.com\/wp-content\/uploads\/2026\/03\/245815646_1337939713319158_5671353136411139666_n.png","width":800,"height":800,"caption":"Positive Prints"},"image":{"@id":"https:\/\/positiveprints.com\/pl\/#\/schema\/logo\/image\/"},"sameAs":["https:\/\/www.facebook.com\/positiveprintscom","https:\/\/www.instagram.com\/positiveprintscom\/","https:\/\/www.tiktok.com\/@positiveprintscom","https:\/\/www.pinterest.com\/positiveprintscom\/"]}]}},"jetpack_sharing_enabled":true,"_links":{"self":[{"href":"https:\/\/positiveprints.com\/pl\/wp-json\/wp\/v2\/product\/1486985","targetHints":{"allow":["GET"]}}],"collection":[{"href":"https:\/\/positiveprints.com\/pl\/wp-json\/wp\/v2\/product"}],"about":[{"href":"https:\/\/positiveprints.com\/pl\/wp-json\/wp\/v2\/types\/product"}],"wp:featuredmedia":[{"embeddable":true,"href":"https:\/\/positiveprints.com\/pl\/wp-json\/wp\/v2\/media\/1501339"}],"wp:attachment":[{"href":"https:\/\/positiveprints.com\/pl\/wp-json\/wp\/v2\/media?parent=1486985"}],"wp:term":[{"taxonomy":"product_brand","embeddable":true,"href":"https:\/\/positiveprints.com\/pl\/wp-json\/wp\/v2\/product_brand?post=1486985"},{"taxonomy":"product_cat","embeddable":true,"href":"https:\/\/positiveprints.com\/pl\/wp-json\/wp\/v2\/product_cat?post=1486985"},{"taxonomy":"product_tag","embeddable":true,"href":"https:\/\/positiveprints.com\/pl\/wp-json\/wp\/v2\/product_tag?post=1486985"}],"curies":[{"name":"wp","href":"https:\/\/api.w.org\/{rel}","templated":true}]}}