{"id":1484835,"date":"2025-08-04T13:18:57","date_gmt":"2025-08-04T11:18:57","guid":{"rendered":"https:\/\/positiveprints.com\/?post_type=product&#038;p=1484835"},"modified":"2026-04-12T19:22:38","modified_gmt":"2026-04-12T18:22:38","slug":"personalizowany-portret-psa","status":"publish","type":"product","link":"https:\/\/positiveprints.com\/pl\/produkt\/personalizowany-portret-psa\/","title":{"rendered":"Personalizowany portret psa"},"content":{"rendered":"","protected":false},"excerpt":{"rendered":"<ul class=\"check-list\">\n<li>Prze\u015blij zdj\u0119cie swojego pupila<\/li>\n<li>2 poprawki wliczone w cen\u0119<\/li>\n<li>Nasz artysta w programie graficznym stworzy akwarelowy portret z Twojego zdj\u0119cia<\/li>\n<li>Wst\u0119pny projekt otrzymasz w ci\u0105gu 2\u20133 dni roboczych<\/li>\n<li>Wybierz spo\u015br\u00f3d r\u00f3\u017cnych rozmiar\u00f3w wydruku<\/li>\n<\/ul>\n","protected":false},"featured_media":1503429,"template":"","meta":[],"product_brand":[],"product_cat":[8238,9182,9765,13594,99,262,3126,11209,11210,5271,11410,11411,11414,11406,11408,11409,15059,15037,11416,11404,11407,11403,11417,11412,11405,11415,11413,7898],"product_tag":[15631,14956,14958,13921,13919,13923,13925,13924],"class_list":{"0":"post-1484835","1":"product","2":"type-product","3":"status-publish","4":"has-post-thumbnail","6":"product_cat-digital-products-pl","7":"product_cat-line-art-pl","8":"product_cat-trending-label-pl","9":"product_cat-akwarela","10":"product_cat-wszystkie-produkty","11":"product_cat-creators-pl","12":"product_cat-prezent-na-urodziny","13":"product_cat-prezenty-urodzinowe-dla-niej","14":"product_cat-prezenty-urodzinowe-dla-niego","15":"product_cat-prezent-na-boze-narodzenie","16":"product_cat-prezenty-pod-choinke-dla-niej","17":"product_cat-prezenty-pod-choinke-dla-niego","18":"product_cat-prezenty-pod-choinke-dla-mamy","19":"product_cat-prezenty-pod-choinke-dla-taty","20":"product_cat-prezenty-pod-choinke-dla-babci","21":"product_cat-prezenty-pod-choinke-dla-dziadka","22":"product_cat-prezenty-pod-choinke-dla-rodziny","23":"product_cat-prezenty-pod-choinke-dla-przyjaciol","24":"product_cat-prezenty-pod-choinke-dla-siostry","25":"product_cat-prezenty-pod-choinke-dla-brata","26":"product_cat-prezenty-pod-choinke-dla-dziewczyny","27":"product_cat-prezenty-pod-choinke-dla-chlopaka","28":"product_cat-prezenty-pod-choinke-dla-zony","29":"product_cat-prezenty-pod-choinke-dla-meza","30":"product_cat-prezenty-pod-choinke-dla-wspolpracownikow","31":"product_cat-prezenty-pod-choinke-dla-rodzicow","32":"product_cat-prezenty-pod-choinke-dla-dzieci","33":"product_cat-prezent-dla-psiarza","34":"product_tag-animals-pl","35":"product_tag-creators-pl-2","36":"product_tag-custom-photo-pl","37":"product_tag-milosnik-psow","38":"product_tag-personalizowane-prezenty-dla-psa","39":"product_tag-prezenty-dla-psiej-mamy","40":"product_tag-prezenty-dla-wlascicieli-psow","41":"product_tag-wlasciciel-psa","43":"first","44":"instock","45":"sale","46":"taxable","47":"shipping-taxable","48":"purchasable","49":"product-type-variable"},"yoast_head":"<!-- This site is optimized with the Yoast SEO Premium plugin v27.2 (Yoast SEO v27.2) - https:\/\/yoast.com\/product\/yoast-seo-premium-wordpress\/ -->\n<title>Personalizowany portret psa - Positive Prints<\/title>\n<meta name=\"description\" content=\"Spersonalizowany portret psa ze zdj\u0119cia \u2013 wyj\u0105tkowy prezent dla w\u0142a\u015bcicieli zwierz\u0105t, kt\u00f3rzy chc\u0105 uhonorowa\u0107 swojego wiernego towarzysza.\" \/>\n<meta name=\"robots\" content=\"index, follow, max-snippet:-1, max-image-preview:large, max-video-preview:-1\" \/>\n<link rel=\"canonical\" href=\"https:\/\/positiveprints.com\/pl\/produkt\/personalizowany-portret-psa\/\" \/>\n<meta property=\"og:locale\" content=\"pl_PL\" \/>\n<meta property=\"og:type\" content=\"article\" \/>\n<meta property=\"og:title\" content=\"Personalizowany portret psa\" \/>\n<meta property=\"og:description\" content=\"Prze\u015blij zdj\u0119cie swojego pupila  2 poprawki wliczone w cen\u0119  Nasz artysta w programie graficznym stworzy akwarelowy portret z Twojego zdj\u0119cia  Wst\u0119pny projekt otrzymasz w ci\u0105gu 2\u20133 dni roboczych  Wybierz spo\u015br\u00f3d r\u00f3\u017cnych rozmiar\u00f3w wydruku\" \/>\n<meta property=\"og:url\" content=\"https:\/\/positiveprints.com\/pl\/produkt\/personalizowany-portret-psa\/\" \/>\n<meta property=\"og:site_name\" content=\"Positive Prints\" \/>\n<meta property=\"article:publisher\" content=\"https:\/\/www.facebook.com\/positiveprintscom\" \/>\n<meta property=\"article:modified_time\" content=\"2026-04-12T18:22:38+00:00\" \/>\n<meta property=\"og:image\" content=\"https:\/\/positiveprints.com\/wp-content\/uploads\/2025\/08\/Packshot_PL_Personalizowany-portret-psa-1.webp\" \/>\n\t<meta property=\"og:image:width\" content=\"1450\" \/>\n\t<meta property=\"og:image:height\" content=\"1450\" \/>\n\t<meta property=\"og:image:type\" content=\"image\/webp\" \/>\n<meta name=\"twitter:card\" content=\"summary_large_image\" \/>\n<meta name=\"twitter:label1\" content=\"Szacowany czas czytania\" \/>\n\t<meta name=\"twitter:data1\" content=\"1 minuta\" \/>\n<!-- \/ Yoast SEO Premium plugin. -->","yoast_head_json":{"title":"Personalizowany portret psa - Positive Prints","description":"Spersonalizowany portret psa ze zdj\u0119cia \u2013 wyj\u0105tkowy prezent dla w\u0142a\u015bcicieli zwierz\u0105t, kt\u00f3rzy chc\u0105 uhonorowa\u0107 swojego wiernego towarzysza.","robots":{"index":"index","follow":"follow","max-snippet":"max-snippet:-1","max-image-preview":"max-image-preview:large","max-video-preview":"max-video-preview:-1"},"canonical":"https:\/\/positiveprints.com\/pl\/produkt\/personalizowany-portret-psa\/","og_locale":"pl_PL","og_type":"article","og_title":"Personalizowany portret psa","og_description":"Prze\u015blij zdj\u0119cie swojego pupila  2 poprawki wliczone w cen\u0119  Nasz artysta w programie graficznym stworzy akwarelowy portret z Twojego zdj\u0119cia  Wst\u0119pny projekt otrzymasz w ci\u0105gu 2\u20133 dni roboczych  Wybierz spo\u015br\u00f3d r\u00f3\u017cnych rozmiar\u00f3w wydruku","og_url":"https:\/\/positiveprints.com\/pl\/produkt\/personalizowany-portret-psa\/","og_site_name":"Positive Prints","article_publisher":"https:\/\/www.facebook.com\/positiveprintscom","article_modified_time":"2026-04-12T18:22:38+00:00","og_image":[{"width":1450,"height":1450,"url":"https:\/\/positiveprints.com\/wp-content\/uploads\/2025\/08\/Packshot_PL_Personalizowany-portret-psa-1.webp","type":"image\/webp"}],"twitter_card":"summary_large_image","twitter_misc":{"Szacowany czas czytania":"1 minuta"},"schema":{"@context":"https:\/\/schema.org","@graph":[{"@type":["WebPage","ItemPage"],"@id":"https:\/\/positiveprints.com\/pl\/produkt\/personalizowany-portret-psa\/","url":"https:\/\/positiveprints.com\/pl\/produkt\/personalizowany-portret-psa\/","name":"Personalizowany portret psa - Positive Prints","isPartOf":{"@id":"https:\/\/positiveprints.com\/pl\/#website"},"primaryImageOfPage":{"@id":"https:\/\/positiveprints.com\/pl\/produkt\/personalizowany-portret-psa\/#primaryimage"},"image":{"@id":"https:\/\/positiveprints.com\/pl\/produkt\/personalizowany-portret-psa\/#primaryimage"},"thumbnailUrl":"https:\/\/positiveprints.com\/wp-content\/uploads\/2025\/08\/Packshot_PL_Personalizowany-portret-psa-1.webp","datePublished":"2025-08-04T11:18:57+00:00","dateModified":"2026-04-12T18:22:38+00:00","description":"Spersonalizowany portret psa ze zdj\u0119cia \u2013 wyj\u0105tkowy prezent dla w\u0142a\u015bcicieli zwierz\u0105t, kt\u00f3rzy chc\u0105 uhonorowa\u0107 swojego wiernego towarzysza.","breadcrumb":{"@id":"https:\/\/positiveprints.com\/pl\/produkt\/personalizowany-portret-psa\/#breadcrumb"},"inLanguage":"pl-PL","potentialAction":[{"@type":"ReadAction","target":["https:\/\/positiveprints.com\/pl\/produkt\/personalizowany-portret-psa\/"]}]},{"@type":"ImageObject","inLanguage":"pl-PL","@id":"https:\/\/positiveprints.com\/pl\/produkt\/personalizowany-portret-psa\/#primaryimage","url":"https:\/\/positiveprints.com\/wp-content\/uploads\/2025\/08\/Packshot_PL_Personalizowany-portret-psa-1.webp","contentUrl":"https:\/\/positiveprints.com\/wp-content\/uploads\/2025\/08\/Packshot_PL_Personalizowany-portret-psa-1.webp","width":1450,"height":1450,"caption":"Packshot_PL_Personalizowany portret psa"},{"@type":"BreadcrumbList","@id":"https:\/\/positiveprints.com\/pl\/produkt\/personalizowany-portret-psa\/#breadcrumb","itemListElement":[{"@type":"ListItem","position":1,"name":"Home","item":"https:\/\/positiveprints.com\/pl\/"},{"@type":"ListItem","position":2,"name":"Produkty","item":"https:\/\/positiveprints.com\/pl\/shop\/"},{"@type":"ListItem","position":3,"name":"Personalizowany portret psa"}]},{"@type":"WebSite","@id":"https:\/\/positiveprints.com\/pl\/#website","url":"https:\/\/positiveprints.com\/pl\/","name":"Positive Prints","description":"Amazing Custom Personalized Gifts","publisher":{"@id":"https:\/\/positiveprints.com\/pl\/#organization"},"potentialAction":[{"@type":"SearchAction","target":{"@type":"EntryPoint","urlTemplate":"https:\/\/positiveprints.com\/pl\/?s={search_term_string}"},"query-input":{"@type":"PropertyValueSpecification","valueRequired":true,"valueName":"search_term_string"}}],"inLanguage":"pl-PL"},{"@type":"Organization","@id":"https:\/\/positiveprints.com\/pl\/#organization","name":"Positive Prints","alternateName":"Positive Prints","url":"https:\/\/positiveprints.com\/pl\/","logo":{"@type":"ImageObject","inLanguage":"pl-PL","@id":"https:\/\/positiveprints.com\/pl\/#\/schema\/logo\/image\/","url":"https:\/\/positiveprints.com\/wp-content\/uploads\/2026\/03\/245815646_1337939713319158_5671353136411139666_n.png","contentUrl":"https:\/\/positiveprints.com\/wp-content\/uploads\/2026\/03\/245815646_1337939713319158_5671353136411139666_n.png","width":800,"height":800,"caption":"Positive Prints"},"image":{"@id":"https:\/\/positiveprints.com\/pl\/#\/schema\/logo\/image\/"},"sameAs":["https:\/\/www.facebook.com\/positiveprintscom","https:\/\/www.instagram.com\/positiveprintscom\/","https:\/\/www.tiktok.com\/@positiveprintscom","https:\/\/www.pinterest.com\/positiveprintscom\/"]}]}},"jetpack_sharing_enabled":true,"_links":{"self":[{"href":"https:\/\/positiveprints.com\/pl\/wp-json\/wp\/v2\/product\/1484835","targetHints":{"allow":["GET"]}}],"collection":[{"href":"https:\/\/positiveprints.com\/pl\/wp-json\/wp\/v2\/product"}],"about":[{"href":"https:\/\/positiveprints.com\/pl\/wp-json\/wp\/v2\/types\/product"}],"wp:featuredmedia":[{"embeddable":true,"href":"https:\/\/positiveprints.com\/pl\/wp-json\/wp\/v2\/media\/1503429"}],"wp:attachment":[{"href":"https:\/\/positiveprints.com\/pl\/wp-json\/wp\/v2\/media?parent=1484835"}],"wp:term":[{"taxonomy":"product_brand","embeddable":true,"href":"https:\/\/positiveprints.com\/pl\/wp-json\/wp\/v2\/product_brand?post=1484835"},{"taxonomy":"product_cat","embeddable":true,"href":"https:\/\/positiveprints.com\/pl\/wp-json\/wp\/v2\/product_cat?post=1484835"},{"taxonomy":"product_tag","embeddable":true,"href":"https:\/\/positiveprints.com\/pl\/wp-json\/wp\/v2\/product_tag?post=1484835"}],"curies":[{"name":"wp","href":"https:\/\/api.w.org\/{rel}","templated":true}]}}