{"id":1473546,"date":"2025-05-28T11:52:56","date_gmt":"2025-05-28T09:52:56","guid":{"rendered":"https:\/\/positiveprints.com\/product\/bonus-mom-definition-poster\/"},"modified":"2026-04-12T19:33:09","modified_gmt":"2026-04-12T18:33:09","slug":"bonusowa-mama-plakat-z-definicja","status":"publish","type":"product","link":"https:\/\/positiveprints.com\/pl\/produkt\/bonusowa-mama-plakat-z-definicja\/","title":{"rendered":"Bonusowa mama &#8211; Plakat z definicj\u0105"},"content":{"rendered":"","protected":false},"excerpt":{"rendered":"<ul class=\"check-list\">\n<li>Stw\u00f3rz swoj\u0105 w\u0142asn\u0105 definicj\u0119 lub wybierz jedn\u0105 z gotowych<\/li>\n<li>Dodaj swoje zdj\u0119cie<\/li>\n<li>Spersonalizuj w 3 prostych krokach<\/li>\n<li>Interaktywny podgl\u0105d pozwoli dopracowa\u0107 ka\u017cdy szczeg\u00f3\u0142<\/li>\n<\/ul>\n","protected":false},"featured_media":1437296,"template":"","meta":[],"product_brand":[],"product_cat":[9729,7706,7328,99],"product_tag":[12818,12620,13398,13397,13392,12618,13393,12619,8407,13394,13395,11819,13396,13399],"class_list":{"0":"post-1473546","1":"product","2":"type-product","3":"status-publish","4":"has-post-thumbnail","6":"product_cat-definicja","7":"product_cat-prezent-dla-mamy","8":"product_cat-prezenty-na-dzien-matki","9":"product_cat-wszystkie-produkty","10":"product_tag-bonus-mom-pl","11":"product_tag-dzien-matki","12":"product_tag-stepmother-pl","13":"product_tag-macocha","14":"product_tag-mam-pl","15":"product_tag-mama-pl","16":"product_tag-mammy-pl","17":"product_tag-mamusia","18":"product_tag-mother-pl","19":"product_tag-mum-pl","20":"product_tag-mummy-pl","21":"product_tag-prezenty-pod-choinke-dla-mamy","22":"product_tag-stepmam-pl","23":"product_tag-stepmum-pl","25":"first","26":"instock","27":"sale","28":"taxable","29":"shipping-taxable","30":"purchasable","31":"product-type-variable"},"yoast_head":"<!-- This site is optimized with the Yoast SEO Premium plugin v27.2 (Yoast SEO v27.2) - https:\/\/yoast.com\/product\/yoast-seo-premium-wordpress\/ -->\n<title>Bonusowa mama - Plakat z definicj\u0105 - Positive Prints<\/title>\n<meta name=\"description\" content=\"Szukasz wyj\u0105tkowego prezentu dla bonusowej mamy? Plakat z definicj\u0105 to ciep\u0142y i wzruszaj\u0105cy spos\u00f3b, by okaza\u0107 jej swoj\u0105 wdzi\u0119czno\u015b\u0107.\" \/>\n<meta name=\"robots\" content=\"index, follow, max-snippet:-1, max-image-preview:large, max-video-preview:-1\" \/>\n<link rel=\"canonical\" href=\"https:\/\/positiveprints.com\/pl\/produkt\/bonusowa-mama-plakat-z-definicja\/\" \/>\n<meta property=\"og:locale\" content=\"pl_PL\" \/>\n<meta property=\"og:type\" content=\"article\" \/>\n<meta property=\"og:title\" content=\"Bonusowa mama - Plakat z definicj\u0105\" \/>\n<meta property=\"og:description\" content=\"Stw\u00f3rz swoj\u0105 w\u0142asn\u0105 definicj\u0119 lub wybierz jedn\u0105 z gotowych  Dodaj swoje zdj\u0119cie  Spersonalizuj w 3 prostych krokach  Interaktywny podgl\u0105d pozwoli dopracowa\u0107 ka\u017cdy szczeg\u00f3\u0142\" \/>\n<meta property=\"og:url\" content=\"https:\/\/positiveprints.com\/pl\/produkt\/bonusowa-mama-plakat-z-definicja\/\" \/>\n<meta property=\"og:site_name\" content=\"Positive Prints\" \/>\n<meta property=\"article:publisher\" content=\"https:\/\/www.facebook.com\/positiveprintscom\" \/>\n<meta property=\"article:modified_time\" content=\"2026-04-12T18:33:09+00:00\" \/>\n<meta property=\"og:image\" content=\"https:\/\/positiveprints.com\/wp-content\/uploads\/2025\/05\/Bonusowa-mama-Plakat-z-definicja\u0328-1.webp\" \/>\n\t<meta property=\"og:image:width\" content=\"1450\" \/>\n\t<meta property=\"og:image:height\" content=\"1450\" \/>\n\t<meta property=\"og:image:type\" content=\"image\/webp\" \/>\n<meta name=\"twitter:card\" content=\"summary_large_image\" \/>\n<meta name=\"twitter:label1\" content=\"Szacowany czas czytania\" \/>\n\t<meta name=\"twitter:data1\" content=\"1 minuta\" \/>\n<!-- \/ Yoast SEO Premium plugin. -->","yoast_head_json":{"title":"Bonusowa mama - Plakat z definicj\u0105 - Positive Prints","description":"Szukasz wyj\u0105tkowego prezentu dla bonusowej mamy? Plakat z definicj\u0105 to ciep\u0142y i wzruszaj\u0105cy spos\u00f3b, by okaza\u0107 jej swoj\u0105 wdzi\u0119czno\u015b\u0107.","robots":{"index":"index","follow":"follow","max-snippet":"max-snippet:-1","max-image-preview":"max-image-preview:large","max-video-preview":"max-video-preview:-1"},"canonical":"https:\/\/positiveprints.com\/pl\/produkt\/bonusowa-mama-plakat-z-definicja\/","og_locale":"pl_PL","og_type":"article","og_title":"Bonusowa mama - Plakat z definicj\u0105","og_description":"Stw\u00f3rz swoj\u0105 w\u0142asn\u0105 definicj\u0119 lub wybierz jedn\u0105 z gotowych  Dodaj swoje zdj\u0119cie  Spersonalizuj w 3 prostych krokach  Interaktywny podgl\u0105d pozwoli dopracowa\u0107 ka\u017cdy szczeg\u00f3\u0142","og_url":"https:\/\/positiveprints.com\/pl\/produkt\/bonusowa-mama-plakat-z-definicja\/","og_site_name":"Positive Prints","article_publisher":"https:\/\/www.facebook.com\/positiveprintscom","article_modified_time":"2026-04-12T18:33:09+00:00","og_image":[{"width":1450,"height":1450,"url":"https:\/\/positiveprints.com\/wp-content\/uploads\/2025\/05\/Bonusowa-mama-Plakat-z-definicja\u0328-1.webp","type":"image\/webp"}],"twitter_card":"summary_large_image","twitter_misc":{"Szacowany czas czytania":"1 minuta"},"schema":{"@context":"https:\/\/schema.org","@graph":[{"@type":["WebPage","ItemPage"],"@id":"https:\/\/positiveprints.com\/pl\/produkt\/bonusowa-mama-plakat-z-definicja\/","url":"https:\/\/positiveprints.com\/pl\/produkt\/bonusowa-mama-plakat-z-definicja\/","name":"Bonusowa mama - Plakat z definicj\u0105 - Positive Prints","isPartOf":{"@id":"https:\/\/positiveprints.com\/pl\/#website"},"primaryImageOfPage":{"@id":"https:\/\/positiveprints.com\/pl\/produkt\/bonusowa-mama-plakat-z-definicja\/#primaryimage"},"image":{"@id":"https:\/\/positiveprints.com\/pl\/produkt\/bonusowa-mama-plakat-z-definicja\/#primaryimage"},"thumbnailUrl":"https:\/\/positiveprints.com\/wp-content\/uploads\/2025\/05\/Bonusowa-mama-Plakat-z-definicja\u0328-1.webp","datePublished":"2025-05-28T09:52:56+00:00","dateModified":"2026-04-12T18:33:09+00:00","description":"Szukasz wyj\u0105tkowego prezentu dla bonusowej mamy? Plakat z definicj\u0105 to ciep\u0142y i wzruszaj\u0105cy spos\u00f3b, by okaza\u0107 jej swoj\u0105 wdzi\u0119czno\u015b\u0107.","breadcrumb":{"@id":"https:\/\/positiveprints.com\/pl\/produkt\/bonusowa-mama-plakat-z-definicja\/#breadcrumb"},"inLanguage":"pl-PL","potentialAction":[{"@type":"ReadAction","target":["https:\/\/positiveprints.com\/pl\/produkt\/bonusowa-mama-plakat-z-definicja\/"]}]},{"@type":"ImageObject","inLanguage":"pl-PL","@id":"https:\/\/positiveprints.com\/pl\/produkt\/bonusowa-mama-plakat-z-definicja\/#primaryimage","url":"https:\/\/positiveprints.com\/wp-content\/uploads\/2025\/05\/Bonusowa-mama-Plakat-z-definicja\u0328-1.webp","contentUrl":"https:\/\/positiveprints.com\/wp-content\/uploads\/2025\/05\/Bonusowa-mama-Plakat-z-definicja\u0328-1.webp","width":1450,"height":1450},{"@type":"BreadcrumbList","@id":"https:\/\/positiveprints.com\/pl\/produkt\/bonusowa-mama-plakat-z-definicja\/#breadcrumb","itemListElement":[{"@type":"ListItem","position":1,"name":"Home","item":"https:\/\/positiveprints.com\/pl\/"},{"@type":"ListItem","position":2,"name":"Produkty","item":"https:\/\/positiveprints.com\/pl\/shop\/"},{"@type":"ListItem","position":3,"name":"Bonusowa mama &#8211; Plakat z definicj\u0105"}]},{"@type":"WebSite","@id":"https:\/\/positiveprints.com\/pl\/#website","url":"https:\/\/positiveprints.com\/pl\/","name":"Positive Prints","description":"Amazing Custom Personalized Gifts","publisher":{"@id":"https:\/\/positiveprints.com\/pl\/#organization"},"potentialAction":[{"@type":"SearchAction","target":{"@type":"EntryPoint","urlTemplate":"https:\/\/positiveprints.com\/pl\/?s={search_term_string}"},"query-input":{"@type":"PropertyValueSpecification","valueRequired":true,"valueName":"search_term_string"}}],"inLanguage":"pl-PL"},{"@type":"Organization","@id":"https:\/\/positiveprints.com\/pl\/#organization","name":"Positive Prints","alternateName":"Positive Prints","url":"https:\/\/positiveprints.com\/pl\/","logo":{"@type":"ImageObject","inLanguage":"pl-PL","@id":"https:\/\/positiveprints.com\/pl\/#\/schema\/logo\/image\/","url":"https:\/\/positiveprints.com\/wp-content\/uploads\/2026\/03\/245815646_1337939713319158_5671353136411139666_n.png","contentUrl":"https:\/\/positiveprints.com\/wp-content\/uploads\/2026\/03\/245815646_1337939713319158_5671353136411139666_n.png","width":800,"height":800,"caption":"Positive Prints"},"image":{"@id":"https:\/\/positiveprints.com\/pl\/#\/schema\/logo\/image\/"},"sameAs":["https:\/\/www.facebook.com\/positiveprintscom","https:\/\/www.instagram.com\/positiveprintscom\/","https:\/\/www.tiktok.com\/@positiveprintscom","https:\/\/www.pinterest.com\/positiveprintscom\/"]}]}},"jetpack_sharing_enabled":true,"_links":{"self":[{"href":"https:\/\/positiveprints.com\/pl\/wp-json\/wp\/v2\/product\/1473546","targetHints":{"allow":["GET"]}}],"collection":[{"href":"https:\/\/positiveprints.com\/pl\/wp-json\/wp\/v2\/product"}],"about":[{"href":"https:\/\/positiveprints.com\/pl\/wp-json\/wp\/v2\/types\/product"}],"wp:featuredmedia":[{"embeddable":true,"href":"https:\/\/positiveprints.com\/pl\/wp-json\/wp\/v2\/media\/1437296"}],"wp:attachment":[{"href":"https:\/\/positiveprints.com\/pl\/wp-json\/wp\/v2\/media?parent=1473546"}],"wp:term":[{"taxonomy":"product_brand","embeddable":true,"href":"https:\/\/positiveprints.com\/pl\/wp-json\/wp\/v2\/product_brand?post=1473546"},{"taxonomy":"product_cat","embeddable":true,"href":"https:\/\/positiveprints.com\/pl\/wp-json\/wp\/v2\/product_cat?post=1473546"},{"taxonomy":"product_tag","embeddable":true,"href":"https:\/\/positiveprints.com\/pl\/wp-json\/wp\/v2\/product_tag?post=1473546"}],"curies":[{"name":"wp","href":"https:\/\/api.w.org\/{rel}","templated":true}]}}