{"id":145290,"date":"2021-09-06T13:05:07","date_gmt":"2021-09-06T12:05:07","guid":{"rendered":"https:\/\/positiveprints.com\/?post_type=product&#038;p=145290"},"modified":"2026-04-18T08:04:51","modified_gmt":"2026-04-18T07:04:51","slug":"zanim-powiedzielismy-tak","status":"publish","type":"product","link":"https:\/\/positiveprints.com\/pl\/produkt\/zanim-powiedzielismy-tak\/","title":{"rendered":"Zanim Powiedzieli\u015bmy TAK!"},"content":{"rendered":"<p>Najpi\u0119kniejszy prezent z okazji \u015blubu to taki, kt\u00f3ry pokazuje ukochanej osobie, jak wiele dla Ciebie znaczy. Zam\u00f3w potr\u00f3jn\u0105 map\u0119 \u201cZanim Powiedzieli\u015bmy TAK!\u201d i podaruj swojej drugiej po\u0142\u00f3wce w dniu \u015blubu. <\/p>\r\n\r\n\r\n\r\n<h2 class=\"grenB f24 cblue\" style=\"margin-top: 3rem\">Czym jest potr\u00f3jna mapa \u201eZanim Powiedzieli\u015bmy TAK!\u201d?<\/h2>\r\n\r\n\r\n\r\n<p style=\"margin-top: 1rem\">Pierwsze spojrzenie i Wasze \u017cycie ju\u017c nigdy nie by\u0142o takie samo. Nadszed\u0142 moment, w kt\u00f3rym podj\u0119li\u015bcie decyzj\u0119, \u017ce reszt\u0119 dni chcecie sp\u0119dzi\u0107 razem. Potem nast\u0105pi\u0142y tygodnie, miesi\u0105ce, a mo\u017ce nawet lata przygotowa\u0144, kt\u00f3re zako\u0144czy\u0142y si\u0119 sakramentalnym TAK!<\/p>\r\n\r\n\r\n\r\n<p style=\"margin-top: 1rem\">Ka\u017cdy z kolejnych etap\u00f3w Waszego zwi\u0105zku mia\u0142 odpowiednie miejsce i czas. W\u0142a\u015bnie to chcemy pom\u00f3c Ci odtworzy\u0107 z pomoc\u0105 mapy \u201eZanim Powiedzieli\u015bmy TAK!\u201d. Zachowaj wspomnienia wspania\u0142ych chwil na ca\u0142e \u017cycie. <\/p>\r\n\r\n\r\n\r\n<p style=\"margin-top: 1rem\">\u201eZanim Powiedzieli\u015bmy TAK!\u201d to seria 3 map: mapa z miejscem Waszej pierwszej randki lub pierwszego spotkania, mapa z miejscem zar\u0119czyn oraz mapa z lokalizacj\u0105 miejsca, gdzie powiedzieli\u015bcie sobie TAK! Ka\u017cde z tych punkt\u00f3w na mapie ma dla Was wyj\u0105tkowe znaczenie i powinno by\u0107 utrwalone w nadzwyczajny spos\u00f3b. <\/p>\r\n\r\n\r\n\r\n<h2 class=\"grenB f24 cblue\" style=\"margin-top: 3rem\">Jak spersonalizowa\u0107 prezent \u015blubny?<\/h2> \r\n\r\n\r\n\r\n<p style=\"margin-top: 1rem\">Plakat \u201eZanim powiedzieli\u015bmy TAK\u201d to idealny prezent \u015blubny. Podaj najwa\u017cniejsze detale Waszej historii mi\u0142osnej, a my zamienimy je w minimalistyczn\u0105 map\u0119-plakat. <\/p>\r\n\r\n\r\n\r\n\r\n\r\n<h3 class=\"grenB f18 cblue\" style=\"margin-top: 3rem\">Krok 1: Wybierz wz\u00f3r<\/h3>\r\n\r\n\r\n\r\n<p style=\"margin-top: 1rem\">Plakat \u201cZanim powiedzieli\u015bmy TAK!\u201d mo\u017cna zaprojektowa\u0107 na r\u00f3\u017cne sposoby. Wybierz kszta\u0142t oraz kolory map i podziel si\u0119 Waszym szcz\u0119\u015bciem z ca\u0142ym \u015bwiatem! <\/p>\r\n\r\n\r\n\r\n\r\n\r\n<h3 class=\"grenB f18 cblue\" style=\"margin-top: 3rem\">Krok 2: Podaj szczeg\u00f3\u0142y<\/h3>\r\n\r\n\r\n\r\n<p style=\"margin-top: 1rem\">Spersonalizuj plakat, do\u0142\u0105czaj\u0105c dedykacj\u0119, s\u0142owa ulubionej piosenki lub wzruszaj\u0105cy cytat. Wpisz dok\u0142adne adresy i zaznacz wybrane miejsca specjalnymi symbolami! <\/p>\r\n\r\n\r\n\r\n\r\n\r\n\r\n\r\n<h3 class=\"grenB f18 cblue\" style=\"margin-top: 3rem\">Krok 3: Wybierz spos\u00f3b dostawy<\/h3>\r\n\r\n\r\n\r\n<p style=\"margin-top: 1rem\">Positive Prints oferuje r\u00f3\u017cne opcje dostawy. Je\u015bli zale\u017cy Ci na profesjonalnym wydruku postaw na wysy\u0142k\u0119 i zam\u00f3w plakat drukowany, plakat w ramie lub wydruk na p\u0142\u00f3tnie. Je\u015bli goni Ci\u0119 czas, wybierz plik w wersji cyfrowej, kt\u00f3ry zostanie dostarczony na Twoj\u0105 skrzynk\u0119 mailow\u0105 tu\u017c po op\u0142aceniu zam\u00f3wienia. Wystarczy uda\u0107 si\u0119 do najbli\u017cszego punktu druku, aby cieszy\u0107 si\u0119 plakatem jeszcze tego samego dnia. \r\n\r\n<\/p>\r\n\r\n\r\n\r\n\r\n\r\n<h2 class=\"grenB f24 cblue\" style=\"margin-top: 3rem\">Poka\u017c \u015bwiatu plakat \u201eZanim powiedzieli\u015bmy TAK!\u201d<\/h2>\r\n\r\n\r\n\r\n<p style=\"margin-top: 1rem\">Plakat \u201eZanim powiedzieli\u015bmy TAK!\u201d to rewelacyjny pomys\u0142 na prezent z okazji \u015blubu. Je\u015bli chcesz by\u0107 wyj\u0105tkowo kreatywny, zam\u00f3w potr\u00f3jn\u0105 map\u0119 i wyeksponuj w sali weselnej. Go\u015bcie z pewno\u015bci\u0105 nie przejd\u0105 obok niej oboj\u0119tnie!<\/p>\r\n\r\n\r\n\r\n<h2 class=\"grenB f24 cblue\" style=\"margin-top: 3rem\">Zam\u00f3w personalizowany plakat jeszcze dzi\u015b!<\/h2>\r\n\r\n\r\n\r\n<p style=\"margin-top: 1rem\">Gotowy na zaprojektowanie swojej mapy? U\u017cyj prostego narz\u0119dzia do edycji, dost\u0119pnego na Positive Prints! Zaskocz ukochan\u0105 osob\u0119 i zam\u00f3w plakat specjalnie z my\u015bl\u0105 o niej!<\/p>","protected":false},"excerpt":{"rendered":"<ul class=\"check-list\">\n<li>Wyr\u00f3\u017cnij szczeg\u00f3lne lokalizacje za pomoc\u0105 symbolu<\/li>\n<li>Spersonalizuj w 3 prostych krokach<\/li>\n<li>Dodaj dedykacj\u0119 prosto z serca<\/li>\n<li>Interaktywny podgl\u0105d pozwoli dopracowa\u0107 ka\u017cdy szczeg\u00f3\u0142<\/li>\n<\/ul>\n","protected":false},"featured_media":1240775,"template":"","meta":[],"product_brand":[],"product_cat":[15849,9279,8190,8206,9765,5333,11186,11184,11185,3125,7929,5271,11410,11411,11417,11412,8010,7643,7690,7753,7802,7225,3120,11239,11240],"product_tag":[15521,11817,11816,11815,11813,16280,8482],"class_list":{"0":"post-145290","1":"product","2":"type-product","3":"status-publish","4":"has-post-thumbnail","6":"product_cat-shop-bestsellers-pl","7":"product_cat-bestsellers-label-pl","8":"product_cat-dla-niej","9":"product_cat-dla-niego","10":"product_cat-trending-label-pl","11":"product_cat-prezent-na-rocznice","12":"product_cat-prezenty-na-rocznice-dla-pary","13":"product_cat-prezenty-na-rocznice-dla-niej","14":"product_cat-prezenty-na-rocznice-dla-niego","15":"product_cat-prezent-na-slub","16":"product_cat-prezent-na-wieczor-panienski","17":"product_cat-prezent-na-boze-narodzenie","18":"product_cat-prezenty-pod-choinke-dla-niej","19":"product_cat-prezenty-pod-choinke-dla-niego","20":"product_cat-prezenty-pod-choinke-dla-zony","21":"product_cat-prezenty-pod-choinke-dla-meza","22":"product_cat-prezent-dla-mezczyzny","23":"product_cat-prezent-dla-meza","24":"product_cat-prezent-dla-kobiety","25":"product_cat-prezent-dla-zony","26":"product_cat-prezent-dla-pary","27":"product_cat-triple-maps-pl","28":"product_cat-prezent-na-walentynki","29":"product_cat-prezenty-na-walentynki-dla-niej","30":"product_cat-prezenty-na-walentynki-dla-niego","31":"product_tag-nasza-historia-milosna","32":"product_tag-prezenty-pod-choinke-dla-meza","33":"product_tag-prezenty-pod-choinke-dla-niego","34":"product_tag-prezenty-pod-choinke-dla-niej","35":"product_tag-prezenty-pod-choinke-dla-zony","36":"product_tag-wedding-pl-2","37":"product_tag-wedding-pl","39":"first","40":"instock","41":"sale","42":"taxable","43":"shipping-taxable","44":"purchasable","45":"product-type-variable"},"yoast_head":"<!-- This site is optimized with the Yoast SEO Premium plugin v27.2 (Yoast SEO v27.2) - https:\/\/yoast.com\/product\/yoast-seo-premium-wordpress\/ -->\n<title>Zanim Powiedzieli\u015bmy TAK! - Personalizowany Plakat - Positive Prints<\/title>\n<meta name=\"description\" content=\"Najpi\u0119kniejszy prezent z okazji \u015blubu to taki, kt\u00f3ry pokazuje ukochanej osobie, jak wiele dla Ciebie znaczy. Zam\u00f3w potr\u00f3jn\u0105 map\u0119 \u201cZanim Powiedzieli\u015bmy TAK!\u201d i podaruj swojej drugiej po\u0142\u00f3wce w dniu \u015blubu.\" \/>\n<meta name=\"robots\" content=\"index, follow, max-snippet:-1, max-image-preview:large, max-video-preview:-1\" \/>\n<link rel=\"canonical\" href=\"https:\/\/positiveprints.com\/pl\/produkt\/zanim-powiedzielismy-tak\/\" \/>\n<meta property=\"og:locale\" content=\"pl_PL\" \/>\n<meta property=\"og:type\" content=\"article\" \/>\n<meta property=\"og:title\" content=\"Zanim Powiedzieli\u015bmy TAK!\" \/>\n<meta property=\"og:description\" content=\"Wyr\u00f3\u017cnij szczeg\u00f3lne lokalizacje za pomoc\u0105 symbolu  Spersonalizuj w 3 prostych krokach  Dodaj dedykacj\u0119 prosto z serca  Interaktywny podgl\u0105d pozwoli dopracowa\u0107 ka\u017cdy szczeg\u00f3\u0142\" \/>\n<meta property=\"og:url\" content=\"https:\/\/positiveprints.com\/pl\/produkt\/zanim-powiedzielismy-tak\/\" \/>\n<meta property=\"og:site_name\" content=\"Positive Prints\" \/>\n<meta property=\"article:publisher\" content=\"https:\/\/www.facebook.com\/positiveprintscom\" \/>\n<meta property=\"article:modified_time\" content=\"2026-04-18T07:04:51+00:00\" \/>\n<meta property=\"og:image\" content=\"https:\/\/positiveprints.com\/wp-content\/uploads\/2024\/10\/Packshot_PL_Hello-WIll-you-I-do-product-image.webp\" \/>\n\t<meta property=\"og:image:width\" content=\"1450\" \/>\n\t<meta property=\"og:image:height\" content=\"1450\" \/>\n\t<meta property=\"og:image:type\" content=\"image\/webp\" \/>\n<meta name=\"twitter:card\" content=\"summary_large_image\" \/>\n<meta name=\"twitter:label1\" content=\"Szacowany czas czytania\" \/>\n\t<meta name=\"twitter:data1\" content=\"2 minuty\" \/>\n<!-- \/ Yoast SEO Premium plugin. -->","yoast_head_json":{"title":"Zanim Powiedzieli\u015bmy TAK! - Personalizowany Plakat - Positive Prints","description":"Najpi\u0119kniejszy prezent z okazji \u015blubu to taki, kt\u00f3ry pokazuje ukochanej osobie, jak wiele dla Ciebie znaczy. Zam\u00f3w potr\u00f3jn\u0105 map\u0119 \u201cZanim Powiedzieli\u015bmy TAK!\u201d i podaruj swojej drugiej po\u0142\u00f3wce w dniu \u015blubu.","robots":{"index":"index","follow":"follow","max-snippet":"max-snippet:-1","max-image-preview":"max-image-preview:large","max-video-preview":"max-video-preview:-1"},"canonical":"https:\/\/positiveprints.com\/pl\/produkt\/zanim-powiedzielismy-tak\/","og_locale":"pl_PL","og_type":"article","og_title":"Zanim Powiedzieli\u015bmy TAK!","og_description":"Wyr\u00f3\u017cnij szczeg\u00f3lne lokalizacje za pomoc\u0105 symbolu  Spersonalizuj w 3 prostych krokach  Dodaj dedykacj\u0119 prosto z serca  Interaktywny podgl\u0105d pozwoli dopracowa\u0107 ka\u017cdy szczeg\u00f3\u0142","og_url":"https:\/\/positiveprints.com\/pl\/produkt\/zanim-powiedzielismy-tak\/","og_site_name":"Positive Prints","article_publisher":"https:\/\/www.facebook.com\/positiveprintscom","article_modified_time":"2026-04-18T07:04:51+00:00","og_image":[{"width":1450,"height":1450,"url":"https:\/\/positiveprints.com\/wp-content\/uploads\/2024\/10\/Packshot_PL_Hello-WIll-you-I-do-product-image.webp","type":"image\/webp"}],"twitter_card":"summary_large_image","twitter_misc":{"Szacowany czas czytania":"2 minuty"},"schema":{"@context":"https:\/\/schema.org","@graph":[{"@type":["WebPage","ItemPage"],"@id":"https:\/\/positiveprints.com\/pl\/produkt\/zanim-powiedzielismy-tak\/","url":"https:\/\/positiveprints.com\/pl\/produkt\/zanim-powiedzielismy-tak\/","name":"Zanim Powiedzieli\u015bmy TAK! - Personalizowany Plakat - Positive Prints","isPartOf":{"@id":"https:\/\/positiveprints.com\/pl\/#website"},"primaryImageOfPage":{"@id":"https:\/\/positiveprints.com\/pl\/produkt\/zanim-powiedzielismy-tak\/#primaryimage"},"image":{"@id":"https:\/\/positiveprints.com\/pl\/produkt\/zanim-powiedzielismy-tak\/#primaryimage"},"thumbnailUrl":"https:\/\/positiveprints.com\/wp-content\/uploads\/2024\/10\/Packshot_PL_Hello-WIll-you-I-do-product-image.webp","datePublished":"2021-09-06T12:05:07+00:00","dateModified":"2026-04-18T07:04:51+00:00","description":"Najpi\u0119kniejszy prezent z okazji \u015blubu to taki, kt\u00f3ry pokazuje ukochanej osobie, jak wiele dla Ciebie znaczy. Zam\u00f3w potr\u00f3jn\u0105 map\u0119 \u201cZanim Powiedzieli\u015bmy TAK!\u201d i podaruj swojej drugiej po\u0142\u00f3wce w dniu \u015blubu.","breadcrumb":{"@id":"https:\/\/positiveprints.com\/pl\/produkt\/zanim-powiedzielismy-tak\/#breadcrumb"},"inLanguage":"pl-PL","potentialAction":[{"@type":"ReadAction","target":["https:\/\/positiveprints.com\/pl\/produkt\/zanim-powiedzielismy-tak\/"]}]},{"@type":"ImageObject","inLanguage":"pl-PL","@id":"https:\/\/positiveprints.com\/pl\/produkt\/zanim-powiedzielismy-tak\/#primaryimage","url":"https:\/\/positiveprints.com\/wp-content\/uploads\/2024\/10\/Packshot_PL_Hello-WIll-you-I-do-product-image.webp","contentUrl":"https:\/\/positiveprints.com\/wp-content\/uploads\/2024\/10\/Packshot_PL_Hello-WIll-you-I-do-product-image.webp","width":1450,"height":1450},{"@type":"BreadcrumbList","@id":"https:\/\/positiveprints.com\/pl\/produkt\/zanim-powiedzielismy-tak\/#breadcrumb","itemListElement":[{"@type":"ListItem","position":1,"name":"Home","item":"https:\/\/positiveprints.com\/pl\/"},{"@type":"ListItem","position":2,"name":"Produkty","item":"https:\/\/positiveprints.com\/pl\/shop\/"},{"@type":"ListItem","position":3,"name":"Zanim Powiedzieli\u015bmy TAK!"}]},{"@type":"WebSite","@id":"https:\/\/positiveprints.com\/pl\/#website","url":"https:\/\/positiveprints.com\/pl\/","name":"Positive Prints","description":"Amazing Custom Personalized Gifts","publisher":{"@id":"https:\/\/positiveprints.com\/pl\/#organization"},"potentialAction":[{"@type":"SearchAction","target":{"@type":"EntryPoint","urlTemplate":"https:\/\/positiveprints.com\/pl\/?s={search_term_string}"},"query-input":{"@type":"PropertyValueSpecification","valueRequired":true,"valueName":"search_term_string"}}],"inLanguage":"pl-PL"},{"@type":"Organization","@id":"https:\/\/positiveprints.com\/pl\/#organization","name":"Positive Prints","alternateName":"Positive Prints","url":"https:\/\/positiveprints.com\/pl\/","logo":{"@type":"ImageObject","inLanguage":"pl-PL","@id":"https:\/\/positiveprints.com\/pl\/#\/schema\/logo\/image\/","url":"https:\/\/positiveprints.com\/wp-content\/uploads\/2026\/03\/245815646_1337939713319158_5671353136411139666_n.png","contentUrl":"https:\/\/positiveprints.com\/wp-content\/uploads\/2026\/03\/245815646_1337939713319158_5671353136411139666_n.png","width":800,"height":800,"caption":"Positive Prints"},"image":{"@id":"https:\/\/positiveprints.com\/pl\/#\/schema\/logo\/image\/"},"sameAs":["https:\/\/www.facebook.com\/positiveprintscom","https:\/\/www.instagram.com\/positiveprintscom\/","https:\/\/www.tiktok.com\/@positiveprintscom","https:\/\/www.pinterest.com\/positiveprintscom\/"]}]}},"jetpack_sharing_enabled":true,"_links":{"self":[{"href":"https:\/\/positiveprints.com\/pl\/wp-json\/wp\/v2\/product\/145290","targetHints":{"allow":["GET"]}}],"collection":[{"href":"https:\/\/positiveprints.com\/pl\/wp-json\/wp\/v2\/product"}],"about":[{"href":"https:\/\/positiveprints.com\/pl\/wp-json\/wp\/v2\/types\/product"}],"wp:featuredmedia":[{"embeddable":true,"href":"https:\/\/positiveprints.com\/pl\/wp-json\/wp\/v2\/media\/1240775"}],"wp:attachment":[{"href":"https:\/\/positiveprints.com\/pl\/wp-json\/wp\/v2\/media?parent=145290"}],"wp:term":[{"taxonomy":"product_brand","embeddable":true,"href":"https:\/\/positiveprints.com\/pl\/wp-json\/wp\/v2\/product_brand?post=145290"},{"taxonomy":"product_cat","embeddable":true,"href":"https:\/\/positiveprints.com\/pl\/wp-json\/wp\/v2\/product_cat?post=145290"},{"taxonomy":"product_tag","embeddable":true,"href":"https:\/\/positiveprints.com\/pl\/wp-json\/wp\/v2\/product_tag?post=145290"}],"curies":[{"name":"wp","href":"https:\/\/api.w.org\/{rel}","templated":true}]}}