{"id":1449424,"date":"2025-06-11T10:06:42","date_gmt":"2025-06-11T08:06:42","guid":{"rendered":"https:\/\/positiveprints.com\/?post_type=product&#038;p=1449424"},"modified":"2026-05-03T16:50:29","modified_gmt":"2026-05-03T15:50:29","slug":"twoje-gwiazdy-mamo","status":"publish","type":"product","link":"https:\/\/positiveprints.com\/pl\/produkt\/twoje-gwiazdy-mamo\/","title":{"rendered":"Twoje gwiazdy, Mamo"},"content":{"rendered":"","protected":false},"excerpt":{"rendered":"<ul class=\"check-list\">\n<li>Dodaj gwiazdozbiory i Drog\u0119 Mleczn\u0105, aby nada\u0107 mapie g\u0142\u0119bi <\/li>\n<li>Spersonalizuj w 3 prostych krokach<\/li>\n<li>Dodaj dedykacj\u0119 prosto z serca<\/li>\n<li>Interaktywny podgl\u0105d pozwoli dopracowa\u0107 ka\u017cdy szczeg\u00f3\u0142<\/li>\n<\/ul>\n","protected":false},"featured_media":1450287,"template":"","meta":[],"product_brand":[],"product_cat":[13014,99,7328,5271,11414,7706],"product_tag":[12620,13392,12618,13393,12619,8407,13394,13395,11819],"class_list":{"0":"post-1449424","1":"product","2":"type-product","3":"status-publish","4":"has-post-thumbnail","6":"product_cat-double-stars-with-photo-pl","7":"product_cat-wszystkie-produkty","8":"product_cat-prezenty-na-dzien-matki","9":"product_cat-prezent-na-boze-narodzenie","10":"product_cat-prezenty-pod-choinke-dla-mamy","11":"product_cat-prezent-dla-mamy","12":"product_tag-dzien-matki","13":"product_tag-mam-pl","14":"product_tag-mama-pl","15":"product_tag-mammy-pl","16":"product_tag-mamusia","17":"product_tag-mother-pl","18":"product_tag-mum-pl","19":"product_tag-mummy-pl","20":"product_tag-prezenty-pod-choinke-dla-mamy","22":"first","23":"instock","24":"sale","25":"taxable","26":"shipping-taxable","27":"purchasable","28":"product-type-variable"},"yoast_head":"<!-- This site is optimized with the Yoast SEO Premium plugin v27.2 (Yoast SEO v27.2) - https:\/\/yoast.com\/product\/yoast-seo-premium-wordpress\/ -->\n<title>Twoje gwiazdy, Mamo - Positive Prints<\/title>\n<meta name=\"description\" content=\"Podaruj Mamie wyj\u0105tkowy prezent \u2013 mapa gwiazd dzieci i wsp\u00f3lne zdj\u0119cie. Uroczy spos\u00f3b na okazanie mi\u0142o\u015bci i stworzenie niezapomnianej pami\u0105tki.\" \/>\n<meta name=\"robots\" content=\"index, follow, max-snippet:-1, max-image-preview:large, max-video-preview:-1\" \/>\n<link rel=\"canonical\" href=\"https:\/\/positiveprints.com\/pl\/produkt\/twoje-gwiazdy-mamo\/\" \/>\n<meta property=\"og:locale\" content=\"pl_PL\" \/>\n<meta property=\"og:type\" content=\"article\" \/>\n<meta property=\"og:title\" content=\"Twoje gwiazdy, Mamo\" \/>\n<meta property=\"og:description\" content=\"Dodaj gwiazdozbiory i Drog\u0119 Mleczn\u0105, aby nada\u0107 mapie g\u0142\u0119bi  Spersonalizuj w 3 prostych krokach Dodaj dedykacj\u0119 prosto z serca Interaktywny podgl\u0105d pozwoli dopracowa\u0107 ka\u017cdy szczeg\u00f3\u0142\" \/>\n<meta property=\"og:url\" content=\"https:\/\/positiveprints.com\/pl\/produkt\/twoje-gwiazdy-mamo\/\" \/>\n<meta property=\"og:site_name\" content=\"Positive Prints\" \/>\n<meta property=\"article:publisher\" content=\"https:\/\/www.facebook.com\/positiveprintscom\" \/>\n<meta property=\"article:modified_time\" content=\"2026-05-03T15:50:29+00:00\" \/>\n<meta property=\"og:image\" content=\"https:\/\/positiveprints.com\/wp-content\/uploads\/2025\/06\/PL-Packshot-Twoje-gwiazdy-Mamo.webp\" \/>\n\t<meta property=\"og:image:width\" content=\"1450\" \/>\n\t<meta property=\"og:image:height\" content=\"1450\" \/>\n\t<meta property=\"og:image:type\" content=\"image\/webp\" \/>\n<meta name=\"twitter:card\" content=\"summary_large_image\" \/>\n<!-- \/ Yoast SEO Premium plugin. -->","yoast_head_json":{"title":"Twoje gwiazdy, Mamo - Positive Prints","description":"Podaruj Mamie wyj\u0105tkowy prezent \u2013 mapa gwiazd dzieci i wsp\u00f3lne zdj\u0119cie. Uroczy spos\u00f3b na okazanie mi\u0142o\u015bci i stworzenie niezapomnianej pami\u0105tki.","robots":{"index":"index","follow":"follow","max-snippet":"max-snippet:-1","max-image-preview":"max-image-preview:large","max-video-preview":"max-video-preview:-1"},"canonical":"https:\/\/positiveprints.com\/pl\/produkt\/twoje-gwiazdy-mamo\/","og_locale":"pl_PL","og_type":"article","og_title":"Twoje gwiazdy, Mamo","og_description":"Dodaj gwiazdozbiory i Drog\u0119 Mleczn\u0105, aby nada\u0107 mapie g\u0142\u0119bi  Spersonalizuj w 3 prostych krokach Dodaj dedykacj\u0119 prosto z serca Interaktywny podgl\u0105d pozwoli dopracowa\u0107 ka\u017cdy szczeg\u00f3\u0142","og_url":"https:\/\/positiveprints.com\/pl\/produkt\/twoje-gwiazdy-mamo\/","og_site_name":"Positive Prints","article_publisher":"https:\/\/www.facebook.com\/positiveprintscom","article_modified_time":"2026-05-03T15:50:29+00:00","og_image":[{"width":1450,"height":1450,"url":"https:\/\/positiveprints.com\/wp-content\/uploads\/2025\/06\/PL-Packshot-Twoje-gwiazdy-Mamo.webp","type":"image\/webp"}],"twitter_card":"summary_large_image","schema":{"@context":"https:\/\/schema.org","@graph":[{"@type":["WebPage","ItemPage"],"@id":"https:\/\/positiveprints.com\/pl\/produkt\/twoje-gwiazdy-mamo\/","url":"https:\/\/positiveprints.com\/pl\/produkt\/twoje-gwiazdy-mamo\/","name":"Twoje gwiazdy, Mamo - Positive Prints","isPartOf":{"@id":"https:\/\/positiveprints.com\/pl\/#website"},"primaryImageOfPage":{"@id":"https:\/\/positiveprints.com\/pl\/produkt\/twoje-gwiazdy-mamo\/#primaryimage"},"image":{"@id":"https:\/\/positiveprints.com\/pl\/produkt\/twoje-gwiazdy-mamo\/#primaryimage"},"thumbnailUrl":"https:\/\/positiveprints.com\/wp-content\/uploads\/2025\/06\/PL-Packshot-Twoje-gwiazdy-Mamo.webp","datePublished":"2025-06-11T08:06:42+00:00","dateModified":"2026-05-03T15:50:29+00:00","description":"Podaruj Mamie wyj\u0105tkowy prezent \u2013 mapa gwiazd dzieci i wsp\u00f3lne zdj\u0119cie. Uroczy spos\u00f3b na okazanie mi\u0142o\u015bci i stworzenie niezapomnianej pami\u0105tki.","breadcrumb":{"@id":"https:\/\/positiveprints.com\/pl\/produkt\/twoje-gwiazdy-mamo\/#breadcrumb"},"inLanguage":"pl-PL","potentialAction":[{"@type":"ReadAction","target":["https:\/\/positiveprints.com\/pl\/produkt\/twoje-gwiazdy-mamo\/"]}]},{"@type":"ImageObject","inLanguage":"pl-PL","@id":"https:\/\/positiveprints.com\/pl\/produkt\/twoje-gwiazdy-mamo\/#primaryimage","url":"https:\/\/positiveprints.com\/wp-content\/uploads\/2025\/06\/PL-Packshot-Twoje-gwiazdy-Mamo.webp","contentUrl":"https:\/\/positiveprints.com\/wp-content\/uploads\/2025\/06\/PL-Packshot-Twoje-gwiazdy-Mamo.webp","width":1450,"height":1450},{"@type":"BreadcrumbList","@id":"https:\/\/positiveprints.com\/pl\/produkt\/twoje-gwiazdy-mamo\/#breadcrumb","itemListElement":[{"@type":"ListItem","position":1,"name":"Home","item":"https:\/\/positiveprints.com\/pl\/"},{"@type":"ListItem","position":2,"name":"Produkty","item":"https:\/\/positiveprints.com\/pl\/shop\/"},{"@type":"ListItem","position":3,"name":"Twoje gwiazdy, Mamo"}]},{"@type":"WebSite","@id":"https:\/\/positiveprints.com\/pl\/#website","url":"https:\/\/positiveprints.com\/pl\/","name":"Positive Prints","description":"Amazing Custom Personalized Gifts","publisher":{"@id":"https:\/\/positiveprints.com\/pl\/#organization"},"potentialAction":[{"@type":"SearchAction","target":{"@type":"EntryPoint","urlTemplate":"https:\/\/positiveprints.com\/pl\/?s={search_term_string}"},"query-input":{"@type":"PropertyValueSpecification","valueRequired":true,"valueName":"search_term_string"}}],"inLanguage":"pl-PL"},{"@type":"Organization","@id":"https:\/\/positiveprints.com\/pl\/#organization","name":"Positive Prints","alternateName":"Positive Prints","url":"https:\/\/positiveprints.com\/pl\/","logo":{"@type":"ImageObject","inLanguage":"pl-PL","@id":"https:\/\/positiveprints.com\/pl\/#\/schema\/logo\/image\/","url":"https:\/\/positiveprints.com\/wp-content\/uploads\/2026\/03\/245815646_1337939713319158_5671353136411139666_n.png","contentUrl":"https:\/\/positiveprints.com\/wp-content\/uploads\/2026\/03\/245815646_1337939713319158_5671353136411139666_n.png","width":800,"height":800,"caption":"Positive Prints"},"image":{"@id":"https:\/\/positiveprints.com\/pl\/#\/schema\/logo\/image\/"},"sameAs":["https:\/\/www.facebook.com\/positiveprintscom","https:\/\/www.instagram.com\/positiveprintscom\/","https:\/\/www.tiktok.com\/@positiveprintscom","https:\/\/www.pinterest.com\/positiveprintscom\/"]}]}},"jetpack_sharing_enabled":true,"_links":{"self":[{"href":"https:\/\/positiveprints.com\/pl\/wp-json\/wp\/v2\/product\/1449424","targetHints":{"allow":["GET"]}}],"collection":[{"href":"https:\/\/positiveprints.com\/pl\/wp-json\/wp\/v2\/product"}],"about":[{"href":"https:\/\/positiveprints.com\/pl\/wp-json\/wp\/v2\/types\/product"}],"wp:featuredmedia":[{"embeddable":true,"href":"https:\/\/positiveprints.com\/pl\/wp-json\/wp\/v2\/media\/1450287"}],"wp:attachment":[{"href":"https:\/\/positiveprints.com\/pl\/wp-json\/wp\/v2\/media?parent=1449424"}],"wp:term":[{"taxonomy":"product_brand","embeddable":true,"href":"https:\/\/positiveprints.com\/pl\/wp-json\/wp\/v2\/product_brand?post=1449424"},{"taxonomy":"product_cat","embeddable":true,"href":"https:\/\/positiveprints.com\/pl\/wp-json\/wp\/v2\/product_cat?post=1449424"},{"taxonomy":"product_tag","embeddable":true,"href":"https:\/\/positiveprints.com\/pl\/wp-json\/wp\/v2\/product_tag?post=1449424"}],"curies":[{"name":"wp","href":"https:\/\/api.w.org\/{rel}","templated":true}]}}