{"id":1445189,"date":"2025-06-06T12:39:56","date_gmt":"2025-06-06T10:39:56","guid":{"rendered":"https:\/\/positiveprints.com\/?post_type=product&#038;p=1445189"},"modified":"2026-04-28T13:24:06","modified_gmt":"2026-04-28T12:24:06","slug":"na-zawsze-w-naszej-pamieci-plakat-z-tekstem-piosenki","status":"publish","type":"product","link":"https:\/\/positiveprints.com\/pl\/produkt\/na-zawsze-w-naszej-pamieci-plakat-z-tekstem-piosenki\/","title":{"rendered":"Na zawsze w naszej pami\u0119ci &#8211; Plakat z tekstem piosenki"},"content":{"rendered":"","protected":false},"excerpt":{"rendered":"<ul class=\"check-list\">\n<li>Spersonalizuj dodaj\u0105c tekst piosenki lub w\u0142asne s\u0142owa<\/li>\n<li>Wgraj zdj\u0119cie, kt\u00f3re nada projektowi indywidualny styl<\/li>\n<li>Uzupe\u0142nij o imiona, daty lub wyj\u0105tkow\u0105 dedykacj\u0119<\/li>\n<li>Stw\u00f3rz gotowy projekt w 2 minuty<\/li>\n<li>Podgl\u0105d na \u017cywo pozwala dopracowa\u0107 ka\u017cdy detal<\/li>\n<\/ul>\n","protected":false},"featured_media":1445500,"template":"","meta":[],"product_brand":[],"product_cat":[12142,7993,99],"product_tag":[15370,15371,15372,15373,15374,12095,15375,15376,15377,12068,12069],"class_list":{"0":"post-1445189","1":"product","2":"type-product","3":"status-publish","4":"has-post-thumbnail","6":"product_cat-lyrics-pl","7":"product_cat-smierc-bliskiej-osoby","8":"product_cat-wszystkie-produkty","9":"product_tag-condolence-gift-pl","10":"product_tag-condolence-gifts-pl","11":"product_tag-grief-support-gift-pl","12":"product_tag-memorial-pl","13":"product_tag-memorial-gift-pl","14":"product_tag-piosenka","15":"product_tag-remembrance-gift-pl","16":"product_tag-sympathy-gift-pl","17":"product_tag-sympathy-gifts-pl","18":"product_tag-tekst-piosenki","19":"product_tag-teksty-piosenek","21":"first","22":"instock","23":"sale","24":"taxable","25":"shipping-taxable","26":"purchasable","27":"product-type-variable"},"yoast_head":"<!-- This site is optimized with the Yoast SEO Premium plugin v27.2 (Yoast SEO v27.2) - https:\/\/yoast.com\/product\/yoast-seo-premium-wordpress\/ -->\n<title>Na zawsze w naszej pami\u0119ci - Plakat z tekstem piosenki - Positive Prints<\/title>\n<meta name=\"description\" content=\"Uczcij pami\u0119\u0107 bliskiej osoby w wyj\u0105tkowy spos\u00f3b. Stw\u00f3rz wzruszaj\u0105cy plakat z tekstem piosenki, kt\u00f3ry wyrazi mi\u0142o\u015b\u0107, t\u0119sknot\u0119 i pi\u0119kne wspomnienia.\" \/>\n<meta name=\"robots\" content=\"index, follow, max-snippet:-1, max-image-preview:large, max-video-preview:-1\" \/>\n<link rel=\"canonical\" href=\"https:\/\/positiveprints.com\/pl\/produkt\/na-zawsze-w-naszej-pamieci-plakat-z-tekstem-piosenki\/\" \/>\n<meta property=\"og:locale\" content=\"pl_PL\" \/>\n<meta property=\"og:type\" content=\"article\" \/>\n<meta property=\"og:title\" content=\"Na zawsze w naszej pami\u0119ci - Plakat z tekstem piosenki\" \/>\n<meta property=\"og:description\" content=\"Spersonalizuj dodaj\u0105c tekst piosenki lub w\u0142asne s\u0142owa Wgraj zdj\u0119cie, kt\u00f3re nada projektowi indywidualny styl Uzupe\u0142nij o imiona, daty lub wyj\u0105tkow\u0105 dedykacj\u0119 Stw\u00f3rz gotowy projekt w 2 minuty Podgl\u0105d na \u017cywo pozwala dopracowa\u0107 ka\u017cdy detal\" \/>\n<meta property=\"og:url\" content=\"https:\/\/positiveprints.com\/pl\/produkt\/na-zawsze-w-naszej-pamieci-plakat-z-tekstem-piosenki\/\" \/>\n<meta property=\"og:site_name\" content=\"Positive Prints\" \/>\n<meta property=\"article:publisher\" content=\"https:\/\/www.facebook.com\/positiveprintscom\" \/>\n<meta property=\"article:modified_time\" content=\"2026-04-28T12:24:06+00:00\" \/>\n<meta property=\"og:image\" content=\"https:\/\/positiveprints.com\/wp-content\/uploads\/2025\/06\/Na-zawsze-w-naszej-pamie\u0328ci-Plakat-z-tekstem-piosenki-1.webp\" \/>\n\t<meta property=\"og:image:width\" content=\"1450\" \/>\n\t<meta property=\"og:image:height\" content=\"1450\" \/>\n\t<meta property=\"og:image:type\" content=\"image\/webp\" \/>\n<meta name=\"twitter:card\" content=\"summary_large_image\" \/>\n<!-- \/ Yoast SEO Premium plugin. -->","yoast_head_json":{"title":"Na zawsze w naszej pami\u0119ci - Plakat z tekstem piosenki - Positive Prints","description":"Uczcij pami\u0119\u0107 bliskiej osoby w wyj\u0105tkowy spos\u00f3b. Stw\u00f3rz wzruszaj\u0105cy plakat z tekstem piosenki, kt\u00f3ry wyrazi mi\u0142o\u015b\u0107, t\u0119sknot\u0119 i pi\u0119kne wspomnienia.","robots":{"index":"index","follow":"follow","max-snippet":"max-snippet:-1","max-image-preview":"max-image-preview:large","max-video-preview":"max-video-preview:-1"},"canonical":"https:\/\/positiveprints.com\/pl\/produkt\/na-zawsze-w-naszej-pamieci-plakat-z-tekstem-piosenki\/","og_locale":"pl_PL","og_type":"article","og_title":"Na zawsze w naszej pami\u0119ci - Plakat z tekstem piosenki","og_description":"Spersonalizuj dodaj\u0105c tekst piosenki lub w\u0142asne s\u0142owa Wgraj zdj\u0119cie, kt\u00f3re nada projektowi indywidualny styl Uzupe\u0142nij o imiona, daty lub wyj\u0105tkow\u0105 dedykacj\u0119 Stw\u00f3rz gotowy projekt w 2 minuty Podgl\u0105d na \u017cywo pozwala dopracowa\u0107 ka\u017cdy detal","og_url":"https:\/\/positiveprints.com\/pl\/produkt\/na-zawsze-w-naszej-pamieci-plakat-z-tekstem-piosenki\/","og_site_name":"Positive Prints","article_publisher":"https:\/\/www.facebook.com\/positiveprintscom","article_modified_time":"2026-04-28T12:24:06+00:00","og_image":[{"width":1450,"height":1450,"url":"https:\/\/positiveprints.com\/wp-content\/uploads\/2025\/06\/Na-zawsze-w-naszej-pamie\u0328ci-Plakat-z-tekstem-piosenki-1.webp","type":"image\/webp"}],"twitter_card":"summary_large_image","schema":{"@context":"https:\/\/schema.org","@graph":[{"@type":["WebPage","ItemPage"],"@id":"https:\/\/positiveprints.com\/pl\/produkt\/na-zawsze-w-naszej-pamieci-plakat-z-tekstem-piosenki\/","url":"https:\/\/positiveprints.com\/pl\/produkt\/na-zawsze-w-naszej-pamieci-plakat-z-tekstem-piosenki\/","name":"Na zawsze w naszej pami\u0119ci - Plakat z tekstem piosenki - Positive Prints","isPartOf":{"@id":"https:\/\/positiveprints.com\/pl\/#website"},"primaryImageOfPage":{"@id":"https:\/\/positiveprints.com\/pl\/produkt\/na-zawsze-w-naszej-pamieci-plakat-z-tekstem-piosenki\/#primaryimage"},"image":{"@id":"https:\/\/positiveprints.com\/pl\/produkt\/na-zawsze-w-naszej-pamieci-plakat-z-tekstem-piosenki\/#primaryimage"},"thumbnailUrl":"https:\/\/positiveprints.com\/wp-content\/uploads\/2025\/06\/Na-zawsze-w-naszej-pamie\u0328ci-Plakat-z-tekstem-piosenki-1.webp","datePublished":"2025-06-06T10:39:56+00:00","dateModified":"2026-04-28T12:24:06+00:00","description":"Uczcij pami\u0119\u0107 bliskiej osoby w wyj\u0105tkowy spos\u00f3b. Stw\u00f3rz wzruszaj\u0105cy plakat z tekstem piosenki, kt\u00f3ry wyrazi mi\u0142o\u015b\u0107, t\u0119sknot\u0119 i pi\u0119kne wspomnienia.","breadcrumb":{"@id":"https:\/\/positiveprints.com\/pl\/produkt\/na-zawsze-w-naszej-pamieci-plakat-z-tekstem-piosenki\/#breadcrumb"},"inLanguage":"pl-PL","potentialAction":[{"@type":"ReadAction","target":["https:\/\/positiveprints.com\/pl\/produkt\/na-zawsze-w-naszej-pamieci-plakat-z-tekstem-piosenki\/"]}]},{"@type":"ImageObject","inLanguage":"pl-PL","@id":"https:\/\/positiveprints.com\/pl\/produkt\/na-zawsze-w-naszej-pamieci-plakat-z-tekstem-piosenki\/#primaryimage","url":"https:\/\/positiveprints.com\/wp-content\/uploads\/2025\/06\/Na-zawsze-w-naszej-pamie\u0328ci-Plakat-z-tekstem-piosenki-1.webp","contentUrl":"https:\/\/positiveprints.com\/wp-content\/uploads\/2025\/06\/Na-zawsze-w-naszej-pamie\u0328ci-Plakat-z-tekstem-piosenki-1.webp","width":1450,"height":1450,"caption":"Na zawsze w naszej pamie\u0328ci - Plakat z tekstem piosenki 1"},{"@type":"BreadcrumbList","@id":"https:\/\/positiveprints.com\/pl\/produkt\/na-zawsze-w-naszej-pamieci-plakat-z-tekstem-piosenki\/#breadcrumb","itemListElement":[{"@type":"ListItem","position":1,"name":"Home","item":"https:\/\/positiveprints.com\/pl\/"},{"@type":"ListItem","position":2,"name":"Produkty","item":"https:\/\/positiveprints.com\/pl\/shop\/"},{"@type":"ListItem","position":3,"name":"Na zawsze w naszej pami\u0119ci &#8211; Plakat z tekstem piosenki"}]},{"@type":"WebSite","@id":"https:\/\/positiveprints.com\/pl\/#website","url":"https:\/\/positiveprints.com\/pl\/","name":"Positive Prints","description":"Amazing Custom Personalized Gifts","publisher":{"@id":"https:\/\/positiveprints.com\/pl\/#organization"},"potentialAction":[{"@type":"SearchAction","target":{"@type":"EntryPoint","urlTemplate":"https:\/\/positiveprints.com\/pl\/?s={search_term_string}"},"query-input":{"@type":"PropertyValueSpecification","valueRequired":true,"valueName":"search_term_string"}}],"inLanguage":"pl-PL"},{"@type":"Organization","@id":"https:\/\/positiveprints.com\/pl\/#organization","name":"Positive Prints","alternateName":"Positive Prints","url":"https:\/\/positiveprints.com\/pl\/","logo":{"@type":"ImageObject","inLanguage":"pl-PL","@id":"https:\/\/positiveprints.com\/pl\/#\/schema\/logo\/image\/","url":"https:\/\/positiveprints.com\/wp-content\/uploads\/2026\/03\/245815646_1337939713319158_5671353136411139666_n.png","contentUrl":"https:\/\/positiveprints.com\/wp-content\/uploads\/2026\/03\/245815646_1337939713319158_5671353136411139666_n.png","width":800,"height":800,"caption":"Positive Prints"},"image":{"@id":"https:\/\/positiveprints.com\/pl\/#\/schema\/logo\/image\/"},"sameAs":["https:\/\/www.facebook.com\/positiveprintscom","https:\/\/www.instagram.com\/positiveprintscom\/","https:\/\/www.tiktok.com\/@positiveprintscom","https:\/\/www.pinterest.com\/positiveprintscom\/"]}]}},"jetpack_sharing_enabled":true,"_links":{"self":[{"href":"https:\/\/positiveprints.com\/pl\/wp-json\/wp\/v2\/product\/1445189","targetHints":{"allow":["GET"]}}],"collection":[{"href":"https:\/\/positiveprints.com\/pl\/wp-json\/wp\/v2\/product"}],"about":[{"href":"https:\/\/positiveprints.com\/pl\/wp-json\/wp\/v2\/types\/product"}],"wp:featuredmedia":[{"embeddable":true,"href":"https:\/\/positiveprints.com\/pl\/wp-json\/wp\/v2\/media\/1445500"}],"wp:attachment":[{"href":"https:\/\/positiveprints.com\/pl\/wp-json\/wp\/v2\/media?parent=1445189"}],"wp:term":[{"taxonomy":"product_brand","embeddable":true,"href":"https:\/\/positiveprints.com\/pl\/wp-json\/wp\/v2\/product_brand?post=1445189"},{"taxonomy":"product_cat","embeddable":true,"href":"https:\/\/positiveprints.com\/pl\/wp-json\/wp\/v2\/product_cat?post=1445189"},{"taxonomy":"product_tag","embeddable":true,"href":"https:\/\/positiveprints.com\/pl\/wp-json\/wp\/v2\/product_tag?post=1445189"}],"curies":[{"name":"wp","href":"https:\/\/api.w.org\/{rel}","templated":true}]}}