{"id":1433495,"date":"2025-05-26T13:29:25","date_gmt":"2025-05-26T11:29:25","guid":{"rendered":"https:\/\/positiveprints.com\/?post_type=product&#038;p=1433495"},"modified":"2026-04-03T02:29:40","modified_gmt":"2026-04-03T01:29:40","slug":"moja-dziewczyna-plakat-z-definicja","status":"publish","type":"product","link":"https:\/\/positiveprints.com\/pl\/produkt\/moja-dziewczyna-plakat-z-definicja\/","title":{"rendered":"Moja dziewczyna &#8211; Plakat z definicj\u0105"},"content":{"rendered":"","protected":false},"excerpt":{"rendered":"<ul class=\"check-list\">\n<li>Stw\u00f3rz swoj\u0105 w\u0142asn\u0105 definicj\u0119 lub wybierz jedn\u0105 z gotowych<\/li>\n<li>Dodaj swoje zdj\u0119cie<\/li>\n<li>Spersonalizuj w 3 prostych krokach<\/li>\n<li>Interaktywny podgl\u0105d pozwoli dopracowa\u0107 ka\u017cdy szczeg\u00f3\u0142<\/li>\n<\/ul>\n","protected":false},"featured_media":1432997,"template":"","meta":[],"product_brand":[],"product_cat":[9729,9765,99,5271,11410,11407,7786,3120,11239],"product_tag":[16295,17157,16667,16769,11770,11815],"class_list":{"0":"post-1433495","1":"product","2":"type-product","3":"status-publish","4":"has-post-thumbnail","6":"product_cat-definicja","7":"product_cat-trending-label-pl","8":"product_cat-wszystkie-produkty","9":"product_cat-prezent-na-boze-narodzenie","10":"product_cat-prezenty-pod-choinke-dla-niej","11":"product_cat-prezenty-pod-choinke-dla-dziewczyny","12":"product_cat-prezent-dla-dziewczyny","13":"product_cat-prezent-na-walentynki","14":"product_cat-prezenty-na-walentynki-dla-niej","15":"product_tag-kobiety","16":"product_tag-prezenty-dla-dziewczyny","17":"product_tag-prezenty-dla-kobiet","18":"product_tag-prezenty-dla-niej","19":"product_tag-prezenty-pod-choinke-dla-dziewczyny","20":"product_tag-prezenty-pod-choinke-dla-niej","22":"first","23":"instock","24":"sale","25":"taxable","26":"shipping-taxable","27":"purchasable","28":"product-type-variable"},"yoast_head":"<!-- This site is optimized with the Yoast SEO Premium plugin v27.2 (Yoast SEO v27.2) - https:\/\/yoast.com\/product\/yoast-seo-premium-wordpress\/ -->\n<title>Moja dziewczyna - Plakat z definicj\u0105 - Positive Prints<\/title>\n<meta name=\"description\" content=\"Szukasz wyj\u0105tkowego prezentu dla swojej dziewczyny? Zam\u00f3w plakat z definicj\u0105, kt\u00f3ry j\u0105 zachwyci i wywo\u0142a u\u015bmiech na twarzy.\" \/>\n<meta name=\"robots\" content=\"index, follow, max-snippet:-1, max-image-preview:large, max-video-preview:-1\" \/>\n<link rel=\"canonical\" href=\"https:\/\/positiveprints.com\/pl\/produkt\/moja-dziewczyna-plakat-z-definicja\/\" \/>\n<meta property=\"og:locale\" content=\"pl_PL\" \/>\n<meta property=\"og:type\" content=\"article\" \/>\n<meta property=\"og:title\" content=\"Moja dziewczyna - Plakat z definicj\u0105\" \/>\n<meta property=\"og:description\" content=\"Stw\u00f3rz swoj\u0105 w\u0142asn\u0105 definicj\u0119 lub wybierz jedn\u0105 z gotowych Dodaj swoje zdj\u0119cie Spersonalizuj w 3 prostych krokach Interaktywny podgl\u0105d pozwoli dopracowa\u0107 ka\u017cdy szczeg\u00f3\u0142\" \/>\n<meta property=\"og:url\" content=\"https:\/\/positiveprints.com\/pl\/produkt\/moja-dziewczyna-plakat-z-definicja\/\" \/>\n<meta property=\"og:site_name\" content=\"Positive Prints\" \/>\n<meta property=\"article:publisher\" content=\"https:\/\/www.facebook.com\/positiveprintscom\" \/>\n<meta property=\"article:modified_time\" content=\"2026-04-03T01:29:40+00:00\" \/>\n<meta property=\"og:image\" content=\"https:\/\/positiveprints.com\/wp-content\/uploads\/2025\/05\/Moja-dziewczyna-Plakat-z-definicja\u0328-1.webp\" \/>\n\t<meta property=\"og:image:width\" content=\"1450\" \/>\n\t<meta property=\"og:image:height\" content=\"1450\" \/>\n\t<meta property=\"og:image:type\" content=\"image\/webp\" \/>\n<meta name=\"twitter:card\" content=\"summary_large_image\" \/>\n<meta name=\"twitter:label1\" content=\"Szacowany czas czytania\" \/>\n\t<meta name=\"twitter:data1\" content=\"1 minuta\" \/>\n<!-- \/ Yoast SEO Premium plugin. -->","yoast_head_json":{"title":"Moja dziewczyna - Plakat z definicj\u0105 - Positive Prints","description":"Szukasz wyj\u0105tkowego prezentu dla swojej dziewczyny? Zam\u00f3w plakat z definicj\u0105, kt\u00f3ry j\u0105 zachwyci i wywo\u0142a u\u015bmiech na twarzy.","robots":{"index":"index","follow":"follow","max-snippet":"max-snippet:-1","max-image-preview":"max-image-preview:large","max-video-preview":"max-video-preview:-1"},"canonical":"https:\/\/positiveprints.com\/pl\/produkt\/moja-dziewczyna-plakat-z-definicja\/","og_locale":"pl_PL","og_type":"article","og_title":"Moja dziewczyna - Plakat z definicj\u0105","og_description":"Stw\u00f3rz swoj\u0105 w\u0142asn\u0105 definicj\u0119 lub wybierz jedn\u0105 z gotowych Dodaj swoje zdj\u0119cie Spersonalizuj w 3 prostych krokach Interaktywny podgl\u0105d pozwoli dopracowa\u0107 ka\u017cdy szczeg\u00f3\u0142","og_url":"https:\/\/positiveprints.com\/pl\/produkt\/moja-dziewczyna-plakat-z-definicja\/","og_site_name":"Positive Prints","article_publisher":"https:\/\/www.facebook.com\/positiveprintscom","article_modified_time":"2026-04-03T01:29:40+00:00","og_image":[{"width":1450,"height":1450,"url":"https:\/\/positiveprints.com\/wp-content\/uploads\/2025\/05\/Moja-dziewczyna-Plakat-z-definicja\u0328-1.webp","type":"image\/webp"}],"twitter_card":"summary_large_image","twitter_misc":{"Szacowany czas czytania":"1 minuta"},"schema":{"@context":"https:\/\/schema.org","@graph":[{"@type":["WebPage","ItemPage"],"@id":"https:\/\/positiveprints.com\/pl\/produkt\/moja-dziewczyna-plakat-z-definicja\/","url":"https:\/\/positiveprints.com\/pl\/produkt\/moja-dziewczyna-plakat-z-definicja\/","name":"Moja dziewczyna - Plakat z definicj\u0105 - Positive Prints","isPartOf":{"@id":"https:\/\/positiveprints.com\/pl\/#website"},"primaryImageOfPage":{"@id":"https:\/\/positiveprints.com\/pl\/produkt\/moja-dziewczyna-plakat-z-definicja\/#primaryimage"},"image":{"@id":"https:\/\/positiveprints.com\/pl\/produkt\/moja-dziewczyna-plakat-z-definicja\/#primaryimage"},"thumbnailUrl":"https:\/\/positiveprints.com\/wp-content\/uploads\/2025\/05\/Moja-dziewczyna-Plakat-z-definicja\u0328-1.webp","datePublished":"2025-05-26T11:29:25+00:00","dateModified":"2026-04-03T01:29:40+00:00","description":"Szukasz wyj\u0105tkowego prezentu dla swojej dziewczyny? Zam\u00f3w plakat z definicj\u0105, kt\u00f3ry j\u0105 zachwyci i wywo\u0142a u\u015bmiech na twarzy.","breadcrumb":{"@id":"https:\/\/positiveprints.com\/pl\/produkt\/moja-dziewczyna-plakat-z-definicja\/#breadcrumb"},"inLanguage":"pl-PL","potentialAction":[{"@type":"ReadAction","target":["https:\/\/positiveprints.com\/pl\/produkt\/moja-dziewczyna-plakat-z-definicja\/"]}]},{"@type":"ImageObject","inLanguage":"pl-PL","@id":"https:\/\/positiveprints.com\/pl\/produkt\/moja-dziewczyna-plakat-z-definicja\/#primaryimage","url":"https:\/\/positiveprints.com\/wp-content\/uploads\/2025\/05\/Moja-dziewczyna-Plakat-z-definicja\u0328-1.webp","contentUrl":"https:\/\/positiveprints.com\/wp-content\/uploads\/2025\/05\/Moja-dziewczyna-Plakat-z-definicja\u0328-1.webp","width":1450,"height":1450},{"@type":"BreadcrumbList","@id":"https:\/\/positiveprints.com\/pl\/produkt\/moja-dziewczyna-plakat-z-definicja\/#breadcrumb","itemListElement":[{"@type":"ListItem","position":1,"name":"Home","item":"https:\/\/positiveprints.com\/pl\/"},{"@type":"ListItem","position":2,"name":"Produkty","item":"https:\/\/positiveprints.com\/pl\/shop\/"},{"@type":"ListItem","position":3,"name":"Moja dziewczyna &#8211; Plakat z definicj\u0105"}]},{"@type":"WebSite","@id":"https:\/\/positiveprints.com\/pl\/#website","url":"https:\/\/positiveprints.com\/pl\/","name":"Positive Prints","description":"Amazing Custom Personalized Gifts","publisher":{"@id":"https:\/\/positiveprints.com\/pl\/#organization"},"potentialAction":[{"@type":"SearchAction","target":{"@type":"EntryPoint","urlTemplate":"https:\/\/positiveprints.com\/pl\/?s={search_term_string}"},"query-input":{"@type":"PropertyValueSpecification","valueRequired":true,"valueName":"search_term_string"}}],"inLanguage":"pl-PL"},{"@type":"Organization","@id":"https:\/\/positiveprints.com\/pl\/#organization","name":"Positive Prints","alternateName":"Positive Prints","url":"https:\/\/positiveprints.com\/pl\/","logo":{"@type":"ImageObject","inLanguage":"pl-PL","@id":"https:\/\/positiveprints.com\/pl\/#\/schema\/logo\/image\/","url":"https:\/\/positiveprints.com\/wp-content\/uploads\/2026\/03\/245815646_1337939713319158_5671353136411139666_n.png","contentUrl":"https:\/\/positiveprints.com\/wp-content\/uploads\/2026\/03\/245815646_1337939713319158_5671353136411139666_n.png","width":800,"height":800,"caption":"Positive Prints"},"image":{"@id":"https:\/\/positiveprints.com\/pl\/#\/schema\/logo\/image\/"},"sameAs":["https:\/\/www.facebook.com\/positiveprintscom","https:\/\/www.instagram.com\/positiveprintscom\/","https:\/\/www.tiktok.com\/@positiveprintscom","https:\/\/www.pinterest.com\/positiveprintscom\/"]}]}},"jetpack_sharing_enabled":true,"_links":{"self":[{"href":"https:\/\/positiveprints.com\/pl\/wp-json\/wp\/v2\/product\/1433495","targetHints":{"allow":["GET"]}}],"collection":[{"href":"https:\/\/positiveprints.com\/pl\/wp-json\/wp\/v2\/product"}],"about":[{"href":"https:\/\/positiveprints.com\/pl\/wp-json\/wp\/v2\/types\/product"}],"wp:featuredmedia":[{"embeddable":true,"href":"https:\/\/positiveprints.com\/pl\/wp-json\/wp\/v2\/media\/1432997"}],"wp:attachment":[{"href":"https:\/\/positiveprints.com\/pl\/wp-json\/wp\/v2\/media?parent=1433495"}],"wp:term":[{"taxonomy":"product_brand","embeddable":true,"href":"https:\/\/positiveprints.com\/pl\/wp-json\/wp\/v2\/product_brand?post=1433495"},{"taxonomy":"product_cat","embeddable":true,"href":"https:\/\/positiveprints.com\/pl\/wp-json\/wp\/v2\/product_cat?post=1433495"},{"taxonomy":"product_tag","embeddable":true,"href":"https:\/\/positiveprints.com\/pl\/wp-json\/wp\/v2\/product_tag?post=1433495"}],"curies":[{"name":"wp","href":"https:\/\/api.w.org\/{rel}","templated":true}]}}