{"id":1431201,"date":"2025-05-23T13:06:42","date_gmt":"2025-05-23T11:06:42","guid":{"rendered":"https:\/\/positiveprints.com\/?post_type=product&#038;p=1431201"},"modified":"2026-04-12T19:37:22","modified_gmt":"2026-04-12T18:37:22","slug":"rysunek-dziecka-plakat-line-art","status":"publish","type":"product","link":"https:\/\/positiveprints.com\/pl\/produkt\/rysunek-dziecka-plakat-line-art\/","title":{"rendered":"Rysunek dziecka &#8211; Plakat Line Art"},"content":{"rendered":"","protected":false},"excerpt":{"rendered":"<ul class=\"check-list\">\n<li>Narysowany i wys\u0142any do Twojej akceptacji w ci\u0105gu 2-3 dni roboczych<\/li>\n<li>Personalizacja w 3 prostych krokach<\/li>\n<li>Dost\u0119pny w wielu wariantach kolorystycznych<\/li>\n<li>2 poprawki wliczone w cen\u0119<\/li>\n<\/ul>\n","protected":false},"featured_media":1432234,"template":"","meta":[],"product_brand":[],"product_cat":[11408,7723,7610,11409,7706,11414,11415,15059,11406,7978,9003,7328,7339,9182,5271,99],"product_tag":[12620,12615,8556,13392,12618,13393,12619,8407,13394,17217,12613,12627,13360,13361,17343,15671,11819,11763,13468,12614,12616],"class_list":{"0":"post-1431201","1":"product","2":"type-product","3":"status-publish","4":"has-post-thumbnail","6":"product_cat-prezenty-pod-choinke-dla-babci","7":"product_cat-prezent-dla-babci","8":"product_cat-prezent-dla-dziadka","9":"product_cat-prezenty-pod-choinke-dla-dziadka","10":"product_cat-prezent-dla-mamy","11":"product_cat-prezenty-pod-choinke-dla-mamy","12":"product_cat-prezenty-pod-choinke-dla-rodzicow","13":"product_cat-prezenty-pod-choinke-dla-rodziny","14":"product_cat-prezenty-pod-choinke-dla-taty","15":"product_cat-prezent-dla-taty","16":"product_cat-dzien-babci-i-dziadka","17":"product_cat-prezenty-na-dzien-matki","18":"product_cat-prezenty-na-dzien-ojca","19":"product_cat-line-art-pl","20":"product_cat-prezent-na-boze-narodzenie","21":"product_cat-wszystkie-produkty","22":"product_tag-dzien-matki","23":"product_tag-dzien-ojca","24":"product_tag-father-pl","25":"product_tag-mam-pl","26":"product_tag-mama-pl","27":"product_tag-mammy-pl","28":"product_tag-mamusia","29":"product_tag-mother-pl","30":"product_tag-mum-pl","31":"product_tag-prezent-dla-babci-pl","32":"product_tag-prezent-dla-babci","33":"product_tag-prezent-dla-dziadka","34":"product_tag-prezent-swiateczny-dla-babci","35":"product_tag-prezent-swiateczny-dla-dziadka","36":"product_tag-prezent-urodzinowy-dla-babci","37":"product_tag-prezent-urodzinowy-dla-dziadka","38":"product_tag-prezenty-pod-choinke-dla-mamy","39":"product_tag-prezenty-pod-choinke-dla-taty","40":"product_tag-prezenty-swiateczne-dla-rodziny","41":"product_tag-tata","42":"product_tag-tatus","44":"first","45":"instock","46":"sale","47":"taxable","48":"shipping-taxable","49":"purchasable","50":"product-type-variable"},"yoast_head":"<!-- This site is optimized with the Yoast SEO Premium plugin v27.2 (Yoast SEO v27.2) - https:\/\/yoast.com\/product\/yoast-seo-premium-wordpress\/ -->\n<title>Rysunek dziecka - Plakat Line Art - Positive Prints<\/title>\n<meta name=\"description\" content=\"Szukasz wyj\u0105tkowego i wzruszaj\u0105cego prezentu? Zamie\u0144 dzieci\u0119cy rysunek w elegancki plakat line art \u2013 oryginaln\u0105 pami\u0105tk\u0119 pe\u0142n\u0105 emocji i kreatywno\u015bci.\" \/>\n<meta name=\"robots\" content=\"index, follow, max-snippet:-1, max-image-preview:large, max-video-preview:-1\" \/>\n<link rel=\"canonical\" href=\"https:\/\/positiveprints.com\/pl\/produkt\/rysunek-dziecka-plakat-line-art\/\" \/>\n<meta property=\"og:locale\" content=\"pl_PL\" \/>\n<meta property=\"og:type\" content=\"article\" \/>\n<meta property=\"og:title\" content=\"Rysunek dziecka - Plakat Line Art\" \/>\n<meta property=\"og:description\" content=\"Narysowany i wys\u0142any do Twojej akceptacji w ci\u0105gu 2-3 dni roboczych  Personalizacja w 3 prostych krokach  Dost\u0119pny w wielu wariantach kolorystycznych  2 poprawki wliczone w cen\u0119\" \/>\n<meta property=\"og:url\" content=\"https:\/\/positiveprints.com\/pl\/produkt\/rysunek-dziecka-plakat-line-art\/\" \/>\n<meta property=\"og:site_name\" content=\"Positive Prints\" \/>\n<meta property=\"article:publisher\" content=\"https:\/\/www.facebook.com\/positiveprintscom\" \/>\n<meta property=\"article:modified_time\" content=\"2026-04-12T18:37:22+00:00\" \/>\n<meta property=\"og:image\" content=\"https:\/\/positiveprints.com\/wp-content\/uploads\/2025\/05\/Packshot_PL_Rysunek_dziecka.webp\" \/>\n\t<meta property=\"og:image:width\" content=\"1450\" \/>\n\t<meta property=\"og:image:height\" content=\"1450\" \/>\n\t<meta property=\"og:image:type\" content=\"image\/webp\" \/>\n<meta name=\"twitter:card\" content=\"summary_large_image\" \/>\n<meta name=\"twitter:label1\" content=\"Szacowany czas czytania\" \/>\n\t<meta name=\"twitter:data1\" content=\"1 minuta\" \/>\n<!-- \/ Yoast SEO Premium plugin. -->","yoast_head_json":{"title":"Rysunek dziecka - Plakat Line Art - Positive Prints","description":"Szukasz wyj\u0105tkowego i wzruszaj\u0105cego prezentu? Zamie\u0144 dzieci\u0119cy rysunek w elegancki plakat line art \u2013 oryginaln\u0105 pami\u0105tk\u0119 pe\u0142n\u0105 emocji i kreatywno\u015bci.","robots":{"index":"index","follow":"follow","max-snippet":"max-snippet:-1","max-image-preview":"max-image-preview:large","max-video-preview":"max-video-preview:-1"},"canonical":"https:\/\/positiveprints.com\/pl\/produkt\/rysunek-dziecka-plakat-line-art\/","og_locale":"pl_PL","og_type":"article","og_title":"Rysunek dziecka - Plakat Line Art","og_description":"Narysowany i wys\u0142any do Twojej akceptacji w ci\u0105gu 2-3 dni roboczych  Personalizacja w 3 prostych krokach  Dost\u0119pny w wielu wariantach kolorystycznych  2 poprawki wliczone w cen\u0119","og_url":"https:\/\/positiveprints.com\/pl\/produkt\/rysunek-dziecka-plakat-line-art\/","og_site_name":"Positive Prints","article_publisher":"https:\/\/www.facebook.com\/positiveprintscom","article_modified_time":"2026-04-12T18:37:22+00:00","og_image":[{"width":1450,"height":1450,"url":"https:\/\/positiveprints.com\/wp-content\/uploads\/2025\/05\/Packshot_PL_Rysunek_dziecka.webp","type":"image\/webp"}],"twitter_card":"summary_large_image","twitter_misc":{"Szacowany czas czytania":"1 minuta"},"schema":{"@context":"https:\/\/schema.org","@graph":[{"@type":["WebPage","ItemPage"],"@id":"https:\/\/positiveprints.com\/pl\/produkt\/rysunek-dziecka-plakat-line-art\/","url":"https:\/\/positiveprints.com\/pl\/produkt\/rysunek-dziecka-plakat-line-art\/","name":"Rysunek dziecka - Plakat Line Art - Positive Prints","isPartOf":{"@id":"https:\/\/positiveprints.com\/pl\/#website"},"primaryImageOfPage":{"@id":"https:\/\/positiveprints.com\/pl\/produkt\/rysunek-dziecka-plakat-line-art\/#primaryimage"},"image":{"@id":"https:\/\/positiveprints.com\/pl\/produkt\/rysunek-dziecka-plakat-line-art\/#primaryimage"},"thumbnailUrl":"https:\/\/positiveprints.com\/wp-content\/uploads\/2025\/05\/Packshot_PL_Rysunek_dziecka.webp","datePublished":"2025-05-23T11:06:42+00:00","dateModified":"2026-04-12T18:37:22+00:00","description":"Szukasz wyj\u0105tkowego i wzruszaj\u0105cego prezentu? Zamie\u0144 dzieci\u0119cy rysunek w elegancki plakat line art \u2013 oryginaln\u0105 pami\u0105tk\u0119 pe\u0142n\u0105 emocji i kreatywno\u015bci.","breadcrumb":{"@id":"https:\/\/positiveprints.com\/pl\/produkt\/rysunek-dziecka-plakat-line-art\/#breadcrumb"},"inLanguage":"pl-PL","potentialAction":[{"@type":"ReadAction","target":["https:\/\/positiveprints.com\/pl\/produkt\/rysunek-dziecka-plakat-line-art\/"]}]},{"@type":"ImageObject","inLanguage":"pl-PL","@id":"https:\/\/positiveprints.com\/pl\/produkt\/rysunek-dziecka-plakat-line-art\/#primaryimage","url":"https:\/\/positiveprints.com\/wp-content\/uploads\/2025\/05\/Packshot_PL_Rysunek_dziecka.webp","contentUrl":"https:\/\/positiveprints.com\/wp-content\/uploads\/2025\/05\/Packshot_PL_Rysunek_dziecka.webp","width":1450,"height":1450,"caption":"Packshot_PL_Rysunek_dziecka"},{"@type":"BreadcrumbList","@id":"https:\/\/positiveprints.com\/pl\/produkt\/rysunek-dziecka-plakat-line-art\/#breadcrumb","itemListElement":[{"@type":"ListItem","position":1,"name":"Home","item":"https:\/\/positiveprints.com\/pl\/"},{"@type":"ListItem","position":2,"name":"Produkty","item":"https:\/\/positiveprints.com\/pl\/shop\/"},{"@type":"ListItem","position":3,"name":"Rysunek dziecka &#8211; Plakat Line Art"}]},{"@type":"WebSite","@id":"https:\/\/positiveprints.com\/pl\/#website","url":"https:\/\/positiveprints.com\/pl\/","name":"Positive Prints","description":"Amazing Custom Personalized Gifts","publisher":{"@id":"https:\/\/positiveprints.com\/pl\/#organization"},"potentialAction":[{"@type":"SearchAction","target":{"@type":"EntryPoint","urlTemplate":"https:\/\/positiveprints.com\/pl\/?s={search_term_string}"},"query-input":{"@type":"PropertyValueSpecification","valueRequired":true,"valueName":"search_term_string"}}],"inLanguage":"pl-PL"},{"@type":"Organization","@id":"https:\/\/positiveprints.com\/pl\/#organization","name":"Positive Prints","alternateName":"Positive Prints","url":"https:\/\/positiveprints.com\/pl\/","logo":{"@type":"ImageObject","inLanguage":"pl-PL","@id":"https:\/\/positiveprints.com\/pl\/#\/schema\/logo\/image\/","url":"https:\/\/positiveprints.com\/wp-content\/uploads\/2026\/03\/245815646_1337939713319158_5671353136411139666_n.png","contentUrl":"https:\/\/positiveprints.com\/wp-content\/uploads\/2026\/03\/245815646_1337939713319158_5671353136411139666_n.png","width":800,"height":800,"caption":"Positive Prints"},"image":{"@id":"https:\/\/positiveprints.com\/pl\/#\/schema\/logo\/image\/"},"sameAs":["https:\/\/www.facebook.com\/positiveprintscom","https:\/\/www.instagram.com\/positiveprintscom\/","https:\/\/www.tiktok.com\/@positiveprintscom","https:\/\/www.pinterest.com\/positiveprintscom\/"]}]}},"jetpack_sharing_enabled":true,"_links":{"self":[{"href":"https:\/\/positiveprints.com\/pl\/wp-json\/wp\/v2\/product\/1431201","targetHints":{"allow":["GET"]}}],"collection":[{"href":"https:\/\/positiveprints.com\/pl\/wp-json\/wp\/v2\/product"}],"about":[{"href":"https:\/\/positiveprints.com\/pl\/wp-json\/wp\/v2\/types\/product"}],"wp:featuredmedia":[{"embeddable":true,"href":"https:\/\/positiveprints.com\/pl\/wp-json\/wp\/v2\/media\/1432234"}],"wp:attachment":[{"href":"https:\/\/positiveprints.com\/pl\/wp-json\/wp\/v2\/media?parent=1431201"}],"wp:term":[{"taxonomy":"product_brand","embeddable":true,"href":"https:\/\/positiveprints.com\/pl\/wp-json\/wp\/v2\/product_brand?post=1431201"},{"taxonomy":"product_cat","embeddable":true,"href":"https:\/\/positiveprints.com\/pl\/wp-json\/wp\/v2\/product_cat?post=1431201"},{"taxonomy":"product_tag","embeddable":true,"href":"https:\/\/positiveprints.com\/pl\/wp-json\/wp\/v2\/product_tag?post=1431201"}],"curies":[{"name":"wp","href":"https:\/\/api.w.org\/{rel}","templated":true}]}}