{"id":1430638,"date":"2025-05-23T11:52:24","date_gmt":"2025-05-23T09:52:24","guid":{"rendered":"https:\/\/positiveprints.com\/?post_type=product&#038;p=1430638"},"modified":"2026-04-03T02:30:05","modified_gmt":"2026-04-03T01:30:05","slug":"ja-i-moj-kot-plakat-line-art","status":"publish","type":"product","link":"https:\/\/positiveprints.com\/pl\/produkt\/ja-i-moj-kot-plakat-line-art\/","title":{"rendered":"Ja i m\u00f3j kot &#8211; Plakat Line Art"},"content":{"rendered":"","protected":false},"excerpt":{"rendered":"<ul class=\"check-list\">\n<li>Narysowany i wys\u0142any do Twojej akceptacji w ci\u0105gu 2-3 dni roboczych<\/li>\n<li>Personalizacja w 3 prostych krokach<\/li>\n<li>Dost\u0119pny w wielu wariantach kolorystycznych<\/li>\n<li>2 poprawki wliczone w cen\u0119<\/li>\n<\/ul>\n","protected":false},"featured_media":1431074,"template":"","meta":[],"product_brand":[],"product_cat":[9182,99,5271,11410,11411,11413,14084],"product_tag":[14950,14952,14951,14954,14949,14953,15952,11816,11815],"class_list":{"0":"post-1430638","1":"product","2":"type-product","3":"status-publish","4":"has-post-thumbnail","6":"product_cat-line-art-pl","7":"product_cat-wszystkie-produkty","8":"product_cat-prezent-na-boze-narodzenie","9":"product_cat-prezenty-pod-choinke-dla-niej","10":"product_cat-prezenty-pod-choinke-dla-niego","11":"product_cat-prezenty-pod-choinke-dla-dzieci","12":"product_cat-prezent-dla-kociary","13":"product_tag-cat-dad-gifts-pl","14":"product_tag-cat-lovers-gifts-pl","15":"product_tag-cat-mom-gifts-pl","16":"product_tag-cat-owner-pl","17":"product_tag-custom-cat-gifts-pl","18":"product_tag-gifts-for-cat-owners-pl","19":"product_tag-prezent-swiateczny-dla-dzieci","20":"product_tag-prezenty-pod-choinke-dla-niego","21":"product_tag-prezenty-pod-choinke-dla-niej","23":"first","24":"instock","25":"sale","26":"taxable","27":"shipping-taxable","28":"purchasable","29":"product-type-variable"},"yoast_head":"<!-- This site is optimized with the Yoast SEO Premium plugin v27.2 (Yoast SEO v27.2) - https:\/\/yoast.com\/product\/yoast-seo-premium-wordpress\/ -->\n<title>Ja i m\u00f3j kot - Plakat Line Art - Positive Prints<\/title>\n<meta name=\"description\" content=\"Personalizowany rysunek line art Ciebie i Twojego kota. Stylowy i wzruszaj\u0105cy prezent dla ka\u017cdego mi\u0142o\u015bnika kot\u00f3w.\" \/>\n<meta name=\"robots\" content=\"index, follow, max-snippet:-1, max-image-preview:large, max-video-preview:-1\" \/>\n<link rel=\"canonical\" href=\"https:\/\/positiveprints.com\/pl\/produkt\/ja-i-moj-kot-plakat-line-art\/\" \/>\n<meta property=\"og:locale\" content=\"pl_PL\" \/>\n<meta property=\"og:type\" content=\"article\" \/>\n<meta property=\"og:title\" content=\"Ja i m\u00f3j kot - Plakat Line Art\" \/>\n<meta property=\"og:description\" content=\"Narysowany i wys\u0142any do Twojej akceptacji w ci\u0105gu 2-3 dni roboczych  Personalizacja w 3 prostych krokach  Dost\u0119pny w wielu wariantach kolorystycznych  2 poprawki wliczone w cen\u0119\" \/>\n<meta property=\"og:url\" content=\"https:\/\/positiveprints.com\/pl\/produkt\/ja-i-moj-kot-plakat-line-art\/\" \/>\n<meta property=\"og:site_name\" content=\"Positive Prints\" \/>\n<meta property=\"article:publisher\" content=\"https:\/\/www.facebook.com\/positiveprintscom\" \/>\n<meta property=\"article:modified_time\" content=\"2026-04-03T01:30:05+00:00\" \/>\n<meta property=\"og:image\" content=\"https:\/\/positiveprints.com\/wp-content\/uploads\/2025\/05\/Packshot_PL_Ja_i_moj_kot.webp\" \/>\n\t<meta property=\"og:image:width\" content=\"1450\" \/>\n\t<meta property=\"og:image:height\" content=\"1450\" \/>\n\t<meta property=\"og:image:type\" content=\"image\/webp\" \/>\n<meta name=\"twitter:card\" content=\"summary_large_image\" \/>\n<meta name=\"twitter:label1\" content=\"Szacowany czas czytania\" \/>\n\t<meta name=\"twitter:data1\" content=\"1 minuta\" \/>\n<!-- \/ Yoast SEO Premium plugin. -->","yoast_head_json":{"title":"Ja i m\u00f3j kot - Plakat Line Art - Positive Prints","description":"Personalizowany rysunek line art Ciebie i Twojego kota. Stylowy i wzruszaj\u0105cy prezent dla ka\u017cdego mi\u0142o\u015bnika kot\u00f3w.","robots":{"index":"index","follow":"follow","max-snippet":"max-snippet:-1","max-image-preview":"max-image-preview:large","max-video-preview":"max-video-preview:-1"},"canonical":"https:\/\/positiveprints.com\/pl\/produkt\/ja-i-moj-kot-plakat-line-art\/","og_locale":"pl_PL","og_type":"article","og_title":"Ja i m\u00f3j kot - Plakat Line Art","og_description":"Narysowany i wys\u0142any do Twojej akceptacji w ci\u0105gu 2-3 dni roboczych  Personalizacja w 3 prostych krokach  Dost\u0119pny w wielu wariantach kolorystycznych  2 poprawki wliczone w cen\u0119","og_url":"https:\/\/positiveprints.com\/pl\/produkt\/ja-i-moj-kot-plakat-line-art\/","og_site_name":"Positive Prints","article_publisher":"https:\/\/www.facebook.com\/positiveprintscom","article_modified_time":"2026-04-03T01:30:05+00:00","og_image":[{"width":1450,"height":1450,"url":"https:\/\/positiveprints.com\/wp-content\/uploads\/2025\/05\/Packshot_PL_Ja_i_moj_kot.webp","type":"image\/webp"}],"twitter_card":"summary_large_image","twitter_misc":{"Szacowany czas czytania":"1 minuta"},"schema":{"@context":"https:\/\/schema.org","@graph":[{"@type":["WebPage","ItemPage"],"@id":"https:\/\/positiveprints.com\/pl\/produkt\/ja-i-moj-kot-plakat-line-art\/","url":"https:\/\/positiveprints.com\/pl\/produkt\/ja-i-moj-kot-plakat-line-art\/","name":"Ja i m\u00f3j kot - Plakat Line Art - Positive Prints","isPartOf":{"@id":"https:\/\/positiveprints.com\/pl\/#website"},"primaryImageOfPage":{"@id":"https:\/\/positiveprints.com\/pl\/produkt\/ja-i-moj-kot-plakat-line-art\/#primaryimage"},"image":{"@id":"https:\/\/positiveprints.com\/pl\/produkt\/ja-i-moj-kot-plakat-line-art\/#primaryimage"},"thumbnailUrl":"https:\/\/positiveprints.com\/wp-content\/uploads\/2025\/05\/Packshot_PL_Ja_i_moj_kot.webp","datePublished":"2025-05-23T09:52:24+00:00","dateModified":"2026-04-03T01:30:05+00:00","description":"Personalizowany rysunek line art Ciebie i Twojego kota. Stylowy i wzruszaj\u0105cy prezent dla ka\u017cdego mi\u0142o\u015bnika kot\u00f3w.","breadcrumb":{"@id":"https:\/\/positiveprints.com\/pl\/produkt\/ja-i-moj-kot-plakat-line-art\/#breadcrumb"},"inLanguage":"pl-PL","potentialAction":[{"@type":"ReadAction","target":["https:\/\/positiveprints.com\/pl\/produkt\/ja-i-moj-kot-plakat-line-art\/"]}]},{"@type":"ImageObject","inLanguage":"pl-PL","@id":"https:\/\/positiveprints.com\/pl\/produkt\/ja-i-moj-kot-plakat-line-art\/#primaryimage","url":"https:\/\/positiveprints.com\/wp-content\/uploads\/2025\/05\/Packshot_PL_Ja_i_moj_kot.webp","contentUrl":"https:\/\/positiveprints.com\/wp-content\/uploads\/2025\/05\/Packshot_PL_Ja_i_moj_kot.webp","width":1450,"height":1450,"caption":"Packshot_PL_Ja_i_m\u00f3j_kot"},{"@type":"BreadcrumbList","@id":"https:\/\/positiveprints.com\/pl\/produkt\/ja-i-moj-kot-plakat-line-art\/#breadcrumb","itemListElement":[{"@type":"ListItem","position":1,"name":"Home","item":"https:\/\/positiveprints.com\/pl\/"},{"@type":"ListItem","position":2,"name":"Produkty","item":"https:\/\/positiveprints.com\/pl\/shop\/"},{"@type":"ListItem","position":3,"name":"Ja i m\u00f3j kot &#8211; Plakat Line Art"}]},{"@type":"WebSite","@id":"https:\/\/positiveprints.com\/pl\/#website","url":"https:\/\/positiveprints.com\/pl\/","name":"Positive Prints","description":"Amazing Custom Personalized Gifts","publisher":{"@id":"https:\/\/positiveprints.com\/pl\/#organization"},"potentialAction":[{"@type":"SearchAction","target":{"@type":"EntryPoint","urlTemplate":"https:\/\/positiveprints.com\/pl\/?s={search_term_string}"},"query-input":{"@type":"PropertyValueSpecification","valueRequired":true,"valueName":"search_term_string"}}],"inLanguage":"pl-PL"},{"@type":"Organization","@id":"https:\/\/positiveprints.com\/pl\/#organization","name":"Positive Prints","alternateName":"Positive Prints","url":"https:\/\/positiveprints.com\/pl\/","logo":{"@type":"ImageObject","inLanguage":"pl-PL","@id":"https:\/\/positiveprints.com\/pl\/#\/schema\/logo\/image\/","url":"https:\/\/positiveprints.com\/wp-content\/uploads\/2026\/03\/245815646_1337939713319158_5671353136411139666_n.png","contentUrl":"https:\/\/positiveprints.com\/wp-content\/uploads\/2026\/03\/245815646_1337939713319158_5671353136411139666_n.png","width":800,"height":800,"caption":"Positive Prints"},"image":{"@id":"https:\/\/positiveprints.com\/pl\/#\/schema\/logo\/image\/"},"sameAs":["https:\/\/www.facebook.com\/positiveprintscom","https:\/\/www.instagram.com\/positiveprintscom\/","https:\/\/www.tiktok.com\/@positiveprintscom","https:\/\/www.pinterest.com\/positiveprintscom\/"]}]}},"jetpack_sharing_enabled":true,"_links":{"self":[{"href":"https:\/\/positiveprints.com\/pl\/wp-json\/wp\/v2\/product\/1430638","targetHints":{"allow":["GET"]}}],"collection":[{"href":"https:\/\/positiveprints.com\/pl\/wp-json\/wp\/v2\/product"}],"about":[{"href":"https:\/\/positiveprints.com\/pl\/wp-json\/wp\/v2\/types\/product"}],"wp:featuredmedia":[{"embeddable":true,"href":"https:\/\/positiveprints.com\/pl\/wp-json\/wp\/v2\/media\/1431074"}],"wp:attachment":[{"href":"https:\/\/positiveprints.com\/pl\/wp-json\/wp\/v2\/media?parent=1430638"}],"wp:term":[{"taxonomy":"product_brand","embeddable":true,"href":"https:\/\/positiveprints.com\/pl\/wp-json\/wp\/v2\/product_brand?post=1430638"},{"taxonomy":"product_cat","embeddable":true,"href":"https:\/\/positiveprints.com\/pl\/wp-json\/wp\/v2\/product_cat?post=1430638"},{"taxonomy":"product_tag","embeddable":true,"href":"https:\/\/positiveprints.com\/pl\/wp-json\/wp\/v2\/product_tag?post=1430638"}],"curies":[{"name":"wp","href":"https:\/\/api.w.org\/{rel}","templated":true}]}}