{"id":1428941,"date":"2025-05-22T13:02:12","date_gmt":"2025-05-22T11:02:12","guid":{"rendered":"https:\/\/positiveprints.com\/?post_type=product&#038;p=1428941"},"modified":"2026-04-28T13:27:11","modified_gmt":"2026-04-28T12:27:11","slug":"milosc-pod-ksiezycem-i-gwiazdami","status":"publish","type":"product","link":"https:\/\/positiveprints.com\/pl\/produkt\/milosc-pod-ksiezycem-i-gwiazdami\/","title":{"rendered":"Mi\u0142o\u015b\u0107 pod ksi\u0119\u017cycem i gwiazdami"},"content":{"rendered":"","protected":false},"excerpt":{"rendered":"<ul class=\"check-list\">\n<li>Spersonalizowana mapa gwiazd i Ksi\u0119\u017cyca dla wybranej daty i lokalizacji<\/li>\n<li>Dodaj osobist\u0105 dedykacj\u0119 lub kr\u00f3tki tekst<\/li>\n<li>Spersonalizuj projekt w 3 prostych krokach<\/li>\n<li>Interaktywny podgl\u0105d pozwoli dopracowa\u0107 ka\u017cdy szczeg\u00f3\u0142<\/li>\n<\/ul>\n","protected":false},"featured_media":1427973,"template":"","meta":[],"product_brand":[],"product_cat":[7675,11403,11407,7786,7643,11412,11411,11410,7802,7753,11417,11185,11184,11186,11240,11239,5333,3114,5271,9765,3120,99],"product_tag":[14975,14970,14973,14981,14959,14960,14957,14962,14980,11756,11770,11817,11816,11815,11813,14977,14174,14979,14983,14968,14984,14972,14982,14964,14976],"class_list":{"0":"post-1428941","1":"product","2":"type-product","3":"status-publish","4":"has-post-thumbnail","6":"product_cat-prezent-dla-chlopaka","7":"product_cat-prezenty-pod-choinke-dla-chlopaka","8":"product_cat-prezenty-pod-choinke-dla-dziewczyny","9":"product_cat-prezent-dla-dziewczyny","10":"product_cat-prezent-dla-meza","11":"product_cat-prezenty-pod-choinke-dla-meza","12":"product_cat-prezenty-pod-choinke-dla-niego","13":"product_cat-prezenty-pod-choinke-dla-niej","14":"product_cat-prezent-dla-pary","15":"product_cat-prezent-dla-zony","16":"product_cat-prezenty-pod-choinke-dla-zony","17":"product_cat-prezenty-na-rocznice-dla-niego","18":"product_cat-prezenty-na-rocznice-dla-niej","19":"product_cat-prezenty-na-rocznice-dla-pary","20":"product_cat-prezenty-na-walentynki-dla-niego","21":"product_cat-prezenty-na-walentynki-dla-niej","22":"product_cat-prezent-na-rocznice","23":"product_cat-star-pl-2","24":"product_cat-prezent-na-boze-narodzenie","25":"product_cat-trending-label-pl","26":"product_cat-prezent-na-walentynki","27":"product_cat-wszystkie-produkty","28":"product_tag-anniversary-pl","29":"product_tag-anniversary-gift-pl","30":"product_tag-anniversary-gifts-pl","31":"product_tag-anniversary-present-pl","32":"product_tag-couple-gift-pl","33":"product_tag-gift-for-couple-pl","34":"product_tag-love-pl","35":"product_tag-love-gift-pl","36":"product_tag-personalized-gift-pl","37":"product_tag-prezenty-pod-choinke-dla-chlopaka","38":"product_tag-prezenty-pod-choinke-dla-dziewczyny","39":"product_tag-prezenty-pod-choinke-dla-meza","40":"product_tag-prezenty-pod-choinke-dla-niego","41":"product_tag-prezenty-pod-choinke-dla-niej","42":"product_tag-prezenty-pod-choinke-dla-zony","43":"product_tag-romantic-gifts-pl","44":"product_tag-romantyczny-prezent","45":"product_tag-sentimental-gift-pl","46":"product_tag-special-occasion-pl","47":"product_tag-thoughtful-gift-pl","48":"product_tag-unique-gift-pl","49":"product_tag-valentines-day-gifts-pl","50":"product_tag-valentines-day-pl","51":"product_tag-valentines-day-gift-pl","52":"product_tag-wedding-anniversary-pl","54":"first","55":"instock","56":"sale","57":"taxable","58":"shipping-taxable","59":"purchasable","60":"product-type-variable"},"yoast_head":"<!-- This site is optimized with the Yoast SEO Premium plugin v27.2 (Yoast SEO v27.2) - https:\/\/yoast.com\/product\/yoast-seo-premium-wordpress\/ -->\n<title>Mi\u0142o\u015b\u0107 pod ksi\u0119\u017cycem i gwiazdami - Positive Prints<\/title>\n<meta name=\"description\" content=\"Podaruj romantyczny prezent na rocznic\u0119 \u2013 plakat z ksi\u0119\u017cycem i gwiazdami z Waszej wyj\u0105tkowej nocy. Pi\u0119kny spos\u00f3b na uczczenie mi\u0142o\u015bci.\" \/>\n<meta name=\"robots\" content=\"index, follow, max-snippet:-1, max-image-preview:large, max-video-preview:-1\" \/>\n<link rel=\"canonical\" href=\"https:\/\/positiveprints.com\/pl\/produkt\/milosc-pod-ksiezycem-i-gwiazdami\/\" \/>\n<meta property=\"og:locale\" content=\"pl_PL\" \/>\n<meta property=\"og:type\" content=\"article\" \/>\n<meta property=\"og:title\" content=\"Mi\u0142o\u015b\u0107 pod ksi\u0119\u017cycem i gwiazdami\" \/>\n<meta property=\"og:description\" content=\"Spersonalizowana mapa gwiazd i Ksi\u0119\u017cyca dla wybranej daty i lokalizacji Dodaj osobist\u0105 dedykacj\u0119 lub kr\u00f3tki tekst Spersonalizuj projekt w 3 prostych krokach Interaktywny podgl\u0105d pozwoli dopracowa\u0107 ka\u017cdy szczeg\u00f3\u0142\" \/>\n<meta property=\"og:url\" content=\"https:\/\/positiveprints.com\/pl\/produkt\/milosc-pod-ksiezycem-i-gwiazdami\/\" \/>\n<meta property=\"og:site_name\" content=\"Positive Prints\" \/>\n<meta property=\"article:publisher\" content=\"https:\/\/www.facebook.com\/positiveprintscom\" \/>\n<meta property=\"article:modified_time\" content=\"2026-04-28T12:27:11+00:00\" \/>\n<meta property=\"og:image\" content=\"https:\/\/positiveprints.com\/wp-content\/uploads\/2025\/05\/Milos\u0301c\u0301-pod-ksie\u0328z\u0307ycem-i-gwiazdami-1.webp\" \/>\n\t<meta property=\"og:image:width\" content=\"1450\" \/>\n\t<meta property=\"og:image:height\" content=\"1450\" \/>\n\t<meta property=\"og:image:type\" content=\"image\/webp\" \/>\n<meta name=\"twitter:card\" content=\"summary_large_image\" \/>\n<!-- \/ Yoast SEO Premium plugin. -->","yoast_head_json":{"title":"Mi\u0142o\u015b\u0107 pod ksi\u0119\u017cycem i gwiazdami - Positive Prints","description":"Podaruj romantyczny prezent na rocznic\u0119 \u2013 plakat z ksi\u0119\u017cycem i gwiazdami z Waszej wyj\u0105tkowej nocy. Pi\u0119kny spos\u00f3b na uczczenie mi\u0142o\u015bci.","robots":{"index":"index","follow":"follow","max-snippet":"max-snippet:-1","max-image-preview":"max-image-preview:large","max-video-preview":"max-video-preview:-1"},"canonical":"https:\/\/positiveprints.com\/pl\/produkt\/milosc-pod-ksiezycem-i-gwiazdami\/","og_locale":"pl_PL","og_type":"article","og_title":"Mi\u0142o\u015b\u0107 pod ksi\u0119\u017cycem i gwiazdami","og_description":"Spersonalizowana mapa gwiazd i Ksi\u0119\u017cyca dla wybranej daty i lokalizacji Dodaj osobist\u0105 dedykacj\u0119 lub kr\u00f3tki tekst Spersonalizuj projekt w 3 prostych krokach Interaktywny podgl\u0105d pozwoli dopracowa\u0107 ka\u017cdy szczeg\u00f3\u0142","og_url":"https:\/\/positiveprints.com\/pl\/produkt\/milosc-pod-ksiezycem-i-gwiazdami\/","og_site_name":"Positive Prints","article_publisher":"https:\/\/www.facebook.com\/positiveprintscom","article_modified_time":"2026-04-28T12:27:11+00:00","og_image":[{"width":1450,"height":1450,"url":"https:\/\/positiveprints.com\/wp-content\/uploads\/2025\/05\/Milos\u0301c\u0301-pod-ksie\u0328z\u0307ycem-i-gwiazdami-1.webp","type":"image\/webp"}],"twitter_card":"summary_large_image","schema":{"@context":"https:\/\/schema.org","@graph":[{"@type":["WebPage","ItemPage"],"@id":"https:\/\/positiveprints.com\/pl\/produkt\/milosc-pod-ksiezycem-i-gwiazdami\/","url":"https:\/\/positiveprints.com\/pl\/produkt\/milosc-pod-ksiezycem-i-gwiazdami\/","name":"Mi\u0142o\u015b\u0107 pod ksi\u0119\u017cycem i gwiazdami - Positive Prints","isPartOf":{"@id":"https:\/\/positiveprints.com\/pl\/#website"},"primaryImageOfPage":{"@id":"https:\/\/positiveprints.com\/pl\/produkt\/milosc-pod-ksiezycem-i-gwiazdami\/#primaryimage"},"image":{"@id":"https:\/\/positiveprints.com\/pl\/produkt\/milosc-pod-ksiezycem-i-gwiazdami\/#primaryimage"},"thumbnailUrl":"https:\/\/positiveprints.com\/wp-content\/uploads\/2025\/05\/Milos\u0301c\u0301-pod-ksie\u0328z\u0307ycem-i-gwiazdami-1.webp","datePublished":"2025-05-22T11:02:12+00:00","dateModified":"2026-04-28T12:27:11+00:00","description":"Podaruj romantyczny prezent na rocznic\u0119 \u2013 plakat z ksi\u0119\u017cycem i gwiazdami z Waszej wyj\u0105tkowej nocy. Pi\u0119kny spos\u00f3b na uczczenie mi\u0142o\u015bci.","breadcrumb":{"@id":"https:\/\/positiveprints.com\/pl\/produkt\/milosc-pod-ksiezycem-i-gwiazdami\/#breadcrumb"},"inLanguage":"pl-PL","potentialAction":[{"@type":"ReadAction","target":["https:\/\/positiveprints.com\/pl\/produkt\/milosc-pod-ksiezycem-i-gwiazdami\/"]}]},{"@type":"ImageObject","inLanguage":"pl-PL","@id":"https:\/\/positiveprints.com\/pl\/produkt\/milosc-pod-ksiezycem-i-gwiazdami\/#primaryimage","url":"https:\/\/positiveprints.com\/wp-content\/uploads\/2025\/05\/Milos\u0301c\u0301-pod-ksie\u0328z\u0307ycem-i-gwiazdami-1.webp","contentUrl":"https:\/\/positiveprints.com\/wp-content\/uploads\/2025\/05\/Milos\u0301c\u0301-pod-ksie\u0328z\u0307ycem-i-gwiazdami-1.webp","width":1450,"height":1450},{"@type":"BreadcrumbList","@id":"https:\/\/positiveprints.com\/pl\/produkt\/milosc-pod-ksiezycem-i-gwiazdami\/#breadcrumb","itemListElement":[{"@type":"ListItem","position":1,"name":"Home","item":"https:\/\/positiveprints.com\/pl\/"},{"@type":"ListItem","position":2,"name":"Produkty","item":"https:\/\/positiveprints.com\/pl\/shop\/"},{"@type":"ListItem","position":3,"name":"Mi\u0142o\u015b\u0107 pod ksi\u0119\u017cycem i gwiazdami"}]},{"@type":"WebSite","@id":"https:\/\/positiveprints.com\/pl\/#website","url":"https:\/\/positiveprints.com\/pl\/","name":"Positive Prints","description":"Amazing Custom Personalized Gifts","publisher":{"@id":"https:\/\/positiveprints.com\/pl\/#organization"},"potentialAction":[{"@type":"SearchAction","target":{"@type":"EntryPoint","urlTemplate":"https:\/\/positiveprints.com\/pl\/?s={search_term_string}"},"query-input":{"@type":"PropertyValueSpecification","valueRequired":true,"valueName":"search_term_string"}}],"inLanguage":"pl-PL"},{"@type":"Organization","@id":"https:\/\/positiveprints.com\/pl\/#organization","name":"Positive Prints","alternateName":"Positive Prints","url":"https:\/\/positiveprints.com\/pl\/","logo":{"@type":"ImageObject","inLanguage":"pl-PL","@id":"https:\/\/positiveprints.com\/pl\/#\/schema\/logo\/image\/","url":"https:\/\/positiveprints.com\/wp-content\/uploads\/2026\/03\/245815646_1337939713319158_5671353136411139666_n.png","contentUrl":"https:\/\/positiveprints.com\/wp-content\/uploads\/2026\/03\/245815646_1337939713319158_5671353136411139666_n.png","width":800,"height":800,"caption":"Positive Prints"},"image":{"@id":"https:\/\/positiveprints.com\/pl\/#\/schema\/logo\/image\/"},"sameAs":["https:\/\/www.facebook.com\/positiveprintscom","https:\/\/www.instagram.com\/positiveprintscom\/","https:\/\/www.tiktok.com\/@positiveprintscom","https:\/\/www.pinterest.com\/positiveprintscom\/"]}]}},"jetpack_sharing_enabled":true,"_links":{"self":[{"href":"https:\/\/positiveprints.com\/pl\/wp-json\/wp\/v2\/product\/1428941","targetHints":{"allow":["GET"]}}],"collection":[{"href":"https:\/\/positiveprints.com\/pl\/wp-json\/wp\/v2\/product"}],"about":[{"href":"https:\/\/positiveprints.com\/pl\/wp-json\/wp\/v2\/types\/product"}],"wp:featuredmedia":[{"embeddable":true,"href":"https:\/\/positiveprints.com\/pl\/wp-json\/wp\/v2\/media\/1427973"}],"wp:attachment":[{"href":"https:\/\/positiveprints.com\/pl\/wp-json\/wp\/v2\/media?parent=1428941"}],"wp:term":[{"taxonomy":"product_brand","embeddable":true,"href":"https:\/\/positiveprints.com\/pl\/wp-json\/wp\/v2\/product_brand?post=1428941"},{"taxonomy":"product_cat","embeddable":true,"href":"https:\/\/positiveprints.com\/pl\/wp-json\/wp\/v2\/product_cat?post=1428941"},{"taxonomy":"product_tag","embeddable":true,"href":"https:\/\/positiveprints.com\/pl\/wp-json\/wp\/v2\/product_tag?post=1428941"}],"curies":[{"name":"wp","href":"https:\/\/api.w.org\/{rel}","templated":true}]}}