{"id":1408165,"date":"2025-04-24T14:48:08","date_gmt":"2025-04-24T12:48:08","guid":{"rendered":"https:\/\/positiveprints.com\/?post_type=product&#038;p=1408165"},"modified":"2026-04-03T02:31:47","modified_gmt":"2026-04-03T01:31:47","slug":"najlepsza-corka-na-swiecie-fotokolaz","status":"publish","type":"product","link":"https:\/\/positiveprints.com\/pl\/produkt\/najlepsza-corka-na-swiecie-fotokolaz\/","title":{"rendered":"Najlepsza c\u00f3rka na \u015bwiecie &#8211; Fotokola\u017c"},"content":{"rendered":"","protected":false},"excerpt":{"rendered":"<ul class=\"check-list\">\n<li>Prze\u015blij ulubione zdj\u0119cia<\/li>\n<li>Dodaj osobist\u0105 dedykacj\u0119<\/li>\n<li>Spersonalizuj projekt w 3 prostych krokach<\/li>\n<li>Interaktywny podgl\u0105d pozwoli dopracowa\u0107 ka\u017cdy szczeg\u00f3\u0142<\/li>\n<\/ul>\n","protected":false},"featured_media":1668831,"template":"","meta":[],"product_brand":[],"product_cat":[8829,99],"product_tag":[17203,17013,16995,13359,17326,17129,16670,16668],"class_list":{"0":"post-1408165","1":"product","2":"type-product","3":"status-publish","4":"has-post-thumbnail","6":"product_cat-kolaz-ze-zdjec-w-formie-napisu","7":"product_cat-wszystkie-produkty","8":"product_tag-prezent-dla-corki","9":"product_tag-prezent-od-matki-dla-corki","10":"product_tag-prezent-od-ojca-dla-corki","11":"product_tag-prezent-swiateczny-dla-corki","12":"product_tag-prezent-urodzinowy-dla-corki","13":"product_tag-prezenty-dla-corki","14":"product_tag-prezenty-od-mamy-dla-corki","15":"product_tag-prezenty-od-taty-dla-corki","17":"first","18":"instock","19":"sale","20":"taxable","21":"shipping-taxable","22":"purchasable","23":"product-type-variable"},"yoast_head":"<!-- This site is optimized with the Yoast SEO Premium plugin v27.2 (Yoast SEO v27.2) - https:\/\/yoast.com\/product\/yoast-seo-premium-wordpress\/ -->\n<title>Najlepsza c\u00f3rka na \u015bwiecie - Fotokola\u017c - Positive Prints<\/title>\n<meta name=\"description\" content=\"Podaruj wyj\u0105tkowy prezent dla c\u00f3rki! Stw\u00f3rz spersonalizowany fotokola\u017c ze zdj\u0119\u0107 pe\u0142nych radosnych wspomnie\u0144, kt\u00f3re wywo\u0142aj\u0105 u\u015bmiech na jej twarzy.\" \/>\n<meta name=\"robots\" content=\"index, follow, max-snippet:-1, max-image-preview:large, max-video-preview:-1\" \/>\n<link rel=\"canonical\" href=\"https:\/\/positiveprints.com\/pl\/produkt\/najlepsza-corka-na-swiecie-fotokolaz\/\" \/>\n<meta property=\"og:locale\" content=\"pl_PL\" \/>\n<meta property=\"og:type\" content=\"article\" \/>\n<meta property=\"og:title\" content=\"Najlepsza c\u00f3rka na \u015bwiecie - Fotokola\u017c\" \/>\n<meta property=\"og:description\" content=\"Prze\u015blij ulubione zdj\u0119cia  Dodaj osobist\u0105 dedykacj\u0119  Spersonalizuj projekt w 3 prostych krokach  Interaktywny podgl\u0105d pozwoli dopracowa\u0107 ka\u017cdy szczeg\u00f3\u0142\" \/>\n<meta property=\"og:url\" content=\"https:\/\/positiveprints.com\/pl\/produkt\/najlepsza-corka-na-swiecie-fotokolaz\/\" \/>\n<meta property=\"og:site_name\" content=\"Positive Prints\" \/>\n<meta property=\"article:publisher\" content=\"https:\/\/www.facebook.com\/positiveprintscom\" \/>\n<meta property=\"article:modified_time\" content=\"2026-04-03T01:31:47+00:00\" \/>\n<meta property=\"og:image\" content=\"https:\/\/positiveprints.com\/wp-content\/uploads\/2025\/04\/Packshot_PL_CORKA.webp\" \/>\n\t<meta property=\"og:image:width\" content=\"1450\" \/>\n\t<meta property=\"og:image:height\" content=\"1450\" \/>\n\t<meta property=\"og:image:type\" content=\"image\/webp\" \/>\n<meta name=\"twitter:card\" content=\"summary_large_image\" \/>\n<meta name=\"twitter:label1\" content=\"Szacowany czas czytania\" \/>\n\t<meta name=\"twitter:data1\" content=\"1 minuta\" \/>\n<!-- \/ Yoast SEO Premium plugin. -->","yoast_head_json":{"title":"Najlepsza c\u00f3rka na \u015bwiecie - Fotokola\u017c - Positive Prints","description":"Podaruj wyj\u0105tkowy prezent dla c\u00f3rki! Stw\u00f3rz spersonalizowany fotokola\u017c ze zdj\u0119\u0107 pe\u0142nych radosnych wspomnie\u0144, kt\u00f3re wywo\u0142aj\u0105 u\u015bmiech na jej twarzy.","robots":{"index":"index","follow":"follow","max-snippet":"max-snippet:-1","max-image-preview":"max-image-preview:large","max-video-preview":"max-video-preview:-1"},"canonical":"https:\/\/positiveprints.com\/pl\/produkt\/najlepsza-corka-na-swiecie-fotokolaz\/","og_locale":"pl_PL","og_type":"article","og_title":"Najlepsza c\u00f3rka na \u015bwiecie - Fotokola\u017c","og_description":"Prze\u015blij ulubione zdj\u0119cia  Dodaj osobist\u0105 dedykacj\u0119  Spersonalizuj projekt w 3 prostych krokach  Interaktywny podgl\u0105d pozwoli dopracowa\u0107 ka\u017cdy szczeg\u00f3\u0142","og_url":"https:\/\/positiveprints.com\/pl\/produkt\/najlepsza-corka-na-swiecie-fotokolaz\/","og_site_name":"Positive Prints","article_publisher":"https:\/\/www.facebook.com\/positiveprintscom","article_modified_time":"2026-04-03T01:31:47+00:00","og_image":[{"width":1450,"height":1450,"url":"https:\/\/positiveprints.com\/wp-content\/uploads\/2025\/04\/Packshot_PL_CORKA.webp","type":"image\/webp"}],"twitter_card":"summary_large_image","twitter_misc":{"Szacowany czas czytania":"1 minuta"},"schema":{"@context":"https:\/\/schema.org","@graph":[{"@type":["WebPage","ItemPage"],"@id":"https:\/\/positiveprints.com\/pl\/produkt\/najlepsza-corka-na-swiecie-fotokolaz\/","url":"https:\/\/positiveprints.com\/pl\/produkt\/najlepsza-corka-na-swiecie-fotokolaz\/","name":"Najlepsza c\u00f3rka na \u015bwiecie - Fotokola\u017c - Positive Prints","isPartOf":{"@id":"https:\/\/positiveprints.com\/pl\/#website"},"primaryImageOfPage":{"@id":"https:\/\/positiveprints.com\/pl\/produkt\/najlepsza-corka-na-swiecie-fotokolaz\/#primaryimage"},"image":{"@id":"https:\/\/positiveprints.com\/pl\/produkt\/najlepsza-corka-na-swiecie-fotokolaz\/#primaryimage"},"thumbnailUrl":"https:\/\/positiveprints.com\/wp-content\/uploads\/2026\/03\/corka_PL-packshot-.webp","datePublished":"2025-04-24T12:48:08+00:00","dateModified":"2026-04-03T01:31:47+00:00","description":"Podaruj wyj\u0105tkowy prezent dla c\u00f3rki! Stw\u00f3rz spersonalizowany fotokola\u017c ze zdj\u0119\u0107 pe\u0142nych radosnych wspomnie\u0144, kt\u00f3re wywo\u0142aj\u0105 u\u015bmiech na jej twarzy.","breadcrumb":{"@id":"https:\/\/positiveprints.com\/pl\/produkt\/najlepsza-corka-na-swiecie-fotokolaz\/#breadcrumb"},"inLanguage":"pl-PL","potentialAction":[{"@type":"ReadAction","target":["https:\/\/positiveprints.com\/pl\/produkt\/najlepsza-corka-na-swiecie-fotokolaz\/"]}]},{"@type":"ImageObject","inLanguage":"pl-PL","@id":"https:\/\/positiveprints.com\/pl\/produkt\/najlepsza-corka-na-swiecie-fotokolaz\/#primaryimage","url":"https:\/\/positiveprints.com\/wp-content\/uploads\/2026\/03\/corka_PL-packshot-.webp","contentUrl":"https:\/\/positiveprints.com\/wp-content\/uploads\/2026\/03\/corka_PL-packshot-.webp","width":1450,"height":1450},{"@type":"BreadcrumbList","@id":"https:\/\/positiveprints.com\/pl\/produkt\/najlepsza-corka-na-swiecie-fotokolaz\/#breadcrumb","itemListElement":[{"@type":"ListItem","position":1,"name":"Home","item":"https:\/\/positiveprints.com\/pl\/"},{"@type":"ListItem","position":2,"name":"Produkty","item":"https:\/\/positiveprints.com\/pl\/shop\/"},{"@type":"ListItem","position":3,"name":"Najlepsza c\u00f3rka na \u015bwiecie &#8211; Fotokola\u017c"}]},{"@type":"WebSite","@id":"https:\/\/positiveprints.com\/pl\/#website","url":"https:\/\/positiveprints.com\/pl\/","name":"Positive Prints","description":"Amazing Custom Personalized Gifts","publisher":{"@id":"https:\/\/positiveprints.com\/pl\/#organization"},"potentialAction":[{"@type":"SearchAction","target":{"@type":"EntryPoint","urlTemplate":"https:\/\/positiveprints.com\/pl\/?s={search_term_string}"},"query-input":{"@type":"PropertyValueSpecification","valueRequired":true,"valueName":"search_term_string"}}],"inLanguage":"pl-PL"},{"@type":"Organization","@id":"https:\/\/positiveprints.com\/pl\/#organization","name":"Positive Prints","alternateName":"Positive Prints","url":"https:\/\/positiveprints.com\/pl\/","logo":{"@type":"ImageObject","inLanguage":"pl-PL","@id":"https:\/\/positiveprints.com\/pl\/#\/schema\/logo\/image\/","url":"https:\/\/positiveprints.com\/wp-content\/uploads\/2026\/03\/245815646_1337939713319158_5671353136411139666_n.png","contentUrl":"https:\/\/positiveprints.com\/wp-content\/uploads\/2026\/03\/245815646_1337939713319158_5671353136411139666_n.png","width":800,"height":800,"caption":"Positive Prints"},"image":{"@id":"https:\/\/positiveprints.com\/pl\/#\/schema\/logo\/image\/"},"sameAs":["https:\/\/www.facebook.com\/positiveprintscom","https:\/\/www.instagram.com\/positiveprintscom\/","https:\/\/www.tiktok.com\/@positiveprintscom","https:\/\/www.pinterest.com\/positiveprintscom\/"]}]}},"jetpack_sharing_enabled":true,"_links":{"self":[{"href":"https:\/\/positiveprints.com\/pl\/wp-json\/wp\/v2\/product\/1408165","targetHints":{"allow":["GET"]}}],"collection":[{"href":"https:\/\/positiveprints.com\/pl\/wp-json\/wp\/v2\/product"}],"about":[{"href":"https:\/\/positiveprints.com\/pl\/wp-json\/wp\/v2\/types\/product"}],"wp:featuredmedia":[{"embeddable":true,"href":"https:\/\/positiveprints.com\/pl\/wp-json\/wp\/v2\/media\/1668831"}],"wp:attachment":[{"href":"https:\/\/positiveprints.com\/pl\/wp-json\/wp\/v2\/media?parent=1408165"}],"wp:term":[{"taxonomy":"product_brand","embeddable":true,"href":"https:\/\/positiveprints.com\/pl\/wp-json\/wp\/v2\/product_brand?post=1408165"},{"taxonomy":"product_cat","embeddable":true,"href":"https:\/\/positiveprints.com\/pl\/wp-json\/wp\/v2\/product_cat?post=1408165"},{"taxonomy":"product_tag","embeddable":true,"href":"https:\/\/positiveprints.com\/pl\/wp-json\/wp\/v2\/product_tag?post=1408165"}],"curies":[{"name":"wp","href":"https:\/\/api.w.org\/{rel}","templated":true}]}}