{"id":1377303,"date":"2025-03-13T20:25:10","date_gmt":"2025-03-13T19:25:10","guid":{"rendered":"https:\/\/positiveprints.com\/?post_type=product&#038;p=1377303"},"modified":"2026-04-28T13:29:51","modified_gmt":"2026-04-28T12:29:51","slug":"najlepsza-mama-na-swiecie-fotokolaz","status":"publish","type":"product","link":"https:\/\/positiveprints.com\/pl\/produkt\/najlepsza-mama-na-swiecie-fotokolaz\/","title":{"rendered":"Najlepsza Mama na \u015awiecie &#8211; Fotokola\u017c"},"content":{"rendered":"","protected":false},"excerpt":{"rendered":"<ul class=\"check-list\">\n<li>Prze\u015blij ulubione zdj\u0119cia<\/li>\n<li>Dodaj \u017cyczenia prosto z serca<\/li>\n<li>Spersonalizuj projekt w 3 prostych krokach<\/li>\n<li>Interaktywny podgl\u0105d pozwoli dopracowa\u0107 ka\u017cdy szczeg\u00f3\u0142<\/li>\n<\/ul>\n","protected":false},"featured_media":1667686,"template":"","meta":[],"product_brand":[],"product_cat":[9279,8829,9765,99,7328,5271,11414,7706],"product_tag":[12620,13392,12618,13393,12619,8407,13394,13395,15561,12621,15543,11819],"class_list":{"0":"post-1377303","1":"product","2":"type-product","3":"status-publish","4":"has-post-thumbnail","6":"product_cat-bestsellers-label-pl","7":"product_cat-kolaz-ze-zdjec-w-formie-napisu","8":"product_cat-trending-label-pl","9":"product_cat-wszystkie-produkty","10":"product_cat-prezenty-na-dzien-matki","11":"product_cat-prezent-na-boze-narodzenie","12":"product_cat-prezenty-pod-choinke-dla-mamy","13":"product_cat-prezent-dla-mamy","14":"product_tag-dzien-matki","15":"product_tag-mam-pl","16":"product_tag-mama-pl","17":"product_tag-mammy-pl","18":"product_tag-mamusia","19":"product_tag-mother-pl","20":"product_tag-mum-pl","21":"product_tag-mummy-pl","22":"product_tag-najlepsza-mama","23":"product_tag-prezent-dla-mamy","24":"product_tag-prezent-dla-mamy-pl","25":"product_tag-prezenty-pod-choinke-dla-mamy","27":"first","28":"instock","29":"sale","30":"taxable","31":"shipping-taxable","32":"purchasable","33":"product-type-variable"},"yoast_head":"<!-- This site is optimized with the Yoast SEO Premium plugin v27.2 (Yoast SEO v27.2) - https:\/\/yoast.com\/product\/yoast-seo-premium-wordpress\/ -->\n<title>Najlepsza Mama na \u015awiecie - Fotokola\u017c - Positive Prints<\/title>\n<meta name=\"description\" content=\"Plakat dla Mamy z personalizowanym kola\u017cem zdj\u0119\u0107. Idealny pomys\u0142 na prezent, kt\u00f3ry pozwoli Ci wyrazi\u0107 twoj\u0105 mi\u0142o\u015b\u0107 do najlepszej mamy na \u015bwiecie!\" \/>\n<meta name=\"robots\" content=\"index, follow, max-snippet:-1, max-image-preview:large, max-video-preview:-1\" \/>\n<link rel=\"canonical\" href=\"https:\/\/positiveprints.com\/pl\/produkt\/najlepsza-mama-na-swiecie-fotokolaz\/\" \/>\n<meta property=\"og:locale\" content=\"pl_PL\" \/>\n<meta property=\"og:type\" content=\"article\" \/>\n<meta property=\"og:title\" content=\"Najlepsza Mama na \u015awiecie - Fotokola\u017c\" \/>\n<meta property=\"og:description\" content=\"Prze\u015blij ulubione zdj\u0119cia Dodaj \u017cyczenia prosto z serca Spersonalizuj projekt w 3 prostych krokach Interaktywny podgl\u0105d pozwoli dopracowa\u0107 ka\u017cdy szczeg\u00f3\u0142\" \/>\n<meta property=\"og:url\" content=\"https:\/\/positiveprints.com\/pl\/produkt\/najlepsza-mama-na-swiecie-fotokolaz\/\" \/>\n<meta property=\"og:site_name\" content=\"Positive Prints\" \/>\n<meta property=\"article:publisher\" content=\"https:\/\/www.facebook.com\/positiveprintscom\" \/>\n<meta property=\"article:modified_time\" content=\"2026-04-28T12:29:51+00:00\" \/>\n<meta property=\"og:image\" content=\"https:\/\/positiveprints.com\/wp-content\/uploads\/2025\/03\/Najlepsza-Mama-na-swiecie-Fotokolaz-1.webp\" \/>\n\t<meta property=\"og:image:width\" content=\"1450\" \/>\n\t<meta property=\"og:image:height\" content=\"1450\" \/>\n\t<meta property=\"og:image:type\" content=\"image\/webp\" \/>\n<meta name=\"twitter:card\" content=\"summary_large_image\" \/>\n<!-- \/ Yoast SEO Premium plugin. -->","yoast_head_json":{"title":"Najlepsza Mama na \u015awiecie - Fotokola\u017c - Positive Prints","description":"Plakat dla Mamy z personalizowanym kola\u017cem zdj\u0119\u0107. Idealny pomys\u0142 na prezent, kt\u00f3ry pozwoli Ci wyrazi\u0107 twoj\u0105 mi\u0142o\u015b\u0107 do najlepszej mamy na \u015bwiecie!","robots":{"index":"index","follow":"follow","max-snippet":"max-snippet:-1","max-image-preview":"max-image-preview:large","max-video-preview":"max-video-preview:-1"},"canonical":"https:\/\/positiveprints.com\/pl\/produkt\/najlepsza-mama-na-swiecie-fotokolaz\/","og_locale":"pl_PL","og_type":"article","og_title":"Najlepsza Mama na \u015awiecie - Fotokola\u017c","og_description":"Prze\u015blij ulubione zdj\u0119cia Dodaj \u017cyczenia prosto z serca Spersonalizuj projekt w 3 prostych krokach Interaktywny podgl\u0105d pozwoli dopracowa\u0107 ka\u017cdy szczeg\u00f3\u0142","og_url":"https:\/\/positiveprints.com\/pl\/produkt\/najlepsza-mama-na-swiecie-fotokolaz\/","og_site_name":"Positive Prints","article_publisher":"https:\/\/www.facebook.com\/positiveprintscom","article_modified_time":"2026-04-28T12:29:51+00:00","og_image":[{"width":1450,"height":1450,"url":"https:\/\/positiveprints.com\/wp-content\/uploads\/2025\/03\/Najlepsza-Mama-na-swiecie-Fotokolaz-1.webp","type":"image\/webp"}],"twitter_card":"summary_large_image","schema":{"@context":"https:\/\/schema.org","@graph":[{"@type":["WebPage","ItemPage"],"@id":"https:\/\/positiveprints.com\/pl\/produkt\/najlepsza-mama-na-swiecie-fotokolaz\/","url":"https:\/\/positiveprints.com\/pl\/produkt\/najlepsza-mama-na-swiecie-fotokolaz\/","name":"Najlepsza Mama na \u015awiecie - Fotokola\u017c - Positive Prints","isPartOf":{"@id":"https:\/\/positiveprints.com\/pl\/#website"},"primaryImageOfPage":{"@id":"https:\/\/positiveprints.com\/pl\/produkt\/najlepsza-mama-na-swiecie-fotokolaz\/#primaryimage"},"image":{"@id":"https:\/\/positiveprints.com\/pl\/produkt\/najlepsza-mama-na-swiecie-fotokolaz\/#primaryimage"},"thumbnailUrl":"https:\/\/positiveprints.com\/wp-content\/uploads\/2026\/03\/najlepsza-mama_PL.webp","datePublished":"2025-03-13T19:25:10+00:00","dateModified":"2026-04-28T12:29:51+00:00","description":"Plakat dla Mamy z personalizowanym kola\u017cem zdj\u0119\u0107. Idealny pomys\u0142 na prezent, kt\u00f3ry pozwoli Ci wyrazi\u0107 twoj\u0105 mi\u0142o\u015b\u0107 do najlepszej mamy na \u015bwiecie!","breadcrumb":{"@id":"https:\/\/positiveprints.com\/pl\/produkt\/najlepsza-mama-na-swiecie-fotokolaz\/#breadcrumb"},"inLanguage":"pl-PL","potentialAction":[{"@type":"ReadAction","target":["https:\/\/positiveprints.com\/pl\/produkt\/najlepsza-mama-na-swiecie-fotokolaz\/"]}]},{"@type":"ImageObject","inLanguage":"pl-PL","@id":"https:\/\/positiveprints.com\/pl\/produkt\/najlepsza-mama-na-swiecie-fotokolaz\/#primaryimage","url":"https:\/\/positiveprints.com\/wp-content\/uploads\/2026\/03\/najlepsza-mama_PL.webp","contentUrl":"https:\/\/positiveprints.com\/wp-content\/uploads\/2026\/03\/najlepsza-mama_PL.webp","width":1450,"height":1450},{"@type":"BreadcrumbList","@id":"https:\/\/positiveprints.com\/pl\/produkt\/najlepsza-mama-na-swiecie-fotokolaz\/#breadcrumb","itemListElement":[{"@type":"ListItem","position":1,"name":"Home","item":"https:\/\/positiveprints.com\/pl\/"},{"@type":"ListItem","position":2,"name":"Produkty","item":"https:\/\/positiveprints.com\/pl\/shop\/"},{"@type":"ListItem","position":3,"name":"Najlepsza Mama na \u015awiecie &#8211; Fotokola\u017c"}]},{"@type":"WebSite","@id":"https:\/\/positiveprints.com\/pl\/#website","url":"https:\/\/positiveprints.com\/pl\/","name":"Positive Prints","description":"Amazing Custom Personalized Gifts","publisher":{"@id":"https:\/\/positiveprints.com\/pl\/#organization"},"potentialAction":[{"@type":"SearchAction","target":{"@type":"EntryPoint","urlTemplate":"https:\/\/positiveprints.com\/pl\/?s={search_term_string}"},"query-input":{"@type":"PropertyValueSpecification","valueRequired":true,"valueName":"search_term_string"}}],"inLanguage":"pl-PL"},{"@type":"Organization","@id":"https:\/\/positiveprints.com\/pl\/#organization","name":"Positive Prints","alternateName":"Positive Prints","url":"https:\/\/positiveprints.com\/pl\/","logo":{"@type":"ImageObject","inLanguage":"pl-PL","@id":"https:\/\/positiveprints.com\/pl\/#\/schema\/logo\/image\/","url":"https:\/\/positiveprints.com\/wp-content\/uploads\/2026\/03\/245815646_1337939713319158_5671353136411139666_n.png","contentUrl":"https:\/\/positiveprints.com\/wp-content\/uploads\/2026\/03\/245815646_1337939713319158_5671353136411139666_n.png","width":800,"height":800,"caption":"Positive Prints"},"image":{"@id":"https:\/\/positiveprints.com\/pl\/#\/schema\/logo\/image\/"},"sameAs":["https:\/\/www.facebook.com\/positiveprintscom","https:\/\/www.instagram.com\/positiveprintscom\/","https:\/\/www.tiktok.com\/@positiveprintscom","https:\/\/www.pinterest.com\/positiveprintscom\/"]}]}},"jetpack_sharing_enabled":true,"_links":{"self":[{"href":"https:\/\/positiveprints.com\/pl\/wp-json\/wp\/v2\/product\/1377303","targetHints":{"allow":["GET"]}}],"collection":[{"href":"https:\/\/positiveprints.com\/pl\/wp-json\/wp\/v2\/product"}],"about":[{"href":"https:\/\/positiveprints.com\/pl\/wp-json\/wp\/v2\/types\/product"}],"wp:featuredmedia":[{"embeddable":true,"href":"https:\/\/positiveprints.com\/pl\/wp-json\/wp\/v2\/media\/1667686"}],"wp:attachment":[{"href":"https:\/\/positiveprints.com\/pl\/wp-json\/wp\/v2\/media?parent=1377303"}],"wp:term":[{"taxonomy":"product_brand","embeddable":true,"href":"https:\/\/positiveprints.com\/pl\/wp-json\/wp\/v2\/product_brand?post=1377303"},{"taxonomy":"product_cat","embeddable":true,"href":"https:\/\/positiveprints.com\/pl\/wp-json\/wp\/v2\/product_cat?post=1377303"},{"taxonomy":"product_tag","embeddable":true,"href":"https:\/\/positiveprints.com\/pl\/wp-json\/wp\/v2\/product_tag?post=1377303"}],"curies":[{"name":"wp","href":"https:\/\/api.w.org\/{rel}","templated":true}]}}