{"id":1314999,"date":"2023-10-25T11:46:18","date_gmt":"2023-10-25T10:46:18","guid":{"rendered":"https:\/\/positiveprints.com\/product\/the-day-you-became-my-grandpa-with-photo\/"},"modified":"2026-04-03T03:02:29","modified_gmt":"2026-04-03T02:02:29","slug":"dzien-w-ktorym-zostales-moim-dziadkiem-mapa-gwiazd-ze-zdjeciem","status":"publish","type":"product","link":"https:\/\/positiveprints.com\/pl\/produkt\/dzien-w-ktorym-zostales-moim-dziadkiem-mapa-gwiazd-ze-zdjeciem\/","title":{"rendered":"Dzie\u0144, w Kt\u00f3rym Zosta\u0142e\u015b Moim Dziadkiem &#8211; Plakat ze zdj\u0119ciem"},"content":{"rendered":"","protected":false},"excerpt":{"rendered":"<ul class=\"check-list\">\n<li>Zamie\u0144 cenne wspomnienie w niezwyk\u0142\u0105 gwiezdn\u0105 map\u0119 ze zdj\u0119ciem i ciesz si\u0119 wzruszeniem ukochanej osoby<\/li>\n<li>Dodaj konstelacje do mapy i wybierz zdj\u0119cie<\/li>\n<li>Spersonalizuj w 3 prostych krokach<\/li>\n<li>Dodaj dedykacj\u0119 prosto z serca <\/li>\n<li>Interaktywny podgl\u0105d pozwoli dopracowa\u0107 ka\u017cdy szczeg\u00f3\u0142<\/li>\n<\/ul>\n","protected":false},"featured_media":1315033,"template":"","meta":[],"product_brand":[],"product_cat":[9105,9765,99,5271,11409,7610],"product_tag":[8667,13361],"class_list":{"0":"post-1314999","1":"product","2":"type-product","3":"status-publish","4":"has-post-thumbnail","6":"product_cat-duo-stars-pl","7":"product_cat-trending-label-pl","8":"product_cat-wszystkie-produkty","9":"product_cat-prezent-na-boze-narodzenie","10":"product_cat-prezenty-pod-choinke-dla-dziadka","11":"product_cat-prezent-dla-dziadka","12":"product_tag-grandpa-pl","13":"product_tag-prezent-swiateczny-dla-dziadka","15":"first","16":"instock","17":"sale","18":"taxable","19":"shipping-taxable","20":"purchasable","21":"product-type-variable"},"yoast_head":"<!-- This site is optimized with the Yoast SEO Premium plugin v27.2 (Yoast SEO v27.2) - https:\/\/yoast.com\/product\/yoast-seo-premium-wordpress\/ -->\n<title>Dzie\u0144, w Kt\u00f3rym Zosta\u0142e\u015b Moim Dziadkiem - Mapa Gwiazd ze Zdj\u0119ciem - Positive Prints<\/title>\n<meta name=\"description\" content=\"Stw\u00f3rz wyj\u0105tkowy plakat Dzie\u0144, w Kt\u00f3rym Zosta\u0142e\u015b Moim Dziadkiem. Unikalny prezent na dzie\u0144 dziadka, Bo\u017ce Narodzenie lub urodziny dziadka.\" \/>\n<meta name=\"robots\" content=\"index, follow, max-snippet:-1, max-image-preview:large, max-video-preview:-1\" \/>\n<link rel=\"canonical\" href=\"https:\/\/positiveprints.com\/pl\/produkt\/dzien-w-ktorym-zostales-moim-dziadkiem-mapa-gwiazd-ze-zdjeciem\/\" \/>\n<meta property=\"og:locale\" content=\"pl_PL\" \/>\n<meta property=\"og:type\" content=\"article\" \/>\n<meta property=\"og:title\" content=\"Dzie\u0144, w Kt\u00f3rym Zosta\u0142e\u015b Moim Dziadkiem - Plakat ze zdj\u0119ciem\" \/>\n<meta property=\"og:description\" content=\"Zamie\u0144 cenne wspomnienie w niezwyk\u0142\u0105 gwiezdn\u0105 map\u0119 ze zdj\u0119ciem i ciesz si\u0119 wzruszeniem ukochanej osoby Dodaj konstelacje do mapy i wybierz zdj\u0119cie Spersonalizuj w 3 prostych krokach Dodaj dedykacj\u0119 prosto z serca  Interaktywny podgl\u0105d pozwoli dopracowa\u0107 ka\u017cdy szczeg\u00f3\u0142\" \/>\n<meta property=\"og:url\" content=\"https:\/\/positiveprints.com\/pl\/produkt\/dzien-w-ktorym-zostales-moim-dziadkiem-mapa-gwiazd-ze-zdjeciem\/\" \/>\n<meta property=\"og:site_name\" content=\"Positive Prints\" \/>\n<meta property=\"article:publisher\" content=\"https:\/\/www.facebook.com\/positiveprintscom\" \/>\n<meta property=\"article:modified_time\" content=\"2026-04-03T02:02:29+00:00\" \/>\n<meta property=\"og:image\" content=\"https:\/\/positiveprints.com\/wp-content\/uploads\/2023\/10\/Dzien\u0301-w-Kto\u0301rym-Zostales\u0301-Moim-Dziadkiem-Plakat-ze-zdje\u0328ciem.webp\" \/>\n\t<meta property=\"og:image:width\" content=\"1080\" \/>\n\t<meta property=\"og:image:height\" content=\"1080\" \/>\n\t<meta property=\"og:image:type\" content=\"image\/webp\" \/>\n<meta name=\"twitter:card\" content=\"summary_large_image\" \/>\n<meta name=\"twitter:label1\" content=\"Szacowany czas czytania\" \/>\n\t<meta name=\"twitter:data1\" content=\"1 minuta\" \/>\n<!-- \/ Yoast SEO Premium plugin. -->","yoast_head_json":{"title":"Dzie\u0144, w Kt\u00f3rym Zosta\u0142e\u015b Moim Dziadkiem - Mapa Gwiazd ze Zdj\u0119ciem - Positive Prints","description":"Stw\u00f3rz wyj\u0105tkowy plakat Dzie\u0144, w Kt\u00f3rym Zosta\u0142e\u015b Moim Dziadkiem. Unikalny prezent na dzie\u0144 dziadka, Bo\u017ce Narodzenie lub urodziny dziadka.","robots":{"index":"index","follow":"follow","max-snippet":"max-snippet:-1","max-image-preview":"max-image-preview:large","max-video-preview":"max-video-preview:-1"},"canonical":"https:\/\/positiveprints.com\/pl\/produkt\/dzien-w-ktorym-zostales-moim-dziadkiem-mapa-gwiazd-ze-zdjeciem\/","og_locale":"pl_PL","og_type":"article","og_title":"Dzie\u0144, w Kt\u00f3rym Zosta\u0142e\u015b Moim Dziadkiem - Plakat ze zdj\u0119ciem","og_description":"Zamie\u0144 cenne wspomnienie w niezwyk\u0142\u0105 gwiezdn\u0105 map\u0119 ze zdj\u0119ciem i ciesz si\u0119 wzruszeniem ukochanej osoby Dodaj konstelacje do mapy i wybierz zdj\u0119cie Spersonalizuj w 3 prostych krokach Dodaj dedykacj\u0119 prosto z serca  Interaktywny podgl\u0105d pozwoli dopracowa\u0107 ka\u017cdy szczeg\u00f3\u0142","og_url":"https:\/\/positiveprints.com\/pl\/produkt\/dzien-w-ktorym-zostales-moim-dziadkiem-mapa-gwiazd-ze-zdjeciem\/","og_site_name":"Positive Prints","article_publisher":"https:\/\/www.facebook.com\/positiveprintscom","article_modified_time":"2026-04-03T02:02:29+00:00","og_image":[{"width":1080,"height":1080,"url":"https:\/\/positiveprints.com\/wp-content\/uploads\/2023\/10\/Dzien\u0301-w-Kto\u0301rym-Zostales\u0301-Moim-Dziadkiem-Plakat-ze-zdje\u0328ciem.webp","type":"image\/webp"}],"twitter_card":"summary_large_image","twitter_misc":{"Szacowany czas czytania":"1 minuta"},"schema":{"@context":"https:\/\/schema.org","@graph":[{"@type":["WebPage","ItemPage"],"@id":"https:\/\/positiveprints.com\/pl\/produkt\/dzien-w-ktorym-zostales-moim-dziadkiem-mapa-gwiazd-ze-zdjeciem\/","url":"https:\/\/positiveprints.com\/pl\/produkt\/dzien-w-ktorym-zostales-moim-dziadkiem-mapa-gwiazd-ze-zdjeciem\/","name":"Dzie\u0144, w Kt\u00f3rym Zosta\u0142e\u015b Moim Dziadkiem - Mapa Gwiazd ze Zdj\u0119ciem - Positive Prints","isPartOf":{"@id":"https:\/\/positiveprints.com\/pl\/#website"},"primaryImageOfPage":{"@id":"https:\/\/positiveprints.com\/pl\/produkt\/dzien-w-ktorym-zostales-moim-dziadkiem-mapa-gwiazd-ze-zdjeciem\/#primaryimage"},"image":{"@id":"https:\/\/positiveprints.com\/pl\/produkt\/dzien-w-ktorym-zostales-moim-dziadkiem-mapa-gwiazd-ze-zdjeciem\/#primaryimage"},"thumbnailUrl":"https:\/\/positiveprints.com\/wp-content\/uploads\/2023\/10\/Dzien\u0301-w-Kto\u0301rym-Zostales\u0301-Moim-Dziadkiem-Plakat-ze-zdje\u0328ciem.webp","datePublished":"2023-10-25T10:46:18+00:00","dateModified":"2026-04-03T02:02:29+00:00","description":"Stw\u00f3rz wyj\u0105tkowy plakat Dzie\u0144, w Kt\u00f3rym Zosta\u0142e\u015b Moim Dziadkiem. Unikalny prezent na dzie\u0144 dziadka, Bo\u017ce Narodzenie lub urodziny dziadka.","breadcrumb":{"@id":"https:\/\/positiveprints.com\/pl\/produkt\/dzien-w-ktorym-zostales-moim-dziadkiem-mapa-gwiazd-ze-zdjeciem\/#breadcrumb"},"inLanguage":"pl-PL","potentialAction":[{"@type":"ReadAction","target":["https:\/\/positiveprints.com\/pl\/produkt\/dzien-w-ktorym-zostales-moim-dziadkiem-mapa-gwiazd-ze-zdjeciem\/"]}]},{"@type":"ImageObject","inLanguage":"pl-PL","@id":"https:\/\/positiveprints.com\/pl\/produkt\/dzien-w-ktorym-zostales-moim-dziadkiem-mapa-gwiazd-ze-zdjeciem\/#primaryimage","url":"https:\/\/positiveprints.com\/wp-content\/uploads\/2023\/10\/Dzien\u0301-w-Kto\u0301rym-Zostales\u0301-Moim-Dziadkiem-Plakat-ze-zdje\u0328ciem.webp","contentUrl":"https:\/\/positiveprints.com\/wp-content\/uploads\/2023\/10\/Dzien\u0301-w-Kto\u0301rym-Zostales\u0301-Moim-Dziadkiem-Plakat-ze-zdje\u0328ciem.webp","width":1080,"height":1080,"caption":"Dzie\u0144, w Kt\u00f3rym Zosta\u0142e\u015b Moim Dziadkiem - Plakat ze zdj\u0119ciem"},{"@type":"BreadcrumbList","@id":"https:\/\/positiveprints.com\/pl\/produkt\/dzien-w-ktorym-zostales-moim-dziadkiem-mapa-gwiazd-ze-zdjeciem\/#breadcrumb","itemListElement":[{"@type":"ListItem","position":1,"name":"Home","item":"https:\/\/positiveprints.com\/pl\/"},{"@type":"ListItem","position":2,"name":"Produkty","item":"https:\/\/positiveprints.com\/pl\/shop\/"},{"@type":"ListItem","position":3,"name":"Dzie\u0144, w Kt\u00f3rym Zosta\u0142e\u015b Moim Dziadkiem &#8211; Plakat ze zdj\u0119ciem"}]},{"@type":"WebSite","@id":"https:\/\/positiveprints.com\/pl\/#website","url":"https:\/\/positiveprints.com\/pl\/","name":"Positive Prints","description":"Amazing Custom Personalized Gifts","publisher":{"@id":"https:\/\/positiveprints.com\/pl\/#organization"},"potentialAction":[{"@type":"SearchAction","target":{"@type":"EntryPoint","urlTemplate":"https:\/\/positiveprints.com\/pl\/?s={search_term_string}"},"query-input":{"@type":"PropertyValueSpecification","valueRequired":true,"valueName":"search_term_string"}}],"inLanguage":"pl-PL"},{"@type":"Organization","@id":"https:\/\/positiveprints.com\/pl\/#organization","name":"Positive Prints","alternateName":"Positive Prints","url":"https:\/\/positiveprints.com\/pl\/","logo":{"@type":"ImageObject","inLanguage":"pl-PL","@id":"https:\/\/positiveprints.com\/pl\/#\/schema\/logo\/image\/","url":"https:\/\/positiveprints.com\/wp-content\/uploads\/2026\/03\/245815646_1337939713319158_5671353136411139666_n.png","contentUrl":"https:\/\/positiveprints.com\/wp-content\/uploads\/2026\/03\/245815646_1337939713319158_5671353136411139666_n.png","width":800,"height":800,"caption":"Positive Prints"},"image":{"@id":"https:\/\/positiveprints.com\/pl\/#\/schema\/logo\/image\/"},"sameAs":["https:\/\/www.facebook.com\/positiveprintscom","https:\/\/www.instagram.com\/positiveprintscom\/","https:\/\/www.tiktok.com\/@positiveprintscom","https:\/\/www.pinterest.com\/positiveprintscom\/"]}]}},"jetpack_sharing_enabled":true,"_links":{"self":[{"href":"https:\/\/positiveprints.com\/pl\/wp-json\/wp\/v2\/product\/1314999","targetHints":{"allow":["GET"]}}],"collection":[{"href":"https:\/\/positiveprints.com\/pl\/wp-json\/wp\/v2\/product"}],"about":[{"href":"https:\/\/positiveprints.com\/pl\/wp-json\/wp\/v2\/types\/product"}],"wp:featuredmedia":[{"embeddable":true,"href":"https:\/\/positiveprints.com\/pl\/wp-json\/wp\/v2\/media\/1315033"}],"wp:attachment":[{"href":"https:\/\/positiveprints.com\/pl\/wp-json\/wp\/v2\/media?parent=1314999"}],"wp:term":[{"taxonomy":"product_brand","embeddable":true,"href":"https:\/\/positiveprints.com\/pl\/wp-json\/wp\/v2\/product_brand?post=1314999"},{"taxonomy":"product_cat","embeddable":true,"href":"https:\/\/positiveprints.com\/pl\/wp-json\/wp\/v2\/product_cat?post=1314999"},{"taxonomy":"product_tag","embeddable":true,"href":"https:\/\/positiveprints.com\/pl\/wp-json\/wp\/v2\/product_tag?post=1314999"}],"curies":[{"name":"wp","href":"https:\/\/api.w.org\/{rel}","templated":true}]}}