{"id":1313926,"date":"2025-01-11T21:37:31","date_gmt":"2025-01-11T20:37:31","guid":{"rendered":"https:\/\/positiveprints.com\/product\/mr-and-mrs-photo-collage\/"},"modified":"2026-04-03T02:35:00","modified_gmt":"2026-04-03T01:35:00","slug":"mr-mrs-fotokolaz","status":"publish","type":"product","link":"https:\/\/positiveprints.com\/pl\/produkt\/mr-mrs-fotokolaz\/","title":{"rendered":"Mr &#038; Mrs &#8211; Fotokola\u017c"},"content":{"rendered":"","protected":false},"excerpt":{"rendered":"<ul class=\"check-list\">\n<li>Zmie\u0144 ulubione zdj\u0119cia w wyj\u0105tkow\u0105 pami\u0105tk\u0119, kt\u00f3ra upami\u0119tnia wa\u017cne chwile i wi\u0119zi, kt\u00f3re Was \u0142\u0105cz\u0105<\/li>\n<li>Do\u0142\u0105cz spersonalizowany tekst prosto z serca<\/li>\n<li>Zaprojektuj w zaledwie 2 minuty<\/li>\n<li>Wybierz szablon lub wyka\u017c si\u0119 kreatywno\u015bci\u0105<\/li>\n<li>Interaktywny podgl\u0105d pozwoli dopracowa\u0107 ka\u017cdy szczeg\u00f3\u0142<\/li>\n<\/ul>\n","protected":false},"featured_media":1314031,"template":"","meta":[],"product_brand":[],"product_cat":[99,7500,3125],"product_tag":[16280,8482],"class_list":{"0":"post-1313926","1":"product","2":"type-product","3":"status-publish","4":"has-post-thumbnail","6":"product_cat-wszystkie-produkty","7":"product_cat-foto-pl","8":"product_cat-prezent-na-slub","9":"product_tag-wedding-pl-2","10":"product_tag-wedding-pl","12":"first","13":"instock","14":"sale","15":"taxable","16":"shipping-taxable","17":"purchasable","18":"product-type-variable"},"yoast_head":"<!-- This site is optimized with the Yoast SEO Premium plugin v27.2 (Yoast SEO v27.2) - https:\/\/yoast.com\/product\/yoast-seo-premium-wordpress\/ -->\n<title>Mr &amp; Mrs - Fotokola\u017c - Positive Prints<\/title>\n<meta name=\"description\" content=\"Zachwycaj\u0105cy prezent z wybran\u0105 przez Ciebie fotografi\u0105 i tekstem Mr &amp; Mrs. Podaruj Fotokola\u017c Mr &amp; Mrs w prezencie na \u015blub.\" \/>\n<meta name=\"robots\" content=\"index, follow, max-snippet:-1, max-image-preview:large, max-video-preview:-1\" \/>\n<link rel=\"canonical\" href=\"https:\/\/positiveprints.com\/pl\/produkt\/mr-mrs-fotokolaz\/\" \/>\n<meta property=\"og:locale\" content=\"pl_PL\" \/>\n<meta property=\"og:type\" content=\"article\" \/>\n<meta property=\"og:title\" content=\"Mr &amp; Mrs - Fotokola\u017c\" \/>\n<meta property=\"og:description\" content=\"Zmie\u0144 ulubione zdj\u0119cia w wyj\u0105tkow\u0105 pami\u0105tk\u0119, kt\u00f3ra upami\u0119tnia wa\u017cne chwile i wi\u0119zi, kt\u00f3re Was \u0142\u0105cz\u0105 Do\u0142\u0105cz spersonalizowany tekst prosto z serca Zaprojektuj w zaledwie 2 minuty Wybierz szablon lub wyka\u017c si\u0119 kreatywno\u015bci\u0105 Interaktywny podgl\u0105d pozwoli dopracowa\u0107 ka\u017cdy szczeg\u00f3\u0142\" \/>\n<meta property=\"og:url\" content=\"https:\/\/positiveprints.com\/pl\/produkt\/mr-mrs-fotokolaz\/\" \/>\n<meta property=\"og:site_name\" content=\"Positive Prints\" \/>\n<meta property=\"article:publisher\" content=\"https:\/\/www.facebook.com\/positiveprintscom\" \/>\n<meta property=\"article:modified_time\" content=\"2026-04-03T01:35:00+00:00\" \/>\n<meta property=\"og:image\" content=\"https:\/\/positiveprints.com\/wp-content\/uploads\/2025\/01\/Mr-Mrs-Fotokolaz\u0307.webp\" \/>\n\t<meta property=\"og:image:width\" content=\"1450\" \/>\n\t<meta property=\"og:image:height\" content=\"1450\" \/>\n\t<meta property=\"og:image:type\" content=\"image\/webp\" \/>\n<meta name=\"twitter:card\" content=\"summary_large_image\" \/>\n<meta name=\"twitter:label1\" content=\"Szacowany czas czytania\" \/>\n\t<meta name=\"twitter:data1\" content=\"1 minuta\" \/>\n<!-- \/ Yoast SEO Premium plugin. -->","yoast_head_json":{"title":"Mr & Mrs - Fotokola\u017c - Positive Prints","description":"Zachwycaj\u0105cy prezent z wybran\u0105 przez Ciebie fotografi\u0105 i tekstem Mr & Mrs. Podaruj Fotokola\u017c Mr & Mrs w prezencie na \u015blub.","robots":{"index":"index","follow":"follow","max-snippet":"max-snippet:-1","max-image-preview":"max-image-preview:large","max-video-preview":"max-video-preview:-1"},"canonical":"https:\/\/positiveprints.com\/pl\/produkt\/mr-mrs-fotokolaz\/","og_locale":"pl_PL","og_type":"article","og_title":"Mr & Mrs - Fotokola\u017c","og_description":"Zmie\u0144 ulubione zdj\u0119cia w wyj\u0105tkow\u0105 pami\u0105tk\u0119, kt\u00f3ra upami\u0119tnia wa\u017cne chwile i wi\u0119zi, kt\u00f3re Was \u0142\u0105cz\u0105 Do\u0142\u0105cz spersonalizowany tekst prosto z serca Zaprojektuj w zaledwie 2 minuty Wybierz szablon lub wyka\u017c si\u0119 kreatywno\u015bci\u0105 Interaktywny podgl\u0105d pozwoli dopracowa\u0107 ka\u017cdy szczeg\u00f3\u0142","og_url":"https:\/\/positiveprints.com\/pl\/produkt\/mr-mrs-fotokolaz\/","og_site_name":"Positive Prints","article_publisher":"https:\/\/www.facebook.com\/positiveprintscom","article_modified_time":"2026-04-03T01:35:00+00:00","og_image":[{"width":1450,"height":1450,"url":"https:\/\/positiveprints.com\/wp-content\/uploads\/2025\/01\/Mr-Mrs-Fotokolaz\u0307.webp","type":"image\/webp"}],"twitter_card":"summary_large_image","twitter_misc":{"Szacowany czas czytania":"1 minuta"},"schema":{"@context":"https:\/\/schema.org","@graph":[{"@type":["WebPage","ItemPage"],"@id":"https:\/\/positiveprints.com\/pl\/produkt\/mr-mrs-fotokolaz\/","url":"https:\/\/positiveprints.com\/pl\/produkt\/mr-mrs-fotokolaz\/","name":"Mr & Mrs - Fotokola\u017c - Positive Prints","isPartOf":{"@id":"https:\/\/positiveprints.com\/pl\/#website"},"primaryImageOfPage":{"@id":"https:\/\/positiveprints.com\/pl\/produkt\/mr-mrs-fotokolaz\/#primaryimage"},"image":{"@id":"https:\/\/positiveprints.com\/pl\/produkt\/mr-mrs-fotokolaz\/#primaryimage"},"thumbnailUrl":"https:\/\/positiveprints.com\/wp-content\/uploads\/2025\/01\/Mr-Mrs-Fotokolaz\u0307.webp","datePublished":"2025-01-11T20:37:31+00:00","dateModified":"2026-04-03T01:35:00+00:00","description":"Zachwycaj\u0105cy prezent z wybran\u0105 przez Ciebie fotografi\u0105 i tekstem Mr & Mrs. Podaruj Fotokola\u017c Mr & Mrs w prezencie na \u015blub.","breadcrumb":{"@id":"https:\/\/positiveprints.com\/pl\/produkt\/mr-mrs-fotokolaz\/#breadcrumb"},"inLanguage":"pl-PL","potentialAction":[{"@type":"ReadAction","target":["https:\/\/positiveprints.com\/pl\/produkt\/mr-mrs-fotokolaz\/"]}]},{"@type":"ImageObject","inLanguage":"pl-PL","@id":"https:\/\/positiveprints.com\/pl\/produkt\/mr-mrs-fotokolaz\/#primaryimage","url":"https:\/\/positiveprints.com\/wp-content\/uploads\/2025\/01\/Mr-Mrs-Fotokolaz\u0307.webp","contentUrl":"https:\/\/positiveprints.com\/wp-content\/uploads\/2025\/01\/Mr-Mrs-Fotokolaz\u0307.webp","width":1450,"height":1450,"caption":"Mr & Mrs - Fotokola\u017c"},{"@type":"BreadcrumbList","@id":"https:\/\/positiveprints.com\/pl\/produkt\/mr-mrs-fotokolaz\/#breadcrumb","itemListElement":[{"@type":"ListItem","position":1,"name":"Home","item":"https:\/\/positiveprints.com\/pl\/"},{"@type":"ListItem","position":2,"name":"Produkty","item":"https:\/\/positiveprints.com\/pl\/shop\/"},{"@type":"ListItem","position":3,"name":"Mr &#038; Mrs &#8211; Fotokola\u017c"}]},{"@type":"WebSite","@id":"https:\/\/positiveprints.com\/pl\/#website","url":"https:\/\/positiveprints.com\/pl\/","name":"Positive Prints","description":"Amazing Custom Personalized Gifts","publisher":{"@id":"https:\/\/positiveprints.com\/pl\/#organization"},"potentialAction":[{"@type":"SearchAction","target":{"@type":"EntryPoint","urlTemplate":"https:\/\/positiveprints.com\/pl\/?s={search_term_string}"},"query-input":{"@type":"PropertyValueSpecification","valueRequired":true,"valueName":"search_term_string"}}],"inLanguage":"pl-PL"},{"@type":"Organization","@id":"https:\/\/positiveprints.com\/pl\/#organization","name":"Positive Prints","alternateName":"Positive Prints","url":"https:\/\/positiveprints.com\/pl\/","logo":{"@type":"ImageObject","inLanguage":"pl-PL","@id":"https:\/\/positiveprints.com\/pl\/#\/schema\/logo\/image\/","url":"https:\/\/positiveprints.com\/wp-content\/uploads\/2026\/03\/245815646_1337939713319158_5671353136411139666_n.png","contentUrl":"https:\/\/positiveprints.com\/wp-content\/uploads\/2026\/03\/245815646_1337939713319158_5671353136411139666_n.png","width":800,"height":800,"caption":"Positive Prints"},"image":{"@id":"https:\/\/positiveprints.com\/pl\/#\/schema\/logo\/image\/"},"sameAs":["https:\/\/www.facebook.com\/positiveprintscom","https:\/\/www.instagram.com\/positiveprintscom\/","https:\/\/www.tiktok.com\/@positiveprintscom","https:\/\/www.pinterest.com\/positiveprintscom\/"]}]}},"jetpack_sharing_enabled":true,"_links":{"self":[{"href":"https:\/\/positiveprints.com\/pl\/wp-json\/wp\/v2\/product\/1313926","targetHints":{"allow":["GET"]}}],"collection":[{"href":"https:\/\/positiveprints.com\/pl\/wp-json\/wp\/v2\/product"}],"about":[{"href":"https:\/\/positiveprints.com\/pl\/wp-json\/wp\/v2\/types\/product"}],"wp:featuredmedia":[{"embeddable":true,"href":"https:\/\/positiveprints.com\/pl\/wp-json\/wp\/v2\/media\/1314031"}],"wp:attachment":[{"href":"https:\/\/positiveprints.com\/pl\/wp-json\/wp\/v2\/media?parent=1313926"}],"wp:term":[{"taxonomy":"product_brand","embeddable":true,"href":"https:\/\/positiveprints.com\/pl\/wp-json\/wp\/v2\/product_brand?post=1313926"},{"taxonomy":"product_cat","embeddable":true,"href":"https:\/\/positiveprints.com\/pl\/wp-json\/wp\/v2\/product_cat?post=1313926"},{"taxonomy":"product_tag","embeddable":true,"href":"https:\/\/positiveprints.com\/pl\/wp-json\/wp\/v2\/product_tag?post=1313926"}],"curies":[{"name":"wp","href":"https:\/\/api.w.org\/{rel}","templated":true}]}}